{"id":13508,"date":"2021-02-26T15:18:05","date_gmt":"2021-02-26T20:18:05","guid":{"rendered":"https:\/\/educharlevoix.ca\/cse\/?page_id=13508"},"modified":"2023-10-27T14:40:55","modified_gmt":"2023-10-27T18:40:55","slug":"insertion-professionnelle","status":"publish","type":"page","link":"https:\/\/educharlevoix.ca\/cse\/insertion-professionnelle\/","title":{"rendered":"Insertion professionnelle"},"content":{"rendered":"<h1>Diff\u00e9rents documents coups de <img loading=\"lazy\" decoding=\"async\" class=\"alignnone wp-image-13530\" src=\"https:\/\/educharlevoix.ca\/cse\/wp-content\/uploads\/2021\/03\/heart_icon-icons.com_54429-300x300.png\" alt=\"\" width=\"31\" height=\"31\" srcset=\"https:\/\/educharlevoix.ca\/cse\/wp-content\/uploads\/2021\/03\/heart_icon-icons.com_54429-300x300.png 300w, https:\/\/educharlevoix.ca\/cse\/wp-content\/uploads\/2021\/03\/heart_icon-icons.com_54429-150x150.png 150w, https:\/\/educharlevoix.ca\/cse\/wp-content\/uploads\/2021\/03\/heart_icon-icons.com_54429.png 512w\" sizes=\"auto, (max-width: 31px) 100vw, 31px\" \/>:<\/h1>\n<h3>Cliquez sur les ic\u00f4nes ou les titres pour acc\u00e9der au contenu \u00e0 consulter.<\/h3>\n<table style=\"height: 431px;\" width=\"919\">\n<tbody>\n<tr>\n<td><a href=\"https:\/\/cscharlevoix.sharepoint.com\/:b:\/r\/sites\/serviceseducatifs\/Documents%20partages\/Insertion%20professionnelle\/Outil%20d%27%C3%A9valuation%20profession%20enseignante%20-%20VJuin22docx.pdf?csf=1&amp;web=1&amp;e=QvZfNZ\"><img loading=\"lazy\" decoding=\"async\" class=\"aligncenter wp-image-13529\" src=\"https:\/\/educharlevoix.ca\/cse\/wp-content\/uploads\/2021\/03\/documentediting_editdocuments_text_documentedi_2820.png\" alt=\"\" width=\"34\" height=\"35\" srcset=\"https:\/\/educharlevoix.ca\/cse\/wp-content\/uploads\/2021\/03\/documentediting_editdocuments_text_documentedi_2820.png 256w, https:\/\/educharlevoix.ca\/cse\/wp-content\/uploads\/2021\/03\/documentediting_editdocuments_text_documentedi_2820-150x150.png 150w\" sizes=\"auto, (max-width: 34px) 100vw, 34px\" \/><\/a><\/td>\n<td>\n<h3><a href=\"https:\/\/cscharlevoix.sharepoint.com\/:b:\/r\/sites\/serviceseducatifs\/Documents%20partages\/Insertion%20professionnelle\/Outil%20d%27%C3%A9valuation%20profession%20enseignante%20-%20VJuin22docx.pdf?csf=1&amp;web=1&amp;e=QvZfNZ\">Outil d&rsquo;\u00e9valuation profession enseignante &#8211; VJuin22docx.pdf<\/a><\/h3>\n<\/td>\n<\/tr>\n<tr>\n<td><a href=\"https:\/\/cscharlevoix.sharepoint.com\/:b:\/s\/serviceseducatifs\/EU4Tbhj_aL1FhhyJK-YeHggB-DtN8SqaQdeT37P3B4QdWQ?e=st80d1\"><img loading=\"lazy\" decoding=\"async\" class=\"wp-image-13529 aligncenter\" src=\"https:\/\/educharlevoix.ca\/cse\/wp-content\/uploads\/2021\/03\/documentediting_editdocuments_text_documentedi_2820.png\" alt=\"\" width=\"34\" height=\"35\" srcset=\"https:\/\/educharlevoix.ca\/cse\/wp-content\/uploads\/2021\/03\/documentediting_editdocuments_text_documentedi_2820.png 256w, https:\/\/educharlevoix.ca\/cse\/wp-content\/uploads\/2021\/03\/documentediting_editdocuments_text_documentedi_2820-150x150.png 150w\" sizes=\"auto, (max-width: 34px) 100vw, 34px\" \/><\/a><\/td>\n<td>\n<h3><a href=\"https:\/\/cscharlevoix.sharepoint.com\/:b:\/s\/serviceseducatifs\/EU4Tbhj_aL1FhhyJK-YeHggB-DtN8SqaQdeT37P3B4QdWQ?e=st80d1\">Compte-rendu de suppl\u00e9ance au primaire<\/a><\/h3>\n<\/td>\n<\/tr>\n<tr>\n<td><a href=\"https:\/\/cscharlevoix.sharepoint.com\/:b:\/s\/serviceseducatifs\/EVnGnajsbpFFumCEZ64BIZcBUl4YFZ5CM4ur0KphJELAug?e=zdDrVh\"><img loading=\"lazy\" decoding=\"async\" class=\"wp-image-13529 aligncenter\" src=\"https:\/\/educharlevoix.ca\/cse\/wp-content\/uploads\/2021\/03\/documentediting_editdocuments_text_documentedi_2820.png\" alt=\"\" width=\"34\" height=\"35\" srcset=\"https:\/\/educharlevoix.ca\/cse\/wp-content\/uploads\/2021\/03\/documentediting_editdocuments_text_documentedi_2820.png 256w, https:\/\/educharlevoix.ca\/cse\/wp-content\/uploads\/2021\/03\/documentediting_editdocuments_text_documentedi_2820-150x150.png 150w\" sizes=\"auto, (max-width: 34px) 100vw, 34px\" \/><\/a><\/td>\n<td>\n<h3><a href=\"https:\/\/cscharlevoix.sharepoint.com\/:b:\/s\/serviceseducatifs\/EVnGnajsbpFFumCEZ64BIZcBUl4YFZ5CM4ur0KphJELAug?e=zdDrVh\">Compte-rendu de suppl\u00e9ance au secondaire<\/a><\/h3>\n<\/td>\n<\/tr>\n<tr>\n<td><a href=\"https:\/\/cscharlevoix.sharepoint.com\/:b:\/s\/serviceseducatifs\/EaQL88FI6dRPm-qY8h38q-kB9s0FGsjawIByXB19lkua3A?e=s7F09j\"><img loading=\"lazy\" decoding=\"async\" class=\"wp-image-13529 aligncenter\" src=\"https:\/\/educharlevoix.ca\/cse\/wp-content\/uploads\/2021\/03\/documentediting_editdocuments_text_documentedi_2820.png\" alt=\"\" width=\"34\" height=\"35\" srcset=\"https:\/\/educharlevoix.ca\/cse\/wp-content\/uploads\/2021\/03\/documentediting_editdocuments_text_documentedi_2820.png 256w, https:\/\/educharlevoix.ca\/cse\/wp-content\/uploads\/2021\/03\/documentediting_editdocuments_text_documentedi_2820-150x150.png 150w\" sizes=\"auto, (max-width: 34px) 100vw, 34px\" \/><\/a><\/td>\n<td>\n<h3><a href=\"https:\/\/cscharlevoix.sharepoint.com\/:b:\/s\/serviceseducatifs\/EaQL88FI6dRPm-qY8h38q-kB9s0FGsjawIByXB19lkua3A?e=s7F09j\">Outils pour la suppl\u00e9ance<\/a><\/h3>\n<\/td>\n<\/tr>\n<tr>\n<td><a href=\"https:\/\/cscharlevoix.sharepoint.com\/:b:\/s\/serviceseducatifs\/Eb659QWRvz9HvyIqKeIwsv4BkEBV5Jz0cW4ndhVNGHpdTQ?e=0NSBEg\"><img loading=\"lazy\" decoding=\"async\" class=\"wp-image-13529 aligncenter\" src=\"https:\/\/educharlevoix.ca\/cse\/wp-content\/uploads\/2021\/03\/documentediting_editdocuments_text_documentedi_2820.png\" alt=\"\" width=\"34\" height=\"35\" srcset=\"https:\/\/educharlevoix.ca\/cse\/wp-content\/uploads\/2021\/03\/documentediting_editdocuments_text_documentedi_2820.png 256w, https:\/\/educharlevoix.ca\/cse\/wp-content\/uploads\/2021\/03\/documentediting_editdocuments_text_documentedi_2820-150x150.png 150w\" sizes=\"auto, (max-width: 34px) 100vw, 34px\" \/><\/a><\/td>\n<td>\n<h3><a href=\"https:\/\/cscharlevoix.sharepoint.com\/:b:\/s\/serviceseducatifs\/Eb659QWRvz9HvyIqKeIwsv4BkEBV5Jz0cW4ndhVNGHpdTQ?e=0NSBEg\">Strat\u00e9gies favorables au contexte de suppl\u00e9ance<\/a><\/h3>\n<\/td>\n<\/tr>\n<tr>\n<td><\/td>\n<td><\/td>\n<\/tr>\n<tr>\n<td>\n<h3><a href=\"https:\/\/cscharlevoix.sharepoint.com\/:b:\/s\/serviceseducatifs\/Ecm2S31u9mZGtkMMoM0X9rsBQcjCVnRSW7Y12u0pSfAdRQ?e=91r7a4\"><img loading=\"lazy\" decoding=\"async\" class=\"wp-image-13529 aligncenter\" src=\"https:\/\/educharlevoix.ca\/cse\/wp-content\/uploads\/2021\/03\/documentediting_editdocuments_text_documentedi_2820.png\" alt=\"\" width=\"34\" height=\"34\" srcset=\"https:\/\/educharlevoix.ca\/cse\/wp-content\/uploads\/2021\/03\/documentediting_editdocuments_text_documentedi_2820.png 256w, https:\/\/educharlevoix.ca\/cse\/wp-content\/uploads\/2021\/03\/documentediting_editdocuments_text_documentedi_2820-150x150.png 150w\" sizes=\"auto, (max-width: 34px) 100vw, 34px\" \/><\/a><\/h3>\n<\/td>\n<td>\n<h3><a href=\"https:\/\/cscharlevoix.sharepoint.com\/:b:\/s\/serviceseducatifs\/Ecm2S31u9mZGtkMMoM0X9rsBQcjCVnRSW7Y12u0pSfAdRQ?e=91r7a4\">R\u00e9f\u00e9rentiel comp\u00e9tences professionnelles profession enseignante<\/a><\/h3>\n<\/td>\n<\/tr>\n<tr>\n<td><\/td>\n<td><\/td>\n<\/tr>\n<tr>\n<td><img loading=\"lazy\" decoding=\"async\" class=\"alignnone size-full wp-image-15795\" src=\"https:\/\/educharlevoix.ca\/cse\/wp-content\/uploads\/2023\/09\/parent_icon_205848.png\" alt=\"\" width=\"64\" height=\"64\" \/><\/td>\n<td>\n<h3>S.A.P.E : <a href=\"https:\/\/cscharlevoix.sharepoint.com\/:f:\/r\/sites\/serviceseducatifs\/Documents%20partages\/Insertion%20professionnelle\/S.A.P.E.%20Service%20accompagnement%20professionnel%20en%20enseignement?csf=1&amp;web=1&amp;e=Vc5eEv\" target=\"_blank\" rel=\"noopener\">POUR FAIRE UNE DEMANDE<\/a> au service d&rsquo;accompagnement professionnel en enseignement<\/h3>\n<\/td>\n<\/tr>\n<tr>\n<td><a href=\"https:\/\/cscharlevoix.sharepoint.com\/:b:\/s\/serviceseducatifs\/ESWGHstO2BdAgYV_vzrZcRYBobfS39gJV67ygY1SBvI4fw?e=iWcF8u\"><img loading=\"lazy\" decoding=\"async\" class=\"wp-image-13529 aligncenter\" src=\"https:\/\/educharlevoix.ca\/cse\/wp-content\/uploads\/2021\/03\/documentediting_editdocuments_text_documentedi_2820.png\" alt=\"\" width=\"34\" height=\"35\" srcset=\"https:\/\/educharlevoix.ca\/cse\/wp-content\/uploads\/2021\/03\/documentediting_editdocuments_text_documentedi_2820.png 256w, https:\/\/educharlevoix.ca\/cse\/wp-content\/uploads\/2021\/03\/documentediting_editdocuments_text_documentedi_2820-150x150.png 150w\" sizes=\"auto, (max-width: 34px) 100vw, 34px\" \/><\/a><\/td>\n<td>\n<h3><a href=\"https:\/\/cscharlevoix.sharepoint.com\/:b:\/s\/serviceseducatifs\/ESWGHstO2BdAgYV_vzrZcRYBobfS39gJV67ygY1SBvI4fw?e=iWcF8u\">D\u00e9pliant du programme d&rsquo;aide aux employ\u00e9s et \u00e0 la famille<\/a><\/h3>\n<\/td>\n<\/tr>\n<\/tbody>\n<\/table>\n<p>&nbsp;<\/p>\n","protected":false},"excerpt":{"rendered":"<p>Diff\u00e9rents documents coups de : Cliquez sur les ic\u00f4nes ou les titres pour acc\u00e9der au contenu \u00e0 consulter. Outil d&rsquo;\u00e9valuation profession enseignante &#8211; VJuin22docx.pdf Compte-rendu de suppl\u00e9ance au primaire Compte-rendu de suppl\u00e9ance au secondaire Outils pour la suppl\u00e9ance Strat\u00e9gies favorables &hellip; <\/p>\n","protected":false},"author":7,"featured_media":0,"parent":0,"menu_order":0,"comment_status":"closed","ping_status":"closed","template":"","meta":{"cybocfi_hide_featured_image":"","footnotes":""},"categories":[65],"tags":[],"class_list":["post-13508","page","type-page","status-publish","hentry","category-insertion-professionnelle"],"_links":{"self":[{"href":"https:\/\/educharlevoix.ca\/cse\/wp-json\/wp\/v2\/pages\/13508","targetHints":{"allow":["GET"]}}],"collection":[{"href":"https:\/\/educharlevoix.ca\/cse\/wp-json\/wp\/v2\/pages"}],"about":[{"href":"https:\/\/educharlevoix.ca\/cse\/wp-json\/wp\/v2\/types\/page"}],"author":[{"embeddable":true,"href":"https:\/\/educharlevoix.ca\/cse\/wp-json\/wp\/v2\/users\/7"}],"replies":[{"embeddable":true,"href":"https:\/\/educharlevoix.ca\/cse\/wp-json\/wp\/v2\/comments?post=13508"}],"version-history":[{"count":3,"href":"https:\/\/educharlevoix.ca\/cse\/wp-json\/wp\/v2\/pages\/13508\/revisions"}],"predecessor-version":[{"id":15930,"href":"https:\/\/educharlevoix.ca\/cse\/wp-json\/wp\/v2\/pages\/13508\/revisions\/15930"}],"wp:attachment":[{"href":"https:\/\/educharlevoix.ca\/cse\/wp-json\/wp\/v2\/media?parent=13508"}],"wp:term":[{"taxonomy":"category","embeddable":true,"href":"https:\/\/educharlevoix.ca\/cse\/wp-json\/wp\/v2\/categories?post=13508"},{"taxonomy":"post_tag","embeddable":true,"href":"https:\/\/educharlevoix.ca\/cse\/wp-json\/wp\/v2\/tags?post=13508"}],"curies":[{"name":"wp","href":"https:\/\/api.w.org\/{rel}","templated":true}]}}