{"id":13558,"date":"2021-03-29T09:17:42","date_gmt":"2021-03-29T13:17:42","guid":{"rendered":"https:\/\/educharlevoix.ca\/cse\/?page_id=13558"},"modified":"2025-11-12T14:56:09","modified_gmt":"2025-11-12T19:56:09","slug":"anglais","status":"publish","type":"page","link":"https:\/\/educharlevoix.ca\/cse\/anglais\/","title":{"rendered":"Anglais"},"content":{"rendered":"<div class=\"wpb-content-wrapper\"><p>[vc_row][vc_column][vc_column_text css=\u00a0\u00bb\u00a0\u00bb]<\/p>\n<h3><span style=\"color: #800080;\">Bienvenue les enseignant.e.s de l&rsquo;anglais, langue seconde !\u00a0<\/span><\/h3>\n<p class=\"cvGsUA direction-ltr align-start para-style-body\">Sur ce site Internet, qui est li\u00e9 au SharePoint des Services \u00e9ducatifs du CSS, vous trouverez des ressources indispensables ! Avez-vous des ressources \u00e0 partager ? Contactez votre CP avec vos recommandations et questions.<\/p>\n<h3><span style=\"color: #800080;\">Nouveaux.elles enseignant.e.s !<\/span><\/h3>\n<p>Commencez par visiter la page <strong>Quebec Education Program<\/strong> pour des survols et capsules vid\u00e9o excellents ! Ensuite, ne r\u00e9inventez pas la roue tout.e seul.e ! Vous trouverez de nombreuses planifications d\u00e9j\u00e0 pr\u00e9par\u00e9es sur la page <strong>Elementary &amp; Secondary Material<\/strong>. \u00c0 votre convenance, contacter votre CP \u00e0 pour organiser un accompagnement personnalis\u00e9 !<span class=\"OYPEnA font-feature-liga-off font-feature-clig-off font-feature-calt-off text-decoration-none text-strikethrough-none\">\u00a0<\/span><\/p>\n<h3><span style=\"color: #800080;\">Merci pour votre implication,<\/span><\/h3>\n<p><span class=\"OYPEnA font-feature-liga-off font-feature-clig-off font-feature-calt-off text-decoration-none text-strikethrough-none\">Elizabeth (Bess) Kennedy, <\/span><span class=\"OYPEnA font-feature-liga-off font-feature-clig-off font-feature-calt-off text-decoration-none text-strikethrough-none\">elizabeth.kennedy@csscharlevoix.gouv.qc.ca<\/span><\/p>\n<p>Conseill\u00e8re p\u00e9dagogique en anglais, langue seconde<\/p>\n<table cellspacing=\"1\">\n<tbody>\n<tr>\n<td><img loading=\"lazy\" decoding=\"async\" class=\"aligncenter\" src=\"https:\/\/icons.iconarchive.com\/icons\/fa-team\/fontawesome-brands\/256\/FontAwesome-Brands-Padlet-icon.png\" alt=\"Font Awesome Brands Padlet icon\" width=\"99\" height=\"99\" \/><\/p>\n<h3 style=\"text-align: center;\"><a href=\"https:\/\/padlet.com\/elizabethkennedy8\/english-as-an-additional-language-charlevoix-work-in-progres-v15n3ek7auebcqk4\" target=\"_blank\" rel=\"noopener\">EAL(ESL) Charlevoix Padlet<\/a><\/h3>\n<\/td>\n<\/tr>\n<tr>\n<td>\n<h3 style=\"text-align: left;\"><a href=\"https:\/\/cscharlevoix.sharepoint.com\/:f:\/r\/sites\/serviceseducatifs\/Documents%20partages\/Secondaire\/English%20as%20an%20Additional%20Language%20(ESL-ALS)\/0.%20NOUVEAUT%C3%89S?csf=1&amp;web=1&amp;e=C30rS7\"><img loading=\"lazy\" decoding=\"async\" class=\"aligncenter wp-image-16263\" src=\"https:\/\/educharlevoix.ca\/cse\/wp-content\/uploads\/2024\/08\/new_3324-300x300.png\" alt=\"\" width=\"96\" height=\"96\" srcset=\"https:\/\/educharlevoix.ca\/cse\/wp-content\/uploads\/2024\/08\/new_3324-300x300.png 300w, https:\/\/educharlevoix.ca\/cse\/wp-content\/uploads\/2024\/08\/new_3324-150x150.png 150w, https:\/\/educharlevoix.ca\/cse\/wp-content\/uploads\/2024\/08\/new_3324.png 512w\" sizes=\"auto, (max-width: 96px) 100vw, 96px\" \/><\/a><\/h3>\n<h3 style=\"text-align: center;\"><a href=\"https:\/\/cscharlevoix.sharepoint.com\/:f:\/r\/sites\/serviceseducatifs\/Documents%20partages\/Secondaire\/English%20as%20an%20Additional%20Language%20(ESL-ALS)\/0.%20NOUVEAUT%C3%89S?csf=1&amp;web=1&amp;e=AqYrWj\" target=\"_blank\" rel=\"noopener\">Nouveaut\u00e9s<\/a><\/h3>\n<p style=\"text-align: center;\">Restez \u00e0 l&rsquo;aff\u00fbt des ajouts r\u00e9cents sur le SharePoint. Chaque nouvel ajout sera, \u00e9galement, d\u00e9pos\u00e9 dans son dossier d\u00e9di\u00e9 et restera affich\u00e9 dans la section des nouveaut\u00e9s pendant une p\u00e9riode de six mois.<\/p>\n<\/td>\n<\/tr>\n<tr>\n<td>\n<h3 style=\"text-align: left;\"><a href=\"https:\/\/cscharlevoix.sharepoint.com\/:f:\/r\/sites\/serviceseducatifs\/Documents%20partages\/Secondaire\/English%20as%20an%20Additional%20Language%20(ESL-ALS)\/1.%20QUEBEC%20EDUCATION%20PROGRAM?csf=1&amp;web=1&amp;e=hhgHK9\"><img loading=\"lazy\" decoding=\"async\" class=\"aligncenter wp-image-16278\" src=\"https:\/\/educharlevoix.ca\/cse\/wp-content\/uploads\/2024\/08\/fleur_de_lis_icon_137611-300x300.png\" alt=\"\" width=\"109\" height=\"109\" srcset=\"https:\/\/educharlevoix.ca\/cse\/wp-content\/uploads\/2024\/08\/fleur_de_lis_icon_137611-300x300.png 300w, https:\/\/educharlevoix.ca\/cse\/wp-content\/uploads\/2024\/08\/fleur_de_lis_icon_137611-150x150.png 150w, https:\/\/educharlevoix.ca\/cse\/wp-content\/uploads\/2024\/08\/fleur_de_lis_icon_137611.png 512w\" sizes=\"auto, (max-width: 109px) 100vw, 109px\" \/><\/a><\/h3>\n<h3 style=\"text-align: center;\"><a href=\"https:\/\/cscharlevoix.sharepoint.com\/:f:\/r\/sites\/serviceseducatifs\/Documents%20partages\/Secondaire\/English%20as%20an%20Additional%20Language%20(ESL-ALS)\/1.%20QUEBEC%20EDUCATION%20PROGRAM?csf=1&amp;web=1&amp;e=UH2Mab\" target=\"_blank\" rel=\"noopener\">Qu\u00e9bec Education Program<\/a><\/h3>\n<p style=\"text-align: center;\">D\u00e9couvrez les documents officiels tels que les programmes par cycle, les progressions d&rsquo;apprentissage, les cadres d&rsquo;\u00e9valuation et les pond\u00e9rations du bulletin. De plus, des r\u00e9sum\u00e9s succincts, compr\u00e9hensifs et accessibles sont disponibles dans la section <strong>Guides et Survols<\/strong>, sous forme de documents, de napperons et de capsules vid\u00e9o.<\/p>\n<\/td>\n<\/tr>\n<tr>\n<td>\n<h3 style=\"text-align: left;\">\u00a0<a href=\"https:\/\/cscharlevoix.sharepoint.com\/:f:\/r\/sites\/serviceseducatifs\/Documents%20partages\/Secondaire\/English%20as%20an%20Additional%20Language%20(ESL-ALS)\/2.%20PEDAGOGICAL%20RESOURCES?csf=1&amp;web=1&amp;e=jfpan3\" target=\"_blank\" rel=\"noopener\"><img loading=\"lazy\" decoding=\"async\" class=\"wp-image-16122 aligncenter\" src=\"https:\/\/educharlevoix.ca\/cse\/wp-content\/uploads\/2024\/04\/knowledge_education_online_hands_on_project_based_learning_business_icon_262291-300x300.png\" alt=\"\" width=\"100\" height=\"100\" srcset=\"https:\/\/educharlevoix.ca\/cse\/wp-content\/uploads\/2024\/04\/knowledge_education_online_hands_on_project_based_learning_business_icon_262291-300x300.png 300w, https:\/\/educharlevoix.ca\/cse\/wp-content\/uploads\/2024\/04\/knowledge_education_online_hands_on_project_based_learning_business_icon_262291-150x150.png 150w, https:\/\/educharlevoix.ca\/cse\/wp-content\/uploads\/2024\/04\/knowledge_education_online_hands_on_project_based_learning_business_icon_262291.png 512w\" sizes=\"auto, (max-width: 100px) 100vw, 100px\" \/><\/a><\/h3>\n<h3 style=\"text-align: center;\"><a href=\"https:\/\/cscharlevoix.sharepoint.com\/:f:\/r\/sites\/serviceseducatifs\/Documents%20partages\/Secondaire\/English%20as%20an%20Additional%20Language%20(ESL-ALS)\/2.%20PEDAGOGICAL%20RESOURCES?csf=1&amp;web=1&amp;e=jfpan3\" target=\"_blank\" rel=\"noopener\">Pedagogical Resources<\/a><\/h3>\n<p style=\"text-align: center;\"><span class=\"OYPEnA font-feature-liga-off font-feature-clig-off font-feature-calt-off text-decoration-none text-strikethrough-none\">Acc\u00e9dez \u00e0 des ressources sur les diverses sph\u00e8res d&rsquo;enseignement, telles que la gestion de classe, l&rsquo;enseignement explicite, la grammaire ax\u00e9e sur la forme, les strat\u00e9gies d&rsquo;apprentissage, la litt\u00e9ratie structur\u00e9e, et plus encore.<\/span><\/p>\n<\/td>\n<\/tr>\n<tr>\n<td>\n<h3 style=\"text-align: left;\">\u00a0<a href=\"https:\/\/cscharlevoix.sharepoint.com\/:f:\/r\/sites\/serviceseducatifs\/Documents%20partages\/Secondaire\/English%20as%20an%20Additional%20Language%20(ESL-ALS)\/3.%20ELEMENTARY%20%26%20SECONDARY%20MATERIAL?csf=1&amp;web=1&amp;e=N6qm4h\"><img loading=\"lazy\" decoding=\"async\" class=\"wp-image-16124 aligncenter\" src=\"https:\/\/educharlevoix.ca\/cse\/wp-content\/uploads\/2024\/04\/digital_online_resources_library_knowledge_icon_262316-300x300.png\" alt=\"\" width=\"84\" height=\"84\" srcset=\"https:\/\/educharlevoix.ca\/cse\/wp-content\/uploads\/2024\/04\/digital_online_resources_library_knowledge_icon_262316-300x300.png 300w, https:\/\/educharlevoix.ca\/cse\/wp-content\/uploads\/2024\/04\/digital_online_resources_library_knowledge_icon_262316-150x150.png 150w, https:\/\/educharlevoix.ca\/cse\/wp-content\/uploads\/2024\/04\/digital_online_resources_library_knowledge_icon_262316.png 512w\" sizes=\"auto, (max-width: 84px) 100vw, 84px\" \/><\/a><\/h3>\n<h3 style=\"text-align: center;\"><a href=\"https:\/\/cscharlevoix.sharepoint.com\/:f:\/r\/sites\/serviceseducatifs\/Documents%20partages\/Secondaire\/English%20as%20an%20Additional%20Language%20(ESL-ALS)\/3.%20ELEMENTARY%20%26%20SECONDARY%20MATERIAL?csf=1&amp;web=1&amp;e=N6qm4h\" target=\"_blank\" rel=\"noopener\">Elementary &amp; Secondary Material<\/a><\/h3>\n<p style=\"text-align: center;\"><span class=\"OYPEnA font-feature-liga-off font-feature-clig-off font-feature-calt-off text-decoration-none text-strikethrough-none\">Trouvez des situations d&rsquo;apprentissage et d&rsquo;\u00e9valuation par niveau, des activit\u00e9s, des supports visuels de classe, des aide-m\u00e9moires, du mat\u00e9riel pour l&rsquo;adaptation scolaire, et plus encore.<\/span><\/p>\n<\/td>\n<\/tr>\n<tr>\n<td>\n<h3 style=\"text-align: left;\"><a href=\"https:\/\/cscharlevoix.sharepoint.com\/:f:\/r\/sites\/serviceseducatifs\/Documents%20partages\/Secondaire\/English%20as%20an%20Additional%20Language%20(ESL-ALS)\/4.%20PROFESSIONAL%20DEVELOPMENT?csf=1&amp;web=1&amp;e=fIbtHe\" target=\"_blank\" rel=\"noopener\"><img loading=\"lazy\" decoding=\"async\" class=\"wp-image-16121 aligncenter\" src=\"https:\/\/educharlevoix.ca\/cse\/wp-content\/uploads\/2024\/04\/development_learning_online_improvement_skill_icon_262304-300x300.png\" alt=\"\" width=\"87\" height=\"87\" srcset=\"https:\/\/educharlevoix.ca\/cse\/wp-content\/uploads\/2024\/04\/development_learning_online_improvement_skill_icon_262304-300x300.png 300w, https:\/\/educharlevoix.ca\/cse\/wp-content\/uploads\/2024\/04\/development_learning_online_improvement_skill_icon_262304-150x150.png 150w, https:\/\/educharlevoix.ca\/cse\/wp-content\/uploads\/2024\/04\/development_learning_online_improvement_skill_icon_262304.png 512w\" sizes=\"auto, (max-width: 87px) 100vw, 87px\" \/><\/a><\/h3>\n<h3 style=\"text-align: center;\"><a href=\"https:\/\/cscharlevoix.sharepoint.com\/:f:\/r\/sites\/serviceseducatifs\/Documents%20partages\/Secondaire\/English%20as%20an%20Additional%20Language%20(ESL-ALS)\/4.%20PROFESSIONAL%20DEVELOPMENT?csf=1&amp;web=1&amp;e=fIbtHe\" target=\"_blank\" rel=\"noopener\">Professional Development<\/a><\/h3>\n<p style=\"text-align: center;\">Explorez des opportunit\u00e9s de formation pour d\u00e9velopper davantage vos comp\u00e9tences.<\/p>\n<\/td>\n<\/tr>\n<tr>\n<td>\n<h3 style=\"text-align: center;\"><a href=\"https:\/\/www.quebec.ca\/education\/prescolaire-primaire-et-secondaire\/epreuves-ministerielles-evaluation-apprentissages\/epreuves-ministerielles\/documents-preparatoires\/documents-information\"><img loading=\"lazy\" decoding=\"async\" class=\"aligncenter\" src=\"https:\/\/cdn.icon-icons.com\/icons2\/3309\/PNG\/512\/exam_sheet_test_school_study_icon_209229.png\" alt=\"Ic\u00f4ne examen, fiche, test, l'\u00e9cole, \u00e9tude\" width=\"88\" height=\"88\" \/><\/a><a href=\"https:\/\/www.quebec.ca\/education\/prescolaire-primaire-et-secondaire\/programmes-formations-evaluation\/epreuves-ministerielles-evaluation-apprentissages\/epreuves-ministerielles\/horaire\" target=\"_blank\" rel=\"noopener\">\u00c9preuves Minist\u00e9rielles<\/a><\/h3>\n<\/td>\n<\/tr>\n<tr>\n<td>\n<h3 style=\"text-align: center;\"><a href=\"https:\/\/www.domainelangues.qc.ca\/en\/\" target=\"_blank\" rel=\"noopener\"><img loading=\"lazy\" decoding=\"async\" class=\"wp-image-13643 alignnone\" src=\"https:\/\/educharlevoix.ca\/cse\/wp-content\/uploads\/2021\/03\/logo_recit-300x300.png\" alt=\"\" width=\"78\" height=\"78\" \/><\/a><\/h3>\n<h3 style=\"text-align: center;\"><a href=\"https:\/\/www.domainelangues.qc.ca\/en\/\" target=\"_blank\" rel=\"noopener\">R\u00e9seau \u00c9ducation Collaboration Information\u00a0 Technologie<\/a><\/h3>\n<\/td>\n<\/tr>\n<tr>\n<td>\n<h3><a href=\"https:\/\/www.facebook.com\/groups\/400947743302185\/\" target=\"_blank\" rel=\"noopener\"><img loading=\"lazy\" decoding=\"async\" class=\"aligncenter wp-image-13764\" src=\"https:\/\/educharlevoix.ca\/cse\/wp-content\/uploads\/2021\/07\/social_facebook_box_blue_256_30649.png\" alt=\"\" width=\"83\" height=\"83\" srcset=\"https:\/\/educharlevoix.ca\/cse\/wp-content\/uploads\/2021\/07\/social_facebook_box_blue_256_30649.png 256w, https:\/\/educharlevoix.ca\/cse\/wp-content\/uploads\/2021\/07\/social_facebook_box_blue_256_30649-150x150.png 150w\" sizes=\"auto, (max-width: 83px) 100vw, 83px\" \/><\/a><\/h3>\n<h3 style=\"text-align: center;\"><a href=\"https:\/\/www.facebook.com\/groups\/400947743302185\/\" target=\"_blank\" rel=\"noopener\">Qu\u00e9bec ESL Teachers Facebook<\/a><\/h3>\n<\/td>\n<\/tr>\n<\/tbody>\n<\/table>\n<p>&nbsp;<\/p>\n<\/div>","protected":false},"excerpt":{"rendered":"<p>[vc_row][vc_column][vc_column_text css=\u00a0\u00bb\u00a0\u00bb] Bienvenue les enseignant.e.s de l&rsquo;anglais, langue seconde !\u00a0 Sur ce site Internet, qui est li\u00e9 au SharePoint des Services \u00e9ducatifs du CSS, vous trouverez des ressources indispensables ! Avez-vous des ressources \u00e0 partager ? Contactez votre CP avec &hellip; <\/p>\n","protected":false},"author":7,"featured_media":0,"parent":0,"menu_order":0,"comment_status":"closed","ping_status":"closed","template":"","meta":{"cybocfi_hide_featured_image":"","footnotes":""},"categories":[],"tags":[],"class_list":["post-13558","page","type-page","status-publish","hentry"],"_links":{"self":[{"href":"https:\/\/educharlevoix.ca\/cse\/wp-json\/wp\/v2\/pages\/13558","targetHints":{"allow":["GET"]}}],"collection":[{"href":"https:\/\/educharlevoix.ca\/cse\/wp-json\/wp\/v2\/pages"}],"about":[{"href":"https:\/\/educharlevoix.ca\/cse\/wp-json\/wp\/v2\/types\/page"}],"author":[{"embeddable":true,"href":"https:\/\/educharlevoix.ca\/cse\/wp-json\/wp\/v2\/users\/7"}],"replies":[{"embeddable":true,"href":"https:\/\/educharlevoix.ca\/cse\/wp-json\/wp\/v2\/comments?post=13558"}],"version-history":[{"count":41,"href":"https:\/\/educharlevoix.ca\/cse\/wp-json\/wp\/v2\/pages\/13558\/revisions"}],"predecessor-version":[{"id":16532,"href":"https:\/\/educharlevoix.ca\/cse\/wp-json\/wp\/v2\/pages\/13558\/revisions\/16532"}],"wp:attachment":[{"href":"https:\/\/educharlevoix.ca\/cse\/wp-json\/wp\/v2\/media?parent=13558"}],"wp:term":[{"taxonomy":"category","embeddable":true,"href":"https:\/\/educharlevoix.ca\/cse\/wp-json\/wp\/v2\/categories?post=13558"},{"taxonomy":"post_tag","embeddable":true,"href":"https:\/\/educharlevoix.ca\/cse\/wp-json\/wp\/v2\/tags?post=13558"}],"curies":[{"name":"wp","href":"https:\/\/api.w.org\/{rel}","templated":true}]}}