{"id":13593,"date":"2021-03-29T13:52:57","date_gmt":"2021-03-29T17:52:57","guid":{"rendered":"https:\/\/educharlevoix.ca\/cse\/?page_id=13593"},"modified":"2023-02-21T15:53:53","modified_gmt":"2023-02-21T20:53:53","slug":"univers-social-primaire","status":"publish","type":"page","link":"https:\/\/educharlevoix.ca\/cse\/univers-social-primaire\/","title":{"rendered":"Univers social"},"content":{"rendered":"<h3><span style=\"color: #333300;\">Voici diff\u00e9rents outils pouvant vous aider dans l&rsquo;univers social au primaire.<\/span><\/h3>\n<h3><span style=\"color: #000000;\">Cliquez sur les ic\u00f4nes ou les titres pour acc\u00e9der au contenu \u00e0 consulter.<\/span><\/h3>\n<table class=\" aligncenter\">\n<tbody>\n<tr>\n<td style=\"text-align: center; vertical-align: middle;\"><a href=\"https:\/\/cscharlevoix.sharepoint.com\/:f:\/s\/UniverssocialPrimaire\/EqtPvinH3SBChy1M_5ZT-r4Bw24SE1nx5svfYFtJz6pzBg?e=Z6h3WJ\" target=\"_blank\" rel=\"noopener\"><img loading=\"lazy\" decoding=\"async\" class=\"alignnone wp-image-13594\" src=\"https:\/\/educharlevoix.ca\/cse\/wp-content\/uploads\/2021\/03\/astronomy_earth_galaxy_planet_space_system_universe_icon_156881-300x300.png\" alt=\"\" width=\"36\" height=\"36\" srcset=\"https:\/\/educharlevoix.ca\/cse\/wp-content\/uploads\/2021\/03\/astronomy_earth_galaxy_planet_space_system_universe_icon_156881-300x300.png 300w, https:\/\/educharlevoix.ca\/cse\/wp-content\/uploads\/2021\/03\/astronomy_earth_galaxy_planet_space_system_universe_icon_156881-150x150.png 150w, https:\/\/educharlevoix.ca\/cse\/wp-content\/uploads\/2021\/03\/astronomy_earth_galaxy_planet_space_system_universe_icon_156881.png 512w\" sizes=\"auto, (max-width: 36px) 100vw, 36px\" \/><\/a><\/td>\n<td>\n<h3><a href=\"https:\/\/cscharlevoix.sharepoint.com\/:f:\/s\/UniverssocialPrimaire\/EqtPvinH3SBChy1M_5ZT-r4Bw24SE1nx5svfYFtJz6pzBg?e=Z6h3WJ\" target=\"_blank\" rel=\"noopener\">Mat\u00e9riel pour le 1er cycle du primaire<\/a><\/h3>\n<\/td>\n<\/tr>\n<tr>\n<td style=\"text-align: center; vertical-align: middle;\"><a href=\"https:\/\/cscharlevoix.sharepoint.com\/:f:\/s\/UniverssocialPrimaire\/EjhXiFutRXJEmTxECfvSfhIB3g5FgGF7UAWswaeCbzxEXA?e=yt9LFQ\" target=\"_blank\" rel=\"noopener\"><img loading=\"lazy\" decoding=\"async\" class=\"alignnone wp-image-13594\" src=\"https:\/\/educharlevoix.ca\/cse\/wp-content\/uploads\/2021\/03\/astronomy_earth_galaxy_planet_space_system_universe_icon_156881-300x300.png\" alt=\"\" width=\"36\" height=\"36\" srcset=\"https:\/\/educharlevoix.ca\/cse\/wp-content\/uploads\/2021\/03\/astronomy_earth_galaxy_planet_space_system_universe_icon_156881-300x300.png 300w, https:\/\/educharlevoix.ca\/cse\/wp-content\/uploads\/2021\/03\/astronomy_earth_galaxy_planet_space_system_universe_icon_156881-150x150.png 150w, https:\/\/educharlevoix.ca\/cse\/wp-content\/uploads\/2021\/03\/astronomy_earth_galaxy_planet_space_system_universe_icon_156881.png 512w\" sizes=\"auto, (max-width: 36px) 100vw, 36px\" \/><\/a><\/td>\n<td>\n<h3><a href=\"https:\/\/cscharlevoix.sharepoint.com\/:f:\/s\/UniverssocialPrimaire\/EjhXiFutRXJEmTxECfvSfhIB3g5FgGF7UAWswaeCbzxEXA?e=yt9LFQ\" target=\"_blank\" rel=\"noopener\">Napperons pour le 2e cycle du primaire: Annie Lemaire<\/a><\/h3>\n<\/td>\n<\/tr>\n<tr>\n<td style=\"text-align: center; vertical-align: middle;\"><a href=\"https:\/\/cscharlevoix.sharepoint.com\/:f:\/s\/UniverssocialPrimaire\/EiWAvt4DKSVAhCST6cXeDO8B-U_zazfIjSKROfvgjdtjrg?e=thOW78\" target=\"_blank\" rel=\"noopener\"><img loading=\"lazy\" decoding=\"async\" class=\"alignnone wp-image-13594\" src=\"https:\/\/educharlevoix.ca\/cse\/wp-content\/uploads\/2021\/03\/astronomy_earth_galaxy_planet_space_system_universe_icon_156881-300x300.png\" alt=\"\" width=\"36\" height=\"36\" srcset=\"https:\/\/educharlevoix.ca\/cse\/wp-content\/uploads\/2021\/03\/astronomy_earth_galaxy_planet_space_system_universe_icon_156881-300x300.png 300w, https:\/\/educharlevoix.ca\/cse\/wp-content\/uploads\/2021\/03\/astronomy_earth_galaxy_planet_space_system_universe_icon_156881-150x150.png 150w, https:\/\/educharlevoix.ca\/cse\/wp-content\/uploads\/2021\/03\/astronomy_earth_galaxy_planet_space_system_universe_icon_156881.png 512w\" sizes=\"auto, (max-width: 36px) 100vw, 36px\" \/><\/a><\/td>\n<td>\n<h3><a href=\"https:\/\/cscharlevoix.sharepoint.com\/:f:\/s\/UniverssocialPrimaire\/EiWAvt4DKSVAhCST6cXeDO8B-U_zazfIjSKROfvgjdtjrg?e=thOW78\" target=\"_blank\" rel=\"noopener\">Mat\u00e9riel pour le 3e cycle du primaire: Josianne Plourde<\/a><\/h3>\n<\/td>\n<\/tr>\n<tr>\n<td style=\"text-align: center; vertical-align: middle;\"><a href=\"https:\/\/cscharlevoix.sharepoint.com\/:f:\/s\/UniverssocialPrimaire\/Et7s4xDuFpxBkyZiSKQnYqQBu_BH8wWwms5rdC146meTSg?e=Klh56G\" target=\"_blank\" rel=\"noopener\"><img loading=\"lazy\" decoding=\"async\" class=\"alignnone wp-image-13594\" src=\"https:\/\/educharlevoix.ca\/cse\/wp-content\/uploads\/2021\/03\/astronomy_earth_galaxy_planet_space_system_universe_icon_156881-300x300.png\" alt=\"\" width=\"36\" height=\"36\" srcset=\"https:\/\/educharlevoix.ca\/cse\/wp-content\/uploads\/2021\/03\/astronomy_earth_galaxy_planet_space_system_universe_icon_156881-300x300.png 300w, https:\/\/educharlevoix.ca\/cse\/wp-content\/uploads\/2021\/03\/astronomy_earth_galaxy_planet_space_system_universe_icon_156881-150x150.png 150w, https:\/\/educharlevoix.ca\/cse\/wp-content\/uploads\/2021\/03\/astronomy_earth_galaxy_planet_space_system_universe_icon_156881.png 512w\" sizes=\"auto, (max-width: 36px) 100vw, 36px\" \/><\/a><\/td>\n<td>\n<h3><a href=\"https:\/\/cscharlevoix.sharepoint.com\/:f:\/s\/UniverssocialPrimaire\/Et7s4xDuFpxBkyZiSKQnYqQBu_BH8wWwms5rdC146meTSg?e=Klh56G\" target=\"_blank\" rel=\"noopener\">Outils du Minist\u00e8re (2e et 3e cycle du primaire)<\/a><\/h3>\n<\/td>\n<\/tr>\n<tr>\n<td style=\"text-align: center; vertical-align: middle;\"><a href=\"https:\/\/cscharlevoix.sharepoint.com\/:f:\/s\/UniverssocialPrimaire\/ErMsvDC9wXFNpUwHAibOs48Bm8LJhfk5EBX_4VUDCGhUXw?e=GjUOJB\" target=\"_blank\" rel=\"noopener\"><img loading=\"lazy\" decoding=\"async\" class=\"alignnone wp-image-13594\" src=\"https:\/\/educharlevoix.ca\/cse\/wp-content\/uploads\/2021\/03\/astronomy_earth_galaxy_planet_space_system_universe_icon_156881-300x300.png\" alt=\"\" width=\"36\" height=\"36\" srcset=\"https:\/\/educharlevoix.ca\/cse\/wp-content\/uploads\/2021\/03\/astronomy_earth_galaxy_planet_space_system_universe_icon_156881-300x300.png 300w, https:\/\/educharlevoix.ca\/cse\/wp-content\/uploads\/2021\/03\/astronomy_earth_galaxy_planet_space_system_universe_icon_156881-150x150.png 150w, https:\/\/educharlevoix.ca\/cse\/wp-content\/uploads\/2021\/03\/astronomy_earth_galaxy_planet_space_system_universe_icon_156881.png 512w\" sizes=\"auto, (max-width: 36px) 100vw, 36px\" \/><\/a><\/td>\n<td>\n<h3><a href=\"https:\/\/cscharlevoix.sharepoint.com\/:f:\/s\/UniverssocialPrimaire\/ErMsvDC9wXFNpUwHAibOs48Bm8LJhfk5EBX_4VUDCGhUXw?e=GjUOJB\" target=\"_blank\" rel=\"noopener\">Trousse multi-niveaux: Chantal D\u00e9ry<\/a><\/h3>\n<p>2e et 3e ann\u00e9e, 3e et 4e ann\u00e9e, 4e et 5e ann\u00e9e ainsi que 5e et 6e ann\u00e9e<\/td>\n<\/tr>\n<tr>\n<td style=\"text-align: center; vertical-align: middle;\"><a href=\"https:\/\/cscharlevoix.sharepoint.com\/:f:\/s\/UniverssocialPrimaire\/EorJ1i20dFVIq0_eRhZVavIBr6-ziAOJgomOyiuROd9yVA?e=RLrRUV\" target=\"_blank\" rel=\"noopener\"><img loading=\"lazy\" decoding=\"async\" class=\"alignnone wp-image-13597\" src=\"https:\/\/educharlevoix.ca\/cse\/wp-content\/uploads\/2021\/03\/62863books_109231-300x300.png\" alt=\"\" width=\"39\" height=\"39\" srcset=\"https:\/\/educharlevoix.ca\/cse\/wp-content\/uploads\/2021\/03\/62863books_109231-300x300.png 300w, https:\/\/educharlevoix.ca\/cse\/wp-content\/uploads\/2021\/03\/62863books_109231-150x150.png 150w, https:\/\/educharlevoix.ca\/cse\/wp-content\/uploads\/2021\/03\/62863books_109231.png 512w\" sizes=\"auto, (max-width: 39px) 100vw, 39px\" \/><\/a><\/td>\n<td>\n<h3><a href=\"https:\/\/cscharlevoix.sharepoint.com\/:f:\/s\/UniverssocialPrimaire\/EorJ1i20dFVIq0_eRhZVavIBr6-ziAOJgomOyiuROd9yVA?e=RLrRUV\" target=\"_blank\" rel=\"noopener\">Trousses litt\u00e9raires et livres en lien avec l&rsquo;univers social<\/a><\/h3>\n<\/td>\n<\/tr>\n<tr>\n<td style=\"text-align: center; vertical-align: middle;\"><a href=\"https:\/\/cscharlevoix.sharepoint.com\/:f:\/s\/UniverssocialPrimaire\/EvX4Mg38mpVCvLVK69MZV-IBe4_lQ7rOx9YwJkyWplGXUw?e=kfFDjx\" target=\"_blank\" rel=\"noopener\"><img loading=\"lazy\" decoding=\"async\" class=\"alignnone wp-image-13595\" src=\"https:\/\/educharlevoix.ca\/cse\/wp-content\/uploads\/2021\/03\/3592870-brochure-document-menu-note-office-page-papers_107750-300x300.png\" alt=\"\" width=\"34\" height=\"34\" srcset=\"https:\/\/educharlevoix.ca\/cse\/wp-content\/uploads\/2021\/03\/3592870-brochure-document-menu-note-office-page-papers_107750-300x300.png 300w, https:\/\/educharlevoix.ca\/cse\/wp-content\/uploads\/2021\/03\/3592870-brochure-document-menu-note-office-page-papers_107750-150x150.png 150w, https:\/\/educharlevoix.ca\/cse\/wp-content\/uploads\/2021\/03\/3592870-brochure-document-menu-note-office-page-papers_107750.png 512w\" sizes=\"auto, (max-width: 34px) 100vw, 34px\" \/><\/a><\/td>\n<td>\n<h3><a href=\"https:\/\/cscharlevoix.sharepoint.com\/:f:\/s\/UniverssocialPrimaire\/EvX4Mg38mpVCvLVK69MZV-IBe4_lQ7rOx9YwJkyWplGXUw?e=kfFDjx\" target=\"_blank\" rel=\"noopener\">Bien comprendre le Programme<\/a><\/h3>\n<\/td>\n<\/tr>\n<tr>\n<td style=\"text-align: center; vertical-align: middle;\"><a href=\"https:\/\/cscharlevoix.sharepoint.com\/:f:\/s\/UniverssocialPrimaire\/Er9wNp9YrMlOudbxUreXm2sBiyISwgdq8QxpbMiLr-VfFQ?e=WYqBIk\" target=\"_blank\" rel=\"noopener\"><img loading=\"lazy\" decoding=\"async\" class=\"alignnone wp-image-13595\" src=\"https:\/\/educharlevoix.ca\/cse\/wp-content\/uploads\/2021\/03\/3592870-brochure-document-menu-note-office-page-papers_107750-300x300.png\" alt=\"\" width=\"34\" height=\"34\" srcset=\"https:\/\/educharlevoix.ca\/cse\/wp-content\/uploads\/2021\/03\/3592870-brochure-document-menu-note-office-page-papers_107750-300x300.png 300w, https:\/\/educharlevoix.ca\/cse\/wp-content\/uploads\/2021\/03\/3592870-brochure-document-menu-note-office-page-papers_107750-150x150.png 150w, https:\/\/educharlevoix.ca\/cse\/wp-content\/uploads\/2021\/03\/3592870-brochure-document-menu-note-office-page-papers_107750.png 512w\" sizes=\"auto, (max-width: 34px) 100vw, 34px\" \/><\/a><\/td>\n<td>\n<h3><a href=\"https:\/\/cscharlevoix.sharepoint.com\/:f:\/s\/UniverssocialPrimaire\/Er9wNp9YrMlOudbxUreXm2sBiyISwgdq8QxpbMiLr-VfFQ?e=WYqBIk\" target=\"_blank\" rel=\"noopener\">Op\u00e9rations intellectuelles<\/a><\/h3>\n<\/td>\n<\/tr>\n<tr>\n<td style=\"text-align: center; vertical-align: middle;\"><a href=\"https:\/\/cscharlevoix.sharepoint.com\/:f:\/s\/UniverssocialPrimaire\/EiPhigS_z_FBrGpRKeW32OMBJtszPKCq6RlZlnofHCVLow?e=gUEFjl\" target=\"_blank\" rel=\"noopener\"><img loading=\"lazy\" decoding=\"async\" class=\"alignnone wp-image-13596\" src=\"https:\/\/educharlevoix.ca\/cse\/wp-content\/uploads\/2021\/03\/4288583documentfileresearchresumesearch-115773_115740-300x300.png\" alt=\"\" width=\"41\" height=\"41\" srcset=\"https:\/\/educharlevoix.ca\/cse\/wp-content\/uploads\/2021\/03\/4288583documentfileresearchresumesearch-115773_115740-300x300.png 300w, https:\/\/educharlevoix.ca\/cse\/wp-content\/uploads\/2021\/03\/4288583documentfileresearchresumesearch-115773_115740-150x150.png 150w, https:\/\/educharlevoix.ca\/cse\/wp-content\/uploads\/2021\/03\/4288583documentfileresearchresumesearch-115773_115740.png 512w\" sizes=\"auto, (max-width: 41px) 100vw, 41px\" \/><\/a><\/td>\n<td>\n<h3><a href=\"https:\/\/cscharlevoix.sharepoint.com\/:f:\/s\/UniverssocialPrimaire\/EiPhigS_z_FBrGpRKeW32OMBJtszPKCq6RlZlnofHCVLow?e=gUEFjl\" target=\"_blank\" rel=\"noopener\">Dossiers documentaires<\/a><\/h3>\n<\/td>\n<\/tr>\n<tr>\n<td style=\"text-align: center; vertical-align: middle;\"><a href=\"https:\/\/cscharlevoix.sharepoint.com\/:p:\/s\/UniverssocialPrimaire\/ESCQKOHDBZpGhXVIHq1-_VkB7bCYAwdHPuCY8f7KZuE2lg?e=hXoF5T\" target=\"_blank\" rel=\"noopener\"><img loading=\"lazy\" decoding=\"async\" class=\"alignnone wp-image-13598\" src=\"https:\/\/educharlevoix.ca\/cse\/wp-content\/uploads\/2021\/03\/ipad_tablet_apple_icon_134059-300x300.png\" alt=\"\" width=\"38\" height=\"38\" srcset=\"https:\/\/educharlevoix.ca\/cse\/wp-content\/uploads\/2021\/03\/ipad_tablet_apple_icon_134059-300x300.png 300w, https:\/\/educharlevoix.ca\/cse\/wp-content\/uploads\/2021\/03\/ipad_tablet_apple_icon_134059-150x150.png 150w, https:\/\/educharlevoix.ca\/cse\/wp-content\/uploads\/2021\/03\/ipad_tablet_apple_icon_134059.png 512w\" sizes=\"auto, (max-width: 38px) 100vw, 38px\" \/><\/a><\/td>\n<td>\n<h3><a href=\"https:\/\/cscharlevoix.sharepoint.com\/:p:\/s\/UniverssocialPrimaire\/ESCQKOHDBZpGhXVIHq1-_VkB7bCYAwdHPuCY8f7KZuE2lg?e=hXoF5T\" target=\"_blank\" rel=\"noopener\">Applications iPad: CSS des D\u00e9couvreurs<\/a><\/h3>\n<\/td>\n<\/tr>\n<tr>\n<td style=\"text-align: center; vertical-align: middle;\"><a href=\"https:\/\/cscharlevoix.sharepoint.com\/:b:\/s\/UniverssocialPrimaire\/EboniGQEEttCmovldLjyK8sB6P7HqBI1y8cxf8XoEHVh1g?e=F5Ay51\" target=\"_blank\" rel=\"noopener\"><img loading=\"lazy\" decoding=\"async\" class=\"alignnone wp-image-13599\" src=\"https:\/\/educharlevoix.ca\/cse\/wp-content\/uploads\/2021\/03\/hand_wash_technique_health_quarantine_sars_covid_coronavirus_icon_142280-300x300.png\" alt=\"\" width=\"37\" height=\"37\" srcset=\"https:\/\/educharlevoix.ca\/cse\/wp-content\/uploads\/2021\/03\/hand_wash_technique_health_quarantine_sars_covid_coronavirus_icon_142280-300x300.png 300w, https:\/\/educharlevoix.ca\/cse\/wp-content\/uploads\/2021\/03\/hand_wash_technique_health_quarantine_sars_covid_coronavirus_icon_142280-150x150.png 150w, https:\/\/educharlevoix.ca\/cse\/wp-content\/uploads\/2021\/03\/hand_wash_technique_health_quarantine_sars_covid_coronavirus_icon_142280.png 512w\" sizes=\"auto, (max-width: 37px) 100vw, 37px\" \/><\/a><\/td>\n<td>\n<h3><a href=\"https:\/\/cscharlevoix.sharepoint.com\/:b:\/s\/UniverssocialPrimaire\/EboniGQEEttCmovldLjyK8sB6P7HqBI1y8cxf8XoEHVh1g?e=F5Ay51\" target=\"_blank\" rel=\"noopener\">Les techniques g\u00e9ographiques<\/a><\/h3>\n<\/td>\n<\/tr>\n<\/tbody>\n<\/table>\n","protected":false},"excerpt":{"rendered":"<p>Voici diff\u00e9rents outils pouvant vous aider dans l&rsquo;univers social au primaire. Cliquez sur les ic\u00f4nes ou les titres pour acc\u00e9der au contenu \u00e0 consulter. Mat\u00e9riel pour le 1er cycle du primaire Napperons pour le 2e cycle du primaire: Annie Lemaire &hellip; <\/p>\n","protected":false},"author":7,"featured_media":0,"parent":0,"menu_order":0,"comment_status":"closed","ping_status":"closed","template":"","meta":{"cybocfi_hide_featured_image":"","footnotes":""},"categories":[],"tags":[],"class_list":["post-13593","page","type-page","status-publish","hentry"],"_links":{"self":[{"href":"https:\/\/educharlevoix.ca\/cse\/wp-json\/wp\/v2\/pages\/13593","targetHints":{"allow":["GET"]}}],"collection":[{"href":"https:\/\/educharlevoix.ca\/cse\/wp-json\/wp\/v2\/pages"}],"about":[{"href":"https:\/\/educharlevoix.ca\/cse\/wp-json\/wp\/v2\/types\/page"}],"author":[{"embeddable":true,"href":"https:\/\/educharlevoix.ca\/cse\/wp-json\/wp\/v2\/users\/7"}],"replies":[{"embeddable":true,"href":"https:\/\/educharlevoix.ca\/cse\/wp-json\/wp\/v2\/comments?post=13593"}],"version-history":[{"count":3,"href":"https:\/\/educharlevoix.ca\/cse\/wp-json\/wp\/v2\/pages\/13593\/revisions"}],"predecessor-version":[{"id":14965,"href":"https:\/\/educharlevoix.ca\/cse\/wp-json\/wp\/v2\/pages\/13593\/revisions\/14965"}],"wp:attachment":[{"href":"https:\/\/educharlevoix.ca\/cse\/wp-json\/wp\/v2\/media?parent=13593"}],"wp:term":[{"taxonomy":"category","embeddable":true,"href":"https:\/\/educharlevoix.ca\/cse\/wp-json\/wp\/v2\/categories?post=13593"},{"taxonomy":"post_tag","embeddable":true,"href":"https:\/\/educharlevoix.ca\/cse\/wp-json\/wp\/v2\/tags?post=13593"}],"curies":[{"name":"wp","href":"https:\/\/api.w.org\/{rel}","templated":true}]}}