{"id":13604,"date":"2021-03-30T15:28:53","date_gmt":"2021-03-30T19:28:53","guid":{"rendered":"https:\/\/educharlevoix.ca\/cse\/?page_id=13604"},"modified":"2023-09-20T14:24:17","modified_gmt":"2023-09-20T18:24:17","slug":"deficience-visuelle","status":"publish","type":"page","link":"https:\/\/educharlevoix.ca\/cse\/deficience-visuelle\/","title":{"rendered":"D\u00e9ficience visuelle"},"content":{"rendered":"<h3><\/h3>\n<table>\n<tbody>\n<tr>\n<td style=\"text-align: center; vertical-align: middle;\">\n<h2><a href=\"https:\/\/cscharlevoix.sharepoint.com\/:f:\/s\/serviceseducatifs\/Er_CxP9XWDpAko6Lo8nXP8MB6XBG5Nc1GIZ9Kr__TAHRXg?e=4eW7bl\" target=\"_blank\" rel=\"noopener\"><img loading=\"lazy\" decoding=\"async\" class=\"wp-image-13596 aligncenter\" src=\"https:\/\/educharlevoix.ca\/cse\/wp-content\/uploads\/2021\/03\/4288583documentfileresearchresumesearch-115773_115740-300x300.png\" alt=\"\" width=\"38\" height=\"38\" srcset=\"https:\/\/educharlevoix.ca\/cse\/wp-content\/uploads\/2021\/03\/4288583documentfileresearchresumesearch-115773_115740-300x300.png 300w, https:\/\/educharlevoix.ca\/cse\/wp-content\/uploads\/2021\/03\/4288583documentfileresearchresumesearch-115773_115740-150x150.png 150w, https:\/\/educharlevoix.ca\/cse\/wp-content\/uploads\/2021\/03\/4288583documentfileresearchresumesearch-115773_115740.png 512w\" sizes=\"auto, (max-width: 38px) 100vw, 38px\" \/><\/a><\/h2>\n<\/td>\n<td>\n<h2><a href=\"https:\/\/cscharlevoix.sharepoint.com\/:f:\/s\/serviceseducatifs\/Er_CxP9XWDpAko6Lo8nXP8MB6XBG5Nc1GIZ9Kr__TAHRXg?e=4eW7bl\" target=\"_blank\" rel=\"noopener\">Documents de r\u00e9f\u00e9rence en d\u00e9ficience visuelle<\/a><\/h2>\n<\/td>\n<\/tr>\n<tr>\n<td style=\"text-align: center; vertical-align: middle;\">\n<h2><a href=\"https:\/\/cscharlevoix.sharepoint.com\/:f:\/s\/serviceseducatifs\/Epd-Tj_wdJ1Dl8tNUm1pg94BNML0LeU1j8Zm4vIRsgnpjQ?e=0dlD8f\" target=\"_blank\" rel=\"noopener\"><img loading=\"lazy\" decoding=\"async\" class=\"wp-image-13605 aligncenter\" src=\"https:\/\/educharlevoix.ca\/cse\/wp-content\/uploads\/2021\/03\/11_104884-300x300.png\" alt=\"\" width=\"37\" height=\"37\" srcset=\"https:\/\/educharlevoix.ca\/cse\/wp-content\/uploads\/2021\/03\/11_104884-300x300.png 300w, https:\/\/educharlevoix.ca\/cse\/wp-content\/uploads\/2021\/03\/11_104884-150x150.png 150w, https:\/\/educharlevoix.ca\/cse\/wp-content\/uploads\/2021\/03\/11_104884.png 512w\" sizes=\"auto, (max-width: 37px) 100vw, 37px\" \/><\/a><\/h2>\n<\/td>\n<td>\n<h2><a href=\"https:\/\/cscharlevoix.sharepoint.com\/:f:\/s\/serviceseducatifs\/Epd-Tj_wdJ1Dl8tNUm1pg94BNML0LeU1j8Zm4vIRsgnpjQ?e=0dlD8f\" target=\"_blank\" rel=\"noopener\">Observations<\/a><\/h2>\n<\/td>\n<\/tr>\n<tr>\n<td style=\"text-align: center; vertical-align: middle;\">\n<h2><a href=\"https:\/\/cscharlevoix.sharepoint.com\/:f:\/s\/serviceseducatifs\/EjK_Gt2mwrxKpos2U-SgomIBr5peku5rkYqFkUPDGNygTg?e=KBhLYX\" target=\"_blank\" rel=\"noopener\"><img loading=\"lazy\" decoding=\"async\" class=\"wp-image-13606 aligncenter\" src=\"https:\/\/educharlevoix.ca\/cse\/wp-content\/uploads\/2021\/03\/12088palmsuptogetherlightskintone_111478-300x300.png\" alt=\"\" width=\"38\" height=\"38\" srcset=\"https:\/\/educharlevoix.ca\/cse\/wp-content\/uploads\/2021\/03\/12088palmsuptogetherlightskintone_111478-300x300.png 300w, https:\/\/educharlevoix.ca\/cse\/wp-content\/uploads\/2021\/03\/12088palmsuptogetherlightskintone_111478-150x150.png 150w, https:\/\/educharlevoix.ca\/cse\/wp-content\/uploads\/2021\/03\/12088palmsuptogetherlightskintone_111478.png 512w\" sizes=\"auto, (max-width: 38px) 100vw, 38px\" \/><\/a><\/h2>\n<\/td>\n<td>\n<h2><a href=\"https:\/\/cscharlevoix.sharepoint.com\/:f:\/s\/serviceseducatifs\/EjK_Gt2mwrxKpos2U-SgomIBr5peku5rkYqFkUPDGNygTg?e=KBhLYX\" target=\"_blank\" rel=\"noopener\">Accompagnement dans les milieux<\/a><\/h2>\n<\/td>\n<\/tr>\n<tr>\n<td style=\"text-align: center; vertical-align: middle;\">\n<h2><a href=\"https:\/\/cscharlevoix.sharepoint.com\/:f:\/s\/serviceseducatifs\/Eh3w98PIoedLiRAjtczGnPEBtx8AXy3FkaQ0kitECWqCiQ?e=jTnwOl\" target=\"_blank\" rel=\"noopener\"><img loading=\"lazy\" decoding=\"async\" class=\"wp-image-13607 aligncenter\" src=\"https:\/\/educharlevoix.ca\/cse\/wp-content\/uploads\/2021\/03\/miscellaneousequipment_safety_246.png\" alt=\"\" width=\"32\" height=\"32\" srcset=\"https:\/\/educharlevoix.ca\/cse\/wp-content\/uploads\/2021\/03\/miscellaneousequipment_safety_246.png 256w, https:\/\/educharlevoix.ca\/cse\/wp-content\/uploads\/2021\/03\/miscellaneousequipment_safety_246-150x150.png 150w\" sizes=\"auto, (max-width: 32px) 100vw, 32px\" \/><\/a><\/h2>\n<\/td>\n<td>\n<h2><a href=\"https:\/\/cscharlevoix.sharepoint.com\/:f:\/s\/serviceseducatifs\/Eh3w98PIoedLiRAjtczGnPEBtx8AXy3FkaQ0kitECWqCiQ?e=jTnwOl\" target=\"_blank\" rel=\"noopener\">Divers<\/a><\/h2>\n<\/td>\n<\/tr>\n<tr>\n<td style=\"text-align: center; vertical-align: middle;\">\n<h2><a href=\"https:\/\/cscharlevoix.sharepoint.com\/:f:\/s\/serviceseducatifs\/EhoxVoO4H9FIu5p0nPawEzsBSo-qS12yhx3_jXYa0waV-g?e=RTHlYO\" target=\"_blank\" rel=\"noopener\"><img loading=\"lazy\" decoding=\"async\" class=\"wp-image-13608 aligncenter\" src=\"https:\/\/educharlevoix.ca\/cse\/wp-content\/uploads\/2021\/03\/Captureyh.png\" alt=\"\" width=\"52\" height=\"32\" \/><\/a><\/h2>\n<\/td>\n<td>\n<h2><a href=\"https:\/\/cscharlevoix.sharepoint.com\/:f:\/s\/serviceseducatifs\/EhoxVoO4H9FIu5p0nPawEzsBSo-qS12yhx3_jXYa0waV-g?e=RTHlYO\" target=\"_blank\" rel=\"noopener\">Informations du site internet supradv.ca<\/a><\/h2>\n<\/td>\n<\/tr>\n<tr>\n<td style=\"text-align: center; vertical-align: middle;\">\n<h2><a href=\"https:\/\/cscharlevoix.sharepoint.com\/:f:\/s\/serviceseducatifs\/EnGm1aN7yv1FmxLvsBnsf9oBLF9bffnfQxyPWXqSsaUVJg?e=UMSnlO\" target=\"_blank\" rel=\"noopener\"><img loading=\"lazy\" decoding=\"async\" class=\"wp-image-13609 aligncenter\" src=\"https:\/\/educharlevoix.ca\/cse\/wp-content\/uploads\/2021\/03\/4288593creativejigsawspiecesplanningpuzzlestrategy-115763_115750-300x300.png\" alt=\"\" width=\"40\" height=\"39\" srcset=\"https:\/\/educharlevoix.ca\/cse\/wp-content\/uploads\/2021\/03\/4288593creativejigsawspiecesplanningpuzzlestrategy-115763_115750-300x300.png 300w, https:\/\/educharlevoix.ca\/cse\/wp-content\/uploads\/2021\/03\/4288593creativejigsawspiecesplanningpuzzlestrategy-115763_115750-150x150.png 150w, https:\/\/educharlevoix.ca\/cse\/wp-content\/uploads\/2021\/03\/4288593creativejigsawspiecesplanningpuzzlestrategy-115763_115750.png 512w\" sizes=\"auto, (max-width: 40px) 100vw, 40px\" \/><\/a><\/h2>\n<\/td>\n<td>\n<h2><a href=\"https:\/\/cscharlevoix.sharepoint.com\/:f:\/s\/serviceseducatifs\/EnGm1aN7yv1FmxLvsBnsf9oBLF9bffnfQxyPWXqSsaUVJg?e=UMSnlO\" target=\"_blank\" rel=\"noopener\">Difficult\u00e9s\u00a0visuelles et\u00a0strat\u00e9gies d&rsquo;adaptation<\/a><\/h2>\n<\/td>\n<\/tr>\n<\/tbody>\n<\/table>\n<p>&nbsp;<\/p>\n","protected":false},"excerpt":{"rendered":"<p>Documents de r\u00e9f\u00e9rence en d\u00e9ficience visuelle Observations Accompagnement dans les milieux Divers Informations du site internet supradv.ca Difficult\u00e9s\u00a0visuelles et\u00a0strat\u00e9gies d&rsquo;adaptation &nbsp;<\/p>\n","protected":false},"author":7,"featured_media":0,"parent":0,"menu_order":0,"comment_status":"closed","ping_status":"closed","template":"","meta":{"cybocfi_hide_featured_image":"","footnotes":""},"categories":[],"tags":[],"class_list":["post-13604","page","type-page","status-publish","hentry"],"_links":{"self":[{"href":"https:\/\/educharlevoix.ca\/cse\/wp-json\/wp\/v2\/pages\/13604","targetHints":{"allow":["GET"]}}],"collection":[{"href":"https:\/\/educharlevoix.ca\/cse\/wp-json\/wp\/v2\/pages"}],"about":[{"href":"https:\/\/educharlevoix.ca\/cse\/wp-json\/wp\/v2\/types\/page"}],"author":[{"embeddable":true,"href":"https:\/\/educharlevoix.ca\/cse\/wp-json\/wp\/v2\/users\/7"}],"replies":[{"embeddable":true,"href":"https:\/\/educharlevoix.ca\/cse\/wp-json\/wp\/v2\/comments?post=13604"}],"version-history":[{"count":3,"href":"https:\/\/educharlevoix.ca\/cse\/wp-json\/wp\/v2\/pages\/13604\/revisions"}],"predecessor-version":[{"id":15809,"href":"https:\/\/educharlevoix.ca\/cse\/wp-json\/wp\/v2\/pages\/13604\/revisions\/15809"}],"wp:attachment":[{"href":"https:\/\/educharlevoix.ca\/cse\/wp-json\/wp\/v2\/media?parent=13604"}],"wp:term":[{"taxonomy":"category","embeddable":true,"href":"https:\/\/educharlevoix.ca\/cse\/wp-json\/wp\/v2\/categories?post=13604"},{"taxonomy":"post_tag","embeddable":true,"href":"https:\/\/educharlevoix.ca\/cse\/wp-json\/wp\/v2\/tags?post=13604"}],"curies":[{"name":"wp","href":"https:\/\/api.w.org\/{rel}","templated":true}]}}