{"id":13622,"date":"2021-03-30T15:48:40","date_gmt":"2021-03-30T19:48:40","guid":{"rendered":"https:\/\/educharlevoix.ca\/cse\/?page_id=13622"},"modified":"2023-09-20T14:19:38","modified_gmt":"2023-09-20T18:19:38","slug":"tsa","status":"publish","type":"page","link":"https:\/\/educharlevoix.ca\/cse\/tsa\/","title":{"rendered":"Trouble du spectre de l&rsquo;autisme"},"content":{"rendered":"<h3><\/h3>\n<table>\n<tbody>\n<tr>\n<td style=\"text-align: center; vertical-align: middle;\">\n<h2><a href=\"https:\/\/cscharlevoix.sharepoint.com\/:f:\/s\/serviceseducatifs\/EnNSZuqmWIxChkyG7KqjXnUBz00Ir9AbuzZ6UHZusPIDEg?e=WNRAjI\" target=\"_blank\" rel=\"noopener\"><img loading=\"lazy\" decoding=\"async\" class=\"wp-image-13618 aligncenter\" src=\"https:\/\/educharlevoix.ca\/cse\/wp-content\/uploads\/2021\/03\/high-five-black-hand-silhouette_icon-icons.com_64346-300x300.png\" alt=\"\" width=\"38\" height=\"38\" srcset=\"https:\/\/educharlevoix.ca\/cse\/wp-content\/uploads\/2021\/03\/high-five-black-hand-silhouette_icon-icons.com_64346-300x300.png 300w, https:\/\/educharlevoix.ca\/cse\/wp-content\/uploads\/2021\/03\/high-five-black-hand-silhouette_icon-icons.com_64346-150x150.png 150w, https:\/\/educharlevoix.ca\/cse\/wp-content\/uploads\/2021\/03\/high-five-black-hand-silhouette_icon-icons.com_64346.png 512w\" sizes=\"auto, (max-width: 38px) 100vw, 38px\" \/><\/a><\/h2>\n<\/td>\n<td>\n<h2><a href=\"https:\/\/cscharlevoix.sharepoint.com\/:f:\/s\/serviceseducatifs\/EnNSZuqmWIxChkyG7KqjXnUBz00Ir9AbuzZ6UHZusPIDEg?e=WNRAjI\" target=\"_blank\" rel=\"noopener\">Pictogrammes<\/a><\/h2>\n<\/td>\n<\/tr>\n<tr>\n<td style=\"text-align: center;\">\n<h2><a href=\"https:\/\/cscharlevoix.sharepoint.com\/:f:\/s\/serviceseducatifs\/EgatQ2Nh_WpBkk5m1sT7CSMB_22YwM9rLrc5UY49At4kKQ?e=ybZYjl\" target=\"_blank\" rel=\"noopener\"><img loading=\"lazy\" decoding=\"async\" class=\"wp-image-13780 aligncenter\" src=\"https:\/\/educharlevoix.ca\/cse\/wp-content\/uploads\/2021\/08\/noun_Keyword-engine_2223088-e1628862118747-300x259.png\" alt=\"\" width=\"51\" height=\"44\" srcset=\"https:\/\/educharlevoix.ca\/cse\/wp-content\/uploads\/2021\/08\/noun_Keyword-engine_2223088-e1628862118747-300x259.png 300w, https:\/\/educharlevoix.ca\/cse\/wp-content\/uploads\/2021\/08\/noun_Keyword-engine_2223088-e1628862118747.png 696w\" sizes=\"auto, (max-width: 51px) 100vw, 51px\" \/><\/a><\/h2>\n<\/td>\n<td>\n<h2><a href=\"https:\/\/cscharlevoix.sharepoint.com\/:f:\/s\/serviceseducatifs\/EgatQ2Nh_WpBkk5m1sT7CSMB_22YwM9rLrc5UY49At4kKQ?e=ybZYjl\" target=\"_blank\" rel=\"noopener\">D\u00e9marche d&rsquo;observation et d&rsquo;analyse<\/a><\/h2>\n<\/td>\n<\/tr>\n<tr>\n<td style=\"text-align: center;\">\n<h2><a href=\"https:\/\/cscharlevoix.sharepoint.com\/:f:\/s\/serviceseducatifs\/EpXxB-ZcDjRPk7nP8GcIeLoB-T_X4t-eBkPWjJHTSvw2vQ?e=zVctkQ\" target=\"_blank\" rel=\"noopener\"><img loading=\"lazy\" decoding=\"async\" class=\"wp-image-14025 aligncenter\" src=\"https:\/\/educharlevoix.ca\/cse\/wp-content\/uploads\/2021\/10\/Capture-de\u0301cran-le-2021-10-26-a\u0300-11.43.55-300x283.png\" alt=\"\" width=\"75\" height=\"71\" srcset=\"https:\/\/educharlevoix.ca\/cse\/wp-content\/uploads\/2021\/10\/Capture-de\u0301cran-le-2021-10-26-a\u0300-11.43.55-300x283.png 300w, https:\/\/educharlevoix.ca\/cse\/wp-content\/uploads\/2021\/10\/Capture-de\u0301cran-le-2021-10-26-a\u0300-11.43.55.png 373w\" sizes=\"auto, (max-width: 75px) 100vw, 75px\" \/><\/a><\/h2>\n<\/td>\n<td>\n<h2><a href=\"https:\/\/cscharlevoix.sharepoint.com\/:f:\/s\/serviceseducatifs\/EpXxB-ZcDjRPk7nP8GcIeLoB-T_X4t-eBkPWjJHTSvw2vQ?e=zVctkQ\" target=\"_blank\" rel=\"noopener\">R\u00e9f\u00e9rentiel de strat\u00e9gies d&rsquo;intervention<\/a><\/h2>\n<\/td>\n<\/tr>\n<\/tbody>\n<\/table>\n<p>&nbsp;<\/p>\n","protected":false},"excerpt":{"rendered":"<p>Pictogrammes D\u00e9marche d&rsquo;observation et d&rsquo;analyse R\u00e9f\u00e9rentiel de strat\u00e9gies d&rsquo;intervention &nbsp;<\/p>\n","protected":false},"author":7,"featured_media":0,"parent":0,"menu_order":0,"comment_status":"closed","ping_status":"closed","template":"","meta":{"cybocfi_hide_featured_image":"","footnotes":""},"categories":[4],"tags":[],"class_list":["post-13622","page","type-page","status-publish","hentry","category-trouble-du-spectre-de-lautisme"],"_links":{"self":[{"href":"https:\/\/educharlevoix.ca\/cse\/wp-json\/wp\/v2\/pages\/13622","targetHints":{"allow":["GET"]}}],"collection":[{"href":"https:\/\/educharlevoix.ca\/cse\/wp-json\/wp\/v2\/pages"}],"about":[{"href":"https:\/\/educharlevoix.ca\/cse\/wp-json\/wp\/v2\/types\/page"}],"author":[{"embeddable":true,"href":"https:\/\/educharlevoix.ca\/cse\/wp-json\/wp\/v2\/users\/7"}],"replies":[{"embeddable":true,"href":"https:\/\/educharlevoix.ca\/cse\/wp-json\/wp\/v2\/comments?post=13622"}],"version-history":[{"count":2,"href":"https:\/\/educharlevoix.ca\/cse\/wp-json\/wp\/v2\/pages\/13622\/revisions"}],"predecessor-version":[{"id":15805,"href":"https:\/\/educharlevoix.ca\/cse\/wp-json\/wp\/v2\/pages\/13622\/revisions\/15805"}],"wp:attachment":[{"href":"https:\/\/educharlevoix.ca\/cse\/wp-json\/wp\/v2\/media?parent=13622"}],"wp:term":[{"taxonomy":"category","embeddable":true,"href":"https:\/\/educharlevoix.ca\/cse\/wp-json\/wp\/v2\/categories?post=13622"},{"taxonomy":"post_tag","embeddable":true,"href":"https:\/\/educharlevoix.ca\/cse\/wp-json\/wp\/v2\/tags?post=13622"}],"curies":[{"name":"wp","href":"https:\/\/api.w.org\/{rel}","templated":true}]}}