{"id":13625,"date":"2021-03-30T16:08:42","date_gmt":"2021-03-30T20:08:42","guid":{"rendered":"https:\/\/educharlevoix.ca\/cse\/?page_id=13625"},"modified":"2025-11-14T09:31:28","modified_gmt":"2025-11-14T14:31:28","slug":"education-a-la-sexualite","status":"publish","type":"page","link":"https:\/\/educharlevoix.ca\/cse\/education-a-la-sexualite\/","title":{"rendered":"\u00c9ducation \u00e0 la sexualit\u00e9"},"content":{"rendered":"<h3><img loading=\"lazy\" decoding=\"async\" class=\"alignnone wp-image-13745\" src=\"https:\/\/educharlevoix.ca\/cse\/wp-content\/uploads\/2021\/06\/click_icon_155646-300x300.png\" alt=\"curseur d'ordinateur\" width=\"63\" height=\"63\" srcset=\"https:\/\/educharlevoix.ca\/cse\/wp-content\/uploads\/2021\/06\/click_icon_155646-300x300.png 300w, https:\/\/educharlevoix.ca\/cse\/wp-content\/uploads\/2021\/06\/click_icon_155646-150x150.png 150w, https:\/\/educharlevoix.ca\/cse\/wp-content\/uploads\/2021\/06\/click_icon_155646.png 512w\" sizes=\"auto, (max-width: 63px) 100vw, 63px\" \/>Cliquez sur l&rsquo;ic\u00f4ne ou sur le titre pour acc\u00e9der au contenu.<\/h3>\n<table>\n<tbody>\n<tr>\n<td style=\"text-align: center; vertical-align: middle;\"><img loading=\"lazy\" decoding=\"async\" class=\"alignnone size-medium wp-image-14106\" src=\"https:\/\/educharlevoix.ca\/cse\/wp-content\/uploads\/2021\/11\/Logo_du_le_gouvernement_du_Que\u0301bec.svg\" alt=\"\" width=\"1\" height=\"1\" \/><a href=\"http:\/\/www.education.gouv.qc.ca\/parents-et-tuteurs\/education-a-la-sexualite\/\" target=\"_blank\" rel=\"noopener\"><img loading=\"lazy\" decoding=\"async\" class=\"alignnone wp-image-14107\" src=\"https:\/\/educharlevoix.ca\/cse\/wp-content\/uploads\/2021\/11\/quebec-300x90.jpeg\" alt=\"\" width=\"137\" height=\"41\" srcset=\"https:\/\/educharlevoix.ca\/cse\/wp-content\/uploads\/2021\/11\/quebec-300x90.jpeg 300w, https:\/\/educharlevoix.ca\/cse\/wp-content\/uploads\/2021\/11\/quebec.jpeg 561w\" sizes=\"auto, (max-width: 137px) 100vw, 137px\" \/><\/a><\/td>\n<td>\n<h3><a href=\"https:\/\/www.quebec.ca\/education\/prescolaire-primaire-et-secondaire\/programmes-formations-evaluation\/education-sexualite\" target=\"_blank\" rel=\"noopener\">Ressources et tableau-synth\u00e8se des contenus<\/a><\/h3>\n<\/td>\n<\/tr>\n<tr>\n<td style=\"text-align: center; vertical-align: middle;\"><a href=\"https:\/\/www.buzzsprout.com\/1881696\" target=\"_blank\" rel=\"noopener\"><img loading=\"lazy\" decoding=\"async\" class=\"aligncenter\" src=\"https:\/\/www.buzzsprout.com\/rails\/active_storage\/representations\/redirect\/eyJfcmFpbHMiOnsibWVzc2FnZSI6IkJBaHBCSExxc0FJPSIsImV4cCI6bnVsbCwicHVyIjoiYmxvYl9pZCJ9fQ==--b69b52352327f62fe3318e354e94edeeb61096b9\/eyJfcmFpbHMiOnsibWVzc2FnZSI6IkJBaDdDem9MWm05eWJXRjBTU0lKYW5CbFp3WTZCa1ZVT2d0eVpYTnBlbVZKSWcwMk1EQjROakF3WGdZN0JsUTZER2R5WVhacGRIbEpJZ3RqWlc1MFpYSUdPd1pVT2d0bGVIUmxiblJKSWd3Mk1EQjROakF3QmpzR1ZEb01jWFZoYkdsMGVXbFZPZzlqYjJ4dmNuTndZV05sU1NJSmMxSkhRZ1k3QmxRPSIsImV4cCI6bnVsbCwicHVyIjoidmFyaWF0aW9uIn19--25250704e399b7eace9a4c2dfeb0ef445eea7c20\/image0.jpeg\" alt=\"\u00c9veil Podcast Artwork Image\" width=\"59\" height=\"59\" \/><\/a><\/td>\n<td>\n<h3><a href=\"https:\/\/www.buzzsprout.com\/1881696\" target=\"_blank\" rel=\"noopener\">Balado &#8211; \u00c9veil (6 ans \u00e0 12 ans)<\/a><\/h3>\n<\/td>\n<\/tr>\n<tr>\n<td style=\"text-align: center; vertical-align: middle;\"><a href=\"https:\/\/cscharlevoix.sharepoint.com\/:f:\/s\/serviceseducatifs\/EvzwZVLW9XBJqd9t896a1DAB5Cgb4poUabKPPk5j-vkACQ?e=SaCWid\" target=\"_blank\" rel=\"noopener\"><img loading=\"lazy\" decoding=\"async\" class=\"alignnone wp-image-13559\" src=\"https:\/\/educharlevoix.ca\/cse\/wp-content\/uploads\/2021\/03\/documents_folder_18875-300x300.png\" alt=\"\" width=\"55\" height=\"55\" srcset=\"https:\/\/educharlevoix.ca\/cse\/wp-content\/uploads\/2021\/03\/documents_folder_18875-300x300.png 300w, https:\/\/educharlevoix.ca\/cse\/wp-content\/uploads\/2021\/03\/documents_folder_18875-150x150.png 150w, https:\/\/educharlevoix.ca\/cse\/wp-content\/uploads\/2021\/03\/documents_folder_18875.png 512w\" sizes=\"auto, (max-width: 55px) 100vw, 55px\" \/><\/a><\/td>\n<td>\n<h3><a href=\"https:\/\/cscharlevoix.sharepoint.com\/:f:\/s\/serviceseducatifs\/EvzwZVLW9XBJqd9t896a1DAB5Cgb4poUabKPPk5j-vkACQ?e=SaCWid\" target=\"_blank\" rel=\"noopener\">Canevas p\u00e9dagogiques &#8211; Primaire<\/a><\/h3>\n<\/td>\n<\/tr>\n<tr>\n<td style=\"text-align: center; vertical-align: middle;\"><a href=\"https:\/\/cscharlevoix.sharepoint.com\/:f:\/s\/serviceseducatifs\/EmYNFEtrR6RKsyJXysCArDgB296bxtyroaMsbn6pbpsqUw?e=bgcaTs\" target=\"_blank\" rel=\"noopener\"><img loading=\"lazy\" decoding=\"async\" class=\"alignnone wp-image-13559\" src=\"https:\/\/educharlevoix.ca\/cse\/wp-content\/uploads\/2021\/03\/documents_folder_18875-300x300.png\" alt=\"\" width=\"55\" height=\"55\" srcset=\"https:\/\/educharlevoix.ca\/cse\/wp-content\/uploads\/2021\/03\/documents_folder_18875-300x300.png 300w, https:\/\/educharlevoix.ca\/cse\/wp-content\/uploads\/2021\/03\/documents_folder_18875-150x150.png 150w, https:\/\/educharlevoix.ca\/cse\/wp-content\/uploads\/2021\/03\/documents_folder_18875.png 512w\" sizes=\"auto, (max-width: 55px) 100vw, 55px\" \/><\/a><\/td>\n<td>\n<h3><a href=\"https:\/\/cscharlevoix.sharepoint.com\/:f:\/s\/serviceseducatifs\/EmYNFEtrR6RKsyJXysCArDgB296bxtyroaMsbn6pbpsqUw?e=bgcaTs\" target=\"_blank\" rel=\"noopener\">Canevas p\u00e9dagogiques &#8211; Secondaire<\/a><\/h3>\n<\/td>\n<\/tr>\n<tr>\n<td style=\"text-align: center; vertical-align: middle;\"><a href=\"https:\/\/cscharlevoix.sharepoint.com\/:f:\/s\/serviceseducatifs\/ErgC7XTFICtPuVar-2dgxGQBUGxEV2MtCwcwVc2Tsh7Ifg?e=hbw1kL\" target=\"_blank\" rel=\"noopener\"><img loading=\"lazy\" decoding=\"async\" class=\"alignnone wp-image-13941\" src=\"https:\/\/educharlevoix.ca\/cse\/wp-content\/uploads\/2021\/09\/123040-300x300.png\" alt=\"coeur\" width=\"72\" height=\"72\" srcset=\"https:\/\/educharlevoix.ca\/cse\/wp-content\/uploads\/2021\/09\/123040-300x300.png 300w, https:\/\/educharlevoix.ca\/cse\/wp-content\/uploads\/2021\/09\/123040-150x150.png 150w, https:\/\/educharlevoix.ca\/cse\/wp-content\/uploads\/2021\/09\/123040.png 512w\" sizes=\"auto, (max-width: 72px) 100vw, 72px\" \/><\/a><\/td>\n<td>\n<h3><a href=\"https:\/\/cscharlevoix.sharepoint.com\/:f:\/s\/serviceseducatifs\/ErgC7XTFICtPuVar-2dgxGQBUGxEV2MtCwcwVc2Tsh7Ifg?e=hbw1kL\" target=\"_blank\" rel=\"noopener\">Comportements sexualis\u00e9s<\/a><\/h3>\n<\/td>\n<\/tr>\n<tr>\n<td style=\"text-align: center; vertical-align: middle;\"><a href=\"https:\/\/cscharlevoix.sharepoint.com\/:f:\/s\/serviceseducatifs\/EiCCNr5iKVNEjVb4VQortywBJigtS4e1ErcfIU_TzD3jQQ?e=QbQAp1\" target=\"_blank\" rel=\"noopener\"><img loading=\"lazy\" decoding=\"async\" class=\"alignnone wp-image-13939\" src=\"https:\/\/educharlevoix.ca\/cse\/wp-content\/uploads\/2021\/09\/3700479-education-elearning-graduate-learning-presentation-student-training_108763-300x300.png\" alt=\"\" width=\"47\" height=\"47\" srcset=\"https:\/\/educharlevoix.ca\/cse\/wp-content\/uploads\/2021\/09\/3700479-education-elearning-graduate-learning-presentation-student-training_108763-300x300.png 300w, https:\/\/educharlevoix.ca\/cse\/wp-content\/uploads\/2021\/09\/3700479-education-elearning-graduate-learning-presentation-student-training_108763-150x150.png 150w, https:\/\/educharlevoix.ca\/cse\/wp-content\/uploads\/2021\/09\/3700479-education-elearning-graduate-learning-presentation-student-training_108763.png 512w\" sizes=\"auto, (max-width: 47px) 100vw, 47px\" \/><\/a><\/td>\n<td>\n<h3><a href=\"https:\/\/cscharlevoix.sharepoint.com\/:f:\/s\/serviceseducatifs\/EiCCNr5iKVNEjVb4VQortywBJigtS4e1ErcfIU_TzD3jQQ?e=QbQAp1\" target=\"_blank\" rel=\"noopener\">Formations<\/a><\/h3>\n<\/td>\n<\/tr>\n<tr>\n<td style=\"text-align: center; vertical-align: middle;\"><a href=\"https:\/\/cscharlevoix.sharepoint.com\/:f:\/s\/serviceseducatifs\/Ejc0QE1DGNFImNcIUFLpo4IBllL75iTeltO-bswT-mVNqg?e=Uvrg32\" target=\"_blank\" rel=\"noopener\"><img loading=\"lazy\" decoding=\"async\" class=\"alignnone wp-image-13940\" src=\"https:\/\/educharlevoix.ca\/cse\/wp-content\/uploads\/2021\/09\/rainbow_icon_172247-300x300.png\" alt=\"\" width=\"56\" height=\"56\" srcset=\"https:\/\/educharlevoix.ca\/cse\/wp-content\/uploads\/2021\/09\/rainbow_icon_172247-300x300.png 300w, https:\/\/educharlevoix.ca\/cse\/wp-content\/uploads\/2021\/09\/rainbow_icon_172247-150x150.png 150w, https:\/\/educharlevoix.ca\/cse\/wp-content\/uploads\/2021\/09\/rainbow_icon_172247.png 512w\" sizes=\"auto, (max-width: 56px) 100vw, 56px\" \/><\/a><\/td>\n<td>\n<h3><a href=\"https:\/\/cscharlevoix.sharepoint.com\/:f:\/s\/serviceseducatifs\/Ejc0QE1DGNFImNcIUFLpo4IBllL75iTeltO-bswT-mVNqg?e=Uvrg32\" target=\"_blank\" rel=\"noopener\">Guide diversit\u00e9 sexuelle et de genre<\/a><\/h3>\n<\/td>\n<\/tr>\n<tr>\n<td style=\"text-align: center; vertical-align: middle;\"><a href=\"https:\/\/cscharlevoix.sharepoint.com\/:f:\/s\/serviceseducatifs\/Emt34bzF_ClDgnwaodkuh1wBhfNt_7KDdttkpcGMItl-9Q?e=cSWFCg\" target=\"_blank\" rel=\"noopener\"><img loading=\"lazy\" decoding=\"async\" class=\"alignnone wp-image-14064\" src=\"https:\/\/educharlevoix.ca\/cse\/wp-content\/uploads\/2021\/11\/sexologique-300x107.png\" alt=\"\" width=\"123\" height=\"44\" \/><\/a><\/td>\n<td>\n<h3><a href=\"https:\/\/cscharlevoix.sharepoint.com\/:f:\/s\/serviceseducatifs\/Emt34bzF_ClDgnwaodkuh1wBhfNt_7KDdttkpcGMItl-9Q?e=cSWFCg\" target=\"_blank\" rel=\"noopener\">Les classes sexo-logiques (vid\u00e9o)<\/a><\/h3>\n<\/td>\n<\/tr>\n<tr>\n<td style=\"text-align: center; vertical-align: middle;\"><a href=\"https:\/\/cscharlevoix.sharepoint.com\/:f:\/s\/serviceseducatifs\/EvyvI3AG1OxFsJF8hIWdLdsBby167c78oPiTRWkpzeM8sA?e=8I4o9D\" target=\"_blank\" rel=\"noopener\"><img loading=\"lazy\" decoding=\"async\" class=\"alignnone wp-image-13942\" src=\"https:\/\/educharlevoix.ca\/cse\/wp-content\/uploads\/2021\/09\/loupe_78956-300x300.png\" alt=\"\" width=\"46\" height=\"46\" srcset=\"https:\/\/educharlevoix.ca\/cse\/wp-content\/uploads\/2021\/09\/loupe_78956-300x300.png 300w, https:\/\/educharlevoix.ca\/cse\/wp-content\/uploads\/2021\/09\/loupe_78956-150x150.png 150w, https:\/\/educharlevoix.ca\/cse\/wp-content\/uploads\/2021\/09\/loupe_78956.png 512w\" sizes=\"auto, (max-width: 46px) 100vw, 46px\" \/><\/a><\/td>\n<td>\n<h3><a href=\"https:\/\/cscharlevoix.sharepoint.com\/:f:\/s\/serviceseducatifs\/EvyvI3AG1OxFsJF8hIWdLdsBby167c78oPiTRWkpzeM8sA?e=8I4o9D\" target=\"_blank\" rel=\"noopener\">Client\u00e8le ayant des besoins particuliers<\/a><\/h3>\n<\/td>\n<\/tr>\n<tr>\n<td style=\"text-align: center; vertical-align: middle;\"><a href=\"https:\/\/cscharlevoix.sharepoint.com\/:f:\/s\/serviceseducatifs\/EpiM7e_K_dBGrRW_0gcl8JUBYJsu1U5ivCTqHBGWi68tew?e=6YXt4L\" target=\"_blank\" rel=\"noopener\"><img loading=\"lazy\" decoding=\"async\" class=\"alignnone wp-image-13943\" src=\"https:\/\/educharlevoix.ca\/cse\/wp-content\/uploads\/2021\/09\/iconfinder-settings-4341324_120534-300x300.png\" alt=\"\" width=\"53\" height=\"53\" srcset=\"https:\/\/educharlevoix.ca\/cse\/wp-content\/uploads\/2021\/09\/iconfinder-settings-4341324_120534-300x300.png 300w, https:\/\/educharlevoix.ca\/cse\/wp-content\/uploads\/2021\/09\/iconfinder-settings-4341324_120534-150x150.png 150w, https:\/\/educharlevoix.ca\/cse\/wp-content\/uploads\/2021\/09\/iconfinder-settings-4341324_120534.png 512w\" sizes=\"auto, (max-width: 53px) 100vw, 53px\" \/><\/a><\/td>\n<td>\n<h3><a href=\"https:\/\/cscharlevoix.sharepoint.com\/:f:\/s\/serviceseducatifs\/EpiM7e_K_dBGrRW_0gcl8JUBYJsu1U5ivCTqHBGWi68tew?e=6YXt4L\" target=\"_blank\" rel=\"noopener\">Outils intervenant<\/a><\/h3>\n<\/td>\n<\/tr>\n<tr>\n<td style=\"text-align: center; vertical-align: middle;\"><a href=\"https:\/\/padlet.com\/natacha_boulianne\/fxcxp6apfn2p\" target=\"_blank\" rel=\"noopener\"><img loading=\"lazy\" decoding=\"async\" class=\"alignnone wp-image-13642\" src=\"https:\/\/educharlevoix.ca\/cse\/wp-content\/uploads\/2021\/03\/ef1210d4305560b0eb3acf6500d5099c-300x300.png\" alt=\"\" width=\"64\" height=\"64\" srcset=\"https:\/\/educharlevoix.ca\/cse\/wp-content\/uploads\/2021\/03\/ef1210d4305560b0eb3acf6500d5099c-300x300.png 300w, https:\/\/educharlevoix.ca\/cse\/wp-content\/uploads\/2021\/03\/ef1210d4305560b0eb3acf6500d5099c-150x150.png 150w, https:\/\/educharlevoix.ca\/cse\/wp-content\/uploads\/2021\/03\/ef1210d4305560b0eb3acf6500d5099c.png 500w\" sizes=\"auto, (max-width: 64px) 100vw, 64px\" \/><\/a><\/td>\n<td>\n<h3><a href=\"https:\/\/padlet.com\/natacha_boulianne\/fxcxp6apfn2p\" target=\"_blank\" rel=\"noopener\">Padlet de ressources<\/a><\/h3>\n<\/td>\n<\/tr>\n<tr>\n<td style=\"text-align: center; vertical-align: middle;\"><a href=\"https:\/\/padlet.com\/juliesavard1\/swcr844vykioriqj\" target=\"_blank\" rel=\"noopener\"><img loading=\"lazy\" decoding=\"async\" class=\"alignnone wp-image-13642\" src=\"https:\/\/educharlevoix.ca\/cse\/wp-content\/uploads\/2021\/03\/ef1210d4305560b0eb3acf6500d5099c-300x300.png\" alt=\"\" width=\"68\" height=\"68\" srcset=\"https:\/\/educharlevoix.ca\/cse\/wp-content\/uploads\/2021\/03\/ef1210d4305560b0eb3acf6500d5099c-300x300.png 300w, https:\/\/educharlevoix.ca\/cse\/wp-content\/uploads\/2021\/03\/ef1210d4305560b0eb3acf6500d5099c-150x150.png 150w, https:\/\/educharlevoix.ca\/cse\/wp-content\/uploads\/2021\/03\/ef1210d4305560b0eb3acf6500d5099c.png 500w\" sizes=\"auto, (max-width: 68px) 100vw, 68px\" \/><\/a><\/td>\n<td>\n<h3><a href=\"https:\/\/padlet.com\/juliesavard1\/swcr844vykioriqj\" target=\"_blank\" rel=\"noopener\">Padlet de livres disponibles aux Services \u00e9ducatifs<\/a><\/h3>\n<\/td>\n<\/tr>\n<tr>\n<td style=\"text-align: center; vertical-align: middle;\"><a href=\"https:\/\/cscharlevoix.sharepoint.com\/:f:\/s\/serviceseducatifs\/Eu7Hg8a2o_pDp6OaNVVbcXsBs7H_FwGqdEZUcOJRQNAZVw?e=YPx2Wk\" target=\"_blank\" rel=\"noopener\"><img loading=\"lazy\" decoding=\"async\" class=\"alignnone wp-image-13944\" src=\"https:\/\/educharlevoix.ca\/cse\/wp-content\/uploads\/2021\/09\/forms_office_logo_icon_188524-300x300.png\" alt=\"\" width=\"67\" height=\"67\" srcset=\"https:\/\/educharlevoix.ca\/cse\/wp-content\/uploads\/2021\/09\/forms_office_logo_icon_188524-300x300.png 300w, https:\/\/educharlevoix.ca\/cse\/wp-content\/uploads\/2021\/09\/forms_office_logo_icon_188524-150x150.png 150w, https:\/\/educharlevoix.ca\/cse\/wp-content\/uploads\/2021\/09\/forms_office_logo_icon_188524.png 512w\" sizes=\"auto, (max-width: 67px) 100vw, 67px\" \/><\/a><\/td>\n<td>\n<h3><a href=\"https:\/\/cscharlevoix.sharepoint.com\/:f:\/s\/serviceseducatifs\/Eu7Hg8a2o_pDp6OaNVVbcXsBs7H_FwGqdEZUcOJRQNAZVw?e=YPx2Wk\" target=\"_blank\" rel=\"noopener\">Questionnaires num\u00e9riques &#8211; secondaire<\/a><\/h3>\n<\/td>\n<\/tr>\n<tr>\n<td style=\"text-align: center; vertical-align: middle;\"><a href=\"https:\/\/www.pinterest.fr\/biblioscolaire\/sexualit%C3%A9\/\" target=\"_blank\" rel=\"noopener\"><img loading=\"lazy\" decoding=\"async\" class=\"alignnone wp-image-13597\" src=\"https:\/\/educharlevoix.ca\/cse\/wp-content\/uploads\/2021\/03\/62863books_109231-300x300.png\" alt=\"\" width=\"46\" height=\"46\" srcset=\"https:\/\/educharlevoix.ca\/cse\/wp-content\/uploads\/2021\/03\/62863books_109231-300x300.png 300w, https:\/\/educharlevoix.ca\/cse\/wp-content\/uploads\/2021\/03\/62863books_109231-150x150.png 150w, https:\/\/educharlevoix.ca\/cse\/wp-content\/uploads\/2021\/03\/62863books_109231.png 512w\" sizes=\"auto, (max-width: 46px) 100vw, 46px\" \/><\/a><\/td>\n<td>\n<h3><a href=\"https:\/\/www.pinterest.fr\/biblioscolaire\/sexualit%C3%A9\/\" target=\"_blank\" rel=\"noopener\">Livres de la Biblioth\u00e8que scolaire du CSS<\/a><br \/>\nen lien avec l&rsquo;\u00e9ducation \u00e0 la sexualit\u00e9<\/h3>\n<\/td>\n<\/tr>\n<tr>\n<td style=\"text-align: center; vertical-align: middle;\"><a href=\"https:\/\/cscharlevoix.sharepoint.com\/:f:\/s\/serviceseducatifs\/ElJK_KN4iSdCrZ-3m_uQ7WkBAk4GFsck-NkwlSFwZJ_wXw?e=a6YdcW\" target=\"_blank\" rel=\"noopener\"><img loading=\"lazy\" decoding=\"async\" class=\"wp-image-14953 aligncenter\" src=\"https:\/\/educharlevoix.ca\/cse\/wp-content\/uploads\/2022\/08\/Capture-de\u0301cran-le-2022-08-19-a\u0300-09.17.42-300x121.png\" alt=\"\" width=\"141\" height=\"57\" srcset=\"https:\/\/educharlevoix.ca\/cse\/wp-content\/uploads\/2022\/08\/Capture-de\u0301cran-le-2022-08-19-a\u0300-09.17.42-300x121.png 300w, https:\/\/educharlevoix.ca\/cse\/wp-content\/uploads\/2022\/08\/Capture-de\u0301cran-le-2022-08-19-a\u0300-09.17.42.png 373w\" sizes=\"auto, (max-width: 141px) 100vw, 141px\" \/><\/a><\/td>\n<td>\n<h3><a href=\"https:\/\/cscharlevoix.sharepoint.com\/:f:\/s\/serviceseducatifs\/ElJK_KN4iSdCrZ-3m_uQ7WkBAk4GFsck-NkwlSFwZJ_wXw?e=a6YdcW\" target=\"_blank\" rel=\"noopener\">Trousse Sex-Ed +<\/a><\/h3>\n<\/td>\n<\/tr>\n<tr>\n<td style=\"text-align: center; vertical-align: middle;\"><a href=\"https:\/\/cscharlevoix.sharepoint.com\/:f:\/r\/sites\/serviceseducatifs\/Documents%20partages\/Contenus%20obligatoires\/%C3%89ducation%20%C3%A0%20la%20sexualit%C3%A9\/Pr%C3%A9s.-Pr%C3%A9vention%20des%20agressions%20sexuelles-Primaire?csf=1&amp;web=1&amp;e=tiQCMC\" target=\"_blank\" rel=\"noopener\"><img loading=\"lazy\" decoding=\"async\" class=\"aligncenter\" src=\"https:\/\/www.buzzsprout.com\/rails\/active_storage\/representations\/redirect\/eyJfcmFpbHMiOnsibWVzc2FnZSI6IkJBaHBCSExxc0FJPSIsImV4cCI6bnVsbCwicHVyIjoiYmxvYl9pZCJ9fQ==--b69b52352327f62fe3318e354e94edeeb61096b9\/eyJfcmFpbHMiOnsibWVzc2FnZSI6IkJBaDdDem9MWm05eWJXRjBTU0lKYW5CbFp3WTZCa1ZVT2d0eVpYTnBlbVZKSWcwMk1EQjROakF3WGdZN0JsUTZER2R5WVhacGRIbEpJZ3RqWlc1MFpYSUdPd1pVT2d0bGVIUmxiblJKSWd3Mk1EQjROakF3QmpzR1ZEb01jWFZoYkdsMGVXbFZPZzlqYjJ4dmNuTndZV05sU1NJSmMxSkhRZ1k3QmxRPSIsImV4cCI6bnVsbCwicHVyIjoidmFyaWF0aW9uIn19--25250704e399b7eace9a4c2dfeb0ef445eea7c20\/image0.jpeg\" alt=\"\u00c9veil Podcast Artwork Image\" width=\"59\" height=\"59\" \/><\/a><\/td>\n<td>\n<h3><a href=\"https:\/\/cscharlevoix.sharepoint.com\/:f:\/r\/sites\/serviceseducatifs\/Documents%20partages\/Contenus%20obligatoires\/%C3%89ducation%20%C3%A0%20la%20sexualit%C3%A9\/Pr%C3%A9s.-Pr%C3%A9vention%20des%20agressions%20sexuelles-Primaire?csf=1&amp;web=1&amp;e=tiQCMC\" target=\"_blank\" rel=\"noopener\">Pr\u00e9vention des agressions sexuelles<\/a><\/h3>\n<\/td>\n<\/tr>\n<tr>\n<td style=\"text-align: center; vertical-align: middle;\"><a href=\"https:\/\/cscharlevoix.sharepoint.com\/:f:\/r\/sites\/serviceseducatifs\/Documents%20partages\/Contenus%20obligatoires\/%C3%89ducation%20%C3%A0%20la%20sexualit%C3%A9\/TROUSSES-CALACS?csf=1&amp;web=1&amp;e=biIib3\" target=\"_blank\" rel=\"noopener\"><img loading=\"lazy\" decoding=\"async\" class=\"alignnone wp-image-13597\" src=\"https:\/\/educharlevoix.ca\/cse\/wp-content\/uploads\/2021\/03\/62863books_109231-300x300.png\" alt=\"\" width=\"46\" height=\"46\" srcset=\"https:\/\/educharlevoix.ca\/cse\/wp-content\/uploads\/2021\/03\/62863books_109231-300x300.png 300w, https:\/\/educharlevoix.ca\/cse\/wp-content\/uploads\/2021\/03\/62863books_109231-150x150.png 150w, https:\/\/educharlevoix.ca\/cse\/wp-content\/uploads\/2021\/03\/62863books_109231.png 512w\" sizes=\"auto, (max-width: 46px) 100vw, 46px\" \/><\/a><\/td>\n<td>\n<h3><a href=\"https:\/\/cscharlevoix.sharepoint.com\/:f:\/r\/sites\/serviceseducatifs\/Documents%20partages\/Contenus%20obligatoires\/%C3%89ducation%20%C3%A0%20la%20sexualit%C3%A9\/TROUSSES-CALACS?csf=1&amp;web=1&amp;e=biIib3\">Trousses du CALACS<\/a><\/h3>\n<\/td>\n<\/tr>\n<tr>\n<td style=\"text-align: center; vertical-align: middle;\"><a href=\"https:\/\/cscharlevoix.sharepoint.com\/:f:\/r\/sites\/serviceseducatifs\/Documents%20partages\/Contenus%20obligatoires\/%C3%89ducation%20%C3%A0%20la%20sexualit%C3%A9\/GRIS-pr%C3%A9sentation\/GRIS%20Pr%C3%A9sentations%20pour%20pr%C3%A9vention%20des%20agressions%20sexuelles?csf=1&amp;web=1&amp;e=TTzsTo\"><img loading=\"lazy\" decoding=\"async\" class=\"alignnone wp-image-13943\" src=\"https:\/\/educharlevoix.ca\/cse\/wp-content\/uploads\/2021\/09\/iconfinder-settings-4341324_120534-300x300.png\" alt=\"\" width=\"53\" height=\"53\" srcset=\"https:\/\/educharlevoix.ca\/cse\/wp-content\/uploads\/2021\/09\/iconfinder-settings-4341324_120534-300x300.png 300w, https:\/\/educharlevoix.ca\/cse\/wp-content\/uploads\/2021\/09\/iconfinder-settings-4341324_120534-150x150.png 150w, https:\/\/educharlevoix.ca\/cse\/wp-content\/uploads\/2021\/09\/iconfinder-settings-4341324_120534.png 512w\" sizes=\"auto, (max-width: 53px) 100vw, 53px\" \/><\/a><\/td>\n<td>\n<h3><a href=\"https:\/\/cscharlevoix.sharepoint.com\/:f:\/r\/sites\/serviceseducatifs\/Documents%20partages\/Contenus%20obligatoires\/%C3%89ducation%20%C3%A0%20la%20sexualit%C3%A9\/GRIS-pr%C3%A9sentation\/GRIS%20Pr%C3%A9sentations%20pour%20pr%C3%A9vention%20des%20agressions%20sexuelles?csf=1&amp;web=1&amp;e=TTzsTo\">LE GRIS- pr\u00e9sentation<\/a><\/h3>\n<\/td>\n<\/tr>\n<\/tbody>\n<\/table>\n","protected":false},"excerpt":{"rendered":"<p>Cliquez sur l&rsquo;ic\u00f4ne ou sur le titre pour acc\u00e9der au contenu. Ressources et tableau-synth\u00e8se des contenus Balado &#8211; \u00c9veil (6 ans \u00e0 12 ans) Canevas p\u00e9dagogiques &#8211; Primaire Canevas p\u00e9dagogiques &#8211; Secondaire Comportements sexualis\u00e9s Formations Guide diversit\u00e9 sexuelle et de &hellip; <\/p>\n","protected":false},"author":7,"featured_media":0,"parent":0,"menu_order":0,"comment_status":"closed","ping_status":"closed","template":"","meta":{"cybocfi_hide_featured_image":"","footnotes":""},"categories":[51,49],"tags":[],"class_list":["post-13625","page","type-page","status-publish","hentry","category-contenus-obligatoires","category-education-a-la-sexualite"],"_links":{"self":[{"href":"https:\/\/educharlevoix.ca\/cse\/wp-json\/wp\/v2\/pages\/13625","targetHints":{"allow":["GET"]}}],"collection":[{"href":"https:\/\/educharlevoix.ca\/cse\/wp-json\/wp\/v2\/pages"}],"about":[{"href":"https:\/\/educharlevoix.ca\/cse\/wp-json\/wp\/v2\/types\/page"}],"author":[{"embeddable":true,"href":"https:\/\/educharlevoix.ca\/cse\/wp-json\/wp\/v2\/users\/7"}],"replies":[{"embeddable":true,"href":"https:\/\/educharlevoix.ca\/cse\/wp-json\/wp\/v2\/comments?post=13625"}],"version-history":[{"count":4,"href":"https:\/\/educharlevoix.ca\/cse\/wp-json\/wp\/v2\/pages\/13625\/revisions"}],"predecessor-version":[{"id":16537,"href":"https:\/\/educharlevoix.ca\/cse\/wp-json\/wp\/v2\/pages\/13625\/revisions\/16537"}],"wp:attachment":[{"href":"https:\/\/educharlevoix.ca\/cse\/wp-json\/wp\/v2\/media?parent=13625"}],"wp:term":[{"taxonomy":"category","embeddable":true,"href":"https:\/\/educharlevoix.ca\/cse\/wp-json\/wp\/v2\/categories?post=13625"},{"taxonomy":"post_tag","embeddable":true,"href":"https:\/\/educharlevoix.ca\/cse\/wp-json\/wp\/v2\/tags?post=13625"}],"curies":[{"name":"wp","href":"https:\/\/api.w.org\/{rel}","templated":true}]}}