{"id":13742,"date":"2021-06-22T14:10:08","date_gmt":"2021-06-22T18:10:08","guid":{"rendered":"https:\/\/educharlevoix.ca\/cse\/?page_id=13742"},"modified":"2026-04-09T14:34:06","modified_gmt":"2026-04-09T18:34:06","slug":"francais-secondaire","status":"publish","type":"page","link":"https:\/\/educharlevoix.ca\/cse\/francais-secondaire\/","title":{"rendered":"Fran\u00e7ais"},"content":{"rendered":"<p>&nbsp;<\/p>\n<table>\n<tbody>\n<tr>\n<td><a href=\"https:\/\/cscharlevoix.sharepoint.com\/sites\/FrancaisSecondaireSE\" target=\"_blank\" rel=\"noopener\"><img loading=\"lazy\" decoding=\"async\" class=\"wp-image-13596 alignnone aligncenter\" src=\"https:\/\/educharlevoix.ca\/cse\/wp-content\/uploads\/2021\/03\/4288583documentfileresearchresumesearch-115773_115740-300x300.png\" alt=\"\" width=\"36\" height=\"36\" srcset=\"https:\/\/educharlevoix.ca\/cse\/wp-content\/uploads\/2021\/03\/4288583documentfileresearchresumesearch-115773_115740-300x300.png 300w, https:\/\/educharlevoix.ca\/cse\/wp-content\/uploads\/2021\/03\/4288583documentfileresearchresumesearch-115773_115740-150x150.png 150w, https:\/\/educharlevoix.ca\/cse\/wp-content\/uploads\/2021\/03\/4288583documentfileresearchresumesearch-115773_115740.png 512w\" sizes=\"auto, (max-width: 36px) 100vw, 36px\" \/><\/a><\/td>\n<td>\n<h3><a style=\"font-family: inherit; font-size: inherit;\" href=\"https:\/\/cscharlevoix.sharepoint.com\/sites\/FrancaisSecondaireSE\" target=\"_blank\" rel=\"noopener\">Mat\u00e9riel p\u00e9dagogique (SharePoint)<\/a><\/h3>\n<\/td>\n<td>\n<h3><a href=\"https:\/\/cscharlevoix.sharepoint.com\/:f:\/r\/sites\/serviceseducatifs\/Documents%20partages\/Adaptation%20scolaire-Inclusion\/Flexibilit%C3%A9,%20adaptation,%20modification\/Diff%C3%A9renciation%20secondaire\/Fran%C3%A7ais?csf=1&amp;web=1&amp;e=x5bk1W\" target=\"_blank\" rel=\"noopener\"><img loading=\"lazy\" decoding=\"async\" class=\"alignnone wp-image-15357 \" src=\"https:\/\/educharlevoix.ca\/cse\/wp-content\/uploads\/2022\/11\/FAM-e1669215143997.png\" alt=\"\" width=\"72\" height=\"37\" \/><\/a><\/h3>\n<\/td>\n<td>\n<h4><a href=\"https:\/\/cscharlevoix.sharepoint.com\/:f:\/r\/sites\/serviceseducatifs\/Documents%20partages\/Adaptation%20scolaire-Inclusion\/Flexibilit%C3%A9,%20adaptation,%20modification\/Diff%C3%A9renciation%20secondaire\/Fran%C3%A7ais?csf=1&amp;web=1&amp;e=x5bk1W\" target=\"_blank\" rel=\"noopener\">Diff\u00e9renciation p\u00e9dagogique &#8211; Fran\u00e7ais secondaire<\/a><\/h4>\n<\/td>\n<\/tr>\n<tr>\n<td><a href=\"https:\/\/cscharlevoix-my.sharepoint.com\/:l:\/g\/personal\/emilie_labbe_cscharlevoix_qc_ca\/FBPHEsvLM_tAuCgnNZk4t1kB2buUSmxx7chRojQKSuOUWg?e=qnTIia\" target=\"_blank\" rel=\"noopener\"><img loading=\"lazy\" decoding=\"async\" class=\"wp-image-15105 aligncenter\" src=\"https:\/\/educharlevoix.ca\/cse\/wp-content\/uploads\/2022\/09\/Microsoft-Lists_icon-300x300.png\" alt=\"\" width=\"47\" height=\"47\" \/><\/a><\/td>\n<td>\n<h3><a href=\"https:\/\/cscharlevoix-my.sharepoint.com\/:l:\/g\/personal\/emilie_labbe_cscharlevoix_qc_ca\/FBPHEsvLM_tAuCgnNZk4t1kB2buUSmxx7chRojQKSuOUWg?e=qnTIia\" target=\"_blank\" rel=\"noopener\">Trousses litt\u00e9raires \u00e0 emprunter (S\u00c9)<\/a><\/h3>\n<\/td>\n<td>\n<h3><a href=\"https:\/\/cscharlevoix-my.sharepoint.com\/:l:\/g\/personal\/emilie_labbe_cscharlevoix_qc_ca\/FD9OkKZHXUBHm46U08c4FJwB4kRSfQX1MKQwkDX6efcqeA?e=totfFQ\" target=\"_blank\" rel=\"noopener\"><img loading=\"lazy\" decoding=\"async\" class=\"wp-image-15105 aligncenter\" src=\"https:\/\/educharlevoix.ca\/cse\/wp-content\/uploads\/2022\/09\/Microsoft-Lists_icon-e1663353365822-150x150.png\" alt=\"\" width=\"48\" height=\"48\" srcset=\"https:\/\/educharlevoix.ca\/cse\/wp-content\/uploads\/2022\/09\/Microsoft-Lists_icon-e1663353365822-150x150.png 150w, https:\/\/educharlevoix.ca\/cse\/wp-content\/uploads\/2022\/09\/Microsoft-Lists_icon-e1663353365822.png 200w\" sizes=\"auto, (max-width: 48px) 100vw, 48px\" \/><\/a><\/h3>\n<\/td>\n<td>\n<h3><a href=\"https:\/\/cscharlevoix-my.sharepoint.com\/:l:\/g\/personal\/emilie_labbe_cscharlevoix_qc_ca\/FD9OkKZHXUBHm46U08c4FJwB4kRSfQX1MKQwkDX6efcqeA?e=totfFQ\" target=\"_blank\" rel=\"noopener\">Trousses litt\u00e9raires St-Aubin<\/a><\/h3>\n<\/td>\n<\/tr>\n<tr>\n<td><a href=\"https:\/\/cscharlevoix-my.sharepoint.com\/:l:\/g\/personal\/emilie_labbe_cscharlevoix_qc_ca\/JABAjxNkeOVDTqXlFwsgphICAaIrDYcZ3hYdX-QtMhE-xtw?e=NxIOFH\" target=\"_blank\" rel=\"noopener\"><img loading=\"lazy\" decoding=\"async\" class=\"wp-image-15105 aligncenter\" src=\"https:\/\/educharlevoix.ca\/cse\/wp-content\/uploads\/2022\/09\/Microsoft-Lists_icon-300x300.png\" alt=\"\" width=\"47\" height=\"47\" \/><\/a><\/td>\n<td>\n<h3><a href=\"https:\/\/cscharlevoix-my.sharepoint.com\/:l:\/g\/personal\/emilie_labbe_cscharlevoix_qc_ca\/JABAjxNkeOVDTqXlFwsgphICAaIrDYcZ3hYdX-QtMhE-xtw?e=NxIOFH\" target=\"_blank\" rel=\"noopener\">Trousses litt\u00e9raires &#8211; \u00c9cole secondaire du Plateau<\/a><\/h3>\n<\/td>\n<td><a href=\"https:\/\/cscharlevoix-my.sharepoint.com\/:l:\/g\/personal\/emilie_labbe_cscharlevoix_qc_ca\/FIqWfkh56XRHn108bcvr_SIBk8mS4Hha9WRVKIcW2F1cEw?e=X4xcpq\" target=\"_blank\" rel=\"noopener\"><img loading=\"lazy\" decoding=\"async\" class=\"wp-image-15105 aligncenter\" src=\"https:\/\/educharlevoix.ca\/cse\/wp-content\/uploads\/2022\/09\/Microsoft-Lists_icon-e1663353365822.png\" alt=\"\" width=\"39\" height=\"39\" srcset=\"https:\/\/educharlevoix.ca\/cse\/wp-content\/uploads\/2022\/09\/Microsoft-Lists_icon-e1663353365822.png 200w, https:\/\/educharlevoix.ca\/cse\/wp-content\/uploads\/2022\/09\/Microsoft-Lists_icon-e1663353365822-150x150.png 150w\" sizes=\"auto, (max-width: 39px) 100vw, 39px\" \/><\/a><\/td>\n<td>\n<h3><a href=\"https:\/\/cscharlevoix-my.sharepoint.com\/:l:\/g\/personal\/emilie_labbe_cscharlevoix_qc_ca\/FIqWfkh56XRHn108bcvr_SIB8zAkKoWtzKLC8PPo3yFcYg?e=5S34Ee\" target=\"_blank\" rel=\"noopener\">Livres didactiques<\/a><\/h3>\n<\/td>\n<\/tr>\n<tr>\n<td style=\"text-align: center;\"><a href=\"https:\/\/cscharlevoix.sharepoint.com\/:f:\/s\/serviceseducatifs\/Eg9jQVHNV_JAgXPYeNtDPocBwofNVi_c9acGL0LBiBKghg?e=ctERv3\" target=\"_blank\" rel=\"noopener\"><img loading=\"lazy\" decoding=\"async\" class=\"aligncenter size-full wp-image-15826\" src=\"https:\/\/educharlevoix.ca\/cse\/wp-content\/uploads\/2023\/09\/3069198-cap-education-hat-school_112714.png\" alt=\"\" width=\"64\" height=\"64\" \/><\/a><\/td>\n<td>\n<h3><a href=\"https:\/\/cscharlevoix.sharepoint.com\/:f:\/s\/serviceseducatifs\/Eg9jQVHNV_JAgXPYeNtDPocBwofNVi_c9acGL0LBiBKghg?e=ctERv3\" target=\"_blank\" rel=\"noopener\">Formations<\/a><\/h3>\n<\/td>\n<td style=\"text-align: center;\"><a href=\"https:\/\/view.genial.ly\/630cca470cb9540018cc5147\/interactive-content-exploiter-une-oeuvre-litteraire-au-secondaire\" target=\"_blank\" rel=\"noopener\"><img loading=\"lazy\" decoding=\"async\" class=\"alignnone wp-image-15172 \" src=\"https:\/\/educharlevoix.ca\/cse\/wp-content\/uploads\/2022\/10\/Oeuvre-litteraire-e1669217090897.png\" alt=\"\" width=\"105\" height=\"57\" \/><\/a><\/td>\n<td style=\"text-align: left;\">\n<h3><a href=\"https:\/\/view.genial.ly\/630cca470cb9540018cc5147\/interactive-content-exploiter-une-oeuvre-litteraire-au-secondaire\" target=\"_blank\" rel=\"noopener\">Comment d\u00e9montrer sa compr\u00e9hension d&rsquo;une oeuvre litt\u00e9raire<\/a><\/h3>\n<\/td>\n<\/tr>\n<tr>\n<td style=\"text-align: center;\"><a href=\"https:\/\/www.quebec.ca\/education\/prescolaire-primaire-et-secondaire\/programmes-formations-evaluation\/epreuves-ministerielles-evaluation-apprentissages\/epreuves-ministerielles\" target=\"_blank\" rel=\"noopener\"><img loading=\"lazy\" decoding=\"async\" class=\"alignnone wp-image-15282 size-full\" src=\"https:\/\/educharlevoix.ca\/cse\/wp-content\/uploads\/2022\/10\/capture-e1666116935514.png\" alt=\"\" width=\"150\" height=\"81\" \/><\/a><\/td>\n<td>\n<h3><a href=\"https:\/\/www.quebec.ca\/education\/prescolaire-primaire-et-secondaire\/programmes-formations-evaluation\/epreuves-ministerielles-evaluation-apprentissages\/epreuves-ministerielles\" target=\"_blank\" rel=\"noopener\">Document d&rsquo;information sur les \u00e9preuves minist\u00e9rielles<\/a><\/h3>\n<\/td>\n<td><img loading=\"lazy\" decoding=\"async\" class=\"aligncenter wp-image-15832\" style=\"text-align: center;\" src=\"https:\/\/educharlevoix.ca\/cse\/wp-content\/uploads\/2023\/09\/Capture-2.png\" alt=\"\" width=\"110\" height=\"60\" srcset=\"https:\/\/educharlevoix.ca\/cse\/wp-content\/uploads\/2023\/09\/Capture-2.png 1240w, https:\/\/educharlevoix.ca\/cse\/wp-content\/uploads\/2023\/09\/Capture-2-300x164.png 300w, https:\/\/educharlevoix.ca\/cse\/wp-content\/uploads\/2023\/09\/Capture-2-1024x560.png 1024w, https:\/\/educharlevoix.ca\/cse\/wp-content\/uploads\/2023\/09\/Capture-2-768x420.png 768w\" sizes=\"auto, (max-width: 110px) 100vw, 110px\" \/><\/td>\n<td><a href=\"https:\/\/view.genial.ly\/63e05ac01908750012719c78\/presentation-se-decouvrir-comme-lecteur-1\" target=\"_blank\" rel=\"noopener\">Se d\u00e9couvrir comme lecteur &#8211; 1ere secondaire<\/a><\/p>\n<p><a href=\"https:\/\/view.genial.ly\/63f2cfc944a3fa0012e4c349\/presentation-se-decouvrir-comme-lecteur-2\" target=\"_blank\" rel=\"noopener\">Se d\u00e9couvrir comme lecteur &#8211; 2e secondaire<\/a><\/td>\n<\/tr>\n<tr>\n<td style=\"text-align: center;\"><img loading=\"lazy\" decoding=\"async\" class=\"aligncenter size-full wp-image-16503\" src=\"https:\/\/educharlevoix.ca\/cse\/wp-content\/uploads\/2025\/09\/Capture.png\" alt=\"\" width=\"130\" height=\"85\" \/><\/td>\n<td>\n<h3><a href=\"https:\/\/aqpf.qc.ca\/\" target=\"_blank\" rel=\"noopener\">Association qu\u00e9b\u00e9coise des professeurs de fran\u00e7ais<\/a><\/h3>\n<\/td>\n<td><a href=\"http:\/\/www.education.gouv.qc.ca\/references\/tx-solrtyperecherchepublicationtx-solrpublicationnouveaute\/resultats-de-la-recherche\/detail\/article\/epreuve-unique-francais-langue-denseignement-ecriture-132-520-cinquieme-annee-du-secondaire\/\" target=\"_blank\" rel=\"noopener\"><img loading=\"lazy\" decoding=\"async\" class=\"alignnone wp-image-15282 size-full\" src=\"https:\/\/educharlevoix.ca\/cse\/wp-content\/uploads\/2022\/10\/capture-e1666116935514.png\" alt=\"\" width=\"150\" height=\"81\" \/><\/a><\/td>\n<td>\n<h3><a href=\"https:\/\/www.quebec.ca\/education\/prescolaire-primaire-et-secondaire\/ressources-outils-reseau-scolaire\/sessions-formation-information\" target=\"_blank\" rel=\"noopener\">Offre de formation du MEQ<\/a><\/h3>\n<\/td>\n<\/tr>\n<\/tbody>\n<\/table>\n","protected":false},"excerpt":{"rendered":"<p>&nbsp; Mat\u00e9riel p\u00e9dagogique (SharePoint) Diff\u00e9renciation p\u00e9dagogique &#8211; Fran\u00e7ais secondaire Trousses litt\u00e9raires \u00e0 emprunter (S\u00c9) Trousses litt\u00e9raires St-Aubin Trousses litt\u00e9raires &#8211; \u00c9cole secondaire du Plateau Livres didactiques Formations Comment d\u00e9montrer sa compr\u00e9hension d&rsquo;une oeuvre litt\u00e9raire Document d&rsquo;information sur les \u00e9preuves minist\u00e9rielles &hellip; <\/p>\n","protected":false},"author":7,"featured_media":0,"parent":0,"menu_order":0,"comment_status":"closed","ping_status":"closed","template":"","meta":{"cybocfi_hide_featured_image":"","footnotes":""},"categories":[],"tags":[],"class_list":["post-13742","page","type-page","status-publish","hentry"],"_links":{"self":[{"href":"https:\/\/educharlevoix.ca\/cse\/wp-json\/wp\/v2\/pages\/13742","targetHints":{"allow":["GET"]}}],"collection":[{"href":"https:\/\/educharlevoix.ca\/cse\/wp-json\/wp\/v2\/pages"}],"about":[{"href":"https:\/\/educharlevoix.ca\/cse\/wp-json\/wp\/v2\/types\/page"}],"author":[{"embeddable":true,"href":"https:\/\/educharlevoix.ca\/cse\/wp-json\/wp\/v2\/users\/7"}],"replies":[{"embeddable":true,"href":"https:\/\/educharlevoix.ca\/cse\/wp-json\/wp\/v2\/comments?post=13742"}],"version-history":[{"count":14,"href":"https:\/\/educharlevoix.ca\/cse\/wp-json\/wp\/v2\/pages\/13742\/revisions"}],"predecessor-version":[{"id":16599,"href":"https:\/\/educharlevoix.ca\/cse\/wp-json\/wp\/v2\/pages\/13742\/revisions\/16599"}],"wp:attachment":[{"href":"https:\/\/educharlevoix.ca\/cse\/wp-json\/wp\/v2\/media?parent=13742"}],"wp:term":[{"taxonomy":"category","embeddable":true,"href":"https:\/\/educharlevoix.ca\/cse\/wp-json\/wp\/v2\/categories?post=13742"},{"taxonomy":"post_tag","embeddable":true,"href":"https:\/\/educharlevoix.ca\/cse\/wp-json\/wp\/v2\/tags?post=13742"}],"curies":[{"name":"wp","href":"https:\/\/api.w.org\/{rel}","templated":true}]}}