{"id":13758,"date":"2021-07-02T09:39:58","date_gmt":"2021-07-02T13:39:58","guid":{"rendered":"https:\/\/educharlevoix.ca\/cse\/?page_id=13758"},"modified":"2025-09-23T09:49:53","modified_gmt":"2025-09-23T13:49:53","slug":"mathematique-science-secondaire","status":"publish","type":"page","link":"https:\/\/educharlevoix.ca\/cse\/mathematique-science-secondaire\/","title":{"rendered":"Math\u00e9matique \/ Science"},"content":{"rendered":"<div class=\"wpb-content-wrapper\"><p>[vc_row][vc_column][vc_column_text css=\u00a0\u00bb\u00a0\u00bb]<\/p>\n<p>\u200b<\/p>\n<table>\n<tbody>\n<tr>\n<td style=\"text-align: center; vertical-align: middle;\"><a href=\"https:\/\/cscharlevoix.sharepoint.com\/:f:\/r\/sites\/serviceseducatifs\/Documents%20partages\/Adaptation%20scolaire-Inclusion\/Flexibilit%C3%A9,%20adaptation,%20modification\/Diff%C3%A9renciation%20secondaire\/Math%C3%A9matique?csf=1&amp;web=1&amp;e=20GzwI\" target=\"_blank\" rel=\"noopener\"> <img loading=\"lazy\" decoding=\"async\" class=\"wp-image-15357 aligncenter\" src=\"https:\/\/educharlevoix.ca\/cse\/wp-content\/uploads\/2022\/11\/FAM-e1669215143997.png\" alt=\"\" width=\"107\" height=\"55\" \/><\/a><\/td>\n<td>\n<h3><a href=\"https:\/\/cscharlevoix.sharepoint.com\/:f:\/r\/sites\/serviceseducatifs\/Documents%20partages\/Adaptation%20scolaire-Inclusion\/Flexibilit%C3%A9,%20adaptation,%20modification\/Diff%C3%A9renciation%20secondaire\/Math%C3%A9matique?csf=1&amp;web=1&amp;e=20GzwI\" target=\"_blank\" rel=\"noopener\">Diff\u00e9renciation p\u00e9dagogique &#8211; Math\u00e9matique au secondaire<\/a><\/h3>\n<\/td>\n<\/tr>\n<tr>\n<td style=\"text-align: center; vertical-align: middle;\"><a href=\"https:\/\/cscharlevoix.sharepoint.com\/:f:\/s\/serviceseducatifs\/EjsOU58WwllDvG0Juz-ZYvwBKWfL5H44fcQFvG62eYlaFA?e=6kg77B\" target=\"_blank\" rel=\"noopener\"><img loading=\"lazy\" decoding=\"async\" class=\"wp-image-15384 aligncenter\" src=\"https:\/\/educharlevoix.ca\/cse\/wp-content\/uploads\/2022\/11\/telechargement.jpg\" alt=\"\" width=\"71\" height=\"71\" srcset=\"https:\/\/educharlevoix.ca\/cse\/wp-content\/uploads\/2022\/11\/telechargement.jpg 225w, https:\/\/educharlevoix.ca\/cse\/wp-content\/uploads\/2022\/11\/telechargement-150x150.jpg 150w\" sizes=\"auto, (max-width: 71px) 100vw, 71px\" \/><\/a><\/td>\n<td>\n<h3><a href=\"https:\/\/cscharlevoix.sharepoint.com\/:f:\/s\/serviceseducatifs\/EjsOU58WwllDvG0Juz-ZYvwBKWfL5H44fcQFvG62eYlaFA?e=6kg77B\" target=\"_blank\" rel=\"noopener\">Activit\u00e9s Excel \u00e0 faire en classe\u00a0<\/a><\/h3>\n<\/td>\n<\/tr>\n<tr>\n<td style=\"text-align: center; vertical-align: middle;\"><a href=\"https:\/\/recitmst.qc.ca\/\" target=\"_blank\" rel=\"noopener\"><img loading=\"lazy\" decoding=\"async\" class=\"wp-image-13643 aligncenter\" src=\"https:\/\/educharlevoix.ca\/cse\/wp-content\/uploads\/2021\/03\/logo_recit-300x300.png\" alt=\"\" width=\"56\" height=\"56\" \/><\/a><\/td>\n<td>\n<h3><a href=\"https:\/\/recitmst.qc.ca\/\" target=\"_blank\" rel=\"noopener\">Service national des domaines de la math\u00e9matique, de la science et technologie<\/a><\/h3>\n<\/td>\n<\/tr>\n<tr>\n<td style=\"text-align: center; vertical-align: middle;\"><strong>GRMS<\/strong><\/td>\n<td>\n<h3><a href=\"https:\/\/drive.google.com\/drive\/folders\/1NOe1pK-ikV37IHpHT92OrCgM9ZcMTzsE\" target=\"_blank\" rel=\"noopener\">R\u00e9pertoire de SA\u00c9 en math\u00e9matiques<\/a><\/h3>\n<\/td>\n<\/tr>\n<\/tbody>\n<\/table>\n<h2><\/h2>\n<h2><span style=\"color: #000080;\">Math\u00e9matique<\/span><\/h2>\n<table class=\" alignleft\" style=\"height: 1149px;\" width=\"826\">\n<tbody>\n<tr>\n<td style=\"text-align: center; vertical-align: middle;\"><a href=\"https:\/\/sites.google.com\/csbe.qc.ca\/evaluerautrementenmath\" target=\"_blank\" rel=\"noopener\"><img loading=\"lazy\" decoding=\"async\" class=\"alignnone wp-image-13643\" src=\"https:\/\/educharlevoix.ca\/cse\/wp-content\/uploads\/2021\/03\/logo_recit-300x300.png\" alt=\"\" width=\"36\" height=\"36\" \/><\/a><\/td>\n<td>\n<h3><a href=\"https:\/\/sites.google.com\/csbe.qc.ca\/evaluerautrementenmath\" target=\"_blank\" rel=\"noopener\">\u00c9valuer autrement en math\u00e9matique<\/a><\/h3>\n<\/td>\n<\/tr>\n<tr>\n<td style=\"text-align: center; vertical-align: middle;\"><a href=\"https:\/\/sites.google.com\/csbe.qc.ca\/evaluerautrementenmath\" target=\"_blank\" rel=\"noopener\"><img loading=\"lazy\" decoding=\"async\" class=\"alignnone wp-image-13762\" src=\"https:\/\/educharlevoix.ca\/cse\/wp-content\/uploads\/2021\/07\/F5ddi7GH-300x300.jpg\" alt=\"\" width=\"47\" height=\"47\" srcset=\"https:\/\/educharlevoix.ca\/cse\/wp-content\/uploads\/2021\/07\/F5ddi7GH-300x300.jpg 300w, https:\/\/educharlevoix.ca\/cse\/wp-content\/uploads\/2021\/07\/F5ddi7GH-150x150.jpg 150w, https:\/\/educharlevoix.ca\/cse\/wp-content\/uploads\/2021\/07\/F5ddi7GH.jpg 400w\" sizes=\"auto, (max-width: 47px) 100vw, 47px\" \/><\/a><\/td>\n<td>\n<h3 style=\"text-align: left;\"><a href=\"https:\/\/sites.google.com\/csbe.qc.ca\/evaluerautrementenmath\" target=\"_blank\" rel=\"noopener\">Groupe des responsables en math\u00e9matique au secondaire (GRMS)<\/a><\/h3>\n<p><a href=\"https:\/\/www.grms.qc.ca\/desmos-activite?fbclid=IwY2xjawIcMsZleHRuA2FlbQIxMAABHYrdzS0P8vH_Xu3s-EnZQiaMBmep1DI5PM16RIP73fDUSuTGuESCx-2TTQ_aem_jxD6v35PXxMSafryVetAxw\" target=\"_blank\" rel=\"noopener\">Activit\u00e9s Desmos\u00a0<\/a><\/td>\n<\/tr>\n<tr>\n<td style=\"text-align: center; vertical-align: middle;\"><a href=\"https:\/\/sites.google.com\/view\/lesmathsautrement\/rechercher-ou-partager?authuser=0\" target=\"_blank\" rel=\"noopener\"><img loading=\"lazy\" decoding=\"async\" class=\"alignnone wp-image-13763\" src=\"https:\/\/educharlevoix.ca\/cse\/wp-content\/uploads\/2021\/07\/Capturefd.png\" alt=\"\" width=\"32\" height=\"32\" \/><\/a><\/td>\n<td>\n<h3><a href=\"https:\/\/sites.google.com\/view\/lesmathsautrement\/rechercher-ou-partager?authuser=0\" target=\"_blank\" rel=\"noopener\">Le site internet &lsquo;Les maths autrement&rsquo;<\/a> (code: 931)<\/h3>\n<\/td>\n<\/tr>\n<tr>\n<td style=\"text-align: center; vertical-align: middle;\"><a href=\"https:\/\/www.facebook.com\/groups\/704851039666407\" target=\"_blank\" rel=\"noopener\"><img loading=\"lazy\" decoding=\"async\" class=\"alignnone wp-image-13764\" src=\"https:\/\/educharlevoix.ca\/cse\/wp-content\/uploads\/2021\/07\/social_facebook_box_blue_256_30649.png\" alt=\"\" width=\"39\" height=\"39\" srcset=\"https:\/\/educharlevoix.ca\/cse\/wp-content\/uploads\/2021\/07\/social_facebook_box_blue_256_30649.png 256w, https:\/\/educharlevoix.ca\/cse\/wp-content\/uploads\/2021\/07\/social_facebook_box_blue_256_30649-150x150.png 150w\" sizes=\"auto, (max-width: 39px) 100vw, 39px\" \/><\/a><\/td>\n<td>\n<h3><a href=\"https:\/\/www.facebook.com\/groups\/704851039666407\" target=\"_blank\" rel=\"noopener\">Le groupe Facebook &lsquo;Les maths autrement&rsquo;<\/a><\/h3>\n<\/td>\n<\/tr>\n<tr>\n<td style=\"text-align: center; vertical-align: middle;\"><a href=\"https:\/\/sites.csdps.qc.ca\/bergerl\/\" target=\"_blank\" rel=\"noopener\"><img loading=\"lazy\" decoding=\"async\" class=\"alignnone wp-image-13745\" src=\"https:\/\/educharlevoix.ca\/cse\/wp-content\/uploads\/2021\/06\/click_icon_155646-300x300.png\" alt=\"\" width=\"36\" height=\"36\" srcset=\"https:\/\/educharlevoix.ca\/cse\/wp-content\/uploads\/2021\/06\/click_icon_155646-300x300.png 300w, https:\/\/educharlevoix.ca\/cse\/wp-content\/uploads\/2021\/06\/click_icon_155646-150x150.png 150w, https:\/\/educharlevoix.ca\/cse\/wp-content\/uploads\/2021\/06\/click_icon_155646.png 512w\" sizes=\"auto, (max-width: 36px) 100vw, 36px\" \/><\/a><\/td>\n<td>\n<h3><a href=\"https:\/\/variamath.wixsite.com\/variamath\" target=\"_blank\" rel=\"noopener\">Le site internet de Lysandre Berger,<\/a><\/h3>\n<h5>Conseill\u00e8re p\u00e9dagogique en math\u00e9matique<br \/>\nau Centre de services scolaire des Premi\u00e8res-Seigneuries<\/h5>\n<\/td>\n<\/tr>\n<tr>\n<td style=\"text-align: center; vertical-align: middle;\"><a href=\"http:\/\/desmosfr.ca\/\" target=\"_blank\" rel=\"noopener\"><img loading=\"lazy\" decoding=\"async\" class=\"alignnone wp-image-13767\" src=\"https:\/\/educharlevoix.ca\/cse\/wp-content\/uploads\/2021\/07\/1200x630wa-300x296.png\" alt=\"\" width=\"35\" height=\"34\" srcset=\"https:\/\/educharlevoix.ca\/cse\/wp-content\/uploads\/2021\/07\/1200x630wa-300x296.png 300w, https:\/\/educharlevoix.ca\/cse\/wp-content\/uploads\/2021\/07\/1200x630wa-150x150.png 150w, https:\/\/educharlevoix.ca\/cse\/wp-content\/uploads\/2021\/07\/1200x630wa.png 453w\" sizes=\"auto, (max-width: 35px) 100vw, 35px\" \/><\/a><\/td>\n<td><a href=\"https:\/\/www.grms.qc.ca\/desmos-activite\" target=\"_blank\" rel=\"noopener\"><span style=\"font-size: 18.72px;\"><b>Activit\u00e9s Desmos GRMS\u00a0<\/b><\/span><\/a><\/td>\n<\/tr>\n<tr>\n<td style=\"text-align: center; vertical-align: middle;\"><a href=\"https:\/\/sites.google.com\/cscapitale.qc.ca\/mathfga\" target=\"_blank\" rel=\"noopener\"><img loading=\"lazy\" decoding=\"async\" class=\"alignnone wp-image-13745\" src=\"https:\/\/educharlevoix.ca\/cse\/wp-content\/uploads\/2021\/06\/click_icon_155646-300x300.png\" alt=\"\" width=\"36\" height=\"36\" srcset=\"https:\/\/educharlevoix.ca\/cse\/wp-content\/uploads\/2021\/06\/click_icon_155646-300x300.png 300w, https:\/\/educharlevoix.ca\/cse\/wp-content\/uploads\/2021\/06\/click_icon_155646-150x150.png 150w, https:\/\/educharlevoix.ca\/cse\/wp-content\/uploads\/2021\/06\/click_icon_155646.png 512w\" sizes=\"auto, (max-width: 36px) 100vw, 36px\" \/><\/a><\/td>\n<td>\n<h3><a href=\"https:\/\/sites.google.com\/cscapitale.qc.ca\/mathfga\" target=\"_blank\" rel=\"noopener\">Activit\u00e9s Desmos et Scratch en math FGA<\/a><\/h3>\n<\/td>\n<\/tr>\n<tr>\n<td style=\"text-align: center; vertical-align: middle;\"><a href=\"http:\/\/www.education.gouv.qc.ca\/references\/tx-solrtyperecherchepublicationtx-solrpublicationnouveaute\/resultats-de-la-recherche\/detail\/article\/referentiel-dintervention-en-mathematique\/\" target=\"_blank\" rel=\"noopener\"><img loading=\"lazy\" decoding=\"async\" class=\"alignnone wp-image-13609\" src=\"https:\/\/educharlevoix.ca\/cse\/wp-content\/uploads\/2021\/03\/4288593creativejigsawspiecesplanningpuzzlestrategy-115763_115750-300x300.png\" alt=\"\" width=\"45\" height=\"45\" srcset=\"https:\/\/educharlevoix.ca\/cse\/wp-content\/uploads\/2021\/03\/4288593creativejigsawspiecesplanningpuzzlestrategy-115763_115750-300x300.png 300w, https:\/\/educharlevoix.ca\/cse\/wp-content\/uploads\/2021\/03\/4288593creativejigsawspiecesplanningpuzzlestrategy-115763_115750-150x150.png 150w, https:\/\/educharlevoix.ca\/cse\/wp-content\/uploads\/2021\/03\/4288593creativejigsawspiecesplanningpuzzlestrategy-115763_115750.png 512w\" sizes=\"auto, (max-width: 45px) 100vw, 45px\" \/><\/a><\/td>\n<td>\n<h3><a href=\"https:\/\/cdn-contenu.quebec.ca\/cdn-contenu\/education\/soutien-eleves\/Referentiel-mathematique.pdf\" target=\"_blank\" rel=\"noopener\">R\u00e9f\u00e9rentiel d&rsquo;intervention en math\u00e9matique\u00a0<\/a><\/h3>\n<\/td>\n<\/tr>\n<tr>\n<td style=\"text-align: center; vertical-align: middle;\"><img loading=\"lazy\" decoding=\"async\" class=\"alignnone wp-image-15792\" src=\"https:\/\/educharlevoix.ca\/cse\/wp-content\/uploads\/2023\/09\/design-pencil-ruler-grid-guide_108596.png\" alt=\"\" width=\"44\" height=\"44\" \/><\/td>\n<td>\n<h3 id=\"h.c24zy65nb2jn\" class=\"zfr3Q duRjpb CDt4Ke \" dir=\"ltr\"><a href=\"https:\/\/sites.google.com\/view\/mathsecondaire03-12\/accueil\" target=\"_blank\" rel=\"noopener\"><span class=\"C9DxTc \">Math\u00e9matique au secondaire 03-12<\/span><\/a><\/h3>\n<\/td>\n<\/tr>\n<tr>\n<td style=\"text-align: center; vertical-align: middle;\"><a href=\"https:\/\/cscharlevoix.sharepoint.com\/:f:\/r\/sites\/serviceseducatifs\/Documents%20partages\/Math%C3%A9matiques%20secondaire\/%C3%89preuves_disponibles_pratiques?csf=1&amp;web=1&amp;e=F4lc1R\" target=\"_blank\" rel=\"noopener\"><img loading=\"lazy\" decoding=\"async\" class=\"alignnone wp-image-13641\" src=\"https:\/\/educharlevoix.ca\/cse\/wp-content\/uploads\/2021\/03\/needs_assessment_icon_148366-211x300.png\" alt=\"\" width=\"35\" height=\"50\" srcset=\"https:\/\/educharlevoix.ca\/cse\/wp-content\/uploads\/2021\/03\/needs_assessment_icon_148366-211x300.png 211w, https:\/\/educharlevoix.ca\/cse\/wp-content\/uploads\/2021\/03\/needs_assessment_icon_148366.png 360w\" sizes=\"auto, (max-width: 35px) 100vw, 35px\" \/><\/a><\/td>\n<td>\n<h3><a href=\"https:\/\/cscharlevoix.sharepoint.com\/:f:\/r\/sites\/serviceseducatifs\/Documents%20partages\/Secondaire\/Math%C3%A9matiques%20secondaire\/%C3%89preuves_disponibles_pratiques?csf=1&amp;web=1&amp;e=LLUC9O\">\u00c9valuations (pratiques)<\/a><\/h3>\n<\/td>\n<\/tr>\n<tr>\n<td style=\"text-align: center; vertical-align: middle;\"><img loading=\"lazy\" decoding=\"async\" class=\"alignnone\" src=\"https:\/\/cdn.pixabay.com\/photo\/2017\/11\/12\/18\/29\/book-2943367_960_720.png\" alt=\"Images vectorielles gratuites de Livre\" width=\"46\" height=\"60\" \/><\/td>\n<td>\n<h3><a href=\"https:\/\/cscharlevoix.sharepoint.com\/:f:\/s\/serviceseducatifs\/EltHWyHsdONJnXtKNM5L1gUBesl82jSlVt26Q8GQDsEQtg?e=AO2fiJ\" target=\"_blank\" rel=\"noopener\">R\u00e9sum\u00e9s de lecture<\/a><\/h3>\n<\/td>\n<\/tr>\n<tr>\n<td style=\"text-align: center; vertical-align: middle;\"><img loading=\"lazy\" decoding=\"async\" class=\"alignnone wp-image-13743\" src=\"https:\/\/educharlevoix.ca\/cse\/wp-content\/uploads\/2021\/06\/iconfinder-contat-us-31write-4211859_115070-300x300.png\" alt=\"\" width=\"55\" height=\"55\" srcset=\"https:\/\/educharlevoix.ca\/cse\/wp-content\/uploads\/2021\/06\/iconfinder-contat-us-31write-4211859_115070-300x300.png 300w, https:\/\/educharlevoix.ca\/cse\/wp-content\/uploads\/2021\/06\/iconfinder-contat-us-31write-4211859_115070-150x150.png 150w, https:\/\/educharlevoix.ca\/cse\/wp-content\/uploads\/2021\/06\/iconfinder-contat-us-31write-4211859_115070.png 512w\" sizes=\"auto, (max-width: 55px) 100vw, 55px\" \/><\/td>\n<td>\n<h3><a href=\"https:\/\/www.idm314.org\/2023-comic-challenge-gallery#d\/2\" target=\"_blank\" rel=\"noopener\">Bandes dessin\u00e9es math\u00e9matiques comiques\u00a0<\/a><\/h3>\n<\/td>\n<\/tr>\n<tr>\n<td style=\"text-align: center; vertical-align: middle;\"><img loading=\"lazy\" decoding=\"async\" class=\"alignnone wp-image-16390\" src=\"https:\/\/educharlevoix.ca\/cse\/wp-content\/uploads\/2025\/02\/Logo-2021_EB-noir-couleur-300x75.png\" alt=\"\" width=\"88\" height=\"22\" srcset=\"https:\/\/educharlevoix.ca\/cse\/wp-content\/uploads\/2025\/02\/Logo-2021_EB-noir-couleur-300x75.png 300w, https:\/\/educharlevoix.ca\/cse\/wp-content\/uploads\/2025\/02\/Logo-2021_EB-noir-couleur-768x193.png 768w, https:\/\/educharlevoix.ca\/cse\/wp-content\/uploads\/2025\/02\/Logo-2021_EB-noir-couleur.png 865w\" sizes=\"auto, (max-width: 88px) 100vw, 88px\" \/><\/td>\n<td>\n<h3><a href=\"https:\/\/ecolebranchee.com\/desmos-polypad\/?fbclid=IwY2xjawIcNCdleHRuA2FlbQIxMAABHaaw0_Hqnsn_EtOQsT7VslWU0UIx_7lBAr6ILA2mSh7A-eYhyWnRPIPsyg_aem_dgYzM0AY9yOg4k0rKa4duA#repertoire-dactivites-en-francais\" target=\"_blank\" rel=\"noopener\">Activit\u00e9s francophones utilisant Desmos Classroom et Polypad<\/a><\/h3>\n<\/td>\n<\/tr>\n<tr>\n<td style=\"text-align: center; vertical-align: middle;\"><\/td>\n<td>\n<h3><\/h3>\n<\/td>\n<\/tr>\n<\/tbody>\n<\/table>\n<h2><\/h2>\n<h2><\/h2>\n<h2><\/h2>\n<h2><\/h2>\n<h2><\/h2>\n<h2><\/h2>\n<h2><\/h2>\n<h2><\/h2>\n<h2><\/h2>\n<h2><\/h2>\n<h2><\/h2>\n<h2><\/h2>\n<h2><\/h2>\n<h2><\/h2>\n<h2><\/h2>\n<h2><\/h2>\n<h2><\/h2>\n<h2><\/h2>\n<h2><\/h2>\n<h2><\/h2>\n<h2><\/h2>\n<h2><\/h2>\n<h2><span style=\"color: #000080;\">Science<\/span><\/h2>\n<table>\n<tbody>\n<tr>\n<td style=\"text-align: center; vertical-align: middle;\"><img loading=\"lazy\" decoding=\"async\" class=\"alignnone wp-image-16122\" src=\"https:\/\/educharlevoix.ca\/cse\/wp-content\/uploads\/2024\/04\/knowledge_education_online_hands_on_project_based_learning_business_icon_262291-300x300.png\" alt=\"\" width=\"57\" height=\"57\" srcset=\"https:\/\/educharlevoix.ca\/cse\/wp-content\/uploads\/2024\/04\/knowledge_education_online_hands_on_project_based_learning_business_icon_262291-300x300.png 300w, https:\/\/educharlevoix.ca\/cse\/wp-content\/uploads\/2024\/04\/knowledge_education_online_hands_on_project_based_learning_business_icon_262291-150x150.png 150w, https:\/\/educharlevoix.ca\/cse\/wp-content\/uploads\/2024\/04\/knowledge_education_online_hands_on_project_based_learning_business_icon_262291.png 512w\" sizes=\"auto, (max-width: 57px) 100vw, 57px\" \/><\/td>\n<td>\n<h3><a href=\"https:\/\/view.genially.com\/674f07de8976a95cf488b5a2\/interactive-content-activites-eclairs-en-science\" target=\"_blank\" rel=\"noopener\">Activit\u00e9s \u00c9CLAIR en science<\/a><\/h3>\n<\/td>\n<\/tr>\n<tr>\n<td style=\"text-align: center; vertical-align: middle;\"><img loading=\"lazy\" decoding=\"async\" class=\"alignnone wp-image-13743\" src=\"https:\/\/educharlevoix.ca\/cse\/wp-content\/uploads\/2021\/06\/iconfinder-contat-us-31write-4211859_115070-300x300.png\" alt=\"\" width=\"43\" height=\"43\" srcset=\"https:\/\/educharlevoix.ca\/cse\/wp-content\/uploads\/2021\/06\/iconfinder-contat-us-31write-4211859_115070-300x300.png 300w, https:\/\/educharlevoix.ca\/cse\/wp-content\/uploads\/2021\/06\/iconfinder-contat-us-31write-4211859_115070-150x150.png 150w, https:\/\/educharlevoix.ca\/cse\/wp-content\/uploads\/2021\/06\/iconfinder-contat-us-31write-4211859_115070.png 512w\" sizes=\"auto, (max-width: 43px) 100vw, 43px\" \/><\/td>\n<td>\n<h3><a href=\"https:\/\/cscharlevoix.sharepoint.com\/:f:\/s\/serviceseducatifs\/EiyiEePDIFRFlCkceyvGQNgBpB1K8V6yYRfAlCUM7ROz6g?e=G5m7pB\" target=\"_blank\" rel=\"noopener\">Guide de r\u00e9daction d&rsquo;un rapport de laboratoire<\/a><\/h3>\n<\/td>\n<\/tr>\n<tr>\n<td style=\"text-align: center; vertical-align: middle;\"><a href=\"https:\/\/prisme.aestq.org\/\" target=\"_blank\" rel=\"noopener\"><img loading=\"lazy\" decoding=\"async\" class=\"alignnone wp-image-13770\" src=\"https:\/\/educharlevoix.ca\/cse\/wp-content\/uploads\/2021\/07\/prisme-logo-aestq-300x90.png\" alt=\"\" width=\"47\" height=\"14\" srcset=\"https:\/\/educharlevoix.ca\/cse\/wp-content\/uploads\/2021\/07\/prisme-logo-aestq-300x90.png 300w, https:\/\/educharlevoix.ca\/cse\/wp-content\/uploads\/2021\/07\/prisme-logo-aestq.png 640w\" sizes=\"auto, (max-width: 47px) 100vw, 47px\" \/><\/a><\/td>\n<td>\n<h3><a href=\"https:\/\/prisme.aestq.org\/\" target=\"_blank\" rel=\"noopener\">Prisme: Un site d&rsquo;activit\u00e9s p\u00e9dagogiques en science et technologie<\/a><br \/>\nEn maintenance<\/h3>\n<\/td>\n<\/tr>\n<tr>\n<td style=\"text-align: center; vertical-align: middle;\"><a href=\"https:\/\/prisme.aestq.org\/\" target=\"_blank\" rel=\"noopener\"><img loading=\"lazy\" decoding=\"async\" class=\"alignnone wp-image-13771\" src=\"https:\/\/educharlevoix.ca\/cse\/wp-content\/uploads\/2021\/07\/phet-300x300.png\" alt=\"\" width=\"49\" height=\"49\" srcset=\"https:\/\/educharlevoix.ca\/cse\/wp-content\/uploads\/2021\/07\/phet-300x300.png 300w, https:\/\/educharlevoix.ca\/cse\/wp-content\/uploads\/2021\/07\/phet-150x150.png 150w, https:\/\/educharlevoix.ca\/cse\/wp-content\/uploads\/2021\/07\/phet.png 512w\" sizes=\"auto, (max-width: 49px) 100vw, 49px\" \/><\/a><\/td>\n<td>\n<h3><a href=\"https:\/\/prisme.aestq.org\/\" target=\"_blank\" rel=\"noopener\">Simulations interactives pour les sciences et les maths<\/a><\/h3>\n<\/td>\n<\/tr>\n<tr>\n<td style=\"text-align: center; vertical-align: middle;\"><a href=\"https:\/\/www.facebook.com\/groups\/142665533763850\" target=\"_blank\" rel=\"noopener\"><img loading=\"lazy\" decoding=\"async\" class=\"wp-image-13764 aligncenter\" src=\"https:\/\/educharlevoix.ca\/cse\/wp-content\/uploads\/2021\/07\/social_facebook_box_blue_256_30649.png\" alt=\"\" width=\"50\" height=\"50\" srcset=\"https:\/\/educharlevoix.ca\/cse\/wp-content\/uploads\/2021\/07\/social_facebook_box_blue_256_30649.png 256w, https:\/\/educharlevoix.ca\/cse\/wp-content\/uploads\/2021\/07\/social_facebook_box_blue_256_30649-150x150.png 150w\" sizes=\"auto, (max-width: 50px) 100vw, 50px\" \/><\/a><\/td>\n<td>\n<h3><a href=\"https:\/\/www.facebook.com\/groups\/142665533763850\" target=\"_blank\" rel=\"noopener\">Groupe &lsquo;Science et technologie &#8211; \u00c9change et collaboration entre p\u00e9dagogues motiv\u00e9s!&rsquo;<\/a><\/h3>\n<\/td>\n<\/tr>\n<tr>\n<td style=\"text-align: center; vertical-align: middle;\"><a href=\"https:\/\/www.facebook.com\/groups\/209722865846625\" target=\"_blank\" rel=\"noopener\"><img loading=\"lazy\" decoding=\"async\" class=\"wp-image-13764 aligncenter\" src=\"https:\/\/educharlevoix.ca\/cse\/wp-content\/uploads\/2021\/07\/social_facebook_box_blue_256_30649.png\" alt=\"\" width=\"45\" height=\"45\" srcset=\"https:\/\/educharlevoix.ca\/cse\/wp-content\/uploads\/2021\/07\/social_facebook_box_blue_256_30649.png 256w, https:\/\/educharlevoix.ca\/cse\/wp-content\/uploads\/2021\/07\/social_facebook_box_blue_256_30649-150x150.png 150w\" sizes=\"auto, (max-width: 45px) 100vw, 45px\" \/><\/a><\/td>\n<td>\n<h3><a href=\"https:\/\/www.facebook.com\/groups\/209722865846625\" target=\"_blank\" rel=\"noopener\">Groupe &lsquo;Science \/ Math secondaire (Qu\u00e9bec) + TIC&rsquo;<\/a><\/h3>\n<\/td>\n<\/tr>\n<tr>\n<td style=\"text-align: center; vertical-align: middle;\"><a href=\"https:\/\/cscharlevoix.sharepoint.com\/:f:\/s\/serviceseducatifs\/EhMEyWJZKGZDjhLues8J2U0BNMP8ht7Ekhfmwc9_SGmA8w?e=utxo8t\" target=\"_blank\" rel=\"noopener\"><img loading=\"lazy\" decoding=\"async\" class=\"wp-image-15395 aligncenter\" src=\"https:\/\/educharlevoix.ca\/cse\/wp-content\/uploads\/2022\/11\/Compass_31100.png\" alt=\"\" width=\"71\" height=\"71\" srcset=\"https:\/\/educharlevoix.ca\/cse\/wp-content\/uploads\/2022\/11\/Compass_31100.png 256w, https:\/\/educharlevoix.ca\/cse\/wp-content\/uploads\/2022\/11\/Compass_31100-150x150.png 150w\" sizes=\"auto, (max-width: 71px) 100vw, 71px\" \/><\/a><\/td>\n<td>\n<h3><a href=\"https:\/\/cscharlevoix.sharepoint.com\/:f:\/s\/serviceseducatifs\/EhMEyWJZKGZDjhLues8J2U0BNMP8ht7Ekhfmwc9_SGmA8w?e=utxo8t\" target=\"_blank\" rel=\"noopener\">Projets techno 1er cycle\u00a0<\/a><\/h3>\n<\/td>\n<\/tr>\n<tr>\n<td style=\"text-align: center; vertical-align: middle;\"><\/td>\n<td>\n<div>\n<div id=\"h.69f016b53f04c99_26\">\n<div>\n<div tabindex=\"0\" role=\"main\">\n<h3 id=\"h.p_RiajFEw_d_Rw\" dir=\"ltr\"><a href=\"https:\/\/sites.google.com\/csslaval.gouv.qc.ca\/st-lll\/accueil\" target=\"_blank\" rel=\"noopener\">Science et technologie <\/a><br \/>\n<a href=\"https:\/\/sites.google.com\/cslaval.qc.ca\/esauve\/accueil\" target=\"_blank\" rel=\"noopener\">Laval<\/a> &#8211; Laurentides &#8211; Lanaudi\u00e8re<\/h3>\n<\/div>\n<\/div>\n<\/div>\n<\/div>\n<\/td>\n<\/tr>\n<tr>\n<td style=\"text-align: center; vertical-align: middle;\"><\/td>\n<td>\n<div>\n<div>\n<div>\n<div tabindex=\"0\" role=\"main\">\n<h3 dir=\"ltr\"><a href=\"https:\/\/recitmst.qc.ca\/Desmos-en-Science-et-technologie-1987\" target=\"_blank\" rel=\"noopener\">Desmos en Science et technologie<\/a><\/h3>\n<\/div>\n<\/div>\n<\/div>\n<\/div>\n<\/td>\n<\/tr>\n<tr>\n<td style=\"text-align: center; vertical-align: middle;\"><img loading=\"lazy\" decoding=\"async\" class=\"alignnone wp-image-15778\" src=\"https:\/\/educharlevoix.ca\/cse\/wp-content\/uploads\/2023\/09\/hand_tool_tools_work_building_repair_construction_construction_tools-91_icon-icons.com_60418.png\" alt=\"\" width=\"37\" height=\"37\" \/><\/td>\n<td>\n<div tabindex=\"0\" role=\"main\">\n<h4 class=\"h2 m-0\"><a href=\"https:\/\/campus.recit.qc.ca\/course\/view.php?id=625\" target=\"_blank\" rel=\"noopener\">Formation : S\u00e9curit\u00e9 dans le laboratoire cr\u00e9atif et la salle machines-outils<\/a><\/h4>\n<\/div>\n<\/td>\n<\/tr>\n<\/tbody>\n<\/table>\n<p>[\/vc_column_text][\/vc_column][\/vc_row]<\/p>\n<\/div>","protected":false},"excerpt":{"rendered":"<p>[vc_row][vc_column][vc_column_text css=\u00a0\u00bb\u00a0\u00bb] \u200b Diff\u00e9renciation p\u00e9dagogique &#8211; Math\u00e9matique au secondaire Activit\u00e9s Excel \u00e0 faire en classe\u00a0 Service national des domaines de la math\u00e9matique, de la science et technologie GRMS R\u00e9pertoire de SA\u00c9 en math\u00e9matiques Math\u00e9matique \u00c9valuer autrement en math\u00e9matique Groupe des &hellip; <\/p>\n","protected":false},"author":7,"featured_media":0,"parent":0,"menu_order":0,"comment_status":"closed","ping_status":"closed","template":"","meta":{"cybocfi_hide_featured_image":"","footnotes":""},"categories":[],"tags":[],"class_list":["post-13758","page","type-page","status-publish","hentry"],"_links":{"self":[{"href":"https:\/\/educharlevoix.ca\/cse\/wp-json\/wp\/v2\/pages\/13758","targetHints":{"allow":["GET"]}}],"collection":[{"href":"https:\/\/educharlevoix.ca\/cse\/wp-json\/wp\/v2\/pages"}],"about":[{"href":"https:\/\/educharlevoix.ca\/cse\/wp-json\/wp\/v2\/types\/page"}],"author":[{"embeddable":true,"href":"https:\/\/educharlevoix.ca\/cse\/wp-json\/wp\/v2\/users\/7"}],"replies":[{"embeddable":true,"href":"https:\/\/educharlevoix.ca\/cse\/wp-json\/wp\/v2\/comments?post=13758"}],"version-history":[{"count":19,"href":"https:\/\/educharlevoix.ca\/cse\/wp-json\/wp\/v2\/pages\/13758\/revisions"}],"predecessor-version":[{"id":16521,"href":"https:\/\/educharlevoix.ca\/cse\/wp-json\/wp\/v2\/pages\/13758\/revisions\/16521"}],"wp:attachment":[{"href":"https:\/\/educharlevoix.ca\/cse\/wp-json\/wp\/v2\/media?parent=13758"}],"wp:term":[{"taxonomy":"category","embeddable":true,"href":"https:\/\/educharlevoix.ca\/cse\/wp-json\/wp\/v2\/categories?post=13758"},{"taxonomy":"post_tag","embeddable":true,"href":"https:\/\/educharlevoix.ca\/cse\/wp-json\/wp\/v2\/tags?post=13758"}],"curies":[{"name":"wp","href":"https:\/\/api.w.org\/{rel}","templated":true}]}}