{"id":13791,"date":"2021-08-13T11:36:27","date_gmt":"2021-08-13T15:36:27","guid":{"rendered":"https:\/\/educharlevoix.ca\/cse\/?page_id=13791"},"modified":"2022-08-16T10:47:06","modified_gmt":"2022-08-16T14:47:06","slug":"deficience-intellectuelle","status":"publish","type":"page","link":"https:\/\/educharlevoix.ca\/cse\/deficience-intellectuelle\/","title":{"rendered":"D\u00e9ficience intellectuelle"},"content":{"rendered":"<h3>Cliquez sur l\u2019ic\u00f4ne ou sur le titre pour acc\u00e9der au contenu.<\/h3>\n<table style=\"height: 73px;\" width=\"363\">\n<tbody>\n<tr>\n<td><a href=\"https:\/\/cscharlevoix.sharepoint.com\/:f:\/s\/serviceseducatifs\/EhXCvkoUZB5Djav8Bw3kwuUBUsJ8PypaNLDzssQ199r5_Q?e=YiFGvQ\" target=\"_blank\" rel=\"noopener\"><img loading=\"lazy\" decoding=\"async\" class=\"wp-image-13934 aligncenter\" src=\"https:\/\/educharlevoix.ca\/cse\/wp-content\/uploads\/2021\/09\/stage_dynamic_process_phase_procedure_coronavirus_contagion_pandemia_icon_141080-300x300.png\" alt=\"\" width=\"58\" height=\"58\" srcset=\"https:\/\/educharlevoix.ca\/cse\/wp-content\/uploads\/2021\/09\/stage_dynamic_process_phase_procedure_coronavirus_contagion_pandemia_icon_141080-300x300.png 300w, https:\/\/educharlevoix.ca\/cse\/wp-content\/uploads\/2021\/09\/stage_dynamic_process_phase_procedure_coronavirus_contagion_pandemia_icon_141080-150x150.png 150w, https:\/\/educharlevoix.ca\/cse\/wp-content\/uploads\/2021\/09\/stage_dynamic_process_phase_procedure_coronavirus_contagion_pandemia_icon_141080.png 512w\" sizes=\"auto, (max-width: 58px) 100vw, 58px\" \/><\/a><\/td>\n<td>\n<h3><a href=\"https:\/\/cscharlevoix.sharepoint.com\/:f:\/s\/serviceseducatifs\/EhXCvkoUZB5Djav8Bw3kwuUBUsJ8PypaNLDzssQ199r5_Q?e=YiFGvQ\" target=\"_blank\" rel=\"noopener\">CAPS versus D\u00c9FIS<\/a><\/h3>\n<\/td>\n<\/tr>\n<\/tbody>\n<\/table>\n","protected":false},"excerpt":{"rendered":"<p>Cliquez sur l\u2019ic\u00f4ne ou sur le titre pour acc\u00e9der au contenu. CAPS versus D\u00c9FIS<\/p>\n","protected":false},"author":7,"featured_media":0,"parent":0,"menu_order":0,"comment_status":"closed","ping_status":"closed","template":"","meta":{"cybocfi_hide_featured_image":"","footnotes":""},"categories":[5],"tags":[],"class_list":["post-13791","page","type-page","status-publish","hentry","category-deficience-intellectuelle"],"_links":{"self":[{"href":"https:\/\/educharlevoix.ca\/cse\/wp-json\/wp\/v2\/pages\/13791","targetHints":{"allow":["GET"]}}],"collection":[{"href":"https:\/\/educharlevoix.ca\/cse\/wp-json\/wp\/v2\/pages"}],"about":[{"href":"https:\/\/educharlevoix.ca\/cse\/wp-json\/wp\/v2\/types\/page"}],"author":[{"embeddable":true,"href":"https:\/\/educharlevoix.ca\/cse\/wp-json\/wp\/v2\/users\/7"}],"replies":[{"embeddable":true,"href":"https:\/\/educharlevoix.ca\/cse\/wp-json\/wp\/v2\/comments?post=13791"}],"version-history":[{"count":1,"href":"https:\/\/educharlevoix.ca\/cse\/wp-json\/wp\/v2\/pages\/13791\/revisions"}],"predecessor-version":[{"id":14828,"href":"https:\/\/educharlevoix.ca\/cse\/wp-json\/wp\/v2\/pages\/13791\/revisions\/14828"}],"wp:attachment":[{"href":"https:\/\/educharlevoix.ca\/cse\/wp-json\/wp\/v2\/media?parent=13791"}],"wp:term":[{"taxonomy":"category","embeddable":true,"href":"https:\/\/educharlevoix.ca\/cse\/wp-json\/wp\/v2\/categories?post=13791"},{"taxonomy":"post_tag","embeddable":true,"href":"https:\/\/educharlevoix.ca\/cse\/wp-json\/wp\/v2\/tags?post=13791"}],"curies":[{"name":"wp","href":"https:\/\/api.w.org\/{rel}","templated":true}]}}