{"id":13796,"date":"2021-08-13T12:00:22","date_gmt":"2021-08-13T16:00:22","guid":{"rendered":"https:\/\/educharlevoix.ca\/cse\/?page_id=13796"},"modified":"2023-09-20T14:23:43","modified_gmt":"2023-09-20T18:23:43","slug":"douance","status":"publish","type":"page","link":"https:\/\/educharlevoix.ca\/cse\/douance\/","title":{"rendered":"Douance"},"content":{"rendered":"<h3><\/h3>\n<table style=\"height: 67px;\" width=\"610\">\n<tbody>\n<tr>\n<td style=\"text-align: center;\"><a href=\"https:\/\/cscharlevoix.sharepoint.com\/:b:\/r\/sites\/serviceseducatifs\/Documents%20partages\/Adaptation%20scolaire-Inclusion\/Besoins%20particuliers-HDAA\/Douance\/Cadre%20de%20r%C3%A9f%C3%A9rence.pdf?csf=1&amp;web=1&amp;e=Y84vFJ\" target=\"_blank\" rel=\"noopener\"><img loading=\"lazy\" decoding=\"async\" class=\"wp-image-13943 aligncenter\" src=\"https:\/\/educharlevoix.ca\/cse\/wp-content\/uploads\/2021\/09\/iconfinder-settings-4341324_120534-300x300.png\" alt=\"\" width=\"59\" height=\"59\" srcset=\"https:\/\/educharlevoix.ca\/cse\/wp-content\/uploads\/2021\/09\/iconfinder-settings-4341324_120534-300x300.png 300w, https:\/\/educharlevoix.ca\/cse\/wp-content\/uploads\/2021\/09\/iconfinder-settings-4341324_120534-150x150.png 150w, https:\/\/educharlevoix.ca\/cse\/wp-content\/uploads\/2021\/09\/iconfinder-settings-4341324_120534.png 512w\" sizes=\"auto, (max-width: 59px) 100vw, 59px\" \/><\/a><\/td>\n<td>\n<h2><a href=\"https:\/\/cscharlevoix.sharepoint.com\/:b:\/r\/sites\/serviceseducatifs\/Documents%20partages\/Adaptation%20scolaire-Inclusion\/Besoins%20particuliers-HDAA\/Douance\/Cadre%20de%20r%C3%A9f%C3%A9rence.pdf?csf=1&amp;web=1&amp;e=Y84vFJ\" target=\"_blank\" rel=\"noopener\">Cadre de r\u00e9f\u00e9rence sur les \u00e9l\u00e8ves potentiellement dou\u00e9s<\/a><\/h2>\n<\/td>\n<\/tr>\n<tr>\n<td style=\"text-align: center;\"><a href=\"https:\/\/cscharlevoix.sharepoint.com\/:f:\/s\/serviceseducatifs\/Et8yD3kVIvdKmmAC_J5fKEMB0u28Vab0QpvPy7NSTJ9JYg?e=KqXmcQ\" target=\"_blank\" rel=\"noopener\"><img loading=\"lazy\" decoding=\"async\" class=\" wp-image-14137 aligncenter\" src=\"https:\/\/educharlevoix.ca\/cse\/wp-content\/uploads\/2021\/12\/noun-page-579379-300x300.png\" alt=\"\" width=\"86\" height=\"86\" srcset=\"https:\/\/educharlevoix.ca\/cse\/wp-content\/uploads\/2021\/12\/noun-page-579379-300x300.png 300w, https:\/\/educharlevoix.ca\/cse\/wp-content\/uploads\/2021\/12\/noun-page-579379-150x150.png 150w, https:\/\/educharlevoix.ca\/cse\/wp-content\/uploads\/2021\/12\/noun-page-579379.png 700w\" sizes=\"auto, (max-width: 86px) 100vw, 86px\" \/><\/a><\/td>\n<td>\n<h2><a href=\"https:\/\/cscharlevoix.sharepoint.com\/:f:\/s\/serviceseducatifs\/Et8yD3kVIvdKmmAC_J5fKEMB0u28Vab0QpvPy7NSTJ9JYg?e=KqXmcQ\" target=\"_blank\" rel=\"noopener\">Annexes du cadre de r\u00e9f\u00e9rence<\/a><\/h2>\n<\/td>\n<\/tr>\n<tr>\n<td style=\"text-align: center;\">\n<h2><a href=\"https:\/\/cscharlevoix.sharepoint.com\/:b:\/s\/serviceseducatifs\/EaEkf6e37KRMki-R8HfEaC8Bn6rssp38dIDYU0nnjXiIcA?e=2eoevQ\" target=\"_blank\" rel=\"noopener\"><img loading=\"lazy\" decoding=\"async\" class=\"wp-image-13942 aligncenter\" src=\"https:\/\/educharlevoix.ca\/cse\/wp-content\/uploads\/2021\/09\/loupe_78956-300x300.png\" alt=\"\" width=\"62\" height=\"62\" srcset=\"https:\/\/educharlevoix.ca\/cse\/wp-content\/uploads\/2021\/09\/loupe_78956-300x300.png 300w, https:\/\/educharlevoix.ca\/cse\/wp-content\/uploads\/2021\/09\/loupe_78956-150x150.png 150w, https:\/\/educharlevoix.ca\/cse\/wp-content\/uploads\/2021\/09\/loupe_78956.png 512w\" sizes=\"auto, (max-width: 62px) 100vw, 62px\" \/><\/a><\/h2>\n<\/td>\n<td>\n<h2><a href=\"https:\/\/cscharlevoix.sharepoint.com\/:f:\/s\/serviceseducatifs\/EpJ2apR63dVOsoHQLoUGANYBxOoVh4AH-98W6w7F3mYwlA?e=KchXgt\" target=\"_blank\" rel=\"noopener\">Infographies<\/a><\/h2>\n<\/td>\n<\/tr>\n<tr>\n<td style=\"text-align: center; vertical-align: middle;\"><a href=\"https:\/\/cscharlevoix.sharepoint.com\/:x:\/s\/serviceseducatifs\/ERtJTzYKnJxIhjmPE8hr_F4BEZZ3sZUpfh0-0ZJJEfTYaQ?e=UG0wGX\" target=\"_blank\" rel=\"noopener\"><img loading=\"lazy\" decoding=\"async\" class=\"alignnone wp-image-13595\" src=\"https:\/\/educharlevoix.ca\/cse\/wp-content\/uploads\/2021\/03\/3592870-brochure-document-menu-note-office-page-papers_107750-300x300.png\" alt=\"\" width=\"40\" height=\"40\" srcset=\"https:\/\/educharlevoix.ca\/cse\/wp-content\/uploads\/2021\/03\/3592870-brochure-document-menu-note-office-page-papers_107750-300x300.png 300w, https:\/\/educharlevoix.ca\/cse\/wp-content\/uploads\/2021\/03\/3592870-brochure-document-menu-note-office-page-papers_107750-150x150.png 150w, https:\/\/educharlevoix.ca\/cse\/wp-content\/uploads\/2021\/03\/3592870-brochure-document-menu-note-office-page-papers_107750.png 512w\" sizes=\"auto, (max-width: 40px) 100vw, 40px\" \/><\/a><\/td>\n<td>\n<h2><a href=\"https:\/\/cscharlevoix.sharepoint.com\/:x:\/s\/serviceseducatifs\/ERtJTzYKnJxIhjmPE8hr_F4BEZZ3sZUpfh0-0ZJJEfTYaQ?e=UG0wGX\" target=\"_blank\" rel=\"noopener\">Livres sur la douance<\/a><\/h2>\n<\/td>\n<\/tr>\n<\/tbody>\n<\/table>\n","protected":false},"excerpt":{"rendered":"<p>Cadre de r\u00e9f\u00e9rence sur les \u00e9l\u00e8ves potentiellement dou\u00e9s Annexes du cadre de r\u00e9f\u00e9rence Infographies Livres sur la douance<\/p>\n","protected":false},"author":7,"featured_media":0,"parent":0,"menu_order":0,"comment_status":"closed","ping_status":"closed","template":"","meta":{"cybocfi_hide_featured_image":"","footnotes":""},"categories":[3],"tags":[],"class_list":["post-13796","page","type-page","status-publish","hentry","category-douance"],"_links":{"self":[{"href":"https:\/\/educharlevoix.ca\/cse\/wp-json\/wp\/v2\/pages\/13796","targetHints":{"allow":["GET"]}}],"collection":[{"href":"https:\/\/educharlevoix.ca\/cse\/wp-json\/wp\/v2\/pages"}],"about":[{"href":"https:\/\/educharlevoix.ca\/cse\/wp-json\/wp\/v2\/types\/page"}],"author":[{"embeddable":true,"href":"https:\/\/educharlevoix.ca\/cse\/wp-json\/wp\/v2\/users\/7"}],"replies":[{"embeddable":true,"href":"https:\/\/educharlevoix.ca\/cse\/wp-json\/wp\/v2\/comments?post=13796"}],"version-history":[{"count":3,"href":"https:\/\/educharlevoix.ca\/cse\/wp-json\/wp\/v2\/pages\/13796\/revisions"}],"predecessor-version":[{"id":15808,"href":"https:\/\/educharlevoix.ca\/cse\/wp-json\/wp\/v2\/pages\/13796\/revisions\/15808"}],"wp:attachment":[{"href":"https:\/\/educharlevoix.ca\/cse\/wp-json\/wp\/v2\/media?parent=13796"}],"wp:term":[{"taxonomy":"category","embeddable":true,"href":"https:\/\/educharlevoix.ca\/cse\/wp-json\/wp\/v2\/categories?post=13796"},{"taxonomy":"post_tag","embeddable":true,"href":"https:\/\/educharlevoix.ca\/cse\/wp-json\/wp\/v2\/tags?post=13796"}],"curies":[{"name":"wp","href":"https:\/\/api.w.org\/{rel}","templated":true}]}}