{"id":13846,"date":"2021-09-03T11:50:39","date_gmt":"2021-09-03T15:50:39","guid":{"rendered":"https:\/\/educharlevoix.ca\/cse\/?page_id=13846"},"modified":"2025-02-13T13:27:20","modified_gmt":"2025-02-13T18:27:20","slug":"je-veux-me-former","status":"publish","type":"page","link":"https:\/\/educharlevoix.ca\/cse\/je-veux-me-former\/","title":{"rendered":"Je veux me former"},"content":{"rendered":"<h3><img loading=\"lazy\" decoding=\"async\" class=\"alignnone size-full wp-image-13841\" src=\"https:\/\/educharlevoix.ca\/cse\/wp-content\/uploads\/2021\/09\/2.png\" alt=\"\" width=\"300\" height=\"200\" \/><\/h3>\n<h3><span style=\"color: #000000;\">Cliquez sur les ic\u00f4nes ou les titres pour acc\u00e9der au contenu \u00e0 consulter.<\/span><\/h3>\n<table style=\"height: 223px;\" width=\"878\">\n<tbody>\n<tr>\n<td style=\"text-align: center; vertical-align: middle;\"><a href=\"https:\/\/cscharlevoix.sharepoint.com\/:f:\/r\/sites\/serviceseducatifs\/Documents%20partages\/Formations\/2023-2024\/10-01-2024%20L%27intelligence%20artificielle?csf=1&amp;web=1&amp;e=v31aOL\" target=\"_blank\" rel=\"noopener\"><img loading=\"lazy\" decoding=\"async\" class=\"alignnone wp-image-13700\" src=\"https:\/\/educharlevoix.ca\/cse\/wp-content\/uploads\/2020\/12\/CSSCharlevoix-1.png\" alt=\"\" width=\"125\" height=\"54\" \/><\/a><\/td>\n<td>\n<h3><a href=\"https:\/\/cscharlevoix.sharepoint.com\/:f:\/r\/sites\/serviceseducatifs\/Documents%20partages\/Formations\/2024-2025\/Formation%20temp%C3%AAte%20%232%20-%20Canva%20(base%20et%20avanc%C3%A9)?csf=1&amp;web=1&amp;e=HRVqQC\" target=\"_blank\" rel=\"noopener\">Formation temp\u00eate &#8211; Canva<span class=\"OYPEnA font-feature-liga-off font-feature-clig-off font-feature-calt-off text-decoration-none text-strikethrough-none\"> &#8211; 13 f\u00e9vrier 2025<\/span><\/a><\/h3>\n<\/td>\n<\/tr>\n<tr>\n<td style=\"text-align: center; vertical-align: middle;\"><a href=\"https:\/\/cscharlevoix.sharepoint.com\/:f:\/r\/sites\/serviceseducatifs\/Documents%20partages\/Formations\/2023-2024\/10-01-2024%20L%27intelligence%20artificielle?csf=1&amp;web=1&amp;e=v31aOL\" target=\"_blank\" rel=\"noopener\"><img loading=\"lazy\" decoding=\"async\" class=\"alignnone wp-image-13700\" src=\"https:\/\/educharlevoix.ca\/cse\/wp-content\/uploads\/2020\/12\/CSSCharlevoix-1.png\" alt=\"\" width=\"125\" height=\"54\" \/><\/a><\/td>\n<td>\n<h3><a href=\"https:\/\/www.canva.com\/design\/DAGYWbbij1U\/47SnJXkfT5snrmtVIxAIOw\/edit?utm_content=DAGYWbbij1U&amp;utm_campaign=designshare&amp;utm_medium=link2&amp;utm_source=sharebutton\" target=\"_blank\" rel=\"noopener\">Formation temp\u00eate &#8211; <span class=\"OYPEnA font-feature-liga-off font-feature-clig-off font-feature-calt-off text-decoration-none text-strikethrough-none\">L\u2019IAG et l\u2019enseignement &#8211; 5 d\u00e9cembre 2024<\/span><\/a><\/h3>\n<\/td>\n<\/tr>\n<tr>\n<td style=\"text-align: center; vertical-align: middle;\"><a href=\"https:\/\/cscharlevoix.sharepoint.com\/:f:\/r\/sites\/serviceseducatifs\/Documents%20partages\/Formations\/2023-2024\/10-01-2024%20L%27intelligence%20artificielle?csf=1&amp;web=1&amp;e=v31aOL\" target=\"_blank\" rel=\"noopener\"><img loading=\"lazy\" decoding=\"async\" class=\"alignnone wp-image-13700\" src=\"https:\/\/educharlevoix.ca\/cse\/wp-content\/uploads\/2020\/12\/CSSCharlevoix-1.png\" alt=\"\" width=\"125\" height=\"54\" \/><\/a><\/td>\n<td>\n<h3><a href=\"https:\/\/cscharlevoix.sharepoint.com\/:f:\/r\/sites\/serviceseducatifs\/Documents%20partages\/Formations\/2023-2024\/10-01-2024%20L%27intelligence%20artificielle?csf=1&amp;web=1&amp;e=v31aOL\" target=\"_blank\" rel=\"noopener\">Formation temp\u00eate &#8211; L&rsquo;intelligence artificielle en \u00e9ducation &#8211; 10 janvier 2024<\/a><\/h3>\n<\/td>\n<\/tr>\n<tr>\n<td style=\"text-align: center; vertical-align: middle;\"><a href=\"https:\/\/www.canva.com\/design\/DAFwH6TuXIA\/463g2GGH4Cj8Ofvy5e7QXA\/view?utm_content=DAFwH6TuXIA&amp;utm_campaign=designshare&amp;utm_medium=link&amp;utm_source=editor\" target=\"_blank\" rel=\"noopener\"><img loading=\"lazy\" decoding=\"async\" class=\"alignnone wp-image-13700\" src=\"https:\/\/educharlevoix.ca\/cse\/wp-content\/uploads\/2020\/12\/CSSCharlevoix-1.png\" alt=\"\" width=\"125\" height=\"54\" \/><\/a><\/td>\n<td>\n<h3><a href=\"https:\/\/www.canva.com\/design\/DAF5Zz3ar38\/YL2ezn0r4D-NpNjByMCtzA\/edit?utm_content=DAF5Zz3ar38&amp;utm_campaign=designshare&amp;utm_medium=link2&amp;utm_source=sharebutton\" target=\"_blank\" rel=\"noopener\"><span style=\"color: #000000;\">Infolettre R\u00e9cit- Sp\u00e9cial IA &#8211; Janvier 2025<\/span><\/a><\/h3>\n<\/td>\n<\/tr>\n<tr>\n<td style=\"text-align: center; vertical-align: middle;\"><a href=\"https:\/\/cscharlevoix.sharepoint.com\/:f:\/r\/sites\/serviceseducatifs\/Documents%20partages\/Num%C3%A9rique\/Infolettre%20R%C3%A9cit\/Infolettres%20ant%C3%A9rieures?csf=1&amp;web=1&amp;e=w7Wgr1\" target=\"_blank\" rel=\"noopener\"><img loading=\"lazy\" decoding=\"async\" class=\"alignnone wp-image-13700\" src=\"https:\/\/educharlevoix.ca\/cse\/wp-content\/uploads\/2020\/12\/CSSCharlevoix-1.png\" alt=\"\" width=\"128\" height=\"55\" \/><\/a><\/td>\n<td>\n<h3><a href=\"https:\/\/cscharlevoix.sharepoint.com\/:f:\/r\/sites\/serviceseducatifs\/Documents%20partages\/Num%C3%A9rique\/Infolettre%20R%C3%A9cit\/Infolettres%20ant%C3%A9rieures?csf=1&amp;web=1&amp;e=w7Wgr1\" target=\"_blank\" rel=\"noopener\"><span style=\"color: #000000;\">Infolettres R\u00e9cit ant\u00e9rieures<\/span><\/a><\/h3>\n<\/td>\n<\/tr>\n<tr>\n<td style=\"text-align: center; vertical-align: middle;\"><img loading=\"lazy\" decoding=\"async\" class=\"alignnone wp-image-13933\" src=\"https:\/\/educharlevoix.ca\/cse\/wp-content\/uploads\/2021\/09\/canva_logo_icon_145428-150x150.png\" alt=\"\" width=\"91\" height=\"91\" srcset=\"https:\/\/educharlevoix.ca\/cse\/wp-content\/uploads\/2021\/09\/canva_logo_icon_145428-150x150.png 150w, https:\/\/educharlevoix.ca\/cse\/wp-content\/uploads\/2021\/09\/canva_logo_icon_145428-300x300.png 300w, https:\/\/educharlevoix.ca\/cse\/wp-content\/uploads\/2021\/09\/canva_logo_icon_145428.png 512w\" sizes=\"auto, (max-width: 91px) 100vw, 91px\" \/><\/td>\n<td>\n<h3><\/h3>\n<h3><a href=\"https:\/\/cscharlevoix.sharepoint.com\/:f:\/s\/serviceseducatifs\/Enor4eQepDtCny0qB-8ZJ4wBF0oCrCLQ7tkOvL88A85NJA?e=2ATloj\" target=\"_blank\" rel=\"noopener\"><span style=\"color: #000000;\">Formation Canva &#8211; Mars 2023 &#8211; Personnel de soutien et cadre<\/span><\/a><br \/>\n<a href=\"https:\/\/www.canva.com\/brand\/join?token=C2pvB5wd6p2DorEKyOryNg&amp;brandingVariant=edu&amp;referrer=team-invite\" target=\"_blank\" rel=\"noopener\">Rejoingez l&rsquo;\u00e9quipe du CSSDC afin d&rsquo;obtenir la version \u00e9ducation gratuite !<\/a><\/h3>\n<\/td>\n<\/tr>\n<tr>\n<td style=\"text-align: center; vertical-align: middle;\"><a href=\"https:\/\/cscharlevoix-my.sharepoint.com\/:w:\/g\/personal\/guillaume_lesperance_cscharlevoix_qc_ca\/EasFeDS2nnVImMbdYDvaII8BtNN1As9caaZZ1fqy7NKMEQ?e=sNWjzT\"><img loading=\"lazy\" decoding=\"async\" class=\"alignnone wp-image-13745\" src=\"https:\/\/educharlevoix.ca\/cse\/wp-content\/uploads\/2021\/06\/click_icon_155646-300x300.png\" alt=\"\" width=\"44\" height=\"44\" srcset=\"https:\/\/educharlevoix.ca\/cse\/wp-content\/uploads\/2021\/06\/click_icon_155646-300x300.png 300w, https:\/\/educharlevoix.ca\/cse\/wp-content\/uploads\/2021\/06\/click_icon_155646-150x150.png 150w, https:\/\/educharlevoix.ca\/cse\/wp-content\/uploads\/2021\/06\/click_icon_155646.png 512w\" sizes=\"auto, (max-width: 44px) 100vw, 44px\" \/><\/a><\/td>\n<td>\n<h3><a href=\"https:\/\/cscharlevoix.sharepoint.com\/:w:\/s\/serviceseducatifs\/ESGsg_ABlnRMhUawxXUZlbEBIfegXaJzLvg3L_hMFVXI3w?e=Rnm51f\" target=\"_blank\" rel=\"noopener\"><span style=\"color: #3366ff;\">Continuum TIC des membres du personnel<\/span><\/a><\/h3>\n<\/td>\n<\/tr>\n<tr>\n<td style=\"text-align: center; vertical-align: middle;\">\n<h2 style=\"text-align: start;\"><a href=\"https:\/\/cscharlevoix.sharepoint.com\/:f:\/r\/sites\/serviceseducatifs\/Documents%20partages\/Num%C3%A9rique\/Proc%C3%A9dures%20et%20applications?csf=1&amp;web=1&amp;e=Tjx5CP\" target=\"_blank\" rel=\"noopener\"><img loading=\"lazy\" decoding=\"async\" class=\"wp-image-15277 aligncenter\" src=\"https:\/\/educharlevoix.ca\/cse\/wp-content\/uploads\/2022\/10\/target_award_medal_icon_149688.png\" alt=\"\" width=\"50\" height=\"50\" \/><\/a><\/h2>\n<\/td>\n<td>\n<h3><a href=\"https:\/\/cscharlevoix.sharepoint.com\/:f:\/r\/sites\/serviceseducatifs\/Documents%20partages\/Num%C3%A9rique\/Proc%C3%A9dures%20et%20applications?csf=1&amp;web=1&amp;e=Tjx5CP\" target=\"_blank\" rel=\"noopener\">Proc\u00e9dures et applications<\/a><\/h3>\n<\/td>\n<\/tr>\n<tr>\n<td style=\"text-align: center; vertical-align: middle;\"><a href=\"https:\/\/cscharlevoix.sharepoint.com\/:f:\/s\/serviceseducatifs\/Et2BF7MXSa5Mvs2IYq2_A20B4NGU4uxFnhEhcde4rXLoUw?e=dXjhnk\" target=\"_blank\" rel=\"noopener\"><img loading=\"lazy\" decoding=\"async\" class=\" wp-image-14339 aligncenter\" src=\"https:\/\/educharlevoix.ca\/cse\/wp-content\/uploads\/2022\/03\/noun-projection-4151287-300x300.png\" alt=\"\" width=\"75\" height=\"75\" srcset=\"https:\/\/educharlevoix.ca\/cse\/wp-content\/uploads\/2022\/03\/noun-projection-4151287-300x300.png 300w, https:\/\/educharlevoix.ca\/cse\/wp-content\/uploads\/2022\/03\/noun-projection-4151287-150x150.png 150w, https:\/\/educharlevoix.ca\/cse\/wp-content\/uploads\/2022\/03\/noun-projection-4151287.png 700w\" sizes=\"auto, (max-width: 75px) 100vw, 75px\" \/><\/a><\/td>\n<td>\n<h3><a href=\"https:\/\/cscharlevoix.sharepoint.com\/:f:\/s\/serviceseducatifs\/Et2BF7MXSa5Mvs2IYq2_A20B4NGU4uxFnhEhcde4rXLoUw?e=dXjhnk\" target=\"_blank\" rel=\"noopener\"><span style=\"color: #000000;\">Polyx50<\/span><\/a><\/h3>\n<\/td>\n<\/tr>\n<tr>\n<td style=\"text-align: center; vertical-align: middle;\"><a href=\"http:\/\/www.education.gouv.qc.ca\/dossiers-thematiques\/plan-daction-numerique\/cadre-de-reference\/\"><img loading=\"lazy\" decoding=\"async\" class=\"wp-image-13577 aligncenter\" src=\"https:\/\/educharlevoix.ca\/cse\/wp-content\/uploads\/2021\/03\/Capture.png\" alt=\"\" width=\"85\" height=\"18\" \/><\/a><\/td>\n<td>\n<h3><a href=\"http:\/\/www.education.gouv.qc.ca\/dossiers-thematiques\/plan-daction-numerique\/cadre-de-reference\/\" target=\"_blank\" rel=\"noopener\"><span style=\"color: #ff9900;\">Cadre de r\u00e9f\u00e9rence de la comp\u00e9tence num\u00e9rique<\/span><\/a><\/h3>\n<\/td>\n<\/tr>\n<tr>\n<td style=\"text-align: center; vertical-align: middle;\"><a href=\"https:\/\/cscharlevoix.sharepoint.com\/:u:\/s\/serviceseducatifs\/EWRSYn6FxutGqqD9LhcM_Z8B5q2n7sBQWCYMQCVcRI099w?e=Z8JD6c\"><img loading=\"lazy\" decoding=\"async\" class=\"wp-image-13579 aligncenter\" src=\"https:\/\/educharlevoix.ca\/cse\/wp-content\/uploads\/2021\/03\/teams_icon_161059.png\" alt=\"\" width=\"49\" height=\"50\" srcset=\"https:\/\/educharlevoix.ca\/cse\/wp-content\/uploads\/2021\/03\/teams_icon_161059.png 251w, https:\/\/educharlevoix.ca\/cse\/wp-content\/uploads\/2021\/03\/teams_icon_161059-150x150.png 150w\" sizes=\"auto, (max-width: 49px) 100vw, 49px\" \/><\/a><\/td>\n<td>\n<h3><a href=\"https:\/\/cscharlevoix.sharepoint.com\/:u:\/s\/serviceseducatifs\/EWRSYn6FxutGqqD9LhcM_Z8B5q2n7sBQWCYMQCVcRI099w?e=Z8JD6c\"><span style=\"color: #3366ff;\">Tutoriels TEAMS : enseignement \u00e0 distance<\/span><\/a><\/h3>\n<\/td>\n<\/tr>\n<tr>\n<td style=\"text-align: center; vertical-align: middle;\">\n<h3><a href=\"https:\/\/cscharlevoix.sharepoint.com\/:f:\/r\/sites\/serviceseducatifs\/Documents%20partages\/Num%C3%A9rique\/P%C3%A9dago%20num%C3%A9rique?csf=1&amp;web=1&amp;e=F81h5a\" target=\"_blank\" rel=\"noopener\"><span style=\"color: #808000;\"><img loading=\"lazy\" decoding=\"async\" class=\"wp-image-13571 aligncenter\" src=\"https:\/\/educharlevoix.ca\/cse\/wp-content\/uploads\/2021\/03\/1458264592_laptop_computer_pc_device_notebook_netbook_internet_icon-icons.com_55334-300x300.png\" alt=\"\" width=\"51\" height=\"51\" srcset=\"https:\/\/educharlevoix.ca\/cse\/wp-content\/uploads\/2021\/03\/1458264592_laptop_computer_pc_device_notebook_netbook_internet_icon-icons.com_55334-300x300.png 300w, https:\/\/educharlevoix.ca\/cse\/wp-content\/uploads\/2021\/03\/1458264592_laptop_computer_pc_device_notebook_netbook_internet_icon-icons.com_55334-150x150.png 150w, https:\/\/educharlevoix.ca\/cse\/wp-content\/uploads\/2021\/03\/1458264592_laptop_computer_pc_device_notebook_netbook_internet_icon-icons.com_55334.png 512w\" sizes=\"auto, (max-width: 51px) 100vw, 51px\" \/><\/span><\/a><\/h3>\n<\/td>\n<td>\n<h3><a href=\"https:\/\/cscharlevoix.sharepoint.com\/:f:\/r\/sites\/serviceseducatifs\/Documents%20partages\/Num%C3%A9rique\/P%C3%A9dago%20num%C3%A9rique?csf=1&amp;web=1&amp;e=F81h5a\" target=\"_blank\" rel=\"noopener\"><span style=\"color: #000000;\">P\u00e9dago num\u00e9rique<\/span><\/a><\/h3>\n<\/td>\n<\/tr>\n<tr>\n<td style=\"text-align: center; vertical-align: middle;\"><a href=\"https:\/\/cscharlevoix.sharepoint.com\/:w:\/r\/sites\/Accompagnateursnumriques620\/_layouts\/15\/Doc.aspx?sourcedoc=%7B7D3411FA-D439-4731-B13F-9CB3F721B35B%7D&amp;file=1.%20CSDC%20-%20Napperon%20sur%20la%20citoyennet%C3%A9%20responsable%20%C3%A0%20l%27%C3%A8re%20du%20num%C3%A9rique.docx&amp;wdOrigin=OFFICECOM-WEB.MAIN.REC&amp;ct=1618588987350&amp;action=default&amp;mobileredirect=true\"><img loading=\"lazy\" decoding=\"async\" class=\"wp-image-13580 aligncenter\" src=\"https:\/\/educharlevoix.ca\/cse\/wp-content\/uploads\/2021\/03\/security_icon_129046-300x300.png\" alt=\"\" width=\"37\" height=\"37\" srcset=\"https:\/\/educharlevoix.ca\/cse\/wp-content\/uploads\/2021\/03\/security_icon_129046-300x300.png 300w, https:\/\/educharlevoix.ca\/cse\/wp-content\/uploads\/2021\/03\/security_icon_129046-150x150.png 150w, https:\/\/educharlevoix.ca\/cse\/wp-content\/uploads\/2021\/03\/security_icon_129046.png 512w\" sizes=\"auto, (max-width: 37px) 100vw, 37px\" \/><\/a><\/td>\n<td>\n<h3><a href=\"https:\/\/cscharlevoix.sharepoint.com\/:w:\/r\/sites\/Accompagnateursnumriques620\/_layouts\/15\/Doc.aspx?sourcedoc=%7B7D3411FA-D439-4731-B13F-9CB3F721B35B%7D&amp;file=1.%20CSDC%20-%20Napperon%20sur%20la%20citoyennet%C3%A9%20responsable%20%C3%A0%20l%27%C3%A8re%20du%20num%C3%A9rique.docx&amp;wdOrigin=OFFICECOM-WEB.MAIN.REC&amp;ct=1618588987350&amp;action=default&amp;mobileredirect=true\"><span style=\"color: #008080;\">Napperon sur la citoyennet\u00e9 responsable \u00e0 l&rsquo;\u00e8re du num\u00e9rique<\/span><\/a><\/h3>\n<\/td>\n<\/tr>\n<tr>\n<td style=\"text-align: center; vertical-align: middle;\"><a href=\"https:\/\/cscharlevoix.sharepoint.com\/:f:\/s\/serviceseducatifs\/EsraQwrtlKVLq8uq6Dq2X1QB_ujRQc5R5cssvsPSGWvLtg?e=nbI6t0\"><img loading=\"lazy\" decoding=\"async\" class=\"wp-image-13581 aligncenter\" src=\"https:\/\/educharlevoix.ca\/cse\/wp-content\/uploads\/2021\/03\/Sensocloud.png\" alt=\"\" width=\"34\" height=\"34\" srcset=\"https:\/\/educharlevoix.ca\/cse\/wp-content\/uploads\/2021\/03\/Sensocloud.png 200w, https:\/\/educharlevoix.ca\/cse\/wp-content\/uploads\/2021\/03\/Sensocloud-150x150.png 150w\" sizes=\"auto, (max-width: 34px) 100vw, 34px\" \/><\/a><\/td>\n<td>\n<h3><a href=\"https:\/\/cscharlevoix.sharepoint.com\/:f:\/s\/serviceseducatifs\/EsraQwrtlKVLq8uq6Dq2X1QB_ujRQc5R5cssvsPSGWvLtg?e=nbI6t0\"><span style=\"color: #808080;\">Senso Cloud<\/span><\/a><\/h3>\n<\/td>\n<\/tr>\n<tr>\n<td style=\"text-align: center; vertical-align: middle;\"><a href=\"https:\/\/ecolebranchee.com\/\"><img loading=\"lazy\" decoding=\"async\" class=\"alignnone wp-image-13890\" src=\"https:\/\/educharlevoix.ca\/cse\/wp-content\/uploads\/2021\/09\/EB-Logo-Carre-300x300.png\" alt=\"\" width=\"38\" height=\"38\" srcset=\"https:\/\/educharlevoix.ca\/cse\/wp-content\/uploads\/2021\/09\/EB-Logo-Carre-300x300.png 300w, https:\/\/educharlevoix.ca\/cse\/wp-content\/uploads\/2021\/09\/EB-Logo-Carre-150x150.png 150w, https:\/\/educharlevoix.ca\/cse\/wp-content\/uploads\/2021\/09\/EB-Logo-Carre.png 350w\" sizes=\"auto, (max-width: 38px) 100vw, 38px\" \/><\/a><\/td>\n<td>\n<h3><a href=\"https:\/\/ecolebranchee.com\/\">\u00c9cole branch\u00e9e<\/a><\/h3>\n<\/td>\n<\/tr>\n<tr>\n<td style=\"text-align: center; vertical-align: middle;\"><a href=\"https:\/\/campus.recit.qc.ca\/\"><img loading=\"lazy\" decoding=\"async\" class=\"alignnone wp-image-13891\" src=\"https:\/\/educharlevoix.ca\/cse\/wp-content\/uploads\/2021\/09\/RECIT_Campus-Recit.png\" alt=\"\" width=\"47\" height=\"20\" \/><\/a><\/td>\n<td>\n<h3><a href=\"https:\/\/campus.recit.qc.ca\/\">Campus R\u00c9CIT<\/a><\/h3>\n<\/td>\n<\/tr>\n<tr>\n<td style=\"text-align: center; vertical-align: middle;\"><\/td>\n<td>\n<h4><a href=\"https:\/\/view.genial.ly\/635ad9e44cd1960018dc76ba\/presentation-ecrans-interactifs-smart-boardr-serie-gx\" target=\"_blank\" rel=\"noopener\">Apprivoiser les \u00c9crans interactifs SMART Board\u00ae s\u00e9rie GX<\/a><\/h4>\n<\/td>\n<\/tr>\n<\/tbody>\n<\/table>\n","protected":false},"excerpt":{"rendered":"<p>Cliquez sur les ic\u00f4nes ou les titres pour acc\u00e9der au contenu \u00e0 consulter. Formation temp\u00eate &#8211; Canva &#8211; 13 f\u00e9vrier 2025 Formation temp\u00eate &#8211; L\u2019IAG et l\u2019enseignement &#8211; 5 d\u00e9cembre 2024 Formation temp\u00eate &#8211; L&rsquo;intelligence artificielle en \u00e9ducation &#8211; 10 &hellip; <\/p>\n","protected":false},"author":7,"featured_media":0,"parent":0,"menu_order":0,"comment_status":"closed","ping_status":"closed","template":"","meta":{"cybocfi_hide_featured_image":"","footnotes":""},"categories":[29],"tags":[],"class_list":["post-13846","page","type-page","status-publish","hentry","category-numerique"],"_links":{"self":[{"href":"https:\/\/educharlevoix.ca\/cse\/wp-json\/wp\/v2\/pages\/13846","targetHints":{"allow":["GET"]}}],"collection":[{"href":"https:\/\/educharlevoix.ca\/cse\/wp-json\/wp\/v2\/pages"}],"about":[{"href":"https:\/\/educharlevoix.ca\/cse\/wp-json\/wp\/v2\/types\/page"}],"author":[{"embeddable":true,"href":"https:\/\/educharlevoix.ca\/cse\/wp-json\/wp\/v2\/users\/7"}],"replies":[{"embeddable":true,"href":"https:\/\/educharlevoix.ca\/cse\/wp-json\/wp\/v2\/comments?post=13846"}],"version-history":[{"count":9,"href":"https:\/\/educharlevoix.ca\/cse\/wp-json\/wp\/v2\/pages\/13846\/revisions"}],"predecessor-version":[{"id":16389,"href":"https:\/\/educharlevoix.ca\/cse\/wp-json\/wp\/v2\/pages\/13846\/revisions\/16389"}],"wp:attachment":[{"href":"https:\/\/educharlevoix.ca\/cse\/wp-json\/wp\/v2\/media?parent=13846"}],"wp:term":[{"taxonomy":"category","embeddable":true,"href":"https:\/\/educharlevoix.ca\/cse\/wp-json\/wp\/v2\/categories?post=13846"},{"taxonomy":"post_tag","embeddable":true,"href":"https:\/\/educharlevoix.ca\/cse\/wp-json\/wp\/v2\/tags?post=13846"}],"curies":[{"name":"wp","href":"https:\/\/api.w.org\/{rel}","templated":true}]}}