{"id":13855,"date":"2021-09-03T11:59:55","date_gmt":"2021-09-03T15:59:55","guid":{"rendered":"https:\/\/educharlevoix.ca\/cse\/?page_id=13855"},"modified":"2023-10-10T12:49:27","modified_gmt":"2023-10-10T16:49:27","slug":"je-veux-former-mes-eleves","status":"publish","type":"page","link":"https:\/\/educharlevoix.ca\/cse\/je-veux-former-mes-eleves\/","title":{"rendered":"Je veux former mes \u00e9l\u00e8ves"},"content":{"rendered":"<p><img loading=\"lazy\" decoding=\"async\" class=\"alignnone size-full wp-image-13840\" src=\"https:\/\/educharlevoix.ca\/cse\/wp-content\/uploads\/2021\/09\/1.png\" alt=\"\" width=\"300\" height=\"200\" \/><\/p>\n<h3>Cliquez sur les ic\u00f4nes ou les titres pour acc\u00e9der au contenu \u00e0 consulter.<\/h3>\n<table>\n<tbody>\n<tr>\n<td><a href=\"https:\/\/cscharlevoix.sharepoint.com\/:w:\/s\/serviceseducatifs\/EZWC1gK2eiZGserzCXTup6IBtbe6YsOdHOeOjn_033GZtA?e=Hug7PU\"><img loading=\"lazy\" decoding=\"async\" class=\"wp-image-13578 aligncenter\" src=\"https:\/\/educharlevoix.ca\/cse\/wp-content\/uploads\/2021\/03\/hole-ladder_39505-300x300.png\" alt=\"\" width=\"37\" height=\"37\" srcset=\"https:\/\/educharlevoix.ca\/cse\/wp-content\/uploads\/2021\/03\/hole-ladder_39505-300x300.png 300w, https:\/\/educharlevoix.ca\/cse\/wp-content\/uploads\/2021\/03\/hole-ladder_39505-150x150.png 150w, https:\/\/educharlevoix.ca\/cse\/wp-content\/uploads\/2021\/03\/hole-ladder_39505.png 512w\" sizes=\"auto, (max-width: 37px) 100vw, 37px\" \/><\/a><\/td>\n<td>\n<h3><span style=\"color: #000080;\"><a style=\"color: #000080;\" href=\"https:\/\/cscharlevoix.sharepoint.com\/:w:\/s\/serviceseducatifs\/EZWC1gK2eiZGserzCXTup6IBtbe6YsOdHOeOjn_033GZtA?e=Hug7PU\">Continuum TIC des \u00e9l\u00e8ves<\/a><\/span><\/h3>\n<\/td>\n<\/tr>\n<tr>\n<td><a href=\"https:\/\/www.canva.com\/design\/DAEyosgxQ18\/5m8OXRlgonOIWeNalbqnhA\/view?utm_content=DAEyosgxQ18\"><img loading=\"lazy\" decoding=\"async\" class=\"wp-image-13933 aligncenter\" src=\"https:\/\/educharlevoix.ca\/cse\/wp-content\/uploads\/2021\/09\/canva_logo_icon_145428-300x300.png\" alt=\"\" width=\"49\" height=\"49\" srcset=\"https:\/\/educharlevoix.ca\/cse\/wp-content\/uploads\/2021\/09\/canva_logo_icon_145428-300x300.png 300w, https:\/\/educharlevoix.ca\/cse\/wp-content\/uploads\/2021\/09\/canva_logo_icon_145428-150x150.png 150w, https:\/\/educharlevoix.ca\/cse\/wp-content\/uploads\/2021\/09\/canva_logo_icon_145428.png 512w\" sizes=\"auto, (max-width: 49px) 100vw, 49px\" \/><\/a><\/td>\n<td>\n<h3><span style=\"color: #000080;\"><a style=\"color: #000080;\" href=\"https:\/\/www.canva.com\/design\/DAEcN5hXMD8\/D6bBn99V41_GdUiCUXzBhQ\/view?utm_content=DAEcN5hXMD8\">N\u00e9tiquette<\/a><\/span><\/h3>\n<\/td>\n<\/tr>\n<tr>\n<td><a href=\"https:\/\/cscharlevoix.sharepoint.com\/:f:\/s\/serviceseducatifs\/EkjWpaGnL9JCmsidDsf4bEMBPr0SXL255118cXGXZtxw0Q?e=0H5spL\"><img loading=\"lazy\" decoding=\"async\" class=\"wp-image-13574 alignnone\" src=\"https:\/\/educharlevoix.ca\/cse\/wp-content\/uploads\/2021\/03\/Robot_37500.png\" alt=\"\" width=\"43\" height=\"43\" srcset=\"https:\/\/educharlevoix.ca\/cse\/wp-content\/uploads\/2021\/03\/Robot_37500.png 256w, https:\/\/educharlevoix.ca\/cse\/wp-content\/uploads\/2021\/03\/Robot_37500-150x150.png 150w\" sizes=\"auto, (max-width: 43px) 100vw, 43px\" \/><\/a><\/td>\n<td>\n<h3><span style=\"color: #000080;\"><a style=\"color: #000080;\" href=\"https:\/\/cscharlevoix.sharepoint.com\/:f:\/s\/serviceseducatifs\/EkjWpaGnL9JCmsidDsf4bEMBPr0SXL255118cXGXZtxw0Q?e=0H5spL\">Robotique<\/a><\/span><\/h3>\n<\/td>\n<\/tr>\n<tr>\n<td><img loading=\"lazy\" decoding=\"async\" class=\"alignnone  wp-image-15296\" src=\"https:\/\/educharlevoix.ca\/cse\/wp-content\/uploads\/2022\/10\/newemailenvelopebacksymbolincircularoutlinedbutton_104687.png\" alt=\"@\" width=\"47\" height=\"47\" \/><\/td>\n<td>\n<h3><a href=\"https:\/\/cscharlevoix.sharepoint.com\/:w:\/s\/serviceseducatifs\/EapiHF_btbtCgTSoPlHFWEcBl8vFaa1xAcdvQ7IYoRCiiw?e=F56lvl\" target=\"_blank\" rel=\"noopener\"><span style=\"color: #000080;\">Proc\u00e9dure Office.com<\/span><\/a><\/h3>\n<\/td>\n<\/tr>\n<\/tbody>\n<\/table>\n","protected":false},"excerpt":{"rendered":"<p>Cliquez sur les ic\u00f4nes ou les titres pour acc\u00e9der au contenu \u00e0 consulter. Continuum TIC des \u00e9l\u00e8ves N\u00e9tiquette Robotique Proc\u00e9dure Office.com<\/p>\n","protected":false},"author":7,"featured_media":0,"parent":0,"menu_order":0,"comment_status":"closed","ping_status":"closed","template":"","meta":{"cybocfi_hide_featured_image":"","footnotes":""},"categories":[29],"tags":[],"class_list":["post-13855","page","type-page","status-publish","hentry","category-numerique"],"_links":{"self":[{"href":"https:\/\/educharlevoix.ca\/cse\/wp-json\/wp\/v2\/pages\/13855","targetHints":{"allow":["GET"]}}],"collection":[{"href":"https:\/\/educharlevoix.ca\/cse\/wp-json\/wp\/v2\/pages"}],"about":[{"href":"https:\/\/educharlevoix.ca\/cse\/wp-json\/wp\/v2\/types\/page"}],"author":[{"embeddable":true,"href":"https:\/\/educharlevoix.ca\/cse\/wp-json\/wp\/v2\/users\/7"}],"replies":[{"embeddable":true,"href":"https:\/\/educharlevoix.ca\/cse\/wp-json\/wp\/v2\/comments?post=13855"}],"version-history":[{"count":2,"href":"https:\/\/educharlevoix.ca\/cse\/wp-json\/wp\/v2\/pages\/13855\/revisions"}],"predecessor-version":[{"id":15913,"href":"https:\/\/educharlevoix.ca\/cse\/wp-json\/wp\/v2\/pages\/13855\/revisions\/15913"}],"wp:attachment":[{"href":"https:\/\/educharlevoix.ca\/cse\/wp-json\/wp\/v2\/media?parent=13855"}],"wp:term":[{"taxonomy":"category","embeddable":true,"href":"https:\/\/educharlevoix.ca\/cse\/wp-json\/wp\/v2\/categories?post=13855"},{"taxonomy":"post_tag","embeddable":true,"href":"https:\/\/educharlevoix.ca\/cse\/wp-json\/wp\/v2\/tags?post=13855"}],"curies":[{"name":"wp","href":"https:\/\/api.w.org\/{rel}","templated":true}]}}