{"id":13871,"date":"2021-09-15T15:07:56","date_gmt":"2021-09-15T19:07:56","guid":{"rendered":"https:\/\/educharlevoix.ca\/cse\/?page_id=13871"},"modified":"2021-12-07T13:51:00","modified_gmt":"2021-12-07T18:51:00","slug":"depot-d-un-nouveau-document","status":"publish","type":"page","link":"https:\/\/educharlevoix.ca\/cse\/depot-d-un-nouveau-document\/","title":{"rendered":"D\u00e9p\u00f4t d&rsquo;un nouveau document"},"content":{"rendered":"<h3 style=\"text-align: left;\">Si vous \u00eates un membre du corps d&#8217;emploi professionnel et que vous souhaitez d\u00e9poser un document sur le site internet des services \u00e9ducatifs, veuillez suivre la proc\u00e9dure suivante:<\/h3>\n<p><a href=\"https:\/\/forms.office.com\/Pages\/ResponsePage.aspx?id=uIujde9hQ06T1AkzzWJ7urJQ8sM5BD9MrZjUSWnNQhRUNUw0V05TNjc0QlhKQkRSRUpIMFdZSThROC4u\"><img loading=\"lazy\" decoding=\"async\" class=\"alignnone  wp-image-14158\" src=\"https:\/\/educharlevoix.ca\/cse\/wp-content\/uploads\/2021\/12\/Copie-de-Depot-site-internet-300x225.png\" alt=\"\" width=\"747\" height=\"560\" srcset=\"https:\/\/educharlevoix.ca\/cse\/wp-content\/uploads\/2021\/12\/Copie-de-Depot-site-internet-300x225.png 300w, https:\/\/educharlevoix.ca\/cse\/wp-content\/uploads\/2021\/12\/Copie-de-Depot-site-internet-768x576.png 768w, https:\/\/educharlevoix.ca\/cse\/wp-content\/uploads\/2021\/12\/Copie-de-Depot-site-internet.png 1024w\" sizes=\"auto, (max-width: 747px) 100vw, 747px\" \/><\/a><\/p>\n","protected":false},"excerpt":{"rendered":"<p>Si vous \u00eates un membre du corps d&#8217;emploi professionnel et que vous souhaitez d\u00e9poser un document sur le site internet des services \u00e9ducatifs, veuillez suivre la proc\u00e9dure suivante:<\/p>\n","protected":false},"author":7,"featured_media":0,"parent":0,"menu_order":0,"comment_status":"closed","ping_status":"closed","template":"","meta":{"cybocfi_hide_featured_image":"","footnotes":""},"categories":[],"tags":[],"class_list":["post-13871","page","type-page","status-publish","hentry"],"_links":{"self":[{"href":"https:\/\/educharlevoix.ca\/cse\/wp-json\/wp\/v2\/pages\/13871","targetHints":{"allow":["GET"]}}],"collection":[{"href":"https:\/\/educharlevoix.ca\/cse\/wp-json\/wp\/v2\/pages"}],"about":[{"href":"https:\/\/educharlevoix.ca\/cse\/wp-json\/wp\/v2\/types\/page"}],"author":[{"embeddable":true,"href":"https:\/\/educharlevoix.ca\/cse\/wp-json\/wp\/v2\/users\/7"}],"replies":[{"embeddable":true,"href":"https:\/\/educharlevoix.ca\/cse\/wp-json\/wp\/v2\/comments?post=13871"}],"version-history":[{"count":0,"href":"https:\/\/educharlevoix.ca\/cse\/wp-json\/wp\/v2\/pages\/13871\/revisions"}],"wp:attachment":[{"href":"https:\/\/educharlevoix.ca\/cse\/wp-json\/wp\/v2\/media?parent=13871"}],"wp:term":[{"taxonomy":"category","embeddable":true,"href":"https:\/\/educharlevoix.ca\/cse\/wp-json\/wp\/v2\/categories?post=13871"},{"taxonomy":"post_tag","embeddable":true,"href":"https:\/\/educharlevoix.ca\/cse\/wp-json\/wp\/v2\/tags?post=13871"}],"curies":[{"name":"wp","href":"https:\/\/api.w.org\/{rel}","templated":true}]}}