{"id":13905,"date":"2021-09-20T14:00:02","date_gmt":"2021-09-20T18:00:02","guid":{"rendered":"https:\/\/educharlevoix.ca\/cse\/?page_id=13905"},"modified":"2023-11-09T11:49:40","modified_gmt":"2023-11-09T16:49:40","slug":"ergotherapie","status":"publish","type":"page","link":"https:\/\/educharlevoix.ca\/cse\/ergotherapie\/","title":{"rendered":"Ergoth\u00e9rapie"},"content":{"rendered":"<h2><strong>L\u2019ergoth\u00e9rapie, l\u2019art du comment faire !<\/strong><\/h2>\n<p><strong>La mission du service d\u2019ergoth\u00e9rapie <\/strong><\/p>\n<p>Collaborer avec les intervenants scolaires et soutenir les \u00e9quipe-\u00e9coles pour d\u00e9velopper l\u2019autonomie et l\u2019engagement de tous les \u00e9l\u00e8ves dans les activit\u00e9s quotidiennes.<\/p>\n<p><strong>Informations importantes<\/strong><\/p>\n<table style=\"height: 119px;\" width=\"610\">\n<tbody>\n<tr>\n<td style=\"text-align: center; vertical-align: middle;\"><a href=\"https:\/\/cscharlevoix.sharepoint.com\/:f:\/r\/sites\/serviceseducatifs\/Documents%20partages\/Services%20compl%C3%A9mentaires\/Ergoth%C3%A9rapie\/Formations?csf=1&amp;web=1&amp;e=1tyjgO\" target=\"_blank\" rel=\"noopener\"><img loading=\"lazy\" decoding=\"async\" class=\"alignnone wp-image-13841\" src=\"https:\/\/educharlevoix.ca\/cse\/wp-content\/uploads\/2021\/09\/2.png\" alt=\"\" width=\"117\" height=\"78\" \/><\/a><\/td>\n<td><a href=\"https:\/\/cscharlevoix.sharepoint.com\/:f:\/r\/sites\/serviceseducatifs\/Documents%20partages\/Services%20compl%C3%A9mentaires\/Ergoth%C3%A9rapie\/Formations?csf=1&amp;web=1&amp;e=1tyjgO\" target=\"_blank\" rel=\"noopener\">FORMATIONS<\/a><\/td>\n<\/tr>\n<tr>\n<td style=\"text-align: center; vertical-align: middle;\"><a href=\"https:\/\/cscharlevoix.sharepoint.com\/:f:\/r\/sites\/serviceseducatifs\/Documents%20partages\/Services%20compl%C3%A9mentaires\/Ergoth%C3%A9rapie\/Offre%20de%20services?csf=1&amp;web=1&amp;e=UHoEKv\" target=\"_blank\" rel=\"noopener\"><img loading=\"lazy\" decoding=\"async\" class=\"alignnone wp-image-14308\" src=\"https:\/\/educharlevoix.ca\/cse\/wp-content\/uploads\/2022\/03\/network_society_communication_online_chat_icon_143342-300x300.png\" alt=\"\" width=\"74\" height=\"74\" srcset=\"https:\/\/educharlevoix.ca\/cse\/wp-content\/uploads\/2022\/03\/network_society_communication_online_chat_icon_143342-300x300.png 300w, https:\/\/educharlevoix.ca\/cse\/wp-content\/uploads\/2022\/03\/network_society_communication_online_chat_icon_143342-150x150.png 150w, https:\/\/educharlevoix.ca\/cse\/wp-content\/uploads\/2022\/03\/network_society_communication_online_chat_icon_143342.png 512w\" sizes=\"auto, (max-width: 74px) 100vw, 74px\" \/><\/a><\/td>\n<td><a href=\"https:\/\/cscharlevoix.sharepoint.com\/:f:\/r\/sites\/serviceseducatifs\/Documents%20partages\/Services%20compl%C3%A9mentaires\/Ergoth%C3%A9rapie\/Offre%20de%20services?csf=1&amp;web=1&amp;e=aW8X5f\" target=\"_blank\" rel=\"noopener\">OFFRE DE SERVICES<\/a><\/td>\n<\/tr>\n<tr>\n<td style=\"text-align: center; vertical-align: middle;\"><img loading=\"lazy\" decoding=\"async\" class=\"alignnone wp-image-13909\" src=\"https:\/\/educharlevoix.ca\/cse\/wp-content\/uploads\/2021\/09\/Video-300x300.png\" alt=\"\" width=\"83\" height=\"83\" srcset=\"https:\/\/educharlevoix.ca\/cse\/wp-content\/uploads\/2021\/09\/Video-300x300.png 300w, https:\/\/educharlevoix.ca\/cse\/wp-content\/uploads\/2021\/09\/Video-150x150.png 150w, https:\/\/educharlevoix.ca\/cse\/wp-content\/uploads\/2021\/09\/Video.png 512w\" sizes=\"auto, (max-width: 83px) 100vw, 83px\" \/><\/td>\n<td><a href=\"https:\/\/educharlevoix.ca\/cse\/capsules-ergo\/\" rel=\"noopener\">Les capsules-Ergo<\/a><\/td>\n<\/tr>\n<tr>\n<td style=\"text-align: center; vertical-align: middle;\"><img loading=\"lazy\" decoding=\"async\" class=\"alignnone wp-image-13787\" src=\"https:\/\/educharlevoix.ca\/cse\/wp-content\/uploads\/2021\/08\/noun_tools_4037983-300x300.png\" alt=\"\" width=\"89\" height=\"89\" srcset=\"https:\/\/educharlevoix.ca\/cse\/wp-content\/uploads\/2021\/08\/noun_tools_4037983-300x300.png 300w, https:\/\/educharlevoix.ca\/cse\/wp-content\/uploads\/2021\/08\/noun_tools_4037983-150x150.png 150w, https:\/\/educharlevoix.ca\/cse\/wp-content\/uploads\/2021\/08\/noun_tools_4037983.png 700w\" sizes=\"auto, (max-width: 89px) 100vw, 89px\" \/><\/td>\n<td><a href=\"https:\/\/educharlevoix.ca\/cse\/outils-et-documentation\/\" rel=\"noopener\">Outils et documentation<\/a><\/td>\n<\/tr>\n<tr>\n<td style=\"text-align: center; vertical-align: middle;\"><img loading=\"lazy\" decoding=\"async\" class=\"alignnone wp-image-13999\" src=\"https:\/\/educharlevoix.ca\/cse\/wp-content\/uploads\/2021\/10\/calendar_clock_schedule_icon-icons.com_51085-300x300.png\" alt=\"\" width=\"90\" height=\"90\" srcset=\"https:\/\/educharlevoix.ca\/cse\/wp-content\/uploads\/2021\/10\/calendar_clock_schedule_icon-icons.com_51085-300x300.png 300w, https:\/\/educharlevoix.ca\/cse\/wp-content\/uploads\/2021\/10\/calendar_clock_schedule_icon-icons.com_51085-150x150.png 150w, https:\/\/educharlevoix.ca\/cse\/wp-content\/uploads\/2021\/10\/calendar_clock_schedule_icon-icons.com_51085.png 512w\" sizes=\"auto, (max-width: 90px) 100vw, 90px\" \/><\/td>\n<td>\n<p style=\"text-align: justify;\">Service de consultation en ergoth\u00e9rapie<\/p>\n<ul>\n<li style=\"text-align: justify;\"><a href=\"https:\/\/www.canva.com\/design\/DAFUA4UXNyI\/NPrLdeHLVpMH8Z9TTQ3ktA\/view?utm_content=DAFUA4UXNyI\" target=\"_blank\" rel=\"noopener\" data-auth=\"NotApplicable\" data-loopstyle=\"link\">Trajectoire pour une consultation<\/a><\/li>\n<li style=\"text-align: justify;\"><a href=\"https:\/\/outlook.office365.com\/owa\/calendar\/Servicedergothrapie@cscharlevoix.qc.ca\/bookings\/\" target=\"_blank\" rel=\"noopener\" data-auth=\"NotApplicable\" data-loopstyle=\"link\">Calendrier Bookings en ergoth\u00e9rapie<\/a><\/li>\n<\/ul>\n<\/td>\n<\/tr>\n<tr>\n<td style=\"text-align: center; vertical-align: middle;\"><img loading=\"lazy\" decoding=\"async\" class=\"wp-image-13915 aligncenter\" src=\"https:\/\/educharlevoix.ca\/cse\/wp-content\/uploads\/2021\/09\/female-user-with-long-hair-and-question-mark_icon-icons.com_54778-300x300.png\" alt=\"\" width=\"52\" height=\"52\" srcset=\"https:\/\/educharlevoix.ca\/cse\/wp-content\/uploads\/2021\/09\/female-user-with-long-hair-and-question-mark_icon-icons.com_54778-300x300.png 300w, https:\/\/educharlevoix.ca\/cse\/wp-content\/uploads\/2021\/09\/female-user-with-long-hair-and-question-mark_icon-icons.com_54778-150x150.png 150w, https:\/\/educharlevoix.ca\/cse\/wp-content\/uploads\/2021\/09\/female-user-with-long-hair-and-question-mark_icon-icons.com_54778.png 512w\" sizes=\"auto, (max-width: 52px) 100vw, 52px\" \/><\/td>\n<td><a href=\"https:\/\/www.canva.com\/design\/DAFch-eXOvw\/d48pS0daBOBH-_Tq-ug6MQ\/view?utm_content=DAFch-eXOvw\" target=\"_blank\" rel=\"noopener\">Questions fr\u00e9quentes \/ FAQ<\/a><\/td>\n<\/tr>\n<tr>\n<td style=\"text-align: center; vertical-align: middle;\"><img loading=\"lazy\" decoding=\"async\" class=\"alignnone wp-image-14071 \" src=\"https:\/\/educharlevoix.ca\/cse\/wp-content\/uploads\/2021\/11\/Camille-Desmeules-Trudel-300x300.jpg\" alt=\"Camille Desmeules-Trudel\" width=\"87\" height=\"87\" srcset=\"https:\/\/educharlevoix.ca\/cse\/wp-content\/uploads\/2021\/11\/Camille-Desmeules-Trudel-300x300.jpg 300w, https:\/\/educharlevoix.ca\/cse\/wp-content\/uploads\/2021\/11\/Camille-Desmeules-Trudel-150x150.jpg 150w, https:\/\/educharlevoix.ca\/cse\/wp-content\/uploads\/2021\/11\/Camille-Desmeules-Trudel.jpg 400w\" sizes=\"auto, (max-width: 87px) 100vw, 87px\" \/><\/td>\n<td>Des questions ? Des commentaires ? Vous pouvez me joindre<\/p>\n<p>Par courriel : <a href=\"mailto:camille.desmeules-trudel@cscharlevoix.qc.ca\">camille.desmeules-trudel@cscharlevoix.qc.ca<\/a><\/p>\n<p>Par t\u00e9l\u00e9phone : 418-435-2828 poste 2358<\/td>\n<\/tr>\n<\/tbody>\n<\/table>\n<p>&nbsp;<\/p>\n<p style=\"text-align: left;\"><img loading=\"lazy\" decoding=\"async\" class=\"wp-image-14384 alignleft\" src=\"https:\/\/educharlevoix.ca\/cse\/wp-content\/uploads\/2022\/04\/service-ergothe\u0301rapie-nuage-de-mots-300x229.png\" alt=\"\" width=\"228\" height=\"174\" srcset=\"https:\/\/educharlevoix.ca\/cse\/wp-content\/uploads\/2022\/04\/service-ergothe\u0301rapie-nuage-de-mots-300x229.png 300w, https:\/\/educharlevoix.ca\/cse\/wp-content\/uploads\/2022\/04\/service-ergothe\u0301rapie-nuage-de-mots.png 500w\" sizes=\"auto, (max-width: 228px) 100vw, 228px\" \/><img loading=\"lazy\" decoding=\"async\" class=\"alignnone size-medium wp-image-14385\" src=\"https:\/\/educharlevoix.ca\/cse\/wp-content\/uploads\/2022\/04\/service-ergothe\u0301rapie-photo-1-225x300.jpg\" alt=\"\" width=\"225\" height=\"300\" srcset=\"https:\/\/educharlevoix.ca\/cse\/wp-content\/uploads\/2022\/04\/service-ergothe\u0301rapie-photo-1-225x300.jpg 225w, https:\/\/educharlevoix.ca\/cse\/wp-content\/uploads\/2022\/04\/service-ergothe\u0301rapie-photo-1.jpg 500w\" sizes=\"auto, (max-width: 225px) 100vw, 225px\" \/><\/p>\n<p style=\"text-align: left;\"><img loading=\"lazy\" decoding=\"async\" class=\"alignnone size-medium wp-image-14387\" src=\"https:\/\/educharlevoix.ca\/cse\/wp-content\/uploads\/2022\/04\/service-ergothe\u0301rapie-photo-3-225x300.jpg\" alt=\"\" width=\"225\" height=\"300\" srcset=\"https:\/\/educharlevoix.ca\/cse\/wp-content\/uploads\/2022\/04\/service-ergothe\u0301rapie-photo-3-225x300.jpg 225w, https:\/\/educharlevoix.ca\/cse\/wp-content\/uploads\/2022\/04\/service-ergothe\u0301rapie-photo-3.jpg 500w\" sizes=\"auto, (max-width: 225px) 100vw, 225px\" \/><img loading=\"lazy\" decoding=\"async\" class=\"alignnone size-medium wp-image-14386\" src=\"https:\/\/educharlevoix.ca\/cse\/wp-content\/uploads\/2022\/04\/service-ergothe\u0301rapie-photo-2-225x300.jpg\" alt=\"\" width=\"225\" height=\"300\" srcset=\"https:\/\/educharlevoix.ca\/cse\/wp-content\/uploads\/2022\/04\/service-ergothe\u0301rapie-photo-2-225x300.jpg 225w, https:\/\/educharlevoix.ca\/cse\/wp-content\/uploads\/2022\/04\/service-ergothe\u0301rapie-photo-2.jpg 500w\" sizes=\"auto, (max-width: 225px) 100vw, 225px\" \/><\/p>\n","protected":false},"excerpt":{"rendered":"<p>L\u2019ergoth\u00e9rapie, l\u2019art du comment faire ! La mission du service d\u2019ergoth\u00e9rapie Collaborer avec les intervenants scolaires et soutenir les \u00e9quipe-\u00e9coles pour d\u00e9velopper l\u2019autonomie et l\u2019engagement de tous les \u00e9l\u00e8ves dans les activit\u00e9s quotidiennes. Informations importantes FORMATIONS OFFRE DE SERVICES Les &hellip; <\/p>\n","protected":false},"author":7,"featured_media":0,"parent":0,"menu_order":0,"comment_status":"closed","ping_status":"closed","template":"","meta":{"cybocfi_hide_featured_image":"","footnotes":""},"categories":[16401],"tags":[],"class_list":["post-13905","page","type-page","status-publish","hentry","category-ergotherapie"],"_links":{"self":[{"href":"https:\/\/educharlevoix.ca\/cse\/wp-json\/wp\/v2\/pages\/13905","targetHints":{"allow":["GET"]}}],"collection":[{"href":"https:\/\/educharlevoix.ca\/cse\/wp-json\/wp\/v2\/pages"}],"about":[{"href":"https:\/\/educharlevoix.ca\/cse\/wp-json\/wp\/v2\/types\/page"}],"author":[{"embeddable":true,"href":"https:\/\/educharlevoix.ca\/cse\/wp-json\/wp\/v2\/users\/7"}],"replies":[{"embeddable":true,"href":"https:\/\/educharlevoix.ca\/cse\/wp-json\/wp\/v2\/comments?post=13905"}],"version-history":[{"count":3,"href":"https:\/\/educharlevoix.ca\/cse\/wp-json\/wp\/v2\/pages\/13905\/revisions"}],"predecessor-version":[{"id":15967,"href":"https:\/\/educharlevoix.ca\/cse\/wp-json\/wp\/v2\/pages\/13905\/revisions\/15967"}],"wp:attachment":[{"href":"https:\/\/educharlevoix.ca\/cse\/wp-json\/wp\/v2\/media?parent=13905"}],"wp:term":[{"taxonomy":"category","embeddable":true,"href":"https:\/\/educharlevoix.ca\/cse\/wp-json\/wp\/v2\/categories?post=13905"},{"taxonomy":"post_tag","embeddable":true,"href":"https:\/\/educharlevoix.ca\/cse\/wp-json\/wp\/v2\/tags?post=13905"}],"curies":[{"name":"wp","href":"https:\/\/api.w.org\/{rel}","templated":true}]}}