{"id":13917,"date":"2021-09-21T08:21:33","date_gmt":"2021-09-21T12:21:33","guid":{"rendered":"https:\/\/educharlevoix.ca\/cse\/?page_id=13917"},"modified":"2025-09-02T09:53:40","modified_gmt":"2025-09-02T13:53:40","slug":"contenus-en-orientation-scolaire-et-professionnelle-cosp","status":"publish","type":"page","link":"https:\/\/educharlevoix.ca\/cse\/contenus-en-orientation-scolaire-et-professionnelle-cosp\/","title":{"rendered":"Contenus en orientation scolaire et professionnelle (COSP)"},"content":{"rendered":"<h4 style=\"text-align: justify;\"><img loading=\"lazy\" decoding=\"async\" class=\"size-full wp-image-13953 aligncenter\" src=\"https:\/\/educharlevoix.ca\/cse\/wp-content\/uploads\/2021\/09\/Capture.png\" alt=\"\" width=\"165\" height=\"63\" \/><\/h4>\n<h4 style=\"text-align: justify;\">\u00ab\u00a0Les <a href=\"https:\/\/www.quebec.ca\/education\/prescolaire-primaire-et-secondaire\/accompagnement-soutien-eleves\/services-educatifs-complementaires\/orientation-scolaire-professionnelle\" target=\"_blank\" rel=\"noopener\">contenus en orientation scolaire et professionnelle<\/a> (COSP) ont pour but d\u2019outiller les \u00e9l\u00e8ves dans leur r\u00e9flexion sur leurs choix professionnels. Ils les incitent \u00e0 s\u2019engager dans la pr\u00e9paration de leur avenir de la 5<sup>e<\/sup> ann\u00e9e du primaire jusqu\u2019\u00e0 la fin du secondaire. Les COSP favorisent ainsi la motivation et la pers\u00e9v\u00e9rance scolaires.\u00a0\u00bb<\/h4>\n<h4 style=\"text-align: justify;\">Acc\u00e9dez \u00e0 la plateforme VIBE en cliquant <a href=\"https:\/\/cosp.education.gouv.qc.ca\/ssf\/a\/do?p_name=ss_forum&amp;p_action=1&amp;binderId=33899&amp;entityType=folder&amp;action=view_permalink&amp;novl_url=1&amp;novl_landing=1?novl_root=1#1632226797245\" target=\"_blank\" rel=\"noopener\">ici<\/a>.<\/h4>\n","protected":false},"excerpt":{"rendered":"<p>\u00ab\u00a0Les contenus en orientation scolaire et professionnelle (COSP) ont pour but d\u2019outiller les \u00e9l\u00e8ves dans leur r\u00e9flexion sur leurs choix professionnels. Ils les incitent \u00e0 s\u2019engager dans la pr\u00e9paration de leur avenir de la 5e ann\u00e9e du primaire jusqu\u2019\u00e0 la &hellip; <\/p>\n","protected":false},"author":7,"featured_media":0,"parent":0,"menu_order":0,"comment_status":"closed","ping_status":"closed","template":"","meta":{"cybocfi_hide_featured_image":"","footnotes":""},"categories":[],"tags":[],"class_list":["post-13917","page","type-page","status-publish","hentry"],"_links":{"self":[{"href":"https:\/\/educharlevoix.ca\/cse\/wp-json\/wp\/v2\/pages\/13917","targetHints":{"allow":["GET"]}}],"collection":[{"href":"https:\/\/educharlevoix.ca\/cse\/wp-json\/wp\/v2\/pages"}],"about":[{"href":"https:\/\/educharlevoix.ca\/cse\/wp-json\/wp\/v2\/types\/page"}],"author":[{"embeddable":true,"href":"https:\/\/educharlevoix.ca\/cse\/wp-json\/wp\/v2\/users\/7"}],"replies":[{"embeddable":true,"href":"https:\/\/educharlevoix.ca\/cse\/wp-json\/wp\/v2\/comments?post=13917"}],"version-history":[{"count":2,"href":"https:\/\/educharlevoix.ca\/cse\/wp-json\/wp\/v2\/pages\/13917\/revisions"}],"predecessor-version":[{"id":16507,"href":"https:\/\/educharlevoix.ca\/cse\/wp-json\/wp\/v2\/pages\/13917\/revisions\/16507"}],"wp:attachment":[{"href":"https:\/\/educharlevoix.ca\/cse\/wp-json\/wp\/v2\/media?parent=13917"}],"wp:term":[{"taxonomy":"category","embeddable":true,"href":"https:\/\/educharlevoix.ca\/cse\/wp-json\/wp\/v2\/categories?post=13917"},{"taxonomy":"post_tag","embeddable":true,"href":"https:\/\/educharlevoix.ca\/cse\/wp-json\/wp\/v2\/tags?post=13917"}],"curies":[{"name":"wp","href":"https:\/\/api.w.org\/{rel}","templated":true}]}}