{"id":13927,"date":"2021-09-22T15:08:42","date_gmt":"2021-09-22T19:08:42","guid":{"rendered":"https:\/\/educharlevoix.ca\/cse\/?page_id=13927"},"modified":"2025-04-03T14:41:51","modified_gmt":"2025-04-03T18:41:51","slug":"outils-et-documentation","status":"publish","type":"page","link":"https:\/\/educharlevoix.ca\/cse\/outils-et-documentation\/","title":{"rendered":"Outils et documentation"},"content":{"rendered":"<h3><\/h3>\n<table>\n<tbody>\n<tr>\n<td>\n<h3><a href=\"https:\/\/cscharlevoix.sharepoint.com\/:f:\/s\/serviceseducatifs\/EnI_bf6I2b1CsPS646rhXM0BGQbW0lfNPiPqhyBm6l66Dw?e=GjgpX6\" target=\"_blank\" rel=\"noopener\"><img loading=\"lazy\" decoding=\"async\" class=\"alignnone wp-image-13559\" src=\"https:\/\/educharlevoix.ca\/cse\/wp-content\/uploads\/2021\/03\/documents_folder_18875-300x300.png\" alt=\"\" width=\"56\" height=\"56\" srcset=\"https:\/\/educharlevoix.ca\/cse\/wp-content\/uploads\/2021\/03\/documents_folder_18875-300x300.png 300w, https:\/\/educharlevoix.ca\/cse\/wp-content\/uploads\/2021\/03\/documents_folder_18875-150x150.png 150w, https:\/\/educharlevoix.ca\/cse\/wp-content\/uploads\/2021\/03\/documents_folder_18875.png 512w\" sizes=\"auto, (max-width: 56px) 100vw, 56px\" \/><\/a><\/h3>\n<\/td>\n<td>\n<h3><a href=\"https:\/\/cscharlevoix.sharepoint.com\/:f:\/r\/sites\/serviceseducatifs\/Documents%20partages\/Services%20compl%C3%A9mentaires\/Ergoth%C3%A9rapie\/Outils%20et%20documentation\/Autor%C3%A9gulation%20et%20sensoriel?csf=1&amp;web=1&amp;e=bFjpxz\" target=\"_blank\" rel=\"noopener\"><span data-olk-copy-source=\"MessageBody\">Autor\u00e9gulation et sensoriel<\/span><\/a><\/h3>\n<\/td>\n<\/tr>\n<tr>\n<td>\n<h3><a href=\"https:\/\/cscharlevoix.sharepoint.com\/:f:\/s\/serviceseducatifs\/EnI_bf6I2b1CsPS646rhXM0BGQbW0lfNPiPqhyBm6l66Dw?e=GjgpX6\" target=\"_blank\" rel=\"noopener\"><img loading=\"lazy\" decoding=\"async\" class=\"alignnone wp-image-13559\" src=\"https:\/\/educharlevoix.ca\/cse\/wp-content\/uploads\/2021\/03\/documents_folder_18875-300x300.png\" alt=\"\" width=\"56\" height=\"56\" srcset=\"https:\/\/educharlevoix.ca\/cse\/wp-content\/uploads\/2021\/03\/documents_folder_18875-300x300.png 300w, https:\/\/educharlevoix.ca\/cse\/wp-content\/uploads\/2021\/03\/documents_folder_18875-150x150.png 150w, https:\/\/educharlevoix.ca\/cse\/wp-content\/uploads\/2021\/03\/documents_folder_18875.png 512w\" sizes=\"auto, (max-width: 56px) 100vw, 56px\" \/><\/a><\/h3>\n<\/td>\n<td>\n<h3><a href=\"https:\/\/cscharlevoix.sharepoint.com\/:f:\/s\/serviceseducatifs\/EnI_bf6I2b1CsPS646rhXM0BGQbW0lfNPiPqhyBm6l66Dw?e=GjgpX6\" target=\"_blank\" rel=\"noopener\">\u00c9criture et graphomotricit\u00e9<\/a><\/h3>\n<\/td>\n<\/tr>\n<tr>\n<td><a href=\"https:\/\/cscharlevoix.sharepoint.com\/:f:\/s\/serviceseducatifs\/EsEyAce9-61DgIEZSBzPyi4BrIeAy-lJ2d1-5KsaviuyOA?e=fcNN0d\" target=\"_blank\" rel=\"noopener\"><img loading=\"lazy\" decoding=\"async\" class=\"alignnone wp-image-13559\" src=\"https:\/\/educharlevoix.ca\/cse\/wp-content\/uploads\/2021\/03\/documents_folder_18875-300x300.png\" alt=\"\" width=\"56\" height=\"56\" srcset=\"https:\/\/educharlevoix.ca\/cse\/wp-content\/uploads\/2021\/03\/documents_folder_18875-300x300.png 300w, https:\/\/educharlevoix.ca\/cse\/wp-content\/uploads\/2021\/03\/documents_folder_18875-150x150.png 150w, https:\/\/educharlevoix.ca\/cse\/wp-content\/uploads\/2021\/03\/documents_folder_18875.png 512w\" sizes=\"auto, (max-width: 56px) 100vw, 56px\" \/><\/a><\/td>\n<td>\n<h3><a href=\"https:\/\/cscharlevoix.sharepoint.com\/:f:\/s\/serviceseducatifs\/EsEyAce9-61DgIEZSBzPyi4BrIeAy-lJ2d1-5KsaviuyOA?e=fcNN0d\" target=\"_blank\" rel=\"noopener\">Outils technologiques<\/a><\/h3>\n<\/td>\n<\/tr>\n<tr>\n<td><a href=\"https:\/\/cscharlevoix.sharepoint.com\/:f:\/s\/serviceseducatifs\/Es70bpy37a9Igm8BHGoWSiABGX8g5yqBiyNVmnnf_uOonA?e=N0Y1vr\" target=\"_blank\" rel=\"noopener\"><img loading=\"lazy\" decoding=\"async\" class=\"alignnone wp-image-13559\" src=\"https:\/\/educharlevoix.ca\/cse\/wp-content\/uploads\/2021\/03\/documents_folder_18875-300x300.png\" alt=\"\" width=\"56\" height=\"56\" srcset=\"https:\/\/educharlevoix.ca\/cse\/wp-content\/uploads\/2021\/03\/documents_folder_18875-300x300.png 300w, https:\/\/educharlevoix.ca\/cse\/wp-content\/uploads\/2021\/03\/documents_folder_18875-150x150.png 150w, https:\/\/educharlevoix.ca\/cse\/wp-content\/uploads\/2021\/03\/documents_folder_18875.png 512w\" sizes=\"auto, (max-width: 56px) 100vw, 56px\" \/><\/a><\/td>\n<td>\n<h3><a href=\"https:\/\/cscharlevoix.sharepoint.com\/:f:\/s\/serviceseducatifs\/Es70bpy37a9Igm8BHGoWSiABGX8g5yqBiyNVmnnf_uOonA?e=N0Y1vr\" target=\"_blank\" rel=\"noopener\">Positionnement et am\u00e9nagement de la classe<\/a><\/h3>\n<\/td>\n<\/tr>\n<tr>\n<td><a href=\"https:\/\/cscharlevoix.sharepoint.com\/:f:\/s\/serviceseducatifs\/EkW8wsHVQP9MnBhVIHWB6HAB-_217MSQrQcA8bSv2qdQ4g?e=pmL1V6\" target=\"_blank\" rel=\"noopener\"><img loading=\"lazy\" decoding=\"async\" class=\"alignnone wp-image-13559\" src=\"https:\/\/educharlevoix.ca\/cse\/wp-content\/uploads\/2021\/03\/documents_folder_18875-300x300.png\" alt=\"\" width=\"56\" height=\"56\" srcset=\"https:\/\/educharlevoix.ca\/cse\/wp-content\/uploads\/2021\/03\/documents_folder_18875-300x300.png 300w, https:\/\/educharlevoix.ca\/cse\/wp-content\/uploads\/2021\/03\/documents_folder_18875-150x150.png 150w, https:\/\/educharlevoix.ca\/cse\/wp-content\/uploads\/2021\/03\/documents_folder_18875.png 512w\" sizes=\"auto, (max-width: 56px) 100vw, 56px\" \/><\/a><\/td>\n<td>\n<h3><a href=\"https:\/\/cscharlevoix.sharepoint.com\/:f:\/s\/serviceseducatifs\/EkW8wsHVQP9MnBhVIHWB6HAB-_217MSQrQcA8bSv2qdQ4g?e=pmL1V6\" target=\"_blank\" rel=\"noopener\">Pr\u00e9scolaire<\/a><\/h3>\n<\/td>\n<\/tr>\n<tr>\n<td><a href=\"https:\/\/cscharlevoix.sharepoint.com\/:f:\/s\/serviceseducatifs\/EpZ-GJn4qXBApMv_4nHSGXYB4ICTruyhrvbtfGZbz8SImQ?e=3MsFLA\" target=\"_blank\" rel=\"noopener\"><img loading=\"lazy\" decoding=\"async\" class=\"alignnone wp-image-13559\" src=\"https:\/\/educharlevoix.ca\/cse\/wp-content\/uploads\/2021\/03\/documents_folder_18875-300x300.png\" alt=\"\" width=\"56\" height=\"56\" srcset=\"https:\/\/educharlevoix.ca\/cse\/wp-content\/uploads\/2021\/03\/documents_folder_18875-300x300.png 300w, https:\/\/educharlevoix.ca\/cse\/wp-content\/uploads\/2021\/03\/documents_folder_18875-150x150.png 150w, https:\/\/educharlevoix.ca\/cse\/wp-content\/uploads\/2021\/03\/documents_folder_18875.png 512w\" sizes=\"auto, (max-width: 56px) 100vw, 56px\" \/><\/a><\/td>\n<td>\n<h3><a href=\"https:\/\/cscharlevoix.sharepoint.com\/:f:\/s\/serviceseducatifs\/EpZ-GJn4qXBApMv_4nHSGXYB4ICTruyhrvbtfGZbz8SImQ?e=3MsFLA\" target=\"_blank\" rel=\"noopener\">Transition primaire-secondaire<\/a><\/h3>\n<\/td>\n<\/tr>\n<tr>\n<td><a href=\"https:\/\/cscharlevoix.sharepoint.com\/:f:\/s\/serviceseducatifs\/EpZ-GJn4qXBApMv_4nHSGXYB4ICTruyhrvbtfGZbz8SImQ?e=3MsFLA\" target=\"_blank\" rel=\"noopener\"><img loading=\"lazy\" decoding=\"async\" class=\"alignnone wp-image-13559\" src=\"https:\/\/educharlevoix.ca\/cse\/wp-content\/uploads\/2021\/03\/documents_folder_18875-300x300.png\" alt=\"\" width=\"56\" height=\"56\" srcset=\"https:\/\/educharlevoix.ca\/cse\/wp-content\/uploads\/2021\/03\/documents_folder_18875-300x300.png 300w, https:\/\/educharlevoix.ca\/cse\/wp-content\/uploads\/2021\/03\/documents_folder_18875-150x150.png 150w, https:\/\/educharlevoix.ca\/cse\/wp-content\/uploads\/2021\/03\/documents_folder_18875.png 512w\" sizes=\"auto, (max-width: 56px) 100vw, 56px\" \/><\/a><\/td>\n<td>\n<h3><a href=\"https:\/\/cscharlevoix.sharepoint.com\/:f:\/r\/sites\/serviceseducatifs\/Documents%20partages\/Services%20compl%C3%A9mentaires\/Psychologie%20et%20psycho%C3%A9ducation\/Coin%20calme%20et%20local%20d%27apaisement?csf=1&amp;web=1&amp;e=ogxOpa\" target=\"_blank\" rel=\"noopener\">Am\u00e9nagement des \u00e9coles<\/a><\/h3>\n<\/td>\n<\/tr>\n<\/tbody>\n<\/table>\n","protected":false},"excerpt":{"rendered":"<p>Autor\u00e9gulation et sensoriel \u00c9criture et graphomotricit\u00e9 Outils technologiques Positionnement et am\u00e9nagement de la classe Pr\u00e9scolaire Transition primaire-secondaire Am\u00e9nagement des \u00e9coles<\/p>\n","protected":false},"author":7,"featured_media":0,"parent":0,"menu_order":0,"comment_status":"closed","ping_status":"closed","template":"","meta":{"cybocfi_hide_featured_image":"","footnotes":""},"categories":[16401],"tags":[],"class_list":["post-13927","page","type-page","status-publish","hentry","category-ergotherapie"],"_links":{"self":[{"href":"https:\/\/educharlevoix.ca\/cse\/wp-json\/wp\/v2\/pages\/13927","targetHints":{"allow":["GET"]}}],"collection":[{"href":"https:\/\/educharlevoix.ca\/cse\/wp-json\/wp\/v2\/pages"}],"about":[{"href":"https:\/\/educharlevoix.ca\/cse\/wp-json\/wp\/v2\/types\/page"}],"author":[{"embeddable":true,"href":"https:\/\/educharlevoix.ca\/cse\/wp-json\/wp\/v2\/users\/7"}],"replies":[{"embeddable":true,"href":"https:\/\/educharlevoix.ca\/cse\/wp-json\/wp\/v2\/comments?post=13927"}],"version-history":[{"count":6,"href":"https:\/\/educharlevoix.ca\/cse\/wp-json\/wp\/v2\/pages\/13927\/revisions"}],"predecessor-version":[{"id":16426,"href":"https:\/\/educharlevoix.ca\/cse\/wp-json\/wp\/v2\/pages\/13927\/revisions\/16426"}],"wp:attachment":[{"href":"https:\/\/educharlevoix.ca\/cse\/wp-json\/wp\/v2\/media?parent=13927"}],"wp:term":[{"taxonomy":"category","embeddable":true,"href":"https:\/\/educharlevoix.ca\/cse\/wp-json\/wp\/v2\/categories?post=13927"},{"taxonomy":"post_tag","embeddable":true,"href":"https:\/\/educharlevoix.ca\/cse\/wp-json\/wp\/v2\/tags?post=13927"}],"curies":[{"name":"wp","href":"https:\/\/api.w.org\/{rel}","templated":true}]}}