{"id":13963,"date":"2021-09-27T14:47:01","date_gmt":"2021-09-27T18:47:01","guid":{"rendered":"https:\/\/educharlevoix.ca\/cse\/?page_id=13963"},"modified":"2025-09-12T11:09:21","modified_gmt":"2025-09-12T15:09:21","slug":"psychologie-psychoeducation","status":"publish","type":"page","link":"https:\/\/educharlevoix.ca\/cse\/psychologie-psychoeducation\/","title":{"rendered":"Psychologie \/ Psycho\u00e9ducation"},"content":{"rendered":"<div class=\"wpb-content-wrapper\"><p>[vc_row][vc_column][vc_column_text css=\u00a0\u00bb\u00a0\u00bb]<\/p>\n<hr \/>\n<p><b>La mission du service de psychologie et de psycho\u00e9ducation<\/b><\/p>\n<div>\n<p>L\u2019\u00e9quipe de psychologie et de psycho\u00e9ducation collabore avec les intervenants scolaires, les parents et les partenaires externes afin de mettre en place des interventions (universelles, cibl\u00e9es et sp\u00e9cifiques) ayant pour but de r\u00e9pondre aux diff\u00e9rents besoins des \u00e9l\u00e8ves. Ils accordent une grande importance au partage d&rsquo;expertise en travail multidisciplinaire et y voient une condition gagnante au processus d\u2019aide \u00e0 l\u2019\u00e9l\u00e8ve.<\/p>\n<\/div>\n<hr \/>\n<h3><img loading=\"lazy\" decoding=\"async\" class=\"alignnone wp-image-13745\" src=\"https:\/\/educharlevoix.ca\/cse\/wp-content\/uploads\/2021\/06\/click_icon_155646-300x300.png\" alt=\"curseur d'ordinateur\" width=\"63\" height=\"63\" srcset=\"https:\/\/educharlevoix.ca\/cse\/wp-content\/uploads\/2021\/06\/click_icon_155646-300x300.png 300w, https:\/\/educharlevoix.ca\/cse\/wp-content\/uploads\/2021\/06\/click_icon_155646-150x150.png 150w, https:\/\/educharlevoix.ca\/cse\/wp-content\/uploads\/2021\/06\/click_icon_155646.png 512w\" sizes=\"auto, (max-width: 63px) 100vw, 63px\" \/>Cliquez sur l&rsquo;ic\u00f4ne ou sur le titre pour acc\u00e9der au contenu.<\/h3>\n<table style=\"height: 766px;\" width=\"638\">\n<tbody>\n<tr>\n<td><img loading=\"lazy\" decoding=\"async\" class=\"alignnone size-full wp-image-15788\" src=\"https:\/\/educharlevoix.ca\/cse\/wp-content\/uploads\/2023\/09\/3700466-data-file-folder-interface-material-office-storage_108757.png\" alt=\"\" width=\"64\" height=\"64\" \/><\/td>\n<td>\n<h3><a href=\"https:\/\/cscharlevoix.sharepoint.com\/:f:\/r\/sites\/serviceseducatifs\/Documents%20partages\/Services%20compl%C3%A9mentaires\/Psychologie%20et%20psycho%C3%A9ducation\/Consigner%20de%20l%E2%80%99information%20sur%20Mozaik%C2%A0(SOI)?csf=1&amp;web=1&amp;e=ERZEgC\" target=\"_blank\" rel=\"noopener\"><strong><span data-olk-copy-source=\"MessageBody\">Consigner de l\u2019information sur Mozaik\u00a0(SOI)<\/span><\/strong><\/a><\/h3>\n<\/td>\n<\/tr>\n<tr>\n<td><img loading=\"lazy\" decoding=\"async\" class=\"alignnone size-full wp-image-15795\" src=\"https:\/\/educharlevoix.ca\/cse\/wp-content\/uploads\/2023\/09\/parent_icon_205848.png\" alt=\"\" width=\"64\" height=\"64\" \/><\/td>\n<td>\n<h3><strong><a href=\"https:\/\/cscharlevoix.sharepoint.com\/:b:\/r\/sites\/serviceseducatifs\/Documents%20partages\/Services%20compl%C3%A9mentaires\/Psychologie%20et%20psycho%C3%A9ducation\/L%27opposition%20-%20CSDC.pdf?csf=1&amp;web=1&amp;e=dei0mc\" target=\"_blank\" rel=\"noopener\">L&rsquo;opposition &#8211; CSDC<\/a><\/strong><\/h3>\n<\/td>\n<\/tr>\n<tr>\n<td><img loading=\"lazy\" decoding=\"async\" class=\"alignnone wp-image-16122\" src=\"https:\/\/educharlevoix.ca\/cse\/wp-content\/uploads\/2024\/04\/knowledge_education_online_hands_on_project_based_learning_business_icon_262291-300x300.png\" alt=\"\" width=\"82\" height=\"82\" srcset=\"https:\/\/educharlevoix.ca\/cse\/wp-content\/uploads\/2024\/04\/knowledge_education_online_hands_on_project_based_learning_business_icon_262291-300x300.png 300w, https:\/\/educharlevoix.ca\/cse\/wp-content\/uploads\/2024\/04\/knowledge_education_online_hands_on_project_based_learning_business_icon_262291-150x150.png 150w, https:\/\/educharlevoix.ca\/cse\/wp-content\/uploads\/2024\/04\/knowledge_education_online_hands_on_project_based_learning_business_icon_262291.png 512w\" sizes=\"auto, (max-width: 82px) 100vw, 82px\" \/><\/td>\n<td>\n<h3><a href=\"https:\/\/cscharlevoix.sharepoint.com\/:b:\/r\/sites\/serviceseducatifs\/Documents%20partages\/Services%20compl%C3%A9mentaires\/Psychologie%20et%20psycho%C3%A9ducation\/Bonnes%20pratiques%20retrait.pdf?csf=1&amp;web=1&amp;e=BmF01V\" target=\"_blank\" rel=\"noopener\">Bonnes pratiques retrait<\/a><\/h3>\n<\/td>\n<\/tr>\n<tr>\n<td><img loading=\"lazy\" decoding=\"async\" class=\"alignnone wp-image-16363\" src=\"https:\/\/educharlevoix.ca\/cse\/wp-content\/uploads\/2024\/12\/phare-300x300.png\" alt=\"\" width=\"59\" height=\"59\" srcset=\"https:\/\/educharlevoix.ca\/cse\/wp-content\/uploads\/2024\/12\/phare-300x300.png 300w, https:\/\/educharlevoix.ca\/cse\/wp-content\/uploads\/2024\/12\/phare-150x150.png 150w, https:\/\/educharlevoix.ca\/cse\/wp-content\/uploads\/2024\/12\/phare.png 512w\" sizes=\"auto, (max-width: 59px) 100vw, 59px\" \/><\/td>\n<td>\n<h3><a href=\"https:\/\/cscharlevoix.sharepoint.com\/:b:\/r\/sites\/serviceseducatifs\/Documents%20partages\/Services%20compl%C3%A9mentaires\/Psychologie%20et%20psycho%C3%A9ducation\/Actions%20favorisant%20l%27attachement%20-%20CSSDC.pdf?csf=1&amp;web=1&amp;e=0fTAud\" target=\"_blank\" rel=\"noopener\">Exemples d&rsquo;actions et d&rsquo;attitudes favorisant l&rsquo;attachement<\/a><\/h3>\n<\/td>\n<\/tr>\n<tr>\n<td><a href=\"https:\/\/cscharlevoix.sharepoint.com\/:b:\/s\/serviceseducatifs\/Eaip8nG5OSNNpiLO7kuGl_MB4-FGUugVtGxe4KTGi987uQ?e=Ozxhev\" target=\"_blank\" rel=\"noopener\"><img loading=\"lazy\" decoding=\"async\" class=\"wp-image-13780 aligncenter\" src=\"https:\/\/educharlevoix.ca\/cse\/wp-content\/uploads\/2021\/08\/noun_Keyword-engine_2223088-e1628862118747-300x259.png\" alt=\"\" width=\"50\" height=\"43\" srcset=\"https:\/\/educharlevoix.ca\/cse\/wp-content\/uploads\/2021\/08\/noun_Keyword-engine_2223088-e1628862118747-300x259.png 300w, https:\/\/educharlevoix.ca\/cse\/wp-content\/uploads\/2021\/08\/noun_Keyword-engine_2223088-e1628862118747.png 696w\" sizes=\"auto, (max-width: 50px) 100vw, 50px\" \/><\/a><\/td>\n<td>\n<h3><a href=\"https:\/\/cscharlevoix.sharepoint.com\/:b:\/s\/serviceseducatifs\/Eaip8nG5OSNNpiLO7kuGl_MB4-FGUugVtGxe4KTGi987uQ?e=Ozxhev\" target=\"_blank\" rel=\"noopener\">Aide \u00e0 la d\u00e9cision pour la s\u00e9lection d&rsquo;une formation, d&rsquo;un atelier ou d&rsquo;une conf\u00e9rence<\/a><\/h3>\n<\/td>\n<\/tr>\n<tr>\n<td><a href=\"https:\/\/cscharlevoix.sharepoint.com\/:b:\/s\/serviceseducatifs\/EV0ZZRbuBfdKuRmmuICFDBQBca3APaUk6uD8o-KmxFKcZA?e=1pn6KK\" target=\"_blank\" rel=\"noopener\"><img loading=\"lazy\" decoding=\"async\" class=\"wp-image-14127 aligncenter\" src=\"https:\/\/educharlevoix.ca\/cse\/wp-content\/uploads\/2021\/12\/noun-friend-2206465-300x300.png\" alt=\"\" width=\"82\" height=\"82\" srcset=\"https:\/\/educharlevoix.ca\/cse\/wp-content\/uploads\/2021\/12\/noun-friend-2206465-300x300.png 300w, https:\/\/educharlevoix.ca\/cse\/wp-content\/uploads\/2021\/12\/noun-friend-2206465-150x150.png 150w, https:\/\/educharlevoix.ca\/cse\/wp-content\/uploads\/2021\/12\/noun-friend-2206465.png 700w\" sizes=\"auto, (max-width: 82px) 100vw, 82px\" \/><\/a><\/td>\n<td>\n<h3><a href=\"https:\/\/cscharlevoix.sharepoint.com\/:b:\/s\/serviceseducatifs\/EV0ZZRbuBfdKuRmmuICFDBQBca3APaUk6uD8o-KmxFKcZA?e=1pn6KK\" target=\"_blank\" rel=\"noopener\">D\u00e9veloppement des habilet\u00e9s sociales<\/a><\/h3>\n<\/td>\n<\/tr>\n<tr>\n<td><a href=\"https:\/\/cscharlevoix.sharepoint.com\/:f:\/s\/serviceseducatifs\/EsmrO7MFyElDtU1798H_fbYBzElPe7BU7V0179xEGxGTfA?e=u78StW\" target=\"_blank\" rel=\"noopener\"><img loading=\"lazy\" decoding=\"async\" class=\"wp-image-13596 aligncenter\" src=\"https:\/\/educharlevoix.ca\/cse\/wp-content\/uploads\/2021\/03\/4288583documentfileresearchresumesearch-115773_115740-300x300.png\" alt=\"\" width=\"54\" height=\"54\" srcset=\"https:\/\/educharlevoix.ca\/cse\/wp-content\/uploads\/2021\/03\/4288583documentfileresearchresumesearch-115773_115740-300x300.png 300w, https:\/\/educharlevoix.ca\/cse\/wp-content\/uploads\/2021\/03\/4288583documentfileresearchresumesearch-115773_115740-150x150.png 150w, https:\/\/educharlevoix.ca\/cse\/wp-content\/uploads\/2021\/03\/4288583documentfileresearchresumesearch-115773_115740.png 512w\" sizes=\"auto, (max-width: 54px) 100vw, 54px\" \/><\/a><\/td>\n<td>\n<h3><a href=\"https:\/\/cscharlevoix.sharepoint.com\/:f:\/s\/serviceseducatifs\/EsmrO7MFyElDtU1798H_fbYBzElPe7BU7V0179xEGxGTfA?e=u78StW\" target=\"_blank\" rel=\"noopener\">\u00c9valuation psychologique<\/a><\/h3>\n<\/td>\n<\/tr>\n<tr>\n<td><a href=\"https:\/\/cscharlevoix.sharepoint.com\/:f:\/s\/serviceseducatifs\/EsmrO7MFyElDtU1798H_fbYBzElPe7BU7V0179xEGxGTfA?e=u78StW\" target=\"_blank\" rel=\"noopener\"><img loading=\"lazy\" decoding=\"async\" class=\"wp-image-14128 aligncenter\" src=\"https:\/\/educharlevoix.ca\/cse\/wp-content\/uploads\/2021\/12\/noun-competition-1087154-300x300.png\" alt=\"\" width=\"65\" height=\"65\" srcset=\"https:\/\/educharlevoix.ca\/cse\/wp-content\/uploads\/2021\/12\/noun-competition-1087154-300x300.png 300w, https:\/\/educharlevoix.ca\/cse\/wp-content\/uploads\/2021\/12\/noun-competition-1087154-150x150.png 150w, https:\/\/educharlevoix.ca\/cse\/wp-content\/uploads\/2021\/12\/noun-competition-1087154.png 700w\" sizes=\"auto, (max-width: 65px) 100vw, 65px\" \/><\/a><\/td>\n<td>\n<h3><a href=\"https:\/\/cscharlevoix.sharepoint.com\/:b:\/s\/serviceseducatifs\/EdS_Pfwsni1Eh8EZh7guxGEBEmGHXNp8HPl5yuZOTReyxA?e=gtOPYj\" target=\"_blank\" rel=\"noopener\">Feuille d&rsquo;objectifs<\/a><\/h3>\n<\/td>\n<\/tr>\n<tr>\n<td><img loading=\"lazy\" decoding=\"async\" class=\"alignnone wp-image-15644\" src=\"https:\/\/educharlevoix.ca\/cse\/wp-content\/uploads\/2023\/06\/repose_doss_icon_140080-min-e1685707969293-300x300.png\" alt=\"\" width=\"64\" height=\"64\" srcset=\"https:\/\/educharlevoix.ca\/cse\/wp-content\/uploads\/2023\/06\/repose_doss_icon_140080-min-e1685707969293.png 300w, https:\/\/educharlevoix.ca\/cse\/wp-content\/uploads\/2023\/06\/repose_doss_icon_140080-min-e1685707969293-150x150.png 150w\" sizes=\"auto, (max-width: 64px) 100vw, 64px\" \/><\/td>\n<td>\n<h3><a href=\"https:\/\/cscharlevoix.sharepoint.com\/:f:\/r\/sites\/serviceseducatifs\/Documents%20partages\/Services%20compl%C3%A9mentaires\/Psychologie%20et%20psycho%C3%A9ducation\/Coin%20calme%20et%20local%20d%27apaisement?csf=1&amp;web=1&amp;e=ogxOpa\" target=\"_blank\" rel=\"noopener\">Coin calme et local d&rsquo;apaisement<\/a><\/h3>\n<\/td>\n<\/tr>\n<tr>\n<td><a href=\"https:\/\/cscharlevoix.sharepoint.com\/:f:\/s\/serviceseducatifs\/EtxLiKgPt6NIh-hNFagNuqYBwv_E1NPlHXxxQBCs8UX5FA?e=AOFcnh\" target=\"_blank\" rel=\"noopener\"><img loading=\"lazy\" decoding=\"async\" class=\"wp-image-14129 aligncenter\" src=\"https:\/\/educharlevoix.ca\/cse\/wp-content\/uploads\/2021\/12\/noun-cloud-390433-300x300.png\" alt=\"\" width=\"70\" height=\"70\" srcset=\"https:\/\/educharlevoix.ca\/cse\/wp-content\/uploads\/2021\/12\/noun-cloud-390433-300x300.png 300w, https:\/\/educharlevoix.ca\/cse\/wp-content\/uploads\/2021\/12\/noun-cloud-390433-150x150.png 150w, https:\/\/educharlevoix.ca\/cse\/wp-content\/uploads\/2021\/12\/noun-cloud-390433.png 700w\" sizes=\"auto, (max-width: 70px) 100vw, 70px\" \/><\/a><\/td>\n<td>\n<h3><a href=\"https:\/\/cscharlevoix.sharepoint.com\/:f:\/s\/serviceseducatifs\/EtxLiKgPt6NIh-hNFagNuqYBwv_E1NPlHXxxQBCs8UX5FA?e=AOFcnh\" target=\"_blank\" rel=\"noopener\">Propos suicidaires<\/a><\/h3>\n<\/td>\n<\/tr>\n<tr>\n<td><a href=\"https:\/\/cscharlevoix.sharepoint.com\/:f:\/s\/serviceseducatifs\/EoNsmTxm6OVMoboB9LywUgoBtrio8iH-XCc6FlcKTB7ueQ?e=Z0DYmS\" target=\"_blank\" rel=\"noopener\"><img loading=\"lazy\" decoding=\"async\" class=\"wp-image-14319 aligncenter\" src=\"https:\/\/educharlevoix.ca\/cse\/wp-content\/uploads\/2022\/03\/noun-dossier-2099526-300x300.png\" alt=\"\" width=\"84\" height=\"84\" srcset=\"https:\/\/educharlevoix.ca\/cse\/wp-content\/uploads\/2022\/03\/noun-dossier-2099526-300x300.png 300w, https:\/\/educharlevoix.ca\/cse\/wp-content\/uploads\/2022\/03\/noun-dossier-2099526-150x150.png 150w, https:\/\/educharlevoix.ca\/cse\/wp-content\/uploads\/2022\/03\/noun-dossier-2099526.png 700w\" sizes=\"auto, (max-width: 84px) 100vw, 84px\" \/><\/a><\/td>\n<td>\n<h3><a href=\"https:\/\/cscharlevoix.sharepoint.com\/:f:\/s\/serviceseducatifs\/EoNsmTxm6OVMoboB9LywUgoBtrio8iH-XCc6FlcKTB7ueQ?e=Z0DYmS\" target=\"_blank\" rel=\"noopener\">R\u00e9ception de rapports professionnels de l&rsquo;externe<\/a><\/h3>\n<\/td>\n<\/tr>\n<tr>\n<td><a href=\"https:\/\/cscharlevoix.sharepoint.com\/:b:\/s\/serviceseducatifs\/EUT3lmfus6dBlOyAoTUzTc4B-oiCnSB3pLby0XCcCshhyw?e=ndedoT\" target=\"_blank\" rel=\"noopener\"><img loading=\"lazy\" decoding=\"async\" class=\"wp-image-14131 aligncenter\" src=\"https:\/\/educharlevoix.ca\/cse\/wp-content\/uploads\/2021\/12\/noun-efficiency-2973510-300x300.png\" alt=\"\" width=\"87\" height=\"87\" srcset=\"https:\/\/educharlevoix.ca\/cse\/wp-content\/uploads\/2021\/12\/noun-efficiency-2973510-300x300.png 300w, https:\/\/educharlevoix.ca\/cse\/wp-content\/uploads\/2021\/12\/noun-efficiency-2973510-150x150.png 150w, https:\/\/educharlevoix.ca\/cse\/wp-content\/uploads\/2021\/12\/noun-efficiency-2973510.png 700w\" sizes=\"auto, (max-width: 87px) 100vw, 87px\" \/><\/a><\/td>\n<td>\n<h3><a href=\"https:\/\/cscharlevoix.sharepoint.com\/:b:\/s\/serviceseducatifs\/EUT3lmfus6dBlOyAoTUzTc4B-oiCnSB3pLby0XCcCshhyw?e=ndedoT\" target=\"_blank\" rel=\"noopener\">Sentiment d&rsquo;efficacit\u00e9 personnelle<\/a><\/h3>\n<\/td>\n<\/tr>\n<tr>\n<td><a href=\"https:\/\/cscharlevoix.sharepoint.com\/:b:\/s\/serviceseducatifs\/EfIfzD12P_BOgwI-mzr9U90BdH_hR-MN8sX8WIaSeLI4Yg?e=9U8BCB\" target=\"_blank\" rel=\"noopener\"><img loading=\"lazy\" decoding=\"async\" class=\"wp-image-14317 aligncenter\" src=\"https:\/\/educharlevoix.ca\/cse\/wp-content\/uploads\/2022\/03\/noun-stop-1078244-300x300.png\" alt=\"\" width=\"80\" height=\"80\" srcset=\"https:\/\/educharlevoix.ca\/cse\/wp-content\/uploads\/2022\/03\/noun-stop-1078244-300x300.png 300w, https:\/\/educharlevoix.ca\/cse\/wp-content\/uploads\/2022\/03\/noun-stop-1078244-150x150.png 150w, https:\/\/educharlevoix.ca\/cse\/wp-content\/uploads\/2022\/03\/noun-stop-1078244.png 700w\" sizes=\"auto, (max-width: 80px) 100vw, 80px\" \/><\/a><\/td>\n<td>\n<h3><a href=\"https:\/\/cscharlevoix.sharepoint.com\/:f:\/r\/sites\/serviceseducatifs\/Documents%20partages\/Services%20compl%C3%A9mentaires\/Psychologie%20et%20psycho%C3%A9ducation\/Signalement%20au%20DPJ?csf=1&amp;web=1&amp;e=DT3C9J\" target=\"_blank\" rel=\"noopener\">Signalement \u00e0 la Direction de la protection de la jeunesse<\/a><\/h3>\n<\/td>\n<\/tr>\n<tr>\n<td><a href=\"https:\/\/cscharlevoix.sharepoint.com\/:b:\/s\/serviceseducatifs\/EYzMvGXf3jxDhhGfCmED-WkBM9w8-VCz9uY4xrlXL4iW7A?e=fWYl5R\" target=\"_blank\" rel=\"noopener\"><img loading=\"lazy\" decoding=\"async\" class=\"wp-image-14132 aligncenter\" style=\"font-family: inherit; font-size: inherit;\" src=\"https:\/\/educharlevoix.ca\/cse\/wp-content\/uploads\/2021\/12\/noun-motivation-3965064-300x300.png\" alt=\"\" width=\"76\" height=\"76\" srcset=\"https:\/\/educharlevoix.ca\/cse\/wp-content\/uploads\/2021\/12\/noun-motivation-3965064-300x300.png 300w, https:\/\/educharlevoix.ca\/cse\/wp-content\/uploads\/2021\/12\/noun-motivation-3965064-150x150.png 150w, https:\/\/educharlevoix.ca\/cse\/wp-content\/uploads\/2021\/12\/noun-motivation-3965064.png 700w\" sizes=\"auto, (max-width: 76px) 100vw, 76px\" \/><\/a><\/td>\n<td>\n<h3><a href=\"https:\/\/cscharlevoix.sharepoint.com\/:b:\/s\/serviceseducatifs\/EYzMvGXf3jxDhhGfCmED-WkBM9w8-VCz9uY4xrlXL4iW7A?e=fWYl5R\" target=\"_blank\" rel=\"noopener\">Syst\u00e8mes de motivation et de r\u00e9compenses<\/a><\/h3>\n<\/td>\n<\/tr>\n<tr>\n<td><a href=\"https:\/\/cscharlevoix.sharepoint.com\/:b:\/s\/serviceseducatifs\/EXgeyBuVh75OrHBvAPXYyu4BG3DMs2JFMTUUDaqh7qhH5A?e=oTcE9k\" target=\"_blank\" rel=\"noopener\"><img loading=\"lazy\" decoding=\"async\" class=\"wp-image-14130 aligncenter\" src=\"https:\/\/educharlevoix.ca\/cse\/wp-content\/uploads\/2021\/12\/noun-triangle-4433264-300x300.png\" alt=\"\" width=\"76\" height=\"76\" srcset=\"https:\/\/educharlevoix.ca\/cse\/wp-content\/uploads\/2021\/12\/noun-triangle-4433264-300x300.png 300w, https:\/\/educharlevoix.ca\/cse\/wp-content\/uploads\/2021\/12\/noun-triangle-4433264-150x150.png 150w, https:\/\/educharlevoix.ca\/cse\/wp-content\/uploads\/2021\/12\/noun-triangle-4433264.png 700w\" sizes=\"auto, (max-width: 76px) 100vw, 76px\" \/><\/a><\/td>\n<td>\n<h3><a href=\"https:\/\/cscharlevoix.sharepoint.com\/:b:\/r\/sites\/serviceseducatifs\/Documents%20partages\/Services%20compl%C3%A9mentaires\/Psychologie%20et%20psycho%C3%A9ducation\/D%C3%A9personnaliser%20une%20demande.pdf?csf=1&amp;web=1&amp;e=JCWm5s\" target=\"_blank\" rel=\"noopener\">Triangle de d\u00e9personnalisation<\/a><\/h3>\n<\/td>\n<\/tr>\n<tr>\n<td><img loading=\"lazy\" decoding=\"async\" class=\"wp-image-14131 aligncenter\" src=\"https:\/\/educharlevoix.ca\/cse\/wp-content\/uploads\/2021\/12\/noun-efficiency-2973510-300x300.png\" alt=\"\" width=\"87\" height=\"87\" srcset=\"https:\/\/educharlevoix.ca\/cse\/wp-content\/uploads\/2021\/12\/noun-efficiency-2973510-300x300.png 300w, https:\/\/educharlevoix.ca\/cse\/wp-content\/uploads\/2021\/12\/noun-efficiency-2973510-150x150.png 150w, https:\/\/educharlevoix.ca\/cse\/wp-content\/uploads\/2021\/12\/noun-efficiency-2973510.png 700w\" sizes=\"auto, (max-width: 87px) 100vw, 87px\" \/><\/td>\n<td>\n<h3><a href=\"https:\/\/cscharlevoix.sharepoint.com\/:b:\/r\/sites\/serviceseducatifs\/Documents%20partages\/Services%20compl%C3%A9mentaires\/Psychologie%20et%20psycho%C3%A9ducation\/R%C3%A9duire%20niveau%20de%20stress%20-%20CSSDC%202022.pdf?csf=1&amp;web=1&amp;e=Q8jUqI\" target=\"_blank\" rel=\"noopener\">R\u00e9duire le niveau de stress<\/a><\/h3>\n<\/td>\n<\/tr>\n<tr>\n<td><img loading=\"lazy\" decoding=\"async\" class=\"wp-image-14319 aligncenter\" src=\"https:\/\/educharlevoix.ca\/cse\/wp-content\/uploads\/2022\/03\/noun-dossier-2099526-300x300.png\" alt=\"\" width=\"84\" height=\"84\" srcset=\"https:\/\/educharlevoix.ca\/cse\/wp-content\/uploads\/2022\/03\/noun-dossier-2099526-300x300.png 300w, https:\/\/educharlevoix.ca\/cse\/wp-content\/uploads\/2022\/03\/noun-dossier-2099526-150x150.png 150w, https:\/\/educharlevoix.ca\/cse\/wp-content\/uploads\/2022\/03\/noun-dossier-2099526.png 700w\" sizes=\"auto, (max-width: 84px) 100vw, 84px\" \/><\/td>\n<td>\n<h3><a href=\"https:\/\/cscharlevoix.sharepoint.com\/:b:\/r\/sites\/serviceseducatifs\/Documents%20partages\/Services%20compl%C3%A9mentaires\/Psychologie%20et%20psycho%C3%A9ducation\/R%C3%A9f%C3%A9rence%20soutien%20social%20(CIUSSS).pdf?csf=1&amp;web=1&amp;e=dvXW75\" target=\"_blank\" rel=\"noopener\">R\u00e9f\u00e9rence soutien social<\/a><\/h3>\n<\/td>\n<\/tr>\n<\/tbody>\n<\/table>\n<p>[\/vc_column_text][\/vc_column][\/vc_row]<\/p>\n<\/div>","protected":false},"excerpt":{"rendered":"<p>[vc_row][vc_column][vc_column_text css=\u00a0\u00bb\u00a0\u00bb] La mission du service de psychologie et de psycho\u00e9ducation L\u2019\u00e9quipe de psychologie et de psycho\u00e9ducation collabore avec les intervenants scolaires, les parents et les partenaires externes afin de mettre en place des interventions (universelles, cibl\u00e9es et sp\u00e9cifiques) ayant &hellip; <\/p>\n","protected":false},"author":7,"featured_media":0,"parent":0,"menu_order":0,"comment_status":"closed","ping_status":"closed","template":"","meta":{"cybocfi_hide_featured_image":"","footnotes":""},"categories":[20],"tags":[],"class_list":["post-13963","page","type-page","status-publish","hentry","category-psychologie-psychoeducation"],"_links":{"self":[{"href":"https:\/\/educharlevoix.ca\/cse\/wp-json\/wp\/v2\/pages\/13963","targetHints":{"allow":["GET"]}}],"collection":[{"href":"https:\/\/educharlevoix.ca\/cse\/wp-json\/wp\/v2\/pages"}],"about":[{"href":"https:\/\/educharlevoix.ca\/cse\/wp-json\/wp\/v2\/types\/page"}],"author":[{"embeddable":true,"href":"https:\/\/educharlevoix.ca\/cse\/wp-json\/wp\/v2\/users\/7"}],"replies":[{"embeddable":true,"href":"https:\/\/educharlevoix.ca\/cse\/wp-json\/wp\/v2\/comments?post=13963"}],"version-history":[{"count":13,"href":"https:\/\/educharlevoix.ca\/cse\/wp-json\/wp\/v2\/pages\/13963\/revisions"}],"predecessor-version":[{"id":16519,"href":"https:\/\/educharlevoix.ca\/cse\/wp-json\/wp\/v2\/pages\/13963\/revisions\/16519"}],"wp:attachment":[{"href":"https:\/\/educharlevoix.ca\/cse\/wp-json\/wp\/v2\/media?parent=13963"}],"wp:term":[{"taxonomy":"category","embeddable":true,"href":"https:\/\/educharlevoix.ca\/cse\/wp-json\/wp\/v2\/categories?post=13963"},{"taxonomy":"post_tag","embeddable":true,"href":"https:\/\/educharlevoix.ca\/cse\/wp-json\/wp\/v2\/tags?post=13963"}],"curies":[{"name":"wp","href":"https:\/\/api.w.org\/{rel}","templated":true}]}}