{"id":13966,"date":"2021-09-27T14:48:29","date_gmt":"2021-09-27T18:48:29","guid":{"rendered":"https:\/\/educharlevoix.ca\/cse\/?page_id=13966"},"modified":"2026-01-16T10:13:18","modified_gmt":"2026-01-16T15:13:18","slug":"orthophonie","status":"publish","type":"page","link":"https:\/\/educharlevoix.ca\/cse\/orthophonie\/","title":{"rendered":"Orthophonie"},"content":{"rendered":"<div class=\"wpb-content-wrapper\"><p>[vc_row][vc_column][vc_column_text css=\u00a0\u00bb\u00a0\u00bb]<\/p>\n<h4><img loading=\"lazy\" decoding=\"async\" class=\"wp-image-13915 alignleft\" src=\"https:\/\/educharlevoix.ca\/cse\/wp-content\/uploads\/2021\/09\/female-user-with-long-hair-and-question-mark_icon-icons.com_54778-300x300.png\" alt=\"\" width=\"54\" height=\"54\" srcset=\"https:\/\/educharlevoix.ca\/cse\/wp-content\/uploads\/2021\/09\/female-user-with-long-hair-and-question-mark_icon-icons.com_54778-300x300.png 300w, https:\/\/educharlevoix.ca\/cse\/wp-content\/uploads\/2021\/09\/female-user-with-long-hair-and-question-mark_icon-icons.com_54778-150x150.png 150w, https:\/\/educharlevoix.ca\/cse\/wp-content\/uploads\/2021\/09\/female-user-with-long-hair-and-question-mark_icon-icons.com_54778.png 512w\" sizes=\"auto, (max-width: 54px) 100vw, 54px\" \/><\/h4>\n<h4><\/h4>\n<h4>R\u00f4les des orthophonistes en milieu scolaire<\/h4>\n<hr \/>\n<p>L\u2019orthophoniste intervient autant en <strong>promotion<\/strong> qu\u2019en <strong>pr\u00e9vention<\/strong>, <strong>\u00e9valuation<\/strong> et <strong>r\u00e9\u00e9ducation<\/strong> de la parole, du langage, de la communication et de l&rsquo;apprentissage.<\/p>\n<p>Les interventions de l\u2019orthophoniste ont pour but de d\u00e9velopper la capacit\u00e9 de communiquer, de <strong>parler<\/strong>, d\u2019<strong>\u00e9crire<\/strong>, de <strong>lire<\/strong>, de <strong>comprendre<\/strong>, de <strong>raisonner<\/strong> ou de <strong>calculer<\/strong> de l\u2019enfant. Le tout, en optimisant son autonomie et son int\u00e9gration \u00e0 l\u2019int\u00e9rieur d\u2019activit\u00e9s sociales et scolaires.<\/p>\n<hr \/>\n<h3><\/h3>\n<table style=\"height: 419px;\" width=\"693\">\n<tbody>\n<tr>\n<td><img loading=\"lazy\" decoding=\"async\" class=\"alignnone wp-image-16123\" src=\"https:\/\/educharlevoix.ca\/cse\/wp-content\/uploads\/2024\/04\/progression_development_online_advancement_career_icon_262315-300x300.png\" alt=\"\" width=\"64\" height=\"64\" srcset=\"https:\/\/educharlevoix.ca\/cse\/wp-content\/uploads\/2024\/04\/progression_development_online_advancement_career_icon_262315-300x300.png 300w, https:\/\/educharlevoix.ca\/cse\/wp-content\/uploads\/2024\/04\/progression_development_online_advancement_career_icon_262315-150x150.png 150w, https:\/\/educharlevoix.ca\/cse\/wp-content\/uploads\/2024\/04\/progression_development_online_advancement_career_icon_262315.png 512w\" sizes=\"auto, (max-width: 64px) 100vw, 64px\" \/><\/td>\n<td>\n<h2><a href=\"https:\/\/cscharlevoix.sharepoint.com\/:f:\/r\/sites\/serviceseducatifs\/Documents%20partages\/Services%20compl%C3%A9mentaires\/Orthophonie\/Plan%20d%27action?csf=1&amp;web=1&amp;e=1esY8H\" target=\"_blank\" rel=\"noopener\">Plan d&rsquo;action<\/a><\/h2>\n<\/td>\n<\/tr>\n<tr>\n<td><img loading=\"lazy\" decoding=\"async\" class=\"alignnone wp-image-13743\" src=\"https:\/\/educharlevoix.ca\/cse\/wp-content\/uploads\/2021\/06\/iconfinder-contat-us-31write-4211859_115070-300x300.png\" alt=\"\" width=\"75\" height=\"75\" srcset=\"https:\/\/educharlevoix.ca\/cse\/wp-content\/uploads\/2021\/06\/iconfinder-contat-us-31write-4211859_115070-300x300.png 300w, https:\/\/educharlevoix.ca\/cse\/wp-content\/uploads\/2021\/06\/iconfinder-contat-us-31write-4211859_115070-150x150.png 150w, https:\/\/educharlevoix.ca\/cse\/wp-content\/uploads\/2021\/06\/iconfinder-contat-us-31write-4211859_115070.png 512w\" sizes=\"auto, (max-width: 75px) 100vw, 75px\" \/><\/td>\n<td>\n<h2><a href=\"https:\/\/cscharlevoix.sharepoint.com\/:b:\/r\/sites\/serviceseducatifs\/Documents%20partages\/Services%20compl%C3%A9mentaires\/Orthophonie\/Cadre%20de%20r%C3%A9f%C3%A9rence.pdf?csf=1&amp;web=1&amp;e=2jv6hF\" target=\"_blank\" rel=\"noopener\">Cadre de r\u00e9f\u00e9rence<\/a><\/h2>\n<\/td>\n<\/tr>\n<tr>\n<td><img loading=\"lazy\" decoding=\"async\" class=\"wp-image-13744 aligncenter\" src=\"https:\/\/educharlevoix.ca\/cse\/wp-content\/uploads\/2021\/06\/teacherreading_89190-300x300.png\" alt=\"\" width=\"54\" height=\"54\" srcset=\"https:\/\/educharlevoix.ca\/cse\/wp-content\/uploads\/2021\/06\/teacherreading_89190-300x300.png 300w, https:\/\/educharlevoix.ca\/cse\/wp-content\/uploads\/2021\/06\/teacherreading_89190-150x150.png 150w, https:\/\/educharlevoix.ca\/cse\/wp-content\/uploads\/2021\/06\/teacherreading_89190.png 512w\" sizes=\"auto, (max-width: 54px) 100vw, 54px\" \/><\/td>\n<td>\n<h2><a href=\"https:\/\/cscharlevoix.sharepoint.com\/:f:\/r\/sites\/serviceseducatifs\/Documents%20partages\/Services%20compl%C3%A9mentaires\/Orthophonie\/Pr%C3%A9scolaire%20-%20lecture%20interactive%20enrichie?csf=1&amp;web=1&amp;e=KFRrw0\" target=\"_blank\" rel=\"noopener\">Pr\u00e9scolaire &#8211; lecture interactive enrichie<\/a><\/h2>\n<\/td>\n<\/tr>\n<tr>\n<td>\n<h2><a href=\"https:\/\/cscharlevoix.sharepoint.com\/:b:\/s\/serviceseducatifs\/EdeWFqpenmJLuBfDtXNvIOgBVo-yqvdnFTh-Qnj2AVyZpg?e=F0V1KZ\" target=\"_blank\" rel=\"noopener\"><img loading=\"lazy\" decoding=\"async\" class=\" wp-image-13595 aligncenter\" src=\"https:\/\/educharlevoix.ca\/cse\/wp-content\/uploads\/2021\/03\/3592870-brochure-document-menu-note-office-page-papers_107750-300x300.png\" alt=\"\" width=\"68\" height=\"68\" srcset=\"https:\/\/educharlevoix.ca\/cse\/wp-content\/uploads\/2021\/03\/3592870-brochure-document-menu-note-office-page-papers_107750-300x300.png 300w, https:\/\/educharlevoix.ca\/cse\/wp-content\/uploads\/2021\/03\/3592870-brochure-document-menu-note-office-page-papers_107750-150x150.png 150w, https:\/\/educharlevoix.ca\/cse\/wp-content\/uploads\/2021\/03\/3592870-brochure-document-menu-note-office-page-papers_107750.png 512w\" sizes=\"auto, (max-width: 68px) 100vw, 68px\" \/><\/a><\/h2>\n<\/td>\n<td>\n<h2><a href=\"https:\/\/cscharlevoix.sharepoint.com\/:b:\/s\/serviceseducatifs\/EdeWFqpenmJLuBfDtXNvIOgBVo-yqvdnFTh-Qnj2AVyZpg?e=F0V1KZ\" target=\"_blank\" rel=\"noopener\">Brochure sur le d\u00e9veloppement de la communication<\/a><\/h2>\n<\/td>\n<\/tr>\n<tr>\n<td><img loading=\"lazy\" decoding=\"async\" class=\"alignnone size-full wp-image-15795\" src=\"https:\/\/educharlevoix.ca\/cse\/wp-content\/uploads\/2023\/09\/parent_icon_205848.png\" alt=\"\" width=\"64\" height=\"64\" \/><\/td>\n<td>\n<h2><a href=\"https:\/\/cscharlevoix.sharepoint.com\/:b:\/r\/sites\/serviceseducatifs\/Documents%20partages\/Services%20compl%C3%A9mentaires\/Orthophonie\/Tableau%20des%20strat%C3%A9gies%20de%20communication.pdf?csf=1&amp;web=1&amp;e=Yd0rTH\" target=\"_blank\" rel=\"noopener\">\u00a0Strat\u00e9gies de communication<\/a><\/h2>\n<\/td>\n<\/tr>\n<tr>\n<td>\n<h2><a href=\"https:\/\/cscharlevoix.sharepoint.com\/:b:\/s\/serviceseducatifs\/EXzy4QscyaFIjwEv6VUYwCcBbBeGfZsamwjIA3ySgmaQFA?e=lFQg7F\" target=\"_blank\" rel=\"noopener\"><img loading=\"lazy\" decoding=\"async\" class=\" wp-image-13595 aligncenter\" src=\"https:\/\/educharlevoix.ca\/cse\/wp-content\/uploads\/2021\/03\/3592870-brochure-document-menu-note-office-page-papers_107750-300x300.png\" alt=\"\" width=\"68\" height=\"68\" srcset=\"https:\/\/educharlevoix.ca\/cse\/wp-content\/uploads\/2021\/03\/3592870-brochure-document-menu-note-office-page-papers_107750-300x300.png 300w, https:\/\/educharlevoix.ca\/cse\/wp-content\/uploads\/2021\/03\/3592870-brochure-document-menu-note-office-page-papers_107750-150x150.png 150w, https:\/\/educharlevoix.ca\/cse\/wp-content\/uploads\/2021\/03\/3592870-brochure-document-menu-note-office-page-papers_107750.png 512w\" sizes=\"auto, (max-width: 68px) 100vw, 68px\" \/><\/a><\/h2>\n<\/td>\n<td>\n<h2><a href=\"https:\/\/cscharlevoix.sharepoint.com\/:b:\/s\/serviceseducatifs\/EXzy4QscyaFIjwEv6VUYwCcBbBeGfZsamwjIA3ySgmaQFA?e=lFQg7F\" target=\"_blank\" rel=\"noopener\">Brochure sur le trouble d\u00e9veloppemental du langage<\/a><\/h2>\n<\/td>\n<\/tr>\n<tr>\n<td><img loading=\"lazy\" decoding=\"async\" class=\"alignnone size-full wp-image-16159\" src=\"https:\/\/educharlevoix.ca\/cse\/wp-content\/uploads\/2024\/04\/Books_icon-icons.com_76879.png\" alt=\"\" width=\"72\" height=\"72\" \/><\/td>\n<td>\n<h2><a href=\"https:\/\/www.regroupementtdl.ca\/\" target=\"_blank\" rel=\"noopener\">Ressource \u2013 Regroupement TDL<\/a><\/h2>\n<\/td>\n<\/tr>\n<\/tbody>\n<\/table>\n<p>[\/vc_column_text][\/vc_column][\/vc_row]<\/p>\n<\/div>","protected":false},"excerpt":{"rendered":"<p>[vc_row][vc_column][vc_column_text css=\u00a0\u00bb\u00a0\u00bb] R\u00f4les des orthophonistes en milieu scolaire L\u2019orthophoniste intervient autant en promotion qu\u2019en pr\u00e9vention, \u00e9valuation et r\u00e9\u00e9ducation de la parole, du langage, de la communication et de l&rsquo;apprentissage. Les interventions de l\u2019orthophoniste ont pour but de d\u00e9velopper la capacit\u00e9 &hellip; <\/p>\n","protected":false},"author":7,"featured_media":0,"parent":0,"menu_order":0,"comment_status":"closed","ping_status":"closed","template":"","meta":{"cybocfi_hide_featured_image":"","footnotes":""},"categories":[22],"tags":[],"class_list":["post-13966","page","type-page","status-publish","hentry","category-orthophonie"],"_links":{"self":[{"href":"https:\/\/educharlevoix.ca\/cse\/wp-json\/wp\/v2\/pages\/13966","targetHints":{"allow":["GET"]}}],"collection":[{"href":"https:\/\/educharlevoix.ca\/cse\/wp-json\/wp\/v2\/pages"}],"about":[{"href":"https:\/\/educharlevoix.ca\/cse\/wp-json\/wp\/v2\/types\/page"}],"author":[{"embeddable":true,"href":"https:\/\/educharlevoix.ca\/cse\/wp-json\/wp\/v2\/users\/7"}],"replies":[{"embeddable":true,"href":"https:\/\/educharlevoix.ca\/cse\/wp-json\/wp\/v2\/comments?post=13966"}],"version-history":[{"count":7,"href":"https:\/\/educharlevoix.ca\/cse\/wp-json\/wp\/v2\/pages\/13966\/revisions"}],"predecessor-version":[{"id":16556,"href":"https:\/\/educharlevoix.ca\/cse\/wp-json\/wp\/v2\/pages\/13966\/revisions\/16556"}],"wp:attachment":[{"href":"https:\/\/educharlevoix.ca\/cse\/wp-json\/wp\/v2\/media?parent=13966"}],"wp:term":[{"taxonomy":"category","embeddable":true,"href":"https:\/\/educharlevoix.ca\/cse\/wp-json\/wp\/v2\/categories?post=13966"},{"taxonomy":"post_tag","embeddable":true,"href":"https:\/\/educharlevoix.ca\/cse\/wp-json\/wp\/v2\/tags?post=13966"}],"curies":[{"name":"wp","href":"https:\/\/api.w.org\/{rel}","templated":true}]}}