{"id":14002,"date":"2021-10-10T21:32:11","date_gmt":"2021-10-11T01:32:11","guid":{"rendered":"https:\/\/educharlevoix.ca\/cse\/?page_id=14002"},"modified":"2025-05-14T10:23:51","modified_gmt":"2025-05-14T14:23:51","slug":"programmes-equi-t-action-et-azur","status":"publish","type":"page","link":"https:\/\/educharlevoix.ca\/cse\/programmes-equi-t-action-et-azur\/","title":{"rendered":"Programmes: \u00c9qui-t-Action et Azur"},"content":{"rendered":"<table>\n<tbody>\n<tr>\n<td style=\"text-align: center; vertical-align: middle;\"><a href=\"https:\/\/cscharlevoix.sharepoint.com\/:b:\/s\/serviceseducatifs\/EYPU_j-SYYdMsp6pG8wGxTYBXdyyCb1wuYNUApYHgXS9rA?e=iYYQL8\" target=\"_blank\" rel=\"noopener\"><img loading=\"lazy\" decoding=\"async\" class=\"alignnone wp-image-13595\" src=\"https:\/\/educharlevoix.ca\/cse\/wp-content\/uploads\/2021\/03\/3592870-brochure-document-menu-note-office-page-papers_107750-300x300.png\" alt=\"\" width=\"36\" height=\"36\" srcset=\"https:\/\/educharlevoix.ca\/cse\/wp-content\/uploads\/2021\/03\/3592870-brochure-document-menu-note-office-page-papers_107750-300x300.png 300w, https:\/\/educharlevoix.ca\/cse\/wp-content\/uploads\/2021\/03\/3592870-brochure-document-menu-note-office-page-papers_107750-150x150.png 150w, https:\/\/educharlevoix.ca\/cse\/wp-content\/uploads\/2021\/03\/3592870-brochure-document-menu-note-office-page-papers_107750.png 512w\" sizes=\"auto, (max-width: 36px) 100vw, 36px\" \/><\/a><\/td>\n<td>\n<h3><a href=\"https:\/\/cscharlevoix.sharepoint.com\/:b:\/r\/sites\/serviceseducatifs\/Documents%20partages\/Services%20compl%C3%A9mentaires\/Programmes%20de%20th%C3%A9rapie%20assist%C3%A9e%20par%20le%20cheval\/1-2024-2025%20D%C3%A9pliant%20-%20Programmes%20de%20th%C3%A9rapie%20assist%C3%A9e%20par%20le%20cheval.pdf?csf=1&amp;web=1&amp;e=GzYX2B\" target=\"_blank\" rel=\"noopener\" data-cke-saved-href=\"https:\/\/cscharlevoix.sharepoint.com\/:b:\/r\/sites\/serviceseducatifs\/Documents%20partages\/Services%20compl%C3%A9mentaires\/Programmes%20d%27%C3%89qui-th%C3%A9rapie\/1-%20De%CC%81pliant%20-%20Programmes%20de%20th%C3%A9rapie%20assist%C3%A9e%20par%20le%20cheval.pdf?csf=1&amp;web=1&amp;e=P3dO5p\">D\u00e9pliant des programmes<\/a> de th\u00e9rapie assist\u00e9e par le cheval<\/h3>\n<\/td>\n<\/tr>\n<tr>\n<td style=\"text-align: center; vertical-align: middle;\"><img loading=\"lazy\" decoding=\"async\" class=\"\" src=\"https:\/\/educharlevoix.ca\/cse\/wp-content\/uploads\/2021\/10\/Azur-300x300.png\" width=\"49\" height=\"49\" \/><\/p>\n<p><a href=\"https:\/\/cscharlevoix.sharepoint.com\/:w:\/s\/serviceseducatifs\/ETOYpy5k-OtGhm7ZAc-TLr8BpG2Gdi4l61foixOsI9kiNw?e=f0qLqf\" target=\"_blank\" rel=\"noopener\"><img loading=\"lazy\" decoding=\"async\" class=\"alignnone wp-image-13743\" src=\"https:\/\/educharlevoix.ca\/cse\/wp-content\/uploads\/2021\/06\/iconfinder-contat-us-31write-4211859_115070-300x300.png\" alt=\"\" width=\"40\" height=\"40\" srcset=\"https:\/\/educharlevoix.ca\/cse\/wp-content\/uploads\/2021\/06\/iconfinder-contat-us-31write-4211859_115070-300x300.png 300w, https:\/\/educharlevoix.ca\/cse\/wp-content\/uploads\/2021\/06\/iconfinder-contat-us-31write-4211859_115070-150x150.png 150w, https:\/\/educharlevoix.ca\/cse\/wp-content\/uploads\/2021\/06\/iconfinder-contat-us-31write-4211859_115070.png 512w\" sizes=\"auto, (max-width: 40px) 100vw, 40px\" \/><\/a><\/p>\n<p><a href=\"https:\/\/cscharlevoix.sharepoint.com\/:w:\/s\/serviceseducatifs\/ETOYpy5k-OtGhm7ZAc-TLr8BpG2Gdi4l61foixOsI9kiNw?e=f0qLqf\" target=\"_blank\" rel=\"noopener\"><img loading=\"lazy\" decoding=\"async\" class=\"alignnone wp-image-13743\" src=\"https:\/\/educharlevoix.ca\/cse\/wp-content\/uploads\/2021\/06\/iconfinder-contat-us-31write-4211859_115070-300x300.png\" alt=\"\" width=\"40\" height=\"40\" srcset=\"https:\/\/educharlevoix.ca\/cse\/wp-content\/uploads\/2021\/06\/iconfinder-contat-us-31write-4211859_115070-300x300.png 300w, https:\/\/educharlevoix.ca\/cse\/wp-content\/uploads\/2021\/06\/iconfinder-contat-us-31write-4211859_115070-150x150.png 150w, https:\/\/educharlevoix.ca\/cse\/wp-content\/uploads\/2021\/06\/iconfinder-contat-us-31write-4211859_115070.png 512w\" sizes=\"auto, (max-width: 40px) 100vw, 40px\" \/><\/a><\/p>\n<p><a href=\"https:\/\/cscharlevoix.sharepoint.com\/:w:\/s\/serviceseducatifs\/ETOYpy5k-OtGhm7ZAc-TLr8BpG2Gdi4l61foixOsI9kiNw?e=f0qLqf\" target=\"_blank\" rel=\"noopener\"><img loading=\"lazy\" decoding=\"async\" class=\"alignnone wp-image-13743\" src=\"https:\/\/educharlevoix.ca\/cse\/wp-content\/uploads\/2021\/06\/iconfinder-contat-us-31write-4211859_115070-300x300.png\" alt=\"\" width=\"40\" height=\"40\" srcset=\"https:\/\/educharlevoix.ca\/cse\/wp-content\/uploads\/2021\/06\/iconfinder-contat-us-31write-4211859_115070-300x300.png 300w, https:\/\/educharlevoix.ca\/cse\/wp-content\/uploads\/2021\/06\/iconfinder-contat-us-31write-4211859_115070-150x150.png 150w, https:\/\/educharlevoix.ca\/cse\/wp-content\/uploads\/2021\/06\/iconfinder-contat-us-31write-4211859_115070.png 512w\" sizes=\"auto, (max-width: 40px) 100vw, 40px\" \/><\/a><\/td>\n<td>\n<h3>Azur:<\/h3>\n<p><a href=\"https:\/\/cscharlevoix.sharepoint.com\/:w:\/r\/sites\/serviceseducatifs\/Documents%20partages\/Services%20compl%C3%A9mentaires\/Programmes%20de%20th%C3%A9rapie%20assist%C3%A9e%20par%20le%20cheval\/Formulaire%20de%20r%C3%A9f%C3%A9rence%20-%20Programmes%20de%20th%C3%A9rapie%20assist%C3%A9e%20par%20le%20cheval.docx?d=w8fd0632f7abd4f34961b0f0027d588a6&amp;csf=1&amp;web=1&amp;e=2B1X3C\" target=\"_blank\" rel=\"noopener\"><strong>Proc\u00e9dures et trajectoires (r\u00e9f\u00e9rencement et d\u00e9marche)<\/strong><\/a><\/p>\n<h3><a href=\"https:\/\/cscharlevoix.sharepoint.com\/:b:\/r\/sites\/serviceseducatifs\/Documents%20partages\/Services%20compl%C3%A9mentaires\/Programmes%20de%20th%C3%A9rapie%20assist%C3%A9e%20par%20le%20cheval\/2-%20Formulaire%20de%20r%C3%A9f%C3%A9rence%20-%20Programmes%20de%20th%C3%A9rapie%20assist%C3%A9e%20par%20le%20cheval.pdf?csf=1&amp;web=1&amp;e=dVacE2\" target=\"_blank\" rel=\"noopener\" data-cke-saved-href=\"https:\/\/cscharlevoix.sharepoint.com\/:b:\/r\/sites\/serviceseducatifs\/Documents%20partages\/Services%20compl%C3%A9mentaires\/Programmes%20d%27%C3%89qui-th%C3%A9rapie\/2-%20Formulaire%20de%20r%C3%A9f%C3%A9rence%20-%20Programmes%20de%20th%C3%A9rapie%20assist%C3%A9e%20par%20le%20cheval.pdf?csf=1&amp;web=1&amp;e=ITOG9Q\">Document de r\u00e9f\u00e9rence<\/a> au programme<\/h3>\n<h3><a href=\"https:\/\/cscharlevoix.sharepoint.com\/:b:\/r\/sites\/serviceseducatifs\/Documents%20partages\/Services%20compl%C3%A9mentaires\/Programmes%20de%20th%C3%A9rapie%20assist%C3%A9e%20par%20le%20cheval\/4-%20Programme%20AZUR%20Informations%20(enseignant).pdf?csf=1&amp;web=1&amp;e=eNIFXS\" target=\"_blank\" rel=\"noopener\" data-cke-saved-href=\"https:\/\/cscharlevoix.sharepoint.com\/:b:\/r\/sites\/serviceseducatifs\/Documents%20partages\/Services%20compl%C3%A9mentaires\/Programmes%20d%27%C3%89qui-th%C3%A9rapie\/4-%20Programme%20AZUR%20Informations%20(enseignant).pdf?csf=1&amp;web=1&amp;e=QwRkhy\">information pour l&rsquo;enseignant<\/a> de l&rsquo;\u00e9l\u00e8ve participant<\/h3>\n<h3><a href=\"https:\/\/cscharlevoix.sharepoint.com\/:b:\/r\/sites\/serviceseducatifs\/Documents%20partages\/Services%20compl%C3%A9mentaires\/Programmes%20de%20th%C3%A9rapie%20assist%C3%A9e%20par%20le%20cheval\/3-%20Azur-2024-25%20Informations%20(parent).pdf?csf=1&amp;web=1&amp;e=zU4SlC\" target=\"_blank\" rel=\"noopener\" data-cke-saved-href=\"https:\/\/cscharlevoix.sharepoint.com\/:b:\/r\/sites\/serviceseducatifs\/Documents%20partages\/Services%20compl%C3%A9mentaires\/Programmes%20d%27%C3%89qui-th%C3%A9rapie\/3-%20Azur-2024-25%20Informations%20(parent).pdf?csf=1&amp;web=1&amp;e=xyw4qu\">information pour le parent<\/a>\u00a0de l&rsquo;\u00e9l\u00e8ve participant<\/h3>\n<\/td>\n<\/tr>\n<tr>\n<td style=\"text-align: center; vertical-align: middle;\">&nbsp;<\/p>\n<p><img loading=\"lazy\" decoding=\"async\" class=\"\" src=\"https:\/\/educharlevoix.ca\/cse\/wp-content\/uploads\/2021\/10\/Azur-300x300.png\" width=\"49\" height=\"49\" \/><br \/>\n<a href=\"https:\/\/cscharlevoix.sharepoint.com\/:w:\/s\/serviceseducatifs\/ETOYpy5k-OtGhm7ZAc-TLr8BpG2Gdi4l61foixOsI9kiNw?e=f0qLqf\" target=\"_blank\" rel=\"noopener\"><img loading=\"lazy\" decoding=\"async\" class=\"alignnone wp-image-13743\" src=\"https:\/\/educharlevoix.ca\/cse\/wp-content\/uploads\/2021\/06\/iconfinder-contat-us-31write-4211859_115070-300x300.png\" alt=\"\" width=\"40\" height=\"40\" srcset=\"https:\/\/educharlevoix.ca\/cse\/wp-content\/uploads\/2021\/06\/iconfinder-contat-us-31write-4211859_115070-300x300.png 300w, https:\/\/educharlevoix.ca\/cse\/wp-content\/uploads\/2021\/06\/iconfinder-contat-us-31write-4211859_115070-150x150.png 150w, https:\/\/educharlevoix.ca\/cse\/wp-content\/uploads\/2021\/06\/iconfinder-contat-us-31write-4211859_115070.png 512w\" sizes=\"auto, (max-width: 40px) 100vw, 40px\" \/><\/a><\/td>\n<td>\n<h3>\u00c9qui-T-Action<\/h3>\n<h3>(Les fin de semaine, inscription via le Centre jeunesse emploi)<\/h3>\n<h3><a href=\"https:\/\/cscharlevoix.sharepoint.com\/:b:\/r\/sites\/serviceseducatifs\/Documents%20partages\/Services%20compl%C3%A9mentaires\/Programmes%20de%20th%C3%A9rapie%20assist%C3%A9e%20par%20le%20cheval\/2-%20Formulaire%20de%20r%C3%A9f%C3%A9rence%20-%20Programmes%20de%20th%C3%A9rapie%20assist%C3%A9e%20par%20le%20cheval.pdf?csf=1&amp;web=1&amp;e=NSs7t5\" target=\"_blank\" rel=\"noopener\" data-cke-saved-href=\"https:\/\/cscharlevoix.sharepoint.com\/:b:\/r\/sites\/serviceseducatifs\/Documents%20partages\/Services%20compl%C3%A9mentaires\/Programmes%20d%27%C3%89qui-th%C3%A9rapie\/2-%20Formulaire%20de%20r%C3%A9f%C3%A9rence%20-%20Programmes%20de%20th%C3%A9rapie%20assist%C3%A9e%20par%20le%20cheval.pdf?csf=1&amp;web=1&amp;e=ITOG9Q\">Document de r\u00e9f\u00e9rence au programme<\/a><\/h3>\n<\/td>\n<\/tr>\n<tr>\n<td><\/td>\n<td><\/td>\n<\/tr>\n<\/tbody>\n<\/table>\n","protected":false},"excerpt":{"rendered":"<p>D\u00e9pliant des programmes de th\u00e9rapie assist\u00e9e par le cheval Azur: Proc\u00e9dures et trajectoires (r\u00e9f\u00e9rencement et d\u00e9marche) Document de r\u00e9f\u00e9rence au programme information pour l&rsquo;enseignant de l&rsquo;\u00e9l\u00e8ve participant information pour le parent\u00a0de l&rsquo;\u00e9l\u00e8ve participant &nbsp; \u00c9qui-T-Action (Les fin de semaine, inscription &hellip; <\/p>\n","protected":false},"author":7,"featured_media":0,"parent":0,"menu_order":0,"comment_status":"closed","ping_status":"closed","template":"","meta":{"cybocfi_hide_featured_image":"","footnotes":""},"categories":[],"tags":[],"class_list":["post-14002","page","type-page","status-publish","hentry"],"_links":{"self":[{"href":"https:\/\/educharlevoix.ca\/cse\/wp-json\/wp\/v2\/pages\/14002","targetHints":{"allow":["GET"]}}],"collection":[{"href":"https:\/\/educharlevoix.ca\/cse\/wp-json\/wp\/v2\/pages"}],"about":[{"href":"https:\/\/educharlevoix.ca\/cse\/wp-json\/wp\/v2\/types\/page"}],"author":[{"embeddable":true,"href":"https:\/\/educharlevoix.ca\/cse\/wp-json\/wp\/v2\/users\/7"}],"replies":[{"embeddable":true,"href":"https:\/\/educharlevoix.ca\/cse\/wp-json\/wp\/v2\/comments?post=14002"}],"version-history":[{"count":18,"href":"https:\/\/educharlevoix.ca\/cse\/wp-json\/wp\/v2\/pages\/14002\/revisions"}],"predecessor-version":[{"id":16452,"href":"https:\/\/educharlevoix.ca\/cse\/wp-json\/wp\/v2\/pages\/14002\/revisions\/16452"}],"wp:attachment":[{"href":"https:\/\/educharlevoix.ca\/cse\/wp-json\/wp\/v2\/media?parent=14002"}],"wp:term":[{"taxonomy":"category","embeddable":true,"href":"https:\/\/educharlevoix.ca\/cse\/wp-json\/wp\/v2\/categories?post=14002"},{"taxonomy":"post_tag","embeddable":true,"href":"https:\/\/educharlevoix.ca\/cse\/wp-json\/wp\/v2\/tags?post=14002"}],"curies":[{"name":"wp","href":"https:\/\/api.w.org\/{rel}","templated":true}]}}