{"id":14141,"date":"2021-12-03T15:31:17","date_gmt":"2021-12-03T20:31:17","guid":{"rendered":"https:\/\/educharlevoix.ca\/cse\/?page_id=14141"},"modified":"2022-04-04T13:33:38","modified_gmt":"2022-04-04T17:33:38","slug":"mesures-universelles","status":"publish","type":"page","link":"https:\/\/educharlevoix.ca\/cse\/mesures-universelles\/","title":{"rendered":"Mesures universelles"},"content":{"rendered":"<h3><img loading=\"lazy\" decoding=\"async\" class=\"alignnone wp-image-13745\" src=\"https:\/\/educharlevoix.ca\/cse\/wp-content\/uploads\/2021\/06\/click_icon_155646-300x300.png\" alt=\"curseur d'ordinateur\" width=\"63\" height=\"63\" srcset=\"https:\/\/educharlevoix.ca\/cse\/wp-content\/uploads\/2021\/06\/click_icon_155646-300x300.png 300w, https:\/\/educharlevoix.ca\/cse\/wp-content\/uploads\/2021\/06\/click_icon_155646-150x150.png 150w, https:\/\/educharlevoix.ca\/cse\/wp-content\/uploads\/2021\/06\/click_icon_155646.png 512w\" sizes=\"auto, (max-width: 63px) 100vw, 63px\" \/>Cliquez sur l&rsquo;ic\u00f4ne ou sur le titre pour acc\u00e9der au contenu<\/h3>\n<h2>Attachement<\/h2>\n<table>\n<tbody>\n<tr>\n<td><a href=\"https:\/\/cscharlevoix.sharepoint.com\/:b:\/s\/serviceseducatifs\/ETQFXT-eRuZCqHXQlcEEX3YBS9xtErd24K_wzuai4FgiEA?e=oDGNzm\"><img loading=\"lazy\" decoding=\"async\" class=\"alignnone wp-image-13941\" src=\"https:\/\/educharlevoix.ca\/cse\/wp-content\/uploads\/2021\/09\/123040-300x300.png\" alt=\"\" width=\"76\" height=\"76\" srcset=\"https:\/\/educharlevoix.ca\/cse\/wp-content\/uploads\/2021\/09\/123040-300x300.png 300w, https:\/\/educharlevoix.ca\/cse\/wp-content\/uploads\/2021\/09\/123040-150x150.png 150w, https:\/\/educharlevoix.ca\/cse\/wp-content\/uploads\/2021\/09\/123040.png 512w\" sizes=\"auto, (max-width: 76px) 100vw, 76px\" \/><\/a><\/td>\n<td>\n<h3><a href=\"https:\/\/cscharlevoix.sharepoint.com\/:b:\/s\/serviceseducatifs\/ETQFXT-eRuZCqHXQlcEEX3YBS9xtErd24K_wzuai4FgiEA?e=oDGNzm\">4 cibles de base &#8211; Exemples d&rsquo;intervention<\/a><\/h3>\n<\/td>\n<\/tr>\n<\/tbody>\n<\/table>\n<h2>Gestion de classe<\/h2>\n<h2>P\u00e9dagogie<\/h2>\n<h2>Pictogrammes<\/h2>\n<table>\n<tbody>\n<tr>\n<td><a href=\"https:\/\/recitas.ca\/parlerpictos\/\"><img loading=\"lazy\" decoding=\"async\" class=\"alignnone wp-image-13643\" src=\"https:\/\/educharlevoix.ca\/cse\/wp-content\/uploads\/2021\/03\/logo_recit-300x300.png\" alt=\"\" width=\"76\" height=\"76\" \/><\/a><\/td>\n<td>\n<h3><a href=\"https:\/\/recitas.ca\/parlerpictos\/\">Parlerpictos<\/a><\/h3>\n<\/td>\n<\/tr>\n<tr>\n<td><a href=\"https:\/\/thenounproject.com\/\"><img loading=\"lazy\" decoding=\"async\" class=\"alignnone wp-image-14145\" src=\"https:\/\/educharlevoix.ca\/cse\/wp-content\/uploads\/2021\/12\/noun-project.png\" alt=\"\" width=\"72\" height=\"72\" srcset=\"https:\/\/educharlevoix.ca\/cse\/wp-content\/uploads\/2021\/12\/noun-project.png 225w, https:\/\/educharlevoix.ca\/cse\/wp-content\/uploads\/2021\/12\/noun-project-150x150.png 150w\" sizes=\"auto, (max-width: 72px) 100vw, 72px\" \/><\/a><\/td>\n<td>\n<h3><a href=\"https:\/\/thenounproject.com\/\">Noun Project<\/a><\/h3>\n<\/td>\n<\/tr>\n<\/tbody>\n<\/table>\n<h2>R\u00f4le de l&rsquo;accompagnateur<\/h2>\n","protected":false},"excerpt":{"rendered":"<p>Cliquez sur l&rsquo;ic\u00f4ne ou sur le titre pour acc\u00e9der au contenu Attachement 4 cibles de base &#8211; Exemples d&rsquo;intervention Gestion de classe P\u00e9dagogie Pictogrammes Parlerpictos Noun Project R\u00f4le de l&rsquo;accompagnateur<\/p>\n","protected":false},"author":7,"featured_media":0,"parent":0,"menu_order":0,"comment_status":"closed","ping_status":"closed","template":"","meta":{"cybocfi_hide_featured_image":"","footnotes":""},"categories":[],"tags":[],"class_list":["post-14141","page","type-page","status-publish","hentry"],"_links":{"self":[{"href":"https:\/\/educharlevoix.ca\/cse\/wp-json\/wp\/v2\/pages\/14141","targetHints":{"allow":["GET"]}}],"collection":[{"href":"https:\/\/educharlevoix.ca\/cse\/wp-json\/wp\/v2\/pages"}],"about":[{"href":"https:\/\/educharlevoix.ca\/cse\/wp-json\/wp\/v2\/types\/page"}],"author":[{"embeddable":true,"href":"https:\/\/educharlevoix.ca\/cse\/wp-json\/wp\/v2\/users\/7"}],"replies":[{"embeddable":true,"href":"https:\/\/educharlevoix.ca\/cse\/wp-json\/wp\/v2\/comments?post=14141"}],"version-history":[{"count":0,"href":"https:\/\/educharlevoix.ca\/cse\/wp-json\/wp\/v2\/pages\/14141\/revisions"}],"wp:attachment":[{"href":"https:\/\/educharlevoix.ca\/cse\/wp-json\/wp\/v2\/media?parent=14141"}],"wp:term":[{"taxonomy":"category","embeddable":true,"href":"https:\/\/educharlevoix.ca\/cse\/wp-json\/wp\/v2\/categories?post=14141"},{"taxonomy":"post_tag","embeddable":true,"href":"https:\/\/educharlevoix.ca\/cse\/wp-json\/wp\/v2\/tags?post=14141"}],"curies":[{"name":"wp","href":"https:\/\/api.w.org\/{rel}","templated":true}]}}