{"id":14257,"date":"2022-02-14T10:18:39","date_gmt":"2022-02-14T15:18:39","guid":{"rendered":"https:\/\/educharlevoix.ca\/cse\/?page_id=14257"},"modified":"2022-02-16T17:38:41","modified_gmt":"2022-02-16T22:38:41","slug":"ecole-en-reseau","status":"publish","type":"page","link":"https:\/\/educharlevoix.ca\/cse\/ecole-en-reseau\/","title":{"rendered":"\u00c9cole en r\u00e9seau"},"content":{"rendered":"<h3><img loading=\"lazy\" decoding=\"async\" class=\"alignnone size-full wp-image-14255\" src=\"https:\/\/educharlevoix.ca\/cse\/wp-content\/uploads\/2022\/02\/Logo.png\" alt=\"\" width=\"300\" height=\"200\" \/><\/h3>\n<h3>Cliquez sur les ic\u00f4nes ou les titres pour acc\u00e9der au contenu \u00e0 consulter.<\/h3>\n<table>\n<tbody>\n<tr>\n<td style=\"text-align: center; vertical-align: middle;\"><a href=\"https:\/\/cscharlevoix.sharepoint.com\/:w:\/s\/serviceseducatifs\/EcBC0QaCehpIvjQKwanfjl0BHOXPx_CqQroTZzezeeOGww?e=V40mad\"><img loading=\"lazy\" decoding=\"async\" class=\"alignnone wp-image-13743\" src=\"https:\/\/educharlevoix.ca\/cse\/wp-content\/uploads\/2021\/06\/iconfinder-contat-us-31write-4211859_115070-300x300.png\" alt=\"\" width=\"41\" height=\"41\" srcset=\"https:\/\/educharlevoix.ca\/cse\/wp-content\/uploads\/2021\/06\/iconfinder-contat-us-31write-4211859_115070-300x300.png 300w, https:\/\/educharlevoix.ca\/cse\/wp-content\/uploads\/2021\/06\/iconfinder-contat-us-31write-4211859_115070-150x150.png 150w, https:\/\/educharlevoix.ca\/cse\/wp-content\/uploads\/2021\/06\/iconfinder-contat-us-31write-4211859_115070.png 512w\" sizes=\"auto, (max-width: 41px) 100vw, 41px\" \/><\/a><\/td>\n<td>\n<h3><a href=\"https:\/\/cscharlevoix.sharepoint.com\/:w:\/s\/serviceseducatifs\/EcBC0QaCehpIvjQKwanfjl0BHOXPx_CqQroTZzezeeOGww?e=V40mad\">Formulaire de d\u00e9p\u00f4t d&rsquo;un projet \u00c9ER<\/a><\/h3>\n<\/td>\n<\/tr>\n<tr>\n<td style=\"text-align: center; vertical-align: middle;\"><a href=\"https:\/\/cscharlevoix.sharepoint.com\/:w:\/s\/serviceseducatifs\/EVa5Ud5nGrJOut_PwRhQMgEBMRNN-YQMXlOiWjSL455-XQ?e=bakdDU\"><img loading=\"lazy\" decoding=\"async\" class=\"alignnone wp-image-13743\" src=\"https:\/\/educharlevoix.ca\/cse\/wp-content\/uploads\/2021\/06\/iconfinder-contat-us-31write-4211859_115070-300x300.png\" alt=\"\" width=\"41\" height=\"41\" srcset=\"https:\/\/educharlevoix.ca\/cse\/wp-content\/uploads\/2021\/06\/iconfinder-contat-us-31write-4211859_115070-300x300.png 300w, https:\/\/educharlevoix.ca\/cse\/wp-content\/uploads\/2021\/06\/iconfinder-contat-us-31write-4211859_115070-150x150.png 150w, https:\/\/educharlevoix.ca\/cse\/wp-content\/uploads\/2021\/06\/iconfinder-contat-us-31write-4211859_115070.png 512w\" sizes=\"auto, (max-width: 41px) 100vw, 41px\" \/><\/a><\/td>\n<td>\n<h3><a href=\"https:\/\/cscharlevoix.sharepoint.com\/:w:\/s\/serviceseducatifs\/EVa5Ud5nGrJOut_PwRhQMgEBMRNN-YQMXlOiWjSL455-XQ?e=bakdDU\">Formulaire de demandes de lib\u00e9rations pour projets \u00c9ER<\/a><\/h3>\n<\/td>\n<\/tr>\n<tr>\n<td style=\"text-align: center; vertical-align: middle;\"><a href=\"https:\/\/cscharlevoix.sharepoint.com\/:b:\/s\/serviceseducatifs\/EVceV45zDhtEhm8GEw3etP4BJCiw_7Owt3I3EuAucHX9gw?e=xWIwcz\"><img loading=\"lazy\" decoding=\"async\" class=\"alignnone wp-image-13578\" src=\"https:\/\/educharlevoix.ca\/cse\/wp-content\/uploads\/2021\/03\/hole-ladder_39505-300x300.png\" alt=\"\" width=\"38\" height=\"38\" srcset=\"https:\/\/educharlevoix.ca\/cse\/wp-content\/uploads\/2021\/03\/hole-ladder_39505-300x300.png 300w, https:\/\/educharlevoix.ca\/cse\/wp-content\/uploads\/2021\/03\/hole-ladder_39505-150x150.png 150w, https:\/\/educharlevoix.ca\/cse\/wp-content\/uploads\/2021\/03\/hole-ladder_39505.png 512w\" sizes=\"auto, (max-width: 38px) 100vw, 38px\" \/><\/a><\/td>\n<td>\n<h3><a href=\"https:\/\/cscharlevoix.sharepoint.com\/:b:\/s\/serviceseducatifs\/EVceV45zDhtEhm8GEw3etP4BJCiw_7Owt3I3EuAucHX9gw?e=xWIwcz\">Trajectoire de d\u00e9p\u00f4t d&rsquo;un projet \u00c9ER<\/a><\/h3>\n<\/td>\n<\/tr>\n<\/tbody>\n<\/table>\n","protected":false},"excerpt":{"rendered":"<p>Cliquez sur les ic\u00f4nes ou les titres pour acc\u00e9der au contenu \u00e0 consulter. Formulaire de d\u00e9p\u00f4t d&rsquo;un projet \u00c9ER Formulaire de demandes de lib\u00e9rations pour projets \u00c9ER Trajectoire de d\u00e9p\u00f4t d&rsquo;un projet \u00c9ER<\/p>\n","protected":false},"author":7,"featured_media":0,"parent":0,"menu_order":0,"comment_status":"closed","ping_status":"closed","template":"","meta":{"cybocfi_hide_featured_image":"","footnotes":""},"categories":[],"tags":[],"class_list":["post-14257","page","type-page","status-publish","hentry"],"_links":{"self":[{"href":"https:\/\/educharlevoix.ca\/cse\/wp-json\/wp\/v2\/pages\/14257","targetHints":{"allow":["GET"]}}],"collection":[{"href":"https:\/\/educharlevoix.ca\/cse\/wp-json\/wp\/v2\/pages"}],"about":[{"href":"https:\/\/educharlevoix.ca\/cse\/wp-json\/wp\/v2\/types\/page"}],"author":[{"embeddable":true,"href":"https:\/\/educharlevoix.ca\/cse\/wp-json\/wp\/v2\/users\/7"}],"replies":[{"embeddable":true,"href":"https:\/\/educharlevoix.ca\/cse\/wp-json\/wp\/v2\/comments?post=14257"}],"version-history":[{"count":0,"href":"https:\/\/educharlevoix.ca\/cse\/wp-json\/wp\/v2\/pages\/14257\/revisions"}],"wp:attachment":[{"href":"https:\/\/educharlevoix.ca\/cse\/wp-json\/wp\/v2\/media?parent=14257"}],"wp:term":[{"taxonomy":"category","embeddable":true,"href":"https:\/\/educharlevoix.ca\/cse\/wp-json\/wp\/v2\/categories?post=14257"},{"taxonomy":"post_tag","embeddable":true,"href":"https:\/\/educharlevoix.ca\/cse\/wp-json\/wp\/v2\/tags?post=14257"}],"curies":[{"name":"wp","href":"https:\/\/api.w.org\/{rel}","templated":true}]}}