{"id":14347,"date":"2022-04-04T13:36:48","date_gmt":"2022-04-04T17:36:48","guid":{"rendered":"https:\/\/educharlevoix.ca\/cse\/?page_id=14347"},"modified":"2025-01-13T11:17:02","modified_gmt":"2025-01-13T16:17:02","slug":"gestion-de-classe","status":"publish","type":"page","link":"https:\/\/educharlevoix.ca\/cse\/gestion-de-classe\/","title":{"rendered":"Gestion de classe"},"content":{"rendered":"<h3><img loading=\"lazy\" decoding=\"async\" class=\"alignnone wp-image-13745\" src=\"https:\/\/educharlevoix.ca\/cse\/wp-content\/uploads\/2021\/06\/click_icon_155646-300x300.png\" alt=\"curseur d'ordinateur\" width=\"63\" height=\"63\" srcset=\"https:\/\/educharlevoix.ca\/cse\/wp-content\/uploads\/2021\/06\/click_icon_155646-300x300.png 300w, https:\/\/educharlevoix.ca\/cse\/wp-content\/uploads\/2021\/06\/click_icon_155646-150x150.png 150w, https:\/\/educharlevoix.ca\/cse\/wp-content\/uploads\/2021\/06\/click_icon_155646.png 512w\" sizes=\"auto, (max-width: 63px) 100vw, 63px\" \/>Cliquez sur les ic\u00f4nes ou les titres pour acc\u00e9der au contenu \u00e0 consulter.<\/h3>\n<table>\n<tbody>\n<tr>\n<td><img loading=\"lazy\" decoding=\"async\" class=\"wp-image-13596 aligncenter\" src=\"https:\/\/educharlevoix.ca\/cse\/wp-content\/uploads\/2021\/03\/4288583documentfileresearchresumesearch-115773_115740-300x300.png\" alt=\"\" width=\"92\" height=\"92\" srcset=\"https:\/\/educharlevoix.ca\/cse\/wp-content\/uploads\/2021\/03\/4288583documentfileresearchresumesearch-115773_115740-300x300.png 300w, https:\/\/educharlevoix.ca\/cse\/wp-content\/uploads\/2021\/03\/4288583documentfileresearchresumesearch-115773_115740-150x150.png 150w, https:\/\/educharlevoix.ca\/cse\/wp-content\/uploads\/2021\/03\/4288583documentfileresearchresumesearch-115773_115740.png 512w\" sizes=\"auto, (max-width: 92px) 100vw, 92px\" \/><\/td>\n<td>\n<h3>Auto\u00e9valuation des interventions relatives aux composantes de la gestion de classe<\/h3>\n<ul>\n<li>\n<h4><a href=\"https:\/\/cscharlevoix.sharepoint.com\/:b:\/s\/serviceseducatifs\/EbZuPlMp6BxMvrlU88ORfw8Bv9tr7H94renJCdY4tsFFrg?e=C6T131\" target=\"_blank\" rel=\"noopener\">pr\u00e9scolaire<\/a><\/h4>\n<\/li>\n<li>\n<h4><a href=\"https:\/\/cscharlevoix.sharepoint.com\/:b:\/s\/serviceseducatifs\/EeLhJRg3TPZPiUUTcx3nefMB_M1u25x1ZWdH-pNcLzXi4w?e=ZZ0rOy\" target=\"_blank\" rel=\"noopener\">primaire<\/a><\/h4>\n<\/li>\n<li>\n<h4><a href=\"https:\/\/cscharlevoix.sharepoint.com\/:b:\/s\/serviceseducatifs\/EfabLU3WZi9PuHGfFTDC7LkBR7qNJ8pC541sQPj6Rsu2ew?e=HQCwSa\" target=\"_blank\" rel=\"noopener\">secondaire<\/a><\/h4>\n<\/li>\n<li>\n<h4><a href=\"https:\/\/cscharlevoix.sharepoint.com\/:w:\/s\/serviceseducatifs\/EX0vfTEx4QZBp6WaPZwxvvEB8OLoqKnjFOExM9EiZDVvpg?e=NlolzV\" target=\"_blank\" rel=\"noopener\">Grille d&rsquo;observation<\/a><\/h4>\n<\/li>\n<\/ul>\n<\/td>\n<\/tr>\n<tr>\n<td><a href=\"https:\/\/cscharlevoix.sharepoint.com\/:u:\/s\/serviceseducatifs\/EbO_YC6aHYhEm76_e6DFWvQBx7SFXyF3YwXyyekIQOnpjg?e=VNIvId\" target=\"_blank\" rel=\"noopener\"><img loading=\"lazy\" decoding=\"async\" class=\"wp-image-13824 aligncenter\" src=\"https:\/\/educharlevoix.ca\/cse\/wp-content\/uploads\/2021\/08\/4288593creativejigsawspiecesplanningpuzzlestrategy-115763_115750-300x300.png\" alt=\"\" width=\"72\" height=\"72\" srcset=\"https:\/\/educharlevoix.ca\/cse\/wp-content\/uploads\/2021\/08\/4288593creativejigsawspiecesplanningpuzzlestrategy-115763_115750-300x300.png 300w, https:\/\/educharlevoix.ca\/cse\/wp-content\/uploads\/2021\/08\/4288593creativejigsawspiecesplanningpuzzlestrategy-115763_115750-150x150.png 150w, https:\/\/educharlevoix.ca\/cse\/wp-content\/uploads\/2021\/08\/4288593creativejigsawspiecesplanningpuzzlestrategy-115763_115750.png 512w\" sizes=\"auto, (max-width: 72px) 100vw, 72px\" \/><\/a><\/td>\n<td>\n<h3><a href=\"https:\/\/cscharlevoix.sharepoint.com\/:u:\/r\/sites\/serviceseducatifs\/Documents%20partages\/Mesures%20universelles\/Gestion%20de%20classe\/Banque%20d%27interventions.url?csf=1&amp;web=1&amp;e=LFsNMH\" target=\"_blank\" rel=\"noopener\">Banque d&rsquo;interventions<\/a><\/h3>\n<\/td>\n<\/tr>\n<tr>\n<td><a href=\"https:\/\/cscharlevoix.sharepoint.com\/:b:\/s\/serviceseducatifs\/EQE2sITmRLdAkPTDLpuwm9wBrIFJAiB0Peeh--sPvFwI5Q?e=EU5hna\" target=\"_blank\" rel=\"noopener\"><img loading=\"lazy\" decoding=\"async\" class=\"wp-image-13933 aligncenter\" src=\"https:\/\/educharlevoix.ca\/cse\/wp-content\/uploads\/2021\/09\/canva_logo_icon_145428-300x300.png\" alt=\"\" width=\"56\" height=\"56\" srcset=\"https:\/\/educharlevoix.ca\/cse\/wp-content\/uploads\/2021\/09\/canva_logo_icon_145428-300x300.png 300w, https:\/\/educharlevoix.ca\/cse\/wp-content\/uploads\/2021\/09\/canva_logo_icon_145428-150x150.png 150w, https:\/\/educharlevoix.ca\/cse\/wp-content\/uploads\/2021\/09\/canva_logo_icon_145428.png 512w\" sizes=\"auto, (max-width: 56px) 100vw, 56px\" \/><\/a><\/td>\n<td>\n<h3><a href=\"https:\/\/cscharlevoix.sharepoint.com\/:b:\/s\/serviceseducatifs\/EQE2sITmRLdAkPTDLpuwm9wBrIFJAiB0Peeh--sPvFwI5Q?e=EU5hna\" target=\"_blank\" rel=\"noopener\">Infographie : Gestion de classe<\/a><\/h3>\n<\/td>\n<\/tr>\n<tr>\n<td style=\"text-align: center;\"><img loading=\"lazy\" decoding=\"async\" class=\"aligncenter size-full wp-image-15783\" src=\"https:\/\/educharlevoix.ca\/cse\/wp-content\/uploads\/2023\/09\/product_document_file_1512.png\" alt=\"\" width=\"64\" height=\"64\" \/><\/td>\n<td>\n<h3><a href=\"https:\/\/cscharlevoix.sharepoint.com\/:f:\/r\/sites\/serviceseducatifs\/Documents%20partages\/Gestion%20de%20classe?csf=1&amp;web=1&amp;e=7YAh5o\" target=\"_blank\" rel=\"noopener\">Documents<\/a><\/h3>\n<\/td>\n<\/tr>\n<\/tbody>\n<\/table>\n","protected":false},"excerpt":{"rendered":"<p>Cliquez sur les ic\u00f4nes ou les titres pour acc\u00e9der au contenu \u00e0 consulter. Auto\u00e9valuation des interventions relatives aux composantes de la gestion de classe pr\u00e9scolaire primaire secondaire Grille d&rsquo;observation Banque d&rsquo;interventions Infographie : Gestion de classe Documents<\/p>\n","protected":false},"author":7,"featured_media":0,"parent":0,"menu_order":0,"comment_status":"closed","ping_status":"closed","template":"","meta":{"cybocfi_hide_featured_image":"","footnotes":""},"categories":[],"tags":[],"class_list":["post-14347","page","type-page","status-publish","hentry"],"_links":{"self":[{"href":"https:\/\/educharlevoix.ca\/cse\/wp-json\/wp\/v2\/pages\/14347","targetHints":{"allow":["GET"]}}],"collection":[{"href":"https:\/\/educharlevoix.ca\/cse\/wp-json\/wp\/v2\/pages"}],"about":[{"href":"https:\/\/educharlevoix.ca\/cse\/wp-json\/wp\/v2\/types\/page"}],"author":[{"embeddable":true,"href":"https:\/\/educharlevoix.ca\/cse\/wp-json\/wp\/v2\/users\/7"}],"replies":[{"embeddable":true,"href":"https:\/\/educharlevoix.ca\/cse\/wp-json\/wp\/v2\/comments?post=14347"}],"version-history":[{"count":7,"href":"https:\/\/educharlevoix.ca\/cse\/wp-json\/wp\/v2\/pages\/14347\/revisions"}],"predecessor-version":[{"id":16383,"href":"https:\/\/educharlevoix.ca\/cse\/wp-json\/wp\/v2\/pages\/14347\/revisions\/16383"}],"wp:attachment":[{"href":"https:\/\/educharlevoix.ca\/cse\/wp-json\/wp\/v2\/media?parent=14347"}],"wp:term":[{"taxonomy":"category","embeddable":true,"href":"https:\/\/educharlevoix.ca\/cse\/wp-json\/wp\/v2\/categories?post=14347"},{"taxonomy":"post_tag","embeddable":true,"href":"https:\/\/educharlevoix.ca\/cse\/wp-json\/wp\/v2\/tags?post=14347"}],"curies":[{"name":"wp","href":"https:\/\/api.w.org\/{rel}","templated":true}]}}