{"id":14350,"date":"2022-04-04T14:00:33","date_gmt":"2022-04-04T18:00:33","guid":{"rendered":"https:\/\/educharlevoix.ca\/cse\/?page_id=14350"},"modified":"2026-03-17T13:10:49","modified_gmt":"2026-03-17T17:10:49","slug":"education-specialisee","status":"publish","type":"page","link":"https:\/\/educharlevoix.ca\/cse\/education-specialisee\/","title":{"rendered":"\u00c9ducation sp\u00e9cialis\u00e9e"},"content":{"rendered":"<div class=\"wpb-content-wrapper\"><p>[vc_row][vc_column][vc_column_text css=\u00a0\u00bb\u00a0\u00bb]<\/p>\n<table>\n<tbody>\n<tr>\n<td><a href=\"https:\/\/cscharlevoix.sharepoint.com\/:b:\/r\/sites\/serviceseducatifs\/Documents%20partages\/Adaptation%20scolaire-Inclusion\/%C3%89ducation%20sp%C3%A9cialis%C3%A9e\/Guide%20Le%20r%C3%B4le%20de%20l_accompagnateur%20dans%20la%20r%C3%A9ussite%20de%20l_%C3%A9l%C3%A8ve.pdf?csf=1&amp;web=1&amp;e=jBMYZs\" target=\"_blank\" rel=\"noopener\"><img loading=\"lazy\" decoding=\"async\" class=\"aligncenter wp-image-15786 size-full\" src=\"https:\/\/educharlevoix.ca\/cse\/wp-content\/uploads\/2023\/09\/users_icon-icons.com_57999.png\" alt=\"\" width=\"64\" height=\"42\" \/><\/a><\/td>\n<td>\n<h2><a href=\"https:\/\/cscharlevoix.sharepoint.com\/sites\/serviceseducatifs\/Documents%20partages\/Forms\/AllItems.aspx?id=%2Fsites%2Fserviceseducatifs%2FDocuments%20partages%2FAdaptation%20scolaire%2DInclusion%2F%C3%89ducation%20sp%C3%A9cialis%C3%A9e%2FTES%2FGuide%20%2D%20Le%20r%C3%B4le%20de%20l%27accompagnateur%20dans%20la%20r%C3%A9ussite%20de%20l%27%C3%A9l%C3%A8ve%2Epdf&amp;parent=%2Fsites%2Fserviceseducatifs%2FDocuments%20partages%2FAdaptation%20scolaire%2DInclusion%2F%C3%89ducation%20sp%C3%A9cialis%C3%A9e%2FTES&amp;p=true&amp;ga=1\" target=\"_blank\" rel=\"noopener\">Le r\u00f4le de l&rsquo;accompagnateur<\/a><\/h2>\n<\/td>\n<\/tr>\n<tr>\n<td><a href=\"https:\/\/cscharlevoix.sharepoint.com\/:f:\/r\/sites\/serviceseducatifs\/Documents%20partages\/Adaptation%20scolaire-Inclusion\/%C3%89ducation%20sp%C3%A9cialis%C3%A9e\/TES?csf=1&amp;web=1&amp;e=CXBrsd\" target=\"_blank\" rel=\"noopener\"><img loading=\"lazy\" decoding=\"async\" class=\"aligncenter wp-image-15788 size-full\" src=\"https:\/\/educharlevoix.ca\/cse\/wp-content\/uploads\/2023\/09\/3700466-data-file-folder-interface-material-office-storage_108757.png\" alt=\"\" width=\"64\" height=\"64\" \/><\/a><\/td>\n<td>\n<h2><a href=\"https:\/\/cscharlevoix.sharepoint.com\/:f:\/r\/sites\/serviceseducatifs\/Documents%20partages\/Adaptation%20scolaire-Inclusion\/%C3%89ducation%20sp%C3%A9cialis%C3%A9e\/TES?csf=1&amp;web=1&amp;e=CXBrsd\" target=\"_blank\" rel=\"noopener\">Mat\u00e9riel pour TES<\/a><\/h2>\n<\/td>\n<\/tr>\n<tr>\n<td><a href=\"https:\/\/cscharlevoix.sharepoint.com\/:f:\/r\/sites\/serviceseducatifs\/Documents%20partages\/Adaptation%20scolaire-Inclusion\/%C3%89ducation%20sp%C3%A9cialis%C3%A9e\/TES?csf=1&amp;web=1&amp;e=CXBrsd\" target=\"_blank\" rel=\"noopener\"><img loading=\"lazy\" decoding=\"async\" class=\"aligncenter wp-image-15788 size-full\" src=\"https:\/\/educharlevoix.ca\/cse\/wp-content\/uploads\/2023\/09\/3700466-data-file-folder-interface-material-office-storage_108757.png\" alt=\"\" width=\"64\" height=\"64\" \/><\/a><\/td>\n<td>\n<h2><a href=\"https:\/\/cscharlevoix.sharepoint.com\/:b:\/r\/sites\/serviceseducatifs\/Documents%20partages\/Adaptation%20scolaire-Inclusion\/%C3%89ducation%20sp%C3%A9cialis%C3%A9e\/trousse%20TES\/0-%20Trousse%20TES%20version%20janvier%202026.pdf?csf=1&amp;web=1&amp;e=qC3N6L\" target=\"_blank\" rel=\"noopener\">Trousse TES<\/a><\/h2>\n<\/td>\n<\/tr>\n<\/tbody>\n<\/table>\n<p>[\/vc_column_text][\/vc_column][\/vc_row]<\/p>\n<\/div>","protected":false},"excerpt":{"rendered":"<p>[vc_row][vc_column][vc_column_text css=\u00a0\u00bb\u00a0\u00bb] Le r\u00f4le de l&rsquo;accompagnateur Mat\u00e9riel pour TES Trousse TES [\/vc_column_text][\/vc_column][\/vc_row]<\/p>\n","protected":false},"author":7,"featured_media":0,"parent":0,"menu_order":0,"comment_status":"closed","ping_status":"closed","template":"","meta":{"cybocfi_hide_featured_image":"","footnotes":""},"categories":[],"tags":[],"class_list":["post-14350","page","type-page","status-publish","hentry"],"_links":{"self":[{"href":"https:\/\/educharlevoix.ca\/cse\/wp-json\/wp\/v2\/pages\/14350","targetHints":{"allow":["GET"]}}],"collection":[{"href":"https:\/\/educharlevoix.ca\/cse\/wp-json\/wp\/v2\/pages"}],"about":[{"href":"https:\/\/educharlevoix.ca\/cse\/wp-json\/wp\/v2\/types\/page"}],"author":[{"embeddable":true,"href":"https:\/\/educharlevoix.ca\/cse\/wp-json\/wp\/v2\/users\/7"}],"replies":[{"embeddable":true,"href":"https:\/\/educharlevoix.ca\/cse\/wp-json\/wp\/v2\/comments?post=14350"}],"version-history":[{"count":7,"href":"https:\/\/educharlevoix.ca\/cse\/wp-json\/wp\/v2\/pages\/14350\/revisions"}],"predecessor-version":[{"id":16586,"href":"https:\/\/educharlevoix.ca\/cse\/wp-json\/wp\/v2\/pages\/14350\/revisions\/16586"}],"wp:attachment":[{"href":"https:\/\/educharlevoix.ca\/cse\/wp-json\/wp\/v2\/media?parent=14350"}],"wp:term":[{"taxonomy":"category","embeddable":true,"href":"https:\/\/educharlevoix.ca\/cse\/wp-json\/wp\/v2\/categories?post=14350"},{"taxonomy":"post_tag","embeddable":true,"href":"https:\/\/educharlevoix.ca\/cse\/wp-json\/wp\/v2\/tags?post=14350"}],"curies":[{"name":"wp","href":"https:\/\/api.w.org\/{rel}","templated":true}]}}