{"id":14363,"date":"2022-04-08T11:30:29","date_gmt":"2022-04-08T15:30:29","guid":{"rendered":"https:\/\/educharlevoix.ca\/cse\/?page_id=14363"},"modified":"2025-09-02T09:34:51","modified_gmt":"2025-09-02T13:34:51","slug":"adaptation-scolaire-secondaire","status":"publish","type":"page","link":"https:\/\/educharlevoix.ca\/cse\/adaptation-scolaire-secondaire\/","title":{"rendered":"Adaptation scolaire"},"content":{"rendered":"<h3><\/h3>\n<table>\n<tbody>\n<tr>\n<td><a href=\"https:\/\/cscharlevoix.sharepoint.com\/:f:\/r\/sites\/serviceseducatifs\/Documents%20partages\/Secondaire\/Adaptation%20scolaire?csf=1&amp;web=1&amp;e=UKf52y\" target=\"_blank\" rel=\"noopener\"><img loading=\"lazy\" decoding=\"async\" class=\"wp-image-15386 aligncenter\" src=\"https:\/\/educharlevoix.ca\/cse\/wp-content\/uploads\/2022\/11\/library_books_school_shelving_rack_furniture_icon_209277-e1669219826663.png\" alt=\"\" width=\"103\" height=\"103\" srcset=\"https:\/\/educharlevoix.ca\/cse\/wp-content\/uploads\/2022\/11\/library_books_school_shelving_rack_furniture_icon_209277-e1669219826663.png 300w, https:\/\/educharlevoix.ca\/cse\/wp-content\/uploads\/2022\/11\/library_books_school_shelving_rack_furniture_icon_209277-e1669219826663-150x150.png 150w\" sizes=\"auto, (max-width: 103px) 100vw, 103px\" \/><\/a><\/td>\n<td>\n<h3><a href=\"https:\/\/cscharlevoix.sharepoint.com\/:f:\/r\/sites\/serviceseducatifs\/Documents%20partages\/Secondaire\/Adaptation%20scolaire?csf=1&amp;web=1&amp;e=UKf52y\" target=\"_blank\" rel=\"noopener\">Mat\u00e9riel p\u00e9dagogique 1er cycle<\/a><\/h3>\n<\/td>\n<\/tr>\n<tr>\n<td><a href=\"https:\/\/cscharlevoix.sharepoint.com\/:w:\/s\/serviceseducatifs\/EUzmkmNuE4xPvJKPekC5w6UBhVmyW4-Qoa2uf3aTMPS_ug?e=SqsWts\" target=\"_blank\" rel=\"noopener\"><img loading=\"lazy\" decoding=\"async\" class=\"wp-image-13596 aligncenter\" src=\"https:\/\/educharlevoix.ca\/cse\/wp-content\/uploads\/2021\/03\/4288583documentfileresearchresumesearch-115773_115740-300x300.png\" alt=\"\" width=\"70\" height=\"70\" srcset=\"https:\/\/educharlevoix.ca\/cse\/wp-content\/uploads\/2021\/03\/4288583documentfileresearchresumesearch-115773_115740-300x300.png 300w, https:\/\/educharlevoix.ca\/cse\/wp-content\/uploads\/2021\/03\/4288583documentfileresearchresumesearch-115773_115740-150x150.png 150w, https:\/\/educharlevoix.ca\/cse\/wp-content\/uploads\/2021\/03\/4288583documentfileresearchresumesearch-115773_115740.png 512w\" sizes=\"auto, (max-width: 70px) 100vw, 70px\" \/><\/a><\/td>\n<td>\n<h3><a href=\"https:\/\/cscharlevoix.sharepoint.com\/:f:\/r\/sites\/serviceseducatifs\/Documents%20partages\/Adaptation%20scolaire-Inclusion\/Plan%20d%27intervention?csf=1&amp;web=1&amp;e=tdaZWX\" target=\"_blank\" rel=\"noopener\">Plan d&rsquo;intervention et transition<\/a><\/h3>\n<\/td>\n<\/tr>\n<tr>\n<td><a href=\"http:\/\/www.education.gouv.qc.ca\/de\/contenus-communs\/etablissements-scolaires-publics-et-prives\/formation-axee-sur-lemploi\/\" target=\"_blank\" rel=\"noopener\"><img loading=\"lazy\" decoding=\"async\" class=\"aligncenter wp-image-15282 size-full\" src=\"https:\/\/educharlevoix.ca\/cse\/wp-content\/uploads\/2022\/10\/capture-e1666116935514.png\" alt=\"\" width=\"150\" height=\"81\" \/><\/a><\/td>\n<td>\n<h3><a href=\"https:\/\/www.quebec.ca\/education\/formations-metier-semi-specialise\/documents-information\" target=\"_blank\" rel=\"noopener\">Documents officiels (PFAE)<\/a><\/h3>\n<\/td>\n<\/tr>\n<tr>\n<td><a href=\"https:\/\/cscharlevoix.sharepoint.com\/:f:\/r\/sites\/serviceseducatifs\/Documents%20partages\/Secondaire\/Parcours%20de%20formation%20ax%C3%A9e%20sur%20l%27emploi%20(PFAE)?csf=1&amp;web=1&amp;e=UDA37J\" target=\"_blank\" rel=\"noopener\"><img loading=\"lazy\" decoding=\"async\" class=\"wp-image-15386 aligncenter\" src=\"https:\/\/educharlevoix.ca\/cse\/wp-content\/uploads\/2022\/11\/library_books_school_shelving_rack_furniture_icon_209277-e1669219826663.png\" alt=\"\" width=\"103\" height=\"103\" srcset=\"https:\/\/educharlevoix.ca\/cse\/wp-content\/uploads\/2022\/11\/library_books_school_shelving_rack_furniture_icon_209277-e1669219826663.png 300w, https:\/\/educharlevoix.ca\/cse\/wp-content\/uploads\/2022\/11\/library_books_school_shelving_rack_furniture_icon_209277-e1669219826663-150x150.png 150w\" sizes=\"auto, (max-width: 103px) 100vw, 103px\" \/><\/a><\/td>\n<td>\n<h3><a href=\"https:\/\/cscharlevoix.sharepoint.com\/:f:\/r\/sites\/serviceseducatifs\/Documents%20partages\/Secondaire\/Parcours%20de%20formation%20ax%C3%A9e%20sur%20l%27emploi%20(PFAE)?csf=1&amp;web=1&amp;e=UDA37J\" target=\"_blank\" rel=\"noopener\">Mat\u00e9riel p\u00e9dagogique 2e cycle (FPT et FMS)<\/a><\/h3>\n<\/td>\n<\/tr>\n<tr>\n<td><a href=\"https:\/\/prod-da.education.gouv.qc.ca\/pls\/apexda\/r\/esp_rms\/rms_gp\/repertoire?session=9818052684982\" target=\"_blank\" rel=\"noopener\"><img loading=\"lazy\" decoding=\"async\" class=\"aligncenter wp-image-15282 size-full\" src=\"https:\/\/educharlevoix.ca\/cse\/wp-content\/uploads\/2022\/10\/capture-e1666116935514.png\" alt=\"\" width=\"150\" height=\"81\" \/><\/a><\/td>\n<td>\n<h3><a href=\"https:\/\/prod-da.education.gouv.qc.ca\/pls\/apexda\/r\/esp_rms\/rms_gp\/repertoire?session=9818052684982\" target=\"_blank\" rel=\"noopener\">R\u00e9pertoire des m\u00e9tiers semi-sp\u00e9cialis\u00e9s<\/a><\/h3>\n<\/td>\n<\/tr>\n<tr>\n<td style=\"text-align: center;\"><a href=\"https:\/\/cscharlevoix.sharepoint.com\/:f:\/r\/sites\/serviceseducatifs\/Documents%20partages\/Secondaire\/Parcours%20de%20formation%20ax%C3%A9e%20sur%20l%27emploi%20(PFAE)\/Grilles%20de%20stage\/Grilles%20PFAE?csf=1&amp;web=1&amp;e=IpU9Nr\" target=\"_blank\" rel=\"noopener\"><img loading=\"lazy\" decoding=\"async\" class=\"aligncenter size-full wp-image-15920\" src=\"https:\/\/educharlevoix.ca\/cse\/wp-content\/uploads\/2023\/10\/dynamic_process_transmission_transfer_stage_coronavirus_contagion_icon_141069.png\" alt=\"\" width=\"72\" height=\"72\" \/><\/a><\/td>\n<td>\n<h3><a href=\"https:\/\/cscharlevoix.sharepoint.com\/:f:\/r\/sites\/serviceseducatifs\/Documents%20partages\/Secondaire\/Parcours%20de%20formation%20ax%C3%A9e%20sur%20l%27emploi%20(PFAE)\/Documents%20de%20stage\/Grilles%20PFAE?csf=1&amp;web=1&amp;e=Vc85OH\" target=\"_blank\" rel=\"noopener\">Grilles de stage (PFAE)<\/a><\/h3>\n<\/td>\n<\/tr>\n<tr>\n<td><a href=\"https:\/\/cscharlevoix.sharepoint.com\/:w:\/s\/serviceseducatifs\/EUzmkmNuE4xPvJKPekC5w6UBhVmyW4-Qoa2uf3aTMPS_ug?e=SqsWts\" target=\"_blank\" rel=\"noopener\"><img loading=\"lazy\" decoding=\"async\" class=\"aligncenter wp-image-13596\" src=\"https:\/\/educharlevoix.ca\/cse\/wp-content\/uploads\/2021\/03\/4288583documentfileresearchresumesearch-115773_115740-300x300.png\" alt=\"\" width=\"70\" height=\"70\" srcset=\"https:\/\/educharlevoix.ca\/cse\/wp-content\/uploads\/2021\/03\/4288583documentfileresearchresumesearch-115773_115740-300x300.png 300w, https:\/\/educharlevoix.ca\/cse\/wp-content\/uploads\/2021\/03\/4288583documentfileresearchresumesearch-115773_115740-150x150.png 150w, https:\/\/educharlevoix.ca\/cse\/wp-content\/uploads\/2021\/03\/4288583documentfileresearchresumesearch-115773_115740.png 512w\" sizes=\"auto, (max-width: 70px) 100vw, 70px\" \/><\/a><\/td>\n<td>\n<h3><a href=\"https:\/\/cscharlevoix.sharepoint.com\/:w:\/r\/sites\/serviceseducatifs\/Documents%20partages\/Secondaire\/Parcours%20de%20formation%20ax%C3%A9e%20sur%20l%27emploi%20(PFAE)\/Formulation%20d%27exemption%20PFAE.docx?d=w2913d3c2457b4eafa58af5c037f9cda4&amp;csf=1&amp;web=1&amp;e=pS64mI\" target=\"_blank\" rel=\"noopener\">Formulaire d&rsquo;exemption<\/a><\/h3>\n<\/td>\n<\/tr>\n<tr>\n<td><a href=\"https:\/\/web.microsoftstream.com\/channel\/4d89c7f5-8d51-4202-81ae-aaf3dc3c127c\" target=\"_blank\" rel=\"noopener\"><img loading=\"lazy\" decoding=\"async\" class=\"wp-image-14509 aligncenter\" src=\"https:\/\/educharlevoix.ca\/cse\/wp-content\/uploads\/2022\/06\/stream.png\" alt=\"\" width=\"74\" height=\"74\" srcset=\"https:\/\/educharlevoix.ca\/cse\/wp-content\/uploads\/2022\/06\/stream.png 225w, https:\/\/educharlevoix.ca\/cse\/wp-content\/uploads\/2022\/06\/stream-150x150.png 150w\" sizes=\"auto, (max-width: 74px) 100vw, 74px\" \/><\/a><\/td>\n<td>\n<h3><a href=\"https:\/\/cscharlevoix.sharepoint.com\/:f:\/s\/serviceseducatifs\/ErdhldxenwxPo8OheZWZ8RABXB3yDVoLx97LHjnN-alXIQ?e=vHs8R5\" target=\"_blank\" rel=\"noopener\">Job de bras &#8211; Cha\u00eene Stream<\/a><\/h3>\n<\/td>\n<\/tr>\n<tr>\n<td style=\"text-align: center;\"><a href=\"https:\/\/cscharlevoix-my.sharepoint.com\/:l:\/g\/personal\/emilie_labbe_cscharlevoix_qc_ca\/FIqWfkh56XRHn108bcvr_SIBk8mS4Hha9WRVKIcW2F1cEw?e=ErXpJJ\" target=\"_blank\" rel=\"noopener\"><img loading=\"lazy\" decoding=\"async\" class=\"aligncenter wp-image-15105\" src=\"https:\/\/educharlevoix.ca\/cse\/wp-content\/uploads\/2022\/09\/Microsoft-Lists_icon-e1663353365822.png\" alt=\"\" width=\"54\" height=\"54\" srcset=\"https:\/\/educharlevoix.ca\/cse\/wp-content\/uploads\/2022\/09\/Microsoft-Lists_icon-e1663353365822.png 200w, https:\/\/educharlevoix.ca\/cse\/wp-content\/uploads\/2022\/09\/Microsoft-Lists_icon-e1663353365822-150x150.png 150w\" sizes=\"auto, (max-width: 54px) 100vw, 54px\" \/><\/a><\/td>\n<td>\n<h3><a href=\"https:\/\/cscharlevoix-my.sharepoint.com\/:l:\/g\/personal\/emilie_labbe_cscharlevoix_qc_ca\/FIqWfkh56XRHn108bcvr_SIBk8mS4Hha9WRVKIcW2F1cEw?e=ErXpJJ\" target=\"_blank\" rel=\"noopener\">Livres didactiques<\/a><\/h3>\n<\/td>\n<\/tr>\n<tr>\n<td style=\"text-align: center;\"><img loading=\"lazy\" decoding=\"async\" class=\"alignnone size-full wp-image-15783\" src=\"https:\/\/educharlevoix.ca\/cse\/wp-content\/uploads\/2023\/09\/product_document_file_1512.png\" alt=\"\" width=\"64\" height=\"64\" \/><\/td>\n<td>\n<h3><a href=\"https:\/\/cscharlevoix.sharepoint.com\/:f:\/r\/sites\/serviceseducatifs\/Documents%20partages\/Adaptation%20scolaire-Inclusion\/%C3%89ducation%20sp%C3%A9cialis%C3%A9e?csf=1&amp;web=1&amp;e=nmSSrI\" target=\"_blank\" rel=\"noopener\">Trousse T.E.S.<\/a><\/h3>\n<\/td>\n<\/tr>\n<\/tbody>\n<\/table>\n","protected":false},"excerpt":{"rendered":"<p>Mat\u00e9riel p\u00e9dagogique 1er cycle Plan d&rsquo;intervention et transition Documents officiels (PFAE) Mat\u00e9riel p\u00e9dagogique 2e cycle (FPT et FMS) R\u00e9pertoire des m\u00e9tiers semi-sp\u00e9cialis\u00e9s Grilles de stage (PFAE) Formulaire d&rsquo;exemption Job de bras &#8211; Cha\u00eene Stream Livres didactiques Trousse T.E.S.<\/p>\n","protected":false},"author":7,"featured_media":0,"parent":0,"menu_order":0,"comment_status":"closed","ping_status":"closed","template":"","meta":{"cybocfi_hide_featured_image":"","footnotes":""},"categories":[],"tags":[],"class_list":["post-14363","page","type-page","status-publish","hentry"],"_links":{"self":[{"href":"https:\/\/educharlevoix.ca\/cse\/wp-json\/wp\/v2\/pages\/14363","targetHints":{"allow":["GET"]}}],"collection":[{"href":"https:\/\/educharlevoix.ca\/cse\/wp-json\/wp\/v2\/pages"}],"about":[{"href":"https:\/\/educharlevoix.ca\/cse\/wp-json\/wp\/v2\/types\/page"}],"author":[{"embeddable":true,"href":"https:\/\/educharlevoix.ca\/cse\/wp-json\/wp\/v2\/users\/7"}],"replies":[{"embeddable":true,"href":"https:\/\/educharlevoix.ca\/cse\/wp-json\/wp\/v2\/comments?post=14363"}],"version-history":[{"count":10,"href":"https:\/\/educharlevoix.ca\/cse\/wp-json\/wp\/v2\/pages\/14363\/revisions"}],"predecessor-version":[{"id":16501,"href":"https:\/\/educharlevoix.ca\/cse\/wp-json\/wp\/v2\/pages\/14363\/revisions\/16501"}],"wp:attachment":[{"href":"https:\/\/educharlevoix.ca\/cse\/wp-json\/wp\/v2\/media?parent=14363"}],"wp:term":[{"taxonomy":"category","embeddable":true,"href":"https:\/\/educharlevoix.ca\/cse\/wp-json\/wp\/v2\/categories?post=14363"},{"taxonomy":"post_tag","embeddable":true,"href":"https:\/\/educharlevoix.ca\/cse\/wp-json\/wp\/v2\/tags?post=14363"}],"curies":[{"name":"wp","href":"https:\/\/api.w.org\/{rel}","templated":true}]}}