{"id":14391,"date":"2022-08-26T10:12:34","date_gmt":"2022-08-26T14:12:34","guid":{"rendered":"https:\/\/educharlevoix.ca\/cse\/?page_id=14391"},"modified":"2023-10-03T11:04:39","modified_gmt":"2023-10-03T15:04:39","slug":"les-4-dimensions-de-la-lecture-francais-primaire","status":"publish","type":"page","link":"https:\/\/educharlevoix.ca\/cse\/les-4-dimensions-de-la-lecture-francais-primaire\/","title":{"rendered":"Les 4 dimensions de la lecture"},"content":{"rendered":"<p>Les quatre dimensions de la lecture correspondent aux crit\u00e8res d\u2019\u00e9valuation de la comp\u00e9tence \u00e0 lire des textes vari\u00e9s du <a href=\"http:\/\/www.education.gouv.qc.ca\/fileadmin\/site_web\/documents\/education\/jeunes\/pfeq\/CE_PFEQ_francais-langue-enseignement-primaire_2011.pdf\" target=\"_blank\" rel=\"noopener\">Cadre d\u2019\u00e9valuation du MELS<\/a>:<\/p>\n<p><a href=\"https:\/\/cscharlevoix.sharepoint.com\/:f:\/s\/serviceseducatifs\/Esa_9WnjP9ZPp7saJwlvtXYBRoOoyn-aCWOHiJ93-uAdRw?e=xtuLpB\" target=\"_blank\" rel=\"noopener\"><u>La compr\u00e9hension<\/u><\/a><br \/>\n<a href=\"https:\/\/cscharlevoix.sharepoint.com\/:f:\/s\/serviceseducatifs\/EhpCZz1zGtxMkGt-Q7pDbRIBOo8kSvqkwjeWBRTToL6isQ?e=e47z3x\" target=\"_blank\" rel=\"noopener\"><u>L\u2019interpr\u00e9tation<\/u><\/a><br \/>\n<a href=\"https:\/\/cscharlevoix.sharepoint.com\/:f:\/s\/serviceseducatifs\/EjvwbgLD689ElkXEtZV5tNQB0XTxLCYwtK1p52vE2G3CoQ?e=ah81bD\" target=\"_blank\" rel=\"noopener\"><u>La r\u00e9action<\/u><\/a><br \/>\n<a href=\"https:\/\/cscharlevoix.sharepoint.com\/:f:\/s\/serviceseducatifs\/EltjQyzOS8lJiYTCTNkH_SMB5iHKgEua2GeooTbcIkRvLg?e=fhZrPz\" target=\"_blank\" rel=\"noopener\"><u>Le jugement critique<\/u><\/a> (appr\u00e9cier)<\/p>\n<p>Vous d\u00e9sirez d\u00e9velopper les quatre dimensions de la lecture \u00e0 partir de la litt\u00e9rature jeunesse? Une grande s\u00e9lection d\u2019albums et de trousses litt\u00e9raires sont disponibles aux services \u00e9ducatifs et au service des biblioth\u00e8ques.<\/p>\n<p style=\"text-align: center;\"><a href=\"https:\/\/cscharlevoix-my.sharepoint.com\/:l:\/g\/personal\/suzanne_landry_cscharlevoix_qc_ca\/FA0FeyYWZSZLsdX__6XzCzoBgwdd3o1oxZ3jhPZCjd54Yw?e=4qy5Mc\" target=\"_blank\" rel=\"noopener\"><img loading=\"lazy\" decoding=\"async\" class=\"alignnone wp-image-14394 size-large\" src=\"https:\/\/educharlevoix.ca\/cse\/wp-content\/uploads\/2022\/04\/List-1024x459.jpg\" alt=\"\" width=\"640\" height=\"287\" srcset=\"https:\/\/educharlevoix.ca\/cse\/wp-content\/uploads\/2022\/04\/List-1024x459.jpg 1024w, https:\/\/educharlevoix.ca\/cse\/wp-content\/uploads\/2022\/04\/List-300x135.jpg 300w, https:\/\/educharlevoix.ca\/cse\/wp-content\/uploads\/2022\/04\/List-768x345.jpg 768w, https:\/\/educharlevoix.ca\/cse\/wp-content\/uploads\/2022\/04\/List.jpg 1353w\" sizes=\"auto, (max-width: 640px) 100vw, 640px\" \/><\/a><\/p>\n","protected":false},"excerpt":{"rendered":"<p>Les quatre dimensions de la lecture correspondent aux crit\u00e8res d\u2019\u00e9valuation de la comp\u00e9tence \u00e0 lire des textes vari\u00e9s du Cadre d\u2019\u00e9valuation du MELS: La compr\u00e9hension L\u2019interpr\u00e9tation La r\u00e9action Le jugement critique (appr\u00e9cier) Vous d\u00e9sirez d\u00e9velopper les quatre dimensions de la &hellip; <\/p>\n","protected":false},"author":5,"featured_media":0,"parent":0,"menu_order":0,"comment_status":"closed","ping_status":"closed","template":"","meta":{"cybocfi_hide_featured_image":"","footnotes":""},"categories":[],"tags":[],"class_list":["post-14391","page","type-page","status-publish","hentry"],"_links":{"self":[{"href":"https:\/\/educharlevoix.ca\/cse\/wp-json\/wp\/v2\/pages\/14391","targetHints":{"allow":["GET"]}}],"collection":[{"href":"https:\/\/educharlevoix.ca\/cse\/wp-json\/wp\/v2\/pages"}],"about":[{"href":"https:\/\/educharlevoix.ca\/cse\/wp-json\/wp\/v2\/types\/page"}],"author":[{"embeddable":true,"href":"https:\/\/educharlevoix.ca\/cse\/wp-json\/wp\/v2\/users\/5"}],"replies":[{"embeddable":true,"href":"https:\/\/educharlevoix.ca\/cse\/wp-json\/wp\/v2\/comments?post=14391"}],"version-history":[{"count":3,"href":"https:\/\/educharlevoix.ca\/cse\/wp-json\/wp\/v2\/pages\/14391\/revisions"}],"predecessor-version":[{"id":15897,"href":"https:\/\/educharlevoix.ca\/cse\/wp-json\/wp\/v2\/pages\/14391\/revisions\/15897"}],"wp:attachment":[{"href":"https:\/\/educharlevoix.ca\/cse\/wp-json\/wp\/v2\/media?parent=14391"}],"wp:term":[{"taxonomy":"category","embeddable":true,"href":"https:\/\/educharlevoix.ca\/cse\/wp-json\/wp\/v2\/categories?post=14391"},{"taxonomy":"post_tag","embeddable":true,"href":"https:\/\/educharlevoix.ca\/cse\/wp-json\/wp\/v2\/tags?post=14391"}],"curies":[{"name":"wp","href":"https:\/\/api.w.org\/{rel}","templated":true}]}}