{"id":14398,"date":"2022-08-26T10:12:37","date_gmt":"2022-08-26T14:12:37","guid":{"rendered":"https:\/\/educharlevoix.ca\/cse\/?page_id=14398"},"modified":"2023-09-29T09:07:43","modified_gmt":"2023-09-29T13:07:43","slug":"strategies-de-comprehension","status":"publish","type":"page","link":"https:\/\/educharlevoix.ca\/cse\/strategies-de-comprehension\/","title":{"rendered":"Strat\u00e9gies de compr\u00e9hension"},"content":{"rendered":"<p>Cette section porte sur les strat\u00e9gies et les habilet\u00e9s \u00e0 d\u00e9velopper pour comprendre un texte lu.<\/p>\n<p><strong>STRAT\u00c9GIES DE LECTURE<\/strong><\/p>\n<p><u>Lecture des mots<\/u><br \/>\n<a href=\"https:\/\/cscharlevoix.sharepoint.com\/:f:\/s\/serviceseducatifs\/Elvk2Ricy-VMmxUac9CR_YcB3zLSmv9hOeK9qVwrzE-2jQ?e=3c8tYQ\" target=\"_blank\" rel=\"noopener\"><u>Faire des pr\u00e9dictions<\/u><\/a><br \/>\n<a href=\"https:\/\/cscharlevoix.sharepoint.com\/:f:\/s\/serviceseducatifs\/Ej2WP9W2OKFDtXZwAILRTS8BKuZHQsv_qV7JGc10OAA6Pg?e=o34FgO\" target=\"_blank\" rel=\"noopener\"><u>Comprendre les mots de substitution<\/u><\/a><br \/>\n<a href=\"https:\/\/cscharlevoix.sharepoint.com\/:f:\/s\/serviceseducatifs\/Eh6kujAq7SdGvStFG7uxeXoBqax7jqk7uCOp-TawNRS6xg?e=4qC8KB\" target=\"_blank\" rel=\"noopener\"><u>Faire des inf\u00e9rences<\/u><\/a><br \/>\n<a href=\"https:\/\/cscharlevoix.sharepoint.com\/:f:\/s\/serviceseducatifs\/EpoYZLEsf0ZBpFWYRvaqi48BZeHa_9UubFQGnvcSxbCTUw?e=kbRIDQ\" target=\"_blank\" rel=\"noopener\"><u>Comprendre les mots nouveaux<\/u><\/a><br \/>\n<a href=\"https:\/\/cscharlevoix.sharepoint.com\/:f:\/s\/serviceseducatifs\/Es4_V-dsdxBPvAnsH3xH0qkB4HA9i_c2Cm9XPkFw6E6HAw?e=zo0TAS\" target=\"_blank\" rel=\"noopener\"><u>Comprendre les marqueurs de relation<\/u><\/a><br \/>\n<a href=\"https:\/\/cscharlevoix.sharepoint.com\/:f:\/s\/serviceseducatifs\/Es6_24ugLxBApawdhEsyNSkBmrbTpCZOcxSW5NEAVYhqXA?e=ozWCWE\" target=\"_blank\" rel=\"noopener\"><u>Identifier l\u2019id\u00e9e principale<\/u><\/a><br \/>\n<a href=\"https:\/\/cscharlevoix.sharepoint.com\/:f:\/s\/serviceseducatifs\/ElQztkv9MiVDkB34bp31D_QB3mleHhIRkXHnLVP8d8nevQ?e=JpxcZC\" target=\"_blank\" rel=\"noopener\"><u>Reconnaitre la structure du texte<\/u><\/a><br \/>\n<u>Comprendre les consignes<\/u><br \/>\n<a href=\"https:\/\/cscharlevoix.sharepoint.com\/:f:\/s\/serviceseducatifs\/Eqfnh7JZd2ZMmp2BqE9Msr4BNE4akO2KavgaDK6v3r2iNQ?e=izjyGd\" target=\"_blank\" rel=\"noopener\"><u>Identifier les caract\u00e9ristiques physiques et psychologiques<\/u><\/a><br \/>\n<u>La fluidit\u00e9<\/u><\/p>\n<p>&nbsp;<\/p>\n<p><strong>AFFICHES ET CARNETS DES STRAT\u00c9GIES DE LECTURE<\/strong><\/p>\n<p>&nbsp;<\/p>\n<p>&nbsp;<\/p>\n<p>&nbsp;<\/p>\n<p>&nbsp;<\/p>\n<p><strong>Des liens vers d\u2019autres sections du site\u00a0:<\/strong><\/p>\n<p><u>Situations de lecture (lien vers \u00e9valuation)<\/u><\/p>\n<p><u>Conscience phonologique<\/u><\/p>\n<p><u>Trousses litt\u00e9raires<\/u><\/p>\n<p><u>Lecture interactive et fiche p\u00e9dagogique<\/u><\/p>\n","protected":false},"excerpt":{"rendered":"<p>Cette section porte sur les strat\u00e9gies et les habilet\u00e9s \u00e0 d\u00e9velopper pour comprendre un texte lu. STRAT\u00c9GIES DE LECTURE Lecture des mots Faire des pr\u00e9dictions Comprendre les mots de substitution Faire des inf\u00e9rences Comprendre les mots nouveaux Comprendre les marqueurs &hellip; <\/p>\n","protected":false},"author":5,"featured_media":0,"parent":0,"menu_order":0,"comment_status":"closed","ping_status":"closed","template":"","meta":{"cybocfi_hide_featured_image":"","footnotes":""},"categories":[],"tags":[],"class_list":["post-14398","page","type-page","status-publish","hentry"],"_links":{"self":[{"href":"https:\/\/educharlevoix.ca\/cse\/wp-json\/wp\/v2\/pages\/14398","targetHints":{"allow":["GET"]}}],"collection":[{"href":"https:\/\/educharlevoix.ca\/cse\/wp-json\/wp\/v2\/pages"}],"about":[{"href":"https:\/\/educharlevoix.ca\/cse\/wp-json\/wp\/v2\/types\/page"}],"author":[{"embeddable":true,"href":"https:\/\/educharlevoix.ca\/cse\/wp-json\/wp\/v2\/users\/5"}],"replies":[{"embeddable":true,"href":"https:\/\/educharlevoix.ca\/cse\/wp-json\/wp\/v2\/comments?post=14398"}],"version-history":[{"count":3,"href":"https:\/\/educharlevoix.ca\/cse\/wp-json\/wp\/v2\/pages\/14398\/revisions"}],"predecessor-version":[{"id":15861,"href":"https:\/\/educharlevoix.ca\/cse\/wp-json\/wp\/v2\/pages\/14398\/revisions\/15861"}],"wp:attachment":[{"href":"https:\/\/educharlevoix.ca\/cse\/wp-json\/wp\/v2\/media?parent=14398"}],"wp:term":[{"taxonomy":"category","embeddable":true,"href":"https:\/\/educharlevoix.ca\/cse\/wp-json\/wp\/v2\/categories?post=14398"},{"taxonomy":"post_tag","embeddable":true,"href":"https:\/\/educharlevoix.ca\/cse\/wp-json\/wp\/v2\/tags?post=14398"}],"curies":[{"name":"wp","href":"https:\/\/api.w.org\/{rel}","templated":true}]}}