{"id":14491,"date":"2022-06-09T15:44:20","date_gmt":"2022-06-09T19:44:20","guid":{"rendered":"https:\/\/educharlevoix.ca\/cse\/?page_id=14491"},"modified":"2025-01-13T11:10:04","modified_gmt":"2025-01-13T16:10:04","slug":"francisation","status":"publish","type":"page","link":"https:\/\/educharlevoix.ca\/cse\/francisation\/","title":{"rendered":"Francisation"},"content":{"rendered":"<p>\u200b<\/p>\n<table>\n<tbody>\n<tr>\n<td style=\"text-align: center;\">\n<h2><a href=\"https:\/\/cscharlevoix.sharepoint.com\/:b:\/r\/sites\/serviceseducatifs\/Documents%20partages\/Secondaire\/Francisation\/Guide%20de%20francisation_CSSDC_2023-2024.pdf?csf=1&amp;web=1&amp;e=VZTnc9\" target=\"_blank\" rel=\"noopener\"><img loading=\"lazy\" decoding=\"async\" class=\"wp-image-15371 aligncenter\" src=\"https:\/\/educharlevoix.ca\/cse\/wp-content\/uploads\/2022\/11\/CSSC.jpg\" alt=\"\" width=\"146\" height=\"80\" \/><\/a><\/h2>\n<\/td>\n<td>\n<h2><a href=\"https:\/\/cscharlevoix.sharepoint.com\/:b:\/r\/sites\/serviceseducatifs\/Documents%20partages\/Secondaire\/Francisation\/Guide%20de%20francisation_CSSDC_2024-2025.pdf?csf=1&amp;web=1&amp;e=5iaw7v\" target=\"_blank\" rel=\"noopener\">Guide de francisation &#8211; CSSDC<\/a><\/h2>\n<\/td>\n<\/tr>\n<tr>\n<td style=\"text-align: center;\">\n<h2><a href=\"http:\/\/www.education.gouv.qc.ca\/references\/tx-solrtyperecherchepublicationtx-solrpublicationnouveaute\/resultats-de-la-recherche\/detail\/article\/integration-et-reussite-des-eleves-issus-de-limmigration-et-education-interculturelle-soutien-au\/\" target=\"_blank\" rel=\"noopener\"><img loading=\"lazy\" decoding=\"async\" class=\"wp-image-15282 size-full aligncenter\" src=\"https:\/\/educharlevoix.ca\/cse\/wp-content\/uploads\/2022\/10\/capture-e1666116935514.png\" alt=\"\" width=\"150\" height=\"81\" \/><\/a><\/h2>\n<\/td>\n<td>\n<h2><a href=\"https:\/\/www.quebec.ca\/education\/prescolaire-primaire-et-secondaire\/ressources-outils-reseau-scolaire\/accueil-integration-education-interculturelle\/accueil-integration\/ressources\" target=\"_blank\" rel=\"noopener\">Documents officiels (Guide de soutien au milieu scolaire)<\/a><\/h2>\n<\/td>\n<\/tr>\n<tr>\n<td style=\"text-align: center;\">\n<h2><a href=\"https:\/\/cscharlevoix.sharepoint.com\/:f:\/r\/sites\/serviceseducatifs\/Documents%20partages\/Francisation\/Info-Sanction?csf=1&amp;web=1&amp;e=m2QlqE\" target=\"_blank\" rel=\"noopener\"><img loading=\"lazy\" decoding=\"async\" class=\"wp-image-15282 aligncenter\" src=\"https:\/\/educharlevoix.ca\/cse\/wp-content\/uploads\/2022\/10\/capture-e1666116935514.png\" alt=\"\" width=\"126\" height=\"68\" \/><\/a><\/h2>\n<\/td>\n<td>\n<h2><a href=\"https:\/\/cscharlevoix.sharepoint.com\/:f:\/s\/serviceseducatifs\/Ek5Jsxn5WrBLqqtfWlCfHAMBVEHVKgaHtioBhb3XvzpPgg?e=IJFOry\" target=\"_blank\" rel=\"noopener\">Info-Sanction<\/a><\/h2>\n<\/td>\n<\/tr>\n<tr>\n<td style=\"text-align: center;\">\n<h2><a href=\"https:\/\/cscharlevoix.sharepoint.com\/:f:\/r\/sites\/serviceseducatifs\/Documents%20partages\/Primaire\/Francisation?csf=1&amp;web=1&amp;e=0sspqp\" target=\"_blank\" rel=\"noopener\"><img loading=\"lazy\" decoding=\"async\" class=\" wp-image-14602 aligncenter\" src=\"https:\/\/educharlevoix.ca\/cse\/wp-content\/uploads\/2022\/06\/1486486320-archive-docs-folder-clipboard-document-file-list-report_81219-300x300.png\" alt=\"\" width=\"80\" height=\"80\" srcset=\"https:\/\/educharlevoix.ca\/cse\/wp-content\/uploads\/2022\/06\/1486486320-archive-docs-folder-clipboard-document-file-list-report_81219-300x300.png 300w, https:\/\/educharlevoix.ca\/cse\/wp-content\/uploads\/2022\/06\/1486486320-archive-docs-folder-clipboard-document-file-list-report_81219-150x150.png 150w, https:\/\/educharlevoix.ca\/cse\/wp-content\/uploads\/2022\/06\/1486486320-archive-docs-folder-clipboard-document-file-list-report_81219.png 512w\" sizes=\"auto, (max-width: 80px) 100vw, 80px\" \/><\/a><\/h2>\n<\/td>\n<td>\n<h2><a href=\"https:\/\/cscharlevoix.sharepoint.com\/:f:\/r\/sites\/serviceseducatifs\/Documents%20partages\/Primaire\/Francisation?csf=1&amp;web=1&amp;e=0sspqp\" target=\"_blank\" rel=\"noopener\">Primaire<\/a><\/h2>\n<\/td>\n<\/tr>\n<tr>\n<td style=\"text-align: center;\">\n<h2><a href=\"https:\/\/cscharlevoix.sharepoint.com\/:f:\/s\/serviceseducatifs\/EiiCzIXnFzFLgPBQxctiDyIBfyf5PI1CtHEYAebvMtt9Ag?e=rrBxQ5\" target=\"_blank\" rel=\"noopener\"><img loading=\"lazy\" decoding=\"async\" class=\"wp-image-14595 aligncenter\" src=\"https:\/\/educharlevoix.ca\/cse\/wp-content\/uploads\/2022\/06\/4230508-conference-presentation-training_115002-300x300.png\" alt=\"\" width=\"78\" height=\"78\" srcset=\"https:\/\/educharlevoix.ca\/cse\/wp-content\/uploads\/2022\/06\/4230508-conference-presentation-training_115002-300x300.png 300w, https:\/\/educharlevoix.ca\/cse\/wp-content\/uploads\/2022\/06\/4230508-conference-presentation-training_115002-150x150.png 150w, https:\/\/educharlevoix.ca\/cse\/wp-content\/uploads\/2022\/06\/4230508-conference-presentation-training_115002.png 512w\" sizes=\"auto, (max-width: 78px) 100vw, 78px\" \/><\/a><\/h2>\n<\/td>\n<td>\n<h2><a href=\"https:\/\/educharlevoix.ca\/cse\/outils-pour-les-parents\/\" target=\"_blank\" rel=\"noopener\">Outils pour les parents<\/a><\/h2>\n<\/td>\n<\/tr>\n<tr>\n<td style=\"text-align: center;\">\n<h2><a href=\"https:\/\/cscharlevoix.sharepoint.com\/:f:\/r\/sites\/serviceseducatifs\/Documents%20partages\/Secondaire\/Francisation?csf=1&amp;web=1&amp;e=cIPtjk\" target=\"_blank\" rel=\"noopener\"><img loading=\"lazy\" decoding=\"async\" class=\"alignnone wp-image-14602\" src=\"https:\/\/educharlevoix.ca\/cse\/wp-content\/uploads\/2022\/06\/1486486320-archive-docs-folder-clipboard-document-file-list-report_81219-300x300.png\" alt=\"\" width=\"78\" height=\"78\" srcset=\"https:\/\/educharlevoix.ca\/cse\/wp-content\/uploads\/2022\/06\/1486486320-archive-docs-folder-clipboard-document-file-list-report_81219-300x300.png 300w, https:\/\/educharlevoix.ca\/cse\/wp-content\/uploads\/2022\/06\/1486486320-archive-docs-folder-clipboard-document-file-list-report_81219-150x150.png 150w, https:\/\/educharlevoix.ca\/cse\/wp-content\/uploads\/2022\/06\/1486486320-archive-docs-folder-clipboard-document-file-list-report_81219.png 512w\" sizes=\"auto, (max-width: 78px) 100vw, 78px\" \/><\/a><\/h2>\n<\/td>\n<td>\n<h2><a href=\"https:\/\/cscharlevoix.sharepoint.com\/:f:\/r\/sites\/serviceseducatifs\/Documents%20partages\/Secondaire\/Francisation?csf=1&amp;web=1&amp;e=cIPtjk\" target=\"_blank\" rel=\"noopener\">Secondaire<\/a><\/h2>\n<\/td>\n<\/tr>\n<tr>\n<td style=\"text-align: center;\">\n<h2><a href=\"https:\/\/cscharlevoix-my.sharepoint.com\/:l:\/g\/personal\/emilie_labbe_cscharlevoix_qc_ca\/FFnTRXNRIUdCi3zyJa6AqbIBmHDQbR-H8BkWdC9iDzhDuA?e=UN8zRa\" target=\"_blank\" rel=\"noopener\"><img loading=\"lazy\" decoding=\"async\" class=\"alignnone wp-image-15105\" src=\"https:\/\/educharlevoix.ca\/cse\/wp-content\/uploads\/2022\/09\/Microsoft-Lists_icon-e1663353365822-150x150.png\" alt=\"\" width=\"70\" height=\"70\" srcset=\"https:\/\/educharlevoix.ca\/cse\/wp-content\/uploads\/2022\/09\/Microsoft-Lists_icon-e1663353365822-150x150.png 150w, https:\/\/educharlevoix.ca\/cse\/wp-content\/uploads\/2022\/09\/Microsoft-Lists_icon-e1663353365822.png 200w\" sizes=\"auto, (max-width: 70px) 100vw, 70px\" \/><\/a><\/h2>\n<\/td>\n<td>\n<h2><a href=\"https:\/\/cscharlevoix-my.sharepoint.com\/:l:\/g\/personal\/emilie_labbe_cscharlevoix_qc_ca\/FFnTRXNRIUdCi3zyJa6AqbIBmHDQbR-H8BkWdC9iDzhDuA?e=UN8zRa\" target=\"_blank\" rel=\"noopener\">Pr\u00eat de mat\u00e9riel p\u00e9dagogique<\/a><\/h2>\n<\/td>\n<\/tr>\n<tr>\n<td style=\"text-align: center;\"><a href=\"https:\/\/cscharlevoix.sharepoint.com\/:b:\/r\/sites\/serviceseducatifs\/Documents%20partages\/Secondaire\/Francisation\/Outils%20compl%C3%A9mentaires\/Trousse%20d%27accueil%20Charlevoix.pdf?csf=1&amp;web=1&amp;e=CSweT9\" target=\"_blank\" rel=\"noopener\"><img loading=\"lazy\" decoding=\"async\" class=\"aligncenter size-full wp-image-16074\" src=\"https:\/\/educharlevoix.ca\/cse\/wp-content\/uploads\/2024\/02\/Travel_folder_file_10328.png\" alt=\"\" width=\"72\" height=\"72\" \/><\/a><\/td>\n<td>\n<h2><a href=\"https:\/\/cscharlevoix.sharepoint.com\/:b:\/r\/sites\/serviceseducatifs\/Documents%20partages\/Secondaire\/Francisation\/Outils%20compl%C3%A9mentaires\/Trousse%20d%27accueil%20Charlevoix.pdf?csf=1&amp;web=1&amp;e=CSweT9\" target=\"_blank\" rel=\"noopener\">Trousse d&rsquo;accueil Charlevoix<\/a><\/h2>\n<\/td>\n<\/tr>\n<\/tbody>\n<\/table>\n","protected":false},"excerpt":{"rendered":"<p>\u200b Guide de francisation &#8211; CSSDC Documents officiels (Guide de soutien au milieu scolaire) Info-Sanction Primaire Outils pour les parents Secondaire Pr\u00eat de mat\u00e9riel p\u00e9dagogique Trousse d&rsquo;accueil Charlevoix<\/p>\n","protected":false},"author":1,"featured_media":0,"parent":0,"menu_order":0,"comment_status":"closed","ping_status":"closed","template":"","meta":{"cybocfi_hide_featured_image":"","footnotes":""},"categories":[],"tags":[],"class_list":["post-14491","page","type-page","status-publish","hentry"],"_links":{"self":[{"href":"https:\/\/educharlevoix.ca\/cse\/wp-json\/wp\/v2\/pages\/14491","targetHints":{"allow":["GET"]}}],"collection":[{"href":"https:\/\/educharlevoix.ca\/cse\/wp-json\/wp\/v2\/pages"}],"about":[{"href":"https:\/\/educharlevoix.ca\/cse\/wp-json\/wp\/v2\/types\/page"}],"author":[{"embeddable":true,"href":"https:\/\/educharlevoix.ca\/cse\/wp-json\/wp\/v2\/users\/1"}],"replies":[{"embeddable":true,"href":"https:\/\/educharlevoix.ca\/cse\/wp-json\/wp\/v2\/comments?post=14491"}],"version-history":[{"count":12,"href":"https:\/\/educharlevoix.ca\/cse\/wp-json\/wp\/v2\/pages\/14491\/revisions"}],"predecessor-version":[{"id":16380,"href":"https:\/\/educharlevoix.ca\/cse\/wp-json\/wp\/v2\/pages\/14491\/revisions\/16380"}],"wp:attachment":[{"href":"https:\/\/educharlevoix.ca\/cse\/wp-json\/wp\/v2\/media?parent=14491"}],"wp:term":[{"taxonomy":"category","embeddable":true,"href":"https:\/\/educharlevoix.ca\/cse\/wp-json\/wp\/v2\/categories?post=14491"},{"taxonomy":"post_tag","embeddable":true,"href":"https:\/\/educharlevoix.ca\/cse\/wp-json\/wp\/v2\/tags?post=14491"}],"curies":[{"name":"wp","href":"https:\/\/api.w.org\/{rel}","templated":true}]}}