{"id":14493,"date":"2022-06-09T15:45:30","date_gmt":"2022-06-09T19:45:30","guid":{"rendered":"https:\/\/educharlevoix.ca\/cse\/?page_id=14493"},"modified":"2024-04-04T11:36:44","modified_gmt":"2024-04-04T15:36:44","slug":"collaboration-ecole-famille","status":"publish","type":"page","link":"https:\/\/educharlevoix.ca\/cse\/collaboration-ecole-famille\/","title":{"rendered":"Collaboration \u00e9cole-famille"},"content":{"rendered":"<p>&nbsp;<\/p>\n<table style=\"width: 865px; height: 469px;\">\n<tbody>\n<tr>\n<td style=\"width: 50px; height: 50px;\">\n<h3><a href=\"https:\/\/cscharlevoix.sharepoint.com\/:b:\/r\/sites\/serviceseducatifs\/Documents%20partages\/Collaboration%20%C3%A9cole-famille\/Cadre%20de%20r%C3%A9f%C3%A9rence_Renforcer%20la%20collaboration%20%C3%A9cole-famille_VERSION%2009-02-2023.pdf?csf=1&amp;web=1&amp;e=wojz28\" target=\"_blank\" rel=\"noopener\"><img loading=\"lazy\" decoding=\"async\" class=\"wp-image-14317 aligncenter\" src=\"https:\/\/educharlevoix.ca\/cse\/wp-content\/uploads\/2022\/03\/noun-stop-1078244-300x300.png\" alt=\"\" width=\"76\" height=\"76\" srcset=\"https:\/\/educharlevoix.ca\/cse\/wp-content\/uploads\/2022\/03\/noun-stop-1078244-300x300.png 300w, https:\/\/educharlevoix.ca\/cse\/wp-content\/uploads\/2022\/03\/noun-stop-1078244-150x150.png 150w, https:\/\/educharlevoix.ca\/cse\/wp-content\/uploads\/2022\/03\/noun-stop-1078244.png 700w\" sizes=\"auto, (max-width: 76px) 100vw, 76px\" \/><\/a><\/h3>\n<\/td>\n<td style=\"width: 200px; height: 50px;\">\n<h3><a href=\"https:\/\/cscharlevoix.sharepoint.com\/:b:\/r\/sites\/serviceseducatifs\/Documents%20partages\/Collaboration%20%C3%A9cole-famille\/Cadre%20de%20r%C3%A9f%C3%A9rence_Renforcer%20la%20collaboration%20%C3%A9cole-famille_VERSION%2009-02-2023.pdf?csf=1&amp;web=1&amp;e=wojz28\" target=\"_blank\" rel=\"noopener\">Cadre de r\u00e9f\u00e9rence &#8211; Renforcer la collaboration \u00e9cole-famille<\/a><\/h3>\n<\/td>\n<\/tr>\n<tr>\n<td style=\"width: 50px; height: 50px;\"><a href=\"https:\/\/www.canva.com\/design\/DAFJl4u1E24\/dwU4kKw7F8aaecIDBAueBw\/view?utm_content=DAFJl4u1E24&amp;utm_campaign=designshare&amp;utm_medium=link&amp;utm_source=publishsharelink\" target=\"_blank\" rel=\"noopener\"><img loading=\"lazy\" decoding=\"async\" class=\"wp-image-14308 aligncenter\" src=\"https:\/\/educharlevoix.ca\/cse\/wp-content\/uploads\/2022\/03\/network_society_communication_online_chat_icon_143342.png\" alt=\"\" width=\"77\" height=\"77\" srcset=\"https:\/\/educharlevoix.ca\/cse\/wp-content\/uploads\/2022\/03\/network_society_communication_online_chat_icon_143342.png 512w, https:\/\/educharlevoix.ca\/cse\/wp-content\/uploads\/2022\/03\/network_society_communication_online_chat_icon_143342-300x300.png 300w, https:\/\/educharlevoix.ca\/cse\/wp-content\/uploads\/2022\/03\/network_society_communication_online_chat_icon_143342-150x150.png 150w\" sizes=\"auto, (max-width: 77px) 100vw, 77px\" \/><\/a><\/td>\n<td style=\"width: 200px; height: 50px;\">\n<h3><a href=\"https:\/\/www.canva.com\/design\/DAGBdxWMukY\/v5nPdoi2hQK5sQOSvGwRSQ\/view?utm_content=DAGBdxWMukY&amp;utm_campaign=designshare&amp;utm_medium=link&amp;utm_source=editor\" target=\"_blank\" rel=\"noopener\">Pr\u00e9sentation &#8211; Collaboration \u00e9cole-famille<\/a><\/h3>\n<\/td>\n<\/tr>\n<tr>\n<td style=\"width: 50px; height: 50px;\"><a href=\"https:\/\/cscharlevoix.sharepoint.com\/:v:\/r\/sites\/serviceseducatifs\/Documents%20partages\/Collaboration%20%C3%A9cole-famille\/%C3%89cole-Famille_Pr%C3%A9sentation%20narr%C3%A9e.mp4?csf=1&amp;web=1&amp;e=Ncsdbz\" target=\"_blank\" rel=\"noopener\"><img loading=\"lazy\" decoding=\"async\" class=\"wp-image-15765 aligncenter\" src=\"https:\/\/educharlevoix.ca\/cse\/wp-content\/uploads\/2023\/09\/iconfinder-4-avatar-2754580_120522.png\" alt=\"\" width=\"90\" height=\"90\" srcset=\"https:\/\/educharlevoix.ca\/cse\/wp-content\/uploads\/2023\/09\/iconfinder-4-avatar-2754580_120522.png 512w, https:\/\/educharlevoix.ca\/cse\/wp-content\/uploads\/2023\/09\/iconfinder-4-avatar-2754580_120522-300x300.png 300w, https:\/\/educharlevoix.ca\/cse\/wp-content\/uploads\/2023\/09\/iconfinder-4-avatar-2754580_120522-150x150.png 150w\" sizes=\"auto, (max-width: 90px) 100vw, 90px\" \/><\/a><\/td>\n<td style=\"width: 200px; height: 50px;\">\n<h3><a href=\"https:\/\/cscharlevoix.sharepoint.com\/:v:\/r\/sites\/serviceseducatifs\/Documents%20partages\/Collaboration%20%C3%A9cole-famille\/%C3%89cole-Famille_Pr%C3%A9sentation%20narr%C3%A9e.mp4?csf=1&amp;web=1&amp;e=Ncsdbz\" target=\"_blank\" rel=\"noopener\">Pr\u00e9sentation narr\u00e9e &#8211; Collaboration \u00e9cole-famille<\/a><\/h3>\n<\/td>\n<\/tr>\n<tr>\n<td style=\"width: 50px; height: 50px; text-align: center;\"><a href=\"https:\/\/cscharlevoix.sharepoint.com\/:b:\/r\/sites\/serviceseducatifs\/Documents%20partages\/Collaboration%20%C3%A9cole-famille\/CTREQ_Pour-la-collaboration-ecole-famille_VF.pdf?csf=1&amp;web=1&amp;e=vA8X06\" target=\"_blank\" rel=\"noopener\"><img loading=\"lazy\" decoding=\"async\" class=\"aligncenter size-full wp-image-16091\" src=\"https:\/\/educharlevoix.ca\/cse\/wp-content\/uploads\/2024\/02\/centralizedclouddatablockchaintechnologydigital_95883.png\" alt=\"\" width=\"72\" height=\"72\" \/><\/a><\/td>\n<td style=\"width: 200px; height: 50px;\">\n<h3><a href=\"https:\/\/cscharlevoix.sharepoint.com\/:b:\/r\/sites\/serviceseducatifs\/Documents%20partages\/Collaboration%20%C3%A9cole-famille\/CTREQ_Pour-la-collaboration-ecole-famille_VF.pdf?csf=1&amp;web=1&amp;e=vA8X06\" target=\"_blank\" rel=\"noopener\">Int\u00e9grer le num\u00e9rique en classe pour la collaboration \u00e9cole-famille &#8211; CTREQ<\/a><\/h3>\n<\/td>\n<\/tr>\n<tr>\n<td style=\"width: 50px; height: 50px;\"><a href=\"https:\/\/aidersonenfant.com\/\" target=\"_blank\" rel=\"noopener\"><img loading=\"lazy\" decoding=\"async\" class=\"aligncenter size-full wp-image-16019\" src=\"https:\/\/educharlevoix.ca\/cse\/wp-content\/uploads\/2023\/11\/bootloader_users_person_people_6080.png\" alt=\"\" width=\"72\" height=\"72\" \/><\/a><\/td>\n<td style=\"width: 200px; height: 50px;\">\n<h3><a href=\"https:\/\/aidersonenfant.com\/\" target=\"_blank\" rel=\"noopener\">Parcours parents<\/a><\/h3>\n<\/td>\n<\/tr>\n<\/tbody>\n<\/table>\n<h3><\/h3>\n<p>&nbsp;<\/p>\n<p>&nbsp;<\/p>\n","protected":false},"excerpt":{"rendered":"<p>&nbsp; Cadre de r\u00e9f\u00e9rence &#8211; Renforcer la collaboration \u00e9cole-famille Pr\u00e9sentation &#8211; Collaboration \u00e9cole-famille Pr\u00e9sentation narr\u00e9e &#8211; Collaboration \u00e9cole-famille Int\u00e9grer le num\u00e9rique en classe pour la collaboration \u00e9cole-famille &#8211; CTREQ Parcours parents &nbsp; &nbsp;<\/p>\n","protected":false},"author":1,"featured_media":0,"parent":0,"menu_order":0,"comment_status":"closed","ping_status":"closed","template":"","meta":{"cybocfi_hide_featured_image":"","footnotes":""},"categories":[],"tags":[],"class_list":["post-14493","page","type-page","status-publish","hentry"],"_links":{"self":[{"href":"https:\/\/educharlevoix.ca\/cse\/wp-json\/wp\/v2\/pages\/14493","targetHints":{"allow":["GET"]}}],"collection":[{"href":"https:\/\/educharlevoix.ca\/cse\/wp-json\/wp\/v2\/pages"}],"about":[{"href":"https:\/\/educharlevoix.ca\/cse\/wp-json\/wp\/v2\/types\/page"}],"author":[{"embeddable":true,"href":"https:\/\/educharlevoix.ca\/cse\/wp-json\/wp\/v2\/users\/1"}],"replies":[{"embeddable":true,"href":"https:\/\/educharlevoix.ca\/cse\/wp-json\/wp\/v2\/comments?post=14493"}],"version-history":[{"count":3,"href":"https:\/\/educharlevoix.ca\/cse\/wp-json\/wp\/v2\/pages\/14493\/revisions"}],"predecessor-version":[{"id":16117,"href":"https:\/\/educharlevoix.ca\/cse\/wp-json\/wp\/v2\/pages\/14493\/revisions\/16117"}],"wp:attachment":[{"href":"https:\/\/educharlevoix.ca\/cse\/wp-json\/wp\/v2\/media?parent=14493"}],"wp:term":[{"taxonomy":"category","embeddable":true,"href":"https:\/\/educharlevoix.ca\/cse\/wp-json\/wp\/v2\/categories?post=14493"},{"taxonomy":"post_tag","embeddable":true,"href":"https:\/\/educharlevoix.ca\/cse\/wp-json\/wp\/v2\/tags?post=14493"}],"curies":[{"name":"wp","href":"https:\/\/api.w.org\/{rel}","templated":true}]}}