{"id":14528,"date":"2022-08-26T10:12:23","date_gmt":"2022-08-26T14:12:23","guid":{"rendered":"https:\/\/educharlevoix.ca\/cse\/?page_id=14528"},"modified":"2022-08-26T10:12:23","modified_gmt":"2022-08-26T14:12:23","slug":"comprendre-les-mots-de-substitution-francaispriimaire","status":"publish","type":"page","link":"https:\/\/educharlevoix.ca\/cse\/comprendre-les-mots-de-substitution-francaispriimaire\/","title":{"rendered":"Comprendre les mots de substitution"},"content":{"rendered":"<p>Qu&rsquo;est-ce que c&rsquo;est? Pourquoi les travailler? Comment les travailler? Vous trouverez quelques pistes dans cette synth\u00e8se issue de la formation <em>Les mots de substitution<\/em>.<\/p>\n<p><strong><a href=\"https:\/\/cscharlevoix.sharepoint.com\/:b:\/r\/sites\/serviceseducatifs\/Documents%20partages\/Primaire\/Fran%C3%A7ais%20primaire\/1-Lecture\/2-Strat%C3%A9gies%20compr%C3%A9hension\/Mots%20de%20substitution\/Les%20mots%20de%20substitution.pdf?csf=1&amp;web=1&amp;e=GmiBa1\" target=\"_blank\" rel=\"noopener\"><img loading=\"lazy\" decoding=\"async\" class=\"alignnone size-full wp-image-14526 aligncenter\" src=\"https:\/\/educharlevoix.ca\/cse\/wp-content\/uploads\/2022\/06\/Mots-sub-doc.jpg\" alt=\"\" width=\"200\" height=\"154\" \/><\/a><\/strong><\/p>\n<p><strong>D\u00e9pistage<\/strong><br \/>\nDes outils de d\u00e9pistage se trouvent ici.<\/p>\n<p><strong>Enseignement explicite<\/strong><br \/>\nL&rsquo;\u00e9quipe de recherche <a href=\"https:\/\/adel.uqam.ca\/docs-category\/strategies-de-lecture-4-6\/\" target=\"_blank\" rel=\"noopener\">ADEL<\/a> a d\u00e9velopp\u00e9 des outils pour soutenir l&rsquo;\u00e9valuation et l&rsquo;enseignement explicite de strat\u00e9gies de compr\u00e9hension de lecture, dont les mots de substitution.<\/p>\n","protected":false},"excerpt":{"rendered":"<p>Qu&rsquo;est-ce que c&rsquo;est? Pourquoi les travailler? Comment les travailler? Vous trouverez quelques pistes dans cette synth\u00e8se issue de la formation Les mots de substitution. D\u00e9pistage Des outils de d\u00e9pistage se trouvent ici. Enseignement explicite L&rsquo;\u00e9quipe de recherche ADEL a d\u00e9velopp\u00e9 &hellip; <\/p>\n","protected":false},"author":5,"featured_media":0,"parent":0,"menu_order":0,"comment_status":"closed","ping_status":"closed","template":"","meta":{"cybocfi_hide_featured_image":"","footnotes":""},"categories":[],"tags":[],"class_list":["post-14528","page","type-page","status-publish","hentry"],"_links":{"self":[{"href":"https:\/\/educharlevoix.ca\/cse\/wp-json\/wp\/v2\/pages\/14528","targetHints":{"allow":["GET"]}}],"collection":[{"href":"https:\/\/educharlevoix.ca\/cse\/wp-json\/wp\/v2\/pages"}],"about":[{"href":"https:\/\/educharlevoix.ca\/cse\/wp-json\/wp\/v2\/types\/page"}],"author":[{"embeddable":true,"href":"https:\/\/educharlevoix.ca\/cse\/wp-json\/wp\/v2\/users\/5"}],"replies":[{"embeddable":true,"href":"https:\/\/educharlevoix.ca\/cse\/wp-json\/wp\/v2\/comments?post=14528"}],"version-history":[{"count":2,"href":"https:\/\/educharlevoix.ca\/cse\/wp-json\/wp\/v2\/pages\/14528\/revisions"}],"predecessor-version":[{"id":14615,"href":"https:\/\/educharlevoix.ca\/cse\/wp-json\/wp\/v2\/pages\/14528\/revisions\/14615"}],"wp:attachment":[{"href":"https:\/\/educharlevoix.ca\/cse\/wp-json\/wp\/v2\/media?parent=14528"}],"wp:term":[{"taxonomy":"category","embeddable":true,"href":"https:\/\/educharlevoix.ca\/cse\/wp-json\/wp\/v2\/categories?post=14528"},{"taxonomy":"post_tag","embeddable":true,"href":"https:\/\/educharlevoix.ca\/cse\/wp-json\/wp\/v2\/tags?post=14528"}],"curies":[{"name":"wp","href":"https:\/\/api.w.org\/{rel}","templated":true}]}}