{"id":14704,"date":"2022-08-26T10:12:25","date_gmt":"2022-08-26T14:12:25","guid":{"rendered":"https:\/\/educharlevoix.ca\/cse\/?page_id=14704"},"modified":"2023-10-03T11:08:19","modified_gmt":"2023-10-03T15:08:19","slug":"depistage-et-evaluation-en-lecture-francaisprimaire","status":"publish","type":"page","link":"https:\/\/educharlevoix.ca\/cse\/depistage-et-evaluation-en-lecture-francaisprimaire\/","title":{"rendered":"D\u00e9pistage et \u00e9valuation en lecture"},"content":{"rendered":"<p><strong>D\u00c9PISTAGE<\/strong><\/p>\n<p>Le d\u00e9pistage en d\u00e9but d&rsquo;ann\u00e9e permet d&rsquo;avoir un portrait des forces et d\u00e9fis des \u00e9l\u00e8ves de la classe afin de mieux planifier l&rsquo;enseignement<\/p>\n<p>&nbsp;<\/p>\n<p><a href=\"https:\/\/cscharlevoix.sharepoint.com\/:f:\/r\/sites\/serviceseducatifs\/Documents%20partages\/Primaire\/Fran%C3%A7ais%20primaire\/1-Lecture\/1-D%C3%A9pistage%20et%20%C3%A9valuation\/Entretien?csf=1&amp;web=1&amp;e=eKqUHz\" target=\"_blank\" rel=\"noopener\"><strong>L&rsquo;entretien de lecture<\/strong><\/a><br \/>\n<a href=\"https:\/\/cscharlevoix.sharepoint.com\/:f:\/r\/sites\/serviceseducatifs\/Documents%20partages\/Primaire\/Fran%C3%A7ais%20primaire\/1-Lecture\/1-D%C3%A9pistage%20et%20%C3%A9valuation\/Entretien?csf=1&amp;web=1&amp;e=eKqUHz\" target=\"_blank\" rel=\"noopener\"><strong><img loading=\"lazy\" decoding=\"async\" class=\"alignnone size-thumbnail wp-image-14708\" src=\"https:\/\/educharlevoix.ca\/cse\/wp-content\/uploads\/2022\/08\/Entretien-150x150.jpg\" alt=\"\" width=\"150\" height=\"150\" srcset=\"https:\/\/educharlevoix.ca\/cse\/wp-content\/uploads\/2022\/08\/Entretien-150x150.jpg 150w, https:\/\/educharlevoix.ca\/cse\/wp-content\/uploads\/2022\/08\/Entretien-60x60.jpg 60w\" sizes=\"auto, (max-width: 150px) 100vw, 150px\" \/><\/strong><\/a><\/p>\n<p>&nbsp;<\/p>\n<p><a href=\"https:\/\/cscharlevoix.sharepoint.com\/:f:\/r\/sites\/serviceseducatifs\/Documents%20partages\/Primaire\/Fran%C3%A7ais%20primaire\/1-Lecture\/1-D%C3%A9pistage%20et%20%C3%A9valuation\/Continuum%20en%20lecture?csf=1&amp;web=1&amp;e=RnFpf0\" target=\"_blank\" rel=\"noopener\"><strong>Le continuum en lecture<\/strong><\/a><br \/>\n<a href=\"https:\/\/cscharlevoix.sharepoint.com\/:f:\/r\/sites\/serviceseducatifs\/Documents%20partages\/Primaire\/Fran%C3%A7ais%20primaire\/1-Lecture\/1-D%C3%A9pistage%20et%20%C3%A9valuation\/Continuum%20en%20lecture?csf=1&amp;web=1&amp;e=RnFpf0\" target=\"_blank\" rel=\"noopener\"><img loading=\"lazy\" decoding=\"async\" class=\"alignnone size-thumbnail wp-image-14707\" src=\"https:\/\/educharlevoix.ca\/cse\/wp-content\/uploads\/2022\/08\/Continuum-1-150x150.jpg\" alt=\"\" width=\"150\" height=\"150\" srcset=\"https:\/\/educharlevoix.ca\/cse\/wp-content\/uploads\/2022\/08\/Continuum-1-150x150.jpg 150w, https:\/\/educharlevoix.ca\/cse\/wp-content\/uploads\/2022\/08\/Continuum-1-60x60.jpg 60w\" sizes=\"auto, (max-width: 150px) 100vw, 150px\" \/><\/a><\/p>\n<p>&nbsp;<\/p>\n<p><a href=\"https:\/\/cscharlevoix.sharepoint.com\/:f:\/r\/sites\/serviceseducatifs\/Documents%20partages\/Primaire\/Fran%C3%A7ais%20primaire\/1-Lecture\/1-D%C3%A9pistage%20et%20%C3%A9valuation\/Portrait%20de%20classe?csf=1&amp;web=1&amp;e=MfztIb\" target=\"_blank\" rel=\"noopener\"><strong>Le portrait de la classe<\/strong><\/a><br \/>\nTouche l&rsquo;ensemble des strat\u00e9gies en lecture.<br \/>\n<a href=\"https:\/\/cscharlevoix.sharepoint.com\/:f:\/r\/sites\/serviceseducatifs\/Documents%20partages\/Primaire\/Fran%C3%A7ais%20primaire\/1-Lecture\/1-D%C3%A9pistage%20et%20%C3%A9valuation\/Portrait%20de%20classe?csf=1&amp;web=1&amp;e=MfztIb\" target=\"_blank\" rel=\"noopener\"><img loading=\"lazy\" decoding=\"async\" class=\"alignnone size-thumbnail wp-image-14709\" src=\"https:\/\/educharlevoix.ca\/cse\/wp-content\/uploads\/2022\/08\/Portrait-classe-150x150.jpg\" alt=\"\" width=\"150\" height=\"150\" srcset=\"https:\/\/educharlevoix.ca\/cse\/wp-content\/uploads\/2022\/08\/Portrait-classe-150x150.jpg 150w, https:\/\/educharlevoix.ca\/cse\/wp-content\/uploads\/2022\/08\/Portrait-classe-60x60.jpg 60w\" sizes=\"auto, (max-width: 150px) 100vw, 150px\" \/><\/a><\/p>\n<p>&nbsp;<\/p>\n<p><a href=\"https:\/\/adel.uqam.ca\/documents-a-telecharger\/\" target=\"_blank\" rel=\"noopener\"><strong>L&rsquo;\u00e9preuve de compr\u00e9hension en lecture d&rsquo;ADEL<\/strong><\/a><br \/>\nTouche 8 strat\u00e9gies qui favorisent la compr\u00e9hension en lecture.<\/p>\n<p><a href=\"https:\/\/adel.uqam.ca\/documents-a-telecharger\/\" target=\"_blank\" rel=\"noopener\"><img loading=\"lazy\" decoding=\"async\" class=\"alignnone wp-image-14710 size-full\" src=\"https:\/\/educharlevoix.ca\/cse\/wp-content\/uploads\/2022\/08\/8-strategies-ADEL-e1660570403826.jpg\" alt=\"\" width=\"150\" height=\"169\" \/><\/a><\/p>\n<p>&nbsp;<\/p>\n<p><strong>\u00c9VALUATION<\/strong><\/p>\n<p><a href=\"https:\/\/cscharlevoix.sharepoint.com\/:b:\/s\/serviceseducatifs\/EXOoI3YULpBIrFNXfiyJLh8BA5p5UzaDLokuDLYuqPdfQQ?e=DBpn6Q\" target=\"_blank\" rel=\"noopener\"><strong>Trousse de soutien enseignement et \u00e9valuation lecture 1er cycle<\/strong><\/a><\/p>\n<p><a href=\"https:\/\/cscharlevoix.sharepoint.com\/:f:\/r\/sites\/serviceseducatifs\/Documents%20partages\/Primaire\/Fran%C3%A7ais%20primaire\/1-Lecture\/1-D%C3%A9pistage%20et%20%C3%A9valuation\/Situation%20de%20lecture?csf=1&amp;web=1&amp;e=BPcO7g\" target=\"_blank\" rel=\"noopener\">Situations de lecture<\/a><\/p>\n<p>BIM vous propose aussi plusieurs \u00e9valuation en lecture.<\/p>\n","protected":false},"excerpt":{"rendered":"<p>D\u00c9PISTAGE Le d\u00e9pistage en d\u00e9but d&rsquo;ann\u00e9e permet d&rsquo;avoir un portrait des forces et d\u00e9fis des \u00e9l\u00e8ves de la classe afin de mieux planifier l&rsquo;enseignement &nbsp; L&rsquo;entretien de lecture &nbsp; Le continuum en lecture &nbsp; Le portrait de la classe Touche &hellip; <\/p>\n","protected":false},"author":5,"featured_media":0,"parent":0,"menu_order":0,"comment_status":"closed","ping_status":"closed","template":"","meta":{"cybocfi_hide_featured_image":"","footnotes":""},"categories":[],"tags":[],"class_list":["post-14704","page","type-page","status-publish","hentry"],"_links":{"self":[{"href":"https:\/\/educharlevoix.ca\/cse\/wp-json\/wp\/v2\/pages\/14704","targetHints":{"allow":["GET"]}}],"collection":[{"href":"https:\/\/educharlevoix.ca\/cse\/wp-json\/wp\/v2\/pages"}],"about":[{"href":"https:\/\/educharlevoix.ca\/cse\/wp-json\/wp\/v2\/types\/page"}],"author":[{"embeddable":true,"href":"https:\/\/educharlevoix.ca\/cse\/wp-json\/wp\/v2\/users\/5"}],"replies":[{"embeddable":true,"href":"https:\/\/educharlevoix.ca\/cse\/wp-json\/wp\/v2\/comments?post=14704"}],"version-history":[{"count":3,"href":"https:\/\/educharlevoix.ca\/cse\/wp-json\/wp\/v2\/pages\/14704\/revisions"}],"predecessor-version":[{"id":15899,"href":"https:\/\/educharlevoix.ca\/cse\/wp-json\/wp\/v2\/pages\/14704\/revisions\/15899"}],"wp:attachment":[{"href":"https:\/\/educharlevoix.ca\/cse\/wp-json\/wp\/v2\/media?parent=14704"}],"wp:term":[{"taxonomy":"category","embeddable":true,"href":"https:\/\/educharlevoix.ca\/cse\/wp-json\/wp\/v2\/categories?post=14704"},{"taxonomy":"post_tag","embeddable":true,"href":"https:\/\/educharlevoix.ca\/cse\/wp-json\/wp\/v2\/tags?post=14704"}],"curies":[{"name":"wp","href":"https:\/\/api.w.org\/{rel}","templated":true}]}}