{"id":14752,"date":"2022-08-16T10:26:37","date_gmt":"2022-08-16T14:26:37","guid":{"rendered":"https:\/\/educharlevoix.ca\/cse\/?page_id=14752"},"modified":"2023-09-29T09:24:11","modified_gmt":"2023-09-29T13:24:11","slug":"formations-francais-primaire","status":"publish","type":"page","link":"https:\/\/educharlevoix.ca\/cse\/formations-francais-primaire\/","title":{"rendered":"Formations &#8211; Fran\u00e7ais"},"content":{"rendered":"<p><a href=\"https:\/\/youtube.com\/playlist?list=PL7xK7_BJ0pSU-9VZmUVKu_PhhmwL-HbQO\" target=\"_blank\" rel=\"noopener\"><strong>Formations du M\u00c9Q<\/strong><\/a><\/p>\n<p><a href=\"http:\/\/www.education.gouv.qc.ca\/references\/tx-solrtyperecherchepublicationtx-solrpublicationnouveaute\/resultats-de-la-recherche\/detail\/article\/francais-langue-denseignement-lenseignement-de-la-reaction-au-1er-cycle-du-primaire\/?a=a&amp;cHash=e7615d34473f30ba5105489a50f29401\" target=\"_blank\" rel=\"noopener\"><strong>L&rsquo;enseignement de la r\u00e9action au 1er cycle du primaire<\/strong><\/a><\/p>\n<p><strong><a href=\"https:\/\/www.youtube.com\/watch?v=Jrao16FGxeg&amp;list=PL7xK7_BJ0pSU-9VZmUVKu_PhhmwL-HbQO&amp;index=3\" target=\"_blank\" rel=\"noopener\">Enseigner l&rsquo;interpr\u00e9tation aux 2e et 3e cycle du primaire<\/a><\/strong><\/p>\n<p><a href=\"https:\/\/cscharlevoix.sharepoint.com\/:p:\/r\/sites\/serviceseducatifs\/Documents%20partages\/Primaire\/Fran%C3%A7ais%20primaire\/6-Formations\/Reconnaitre_un_livre_de_qualite%20Constellations.pptx?d=w2fbddde4d60a4d3d91298666c9a50d25&amp;csf=1&amp;web=1&amp;e=Fze253\" target=\"_blank\" rel=\"noopener\"><strong>Reconnaitre un livre de qualit\u00e9 (Constellations)<\/strong><\/a><\/p>\n<p><strong><a href=\"https:\/\/www.domainelangues.qc.ca\/fr\/\" target=\"_blank\" rel=\"noopener\">Service national du R\u00e9cit Fran\u00e7ais<\/a><\/strong><\/p>\n<p><a href=\"https:\/\/recit.qc.ca\/nouvelle\/referentiel-dintervention-ecriture-videos-cahier-mini-lecon\/\" target=\"_blank\" rel=\"noopener\"><strong>Le R\u00e9f\u00e9rentiel d\u2019intervention en \u00e9criture, des vid\u00e9os et des ressources compl\u00e9mentaires<\/strong><\/a><\/p>\n","protected":false},"excerpt":{"rendered":"<p>Formations du M\u00c9Q L&rsquo;enseignement de la r\u00e9action au 1er cycle du primaire Enseigner l&rsquo;interpr\u00e9tation aux 2e et 3e cycle du primaire Reconnaitre un livre de qualit\u00e9 (Constellations) Service national du R\u00e9cit Fran\u00e7ais Le R\u00e9f\u00e9rentiel d\u2019intervention en \u00e9criture, des vid\u00e9os et &hellip; <\/p>\n","protected":false},"author":5,"featured_media":0,"parent":0,"menu_order":0,"comment_status":"closed","ping_status":"closed","template":"","meta":{"cybocfi_hide_featured_image":"","footnotes":""},"categories":[],"tags":[],"class_list":["post-14752","page","type-page","status-publish","hentry"],"_links":{"self":[{"href":"https:\/\/educharlevoix.ca\/cse\/wp-json\/wp\/v2\/pages\/14752","targetHints":{"allow":["GET"]}}],"collection":[{"href":"https:\/\/educharlevoix.ca\/cse\/wp-json\/wp\/v2\/pages"}],"about":[{"href":"https:\/\/educharlevoix.ca\/cse\/wp-json\/wp\/v2\/types\/page"}],"author":[{"embeddable":true,"href":"https:\/\/educharlevoix.ca\/cse\/wp-json\/wp\/v2\/users\/5"}],"replies":[{"embeddable":true,"href":"https:\/\/educharlevoix.ca\/cse\/wp-json\/wp\/v2\/comments?post=14752"}],"version-history":[{"count":3,"href":"https:\/\/educharlevoix.ca\/cse\/wp-json\/wp\/v2\/pages\/14752\/revisions"}],"predecessor-version":[{"id":15872,"href":"https:\/\/educharlevoix.ca\/cse\/wp-json\/wp\/v2\/pages\/14752\/revisions\/15872"}],"wp:attachment":[{"href":"https:\/\/educharlevoix.ca\/cse\/wp-json\/wp\/v2\/media?parent=14752"}],"wp:term":[{"taxonomy":"category","embeddable":true,"href":"https:\/\/educharlevoix.ca\/cse\/wp-json\/wp\/v2\/categories?post=14752"},{"taxonomy":"post_tag","embeddable":true,"href":"https:\/\/educharlevoix.ca\/cse\/wp-json\/wp\/v2\/tags?post=14752"}],"curies":[{"name":"wp","href":"https:\/\/api.w.org\/{rel}","templated":true}]}}