{"id":14755,"date":"2022-08-26T10:15:20","date_gmt":"2022-08-26T14:15:20","guid":{"rendered":"https:\/\/educharlevoix.ca\/cse\/?page_id=14755"},"modified":"2025-11-12T15:06:25","modified_gmt":"2025-11-12T20:06:25","slug":"documents-de-reference-francais-primaire","status":"publish","type":"page","link":"https:\/\/educharlevoix.ca\/cse\/documents-de-reference-francais-primaire\/","title":{"rendered":"Documents de r\u00e9f\u00e9rence"},"content":{"rendered":"<p><a href=\"https:\/\/www.quebec.ca\/education\/prescolaire-primaire-et-secondaire\/programmes-formations-evaluation\/programme-formation-ecole-quebecoise\/primaire\/francais-langue-enseignement\" target=\"_blank\" rel=\"noopener\"><strong>Programme de fran\u00e7ais, langue d&rsquo;enseignement au priamire<\/strong><\/a><\/p>\n<p><a href=\"https:\/\/www.quebec.ca\/education\/prescolaire-primaire-et-secondaire\/ressources-outils-reseau-scolaire\/referentiels-intervention\" target=\"_blank\" rel=\"noopener\"><strong>R\u00e9f\u00e9rentiels d&rsquo;intervention aupr\u00e8s des \u00e9l\u00e8ves<\/strong><\/a><\/p>\n<p><a href=\"https:\/\/recit.qc.ca\/nouvelle\/referentiel-dintervention-ecriture-videos-cahier-mini-lecon\/\" target=\"_blank\" rel=\"noopener\"><strong>Le R\u00e9f\u00e9rentiel d&rsquo;intervention en \u00e9criture, des vid\u00e9os et des ressources compl\u00e9mentaires<\/strong><\/a><\/p>\n<p><a href=\"https:\/\/cscharlevoix.sharepoint.com\/:b:\/s\/serviceseducatifs\/EfDPY1GbAx5Bkt3qwXZ9AucBhEKz9JAQUJY-AIuRa49UHw?e=MDc8KI\" target=\"_blank\" rel=\"noopener\"><strong>Diff\u00e9renciation p\u00e9dagogique au primaire\u00a0<\/strong><\/a><\/p>\n<p><a href=\"https:\/\/cscharlevoix.sharepoint.com\/:b:\/s\/serviceseducatifs\/EXOoI3YULpBIrFNXfiyJLh8BA5p5UzaDLokuDLYuqPdfQQ?e=DBpn6Q\" target=\"_blank\" rel=\"noopener\"><strong>Trousse de soutien enseignement et \u00e9valuation lecture 1er cycle<\/strong><\/a><\/p>\n","protected":false},"excerpt":{"rendered":"<p>Programme de fran\u00e7ais, langue d&rsquo;enseignement au priamire R\u00e9f\u00e9rentiels d&rsquo;intervention aupr\u00e8s des \u00e9l\u00e8ves Le R\u00e9f\u00e9rentiel d&rsquo;intervention en \u00e9criture, des vid\u00e9os et des ressources compl\u00e9mentaires Diff\u00e9renciation p\u00e9dagogique au primaire\u00a0 Trousse de soutien enseignement et \u00e9valuation lecture 1er cycle<\/p>\n","protected":false},"author":5,"featured_media":0,"parent":0,"menu_order":0,"comment_status":"closed","ping_status":"closed","template":"","meta":{"cybocfi_hide_featured_image":"","footnotes":""},"categories":[],"tags":[],"class_list":["post-14755","page","type-page","status-publish","hentry"],"_links":{"self":[{"href":"https:\/\/educharlevoix.ca\/cse\/wp-json\/wp\/v2\/pages\/14755","targetHints":{"allow":["GET"]}}],"collection":[{"href":"https:\/\/educharlevoix.ca\/cse\/wp-json\/wp\/v2\/pages"}],"about":[{"href":"https:\/\/educharlevoix.ca\/cse\/wp-json\/wp\/v2\/types\/page"}],"author":[{"embeddable":true,"href":"https:\/\/educharlevoix.ca\/cse\/wp-json\/wp\/v2\/users\/5"}],"replies":[{"embeddable":true,"href":"https:\/\/educharlevoix.ca\/cse\/wp-json\/wp\/v2\/comments?post=14755"}],"version-history":[{"count":6,"href":"https:\/\/educharlevoix.ca\/cse\/wp-json\/wp\/v2\/pages\/14755\/revisions"}],"predecessor-version":[{"id":16535,"href":"https:\/\/educharlevoix.ca\/cse\/wp-json\/wp\/v2\/pages\/14755\/revisions\/16535"}],"wp:attachment":[{"href":"https:\/\/educharlevoix.ca\/cse\/wp-json\/wp\/v2\/media?parent=14755"}],"wp:term":[{"taxonomy":"category","embeddable":true,"href":"https:\/\/educharlevoix.ca\/cse\/wp-json\/wp\/v2\/categories?post=14755"},{"taxonomy":"post_tag","embeddable":true,"href":"https:\/\/educharlevoix.ca\/cse\/wp-json\/wp\/v2\/tags?post=14755"}],"curies":[{"name":"wp","href":"https:\/\/api.w.org\/{rel}","templated":true}]}}