{"id":14757,"date":"2022-08-26T10:12:36","date_gmt":"2022-08-26T14:12:36","guid":{"rendered":"https:\/\/educharlevoix.ca\/cse\/?page_id=14757"},"modified":"2023-09-29T08:45:36","modified_gmt":"2023-09-29T12:45:36","slug":"pedagogie-francais-primaire","status":"publish","type":"page","link":"https:\/\/educharlevoix.ca\/cse\/pedagogie-francais-primaire\/","title":{"rendered":"P\u00e9dagogie"},"content":{"rendered":"<p><a href=\"https:\/\/cscharlevoix.sharepoint.com\/:f:\/r\/sites\/serviceseducatifs\/Documents%20partages\/Primaire\/Fran%C3%A7ais%20primaire\/Planification?csf=1&amp;web=1&amp;e=4YlTLF\" target=\"_blank\" rel=\"noopener\"><strong>Planification<\/strong><\/a><\/p>\n<p><a href=\"https:\/\/cscharlevoix.sharepoint.com\/:f:\/s\/serviceseducatifs\/EivjuieLp2VBskwwRdRGS7kBpPg9LbAgeonaNSFA6lgysQ?e=HbZVQy\" target=\"_blank\" rel=\"noopener\"><strong>Enseigner \u00e0 partir de la litt\u00e9rature jeunesse<\/strong><\/a><\/p>\n<p><a href=\"https:\/\/cscharlevoix.sharepoint.com\/:f:\/r\/sites\/serviceseducatifs\/Documents%20partages\/Primaire\/Fran%C3%A7ais%20primaire\/4-P%C3%A9dagogie\/5%20au%20quotidien?csf=1&amp;web=1&amp;e=dd3dNF\" target=\"_blank\" rel=\"noopener\"><strong>Les 5 au quotidien<\/strong><\/a><\/p>\n<p><a href=\"https:\/\/cscharlevoix.sharepoint.com\/:f:\/s\/serviceseducatifs\/Ev1vw3Kc7BdIhbeWba5pFkoBXOY9U30sYdFHuFJTS2R44A?e=PMoIuG\" target=\"_blank\" rel=\"noopener\"><strong>L&rsquo;enseignement explicite<\/strong><\/a><\/p>\n<p><a href=\"https:\/\/cscharlevoix.sharepoint.com\/:f:\/r\/sites\/serviceseducatifs\/Documents%20partages\/Primaire\/Fran%C3%A7ais%20primaire\/4-P%C3%A9dagogie\/R%C3%A9troaction?csf=1&amp;web=1&amp;e=bNQxzB\" target=\"_blank\" rel=\"noopener\"><strong>La r\u00e9troaction<\/strong><\/a><\/p>\n<p><a href=\"https:\/\/cscharlevoix.sharepoint.com\/:f:\/r\/sites\/serviceseducatifs\/Documents%20partages\/Primaire\/Fran%C3%A7ais%20primaire\/4-P%C3%A9dagogie\/Travail%20en%20sous-groupes%20de%20besoins?csf=1&amp;web=1&amp;e=GbKEtv\" target=\"_blank\" rel=\"noopener\"><strong>Travailler en sous-groupe de besoins<\/strong><\/a><br \/>\nUne fa\u00e7on de soutenir chacun des \u00e9l\u00e8ves selon leurs besoins<\/p>\n<p><strong><a href=\"https:\/\/cscharlevoix.sharepoint.com\/:b:\/s\/serviceseducatifs\/EZdEUKHAGM5Cv6t3FY9IW6IBH8x1hfpZdlgllnL-7yeS-Q?e=DC3aOx\" target=\"_blank\" rel=\"noopener\">Dispositifs de lecture et d&rsquo;\u00e9criture\u00a0<\/a><\/strong><\/p>\n","protected":false},"excerpt":{"rendered":"<p>Planification Enseigner \u00e0 partir de la litt\u00e9rature jeunesse Les 5 au quotidien L&rsquo;enseignement explicite La r\u00e9troaction Travailler en sous-groupe de besoins Une fa\u00e7on de soutenir chacun des \u00e9l\u00e8ves selon leurs besoins Dispositifs de lecture et d&rsquo;\u00e9criture\u00a0<\/p>\n","protected":false},"author":5,"featured_media":0,"parent":0,"menu_order":0,"comment_status":"closed","ping_status":"closed","template":"","meta":{"cybocfi_hide_featured_image":"","footnotes":""},"categories":[],"tags":[],"class_list":["post-14757","page","type-page","status-publish","hentry"],"_links":{"self":[{"href":"https:\/\/educharlevoix.ca\/cse\/wp-json\/wp\/v2\/pages\/14757","targetHints":{"allow":["GET"]}}],"collection":[{"href":"https:\/\/educharlevoix.ca\/cse\/wp-json\/wp\/v2\/pages"}],"about":[{"href":"https:\/\/educharlevoix.ca\/cse\/wp-json\/wp\/v2\/types\/page"}],"author":[{"embeddable":true,"href":"https:\/\/educharlevoix.ca\/cse\/wp-json\/wp\/v2\/users\/5"}],"replies":[{"embeddable":true,"href":"https:\/\/educharlevoix.ca\/cse\/wp-json\/wp\/v2\/comments?post=14757"}],"version-history":[{"count":3,"href":"https:\/\/educharlevoix.ca\/cse\/wp-json\/wp\/v2\/pages\/14757\/revisions"}],"predecessor-version":[{"id":15856,"href":"https:\/\/educharlevoix.ca\/cse\/wp-json\/wp\/v2\/pages\/14757\/revisions\/15856"}],"wp:attachment":[{"href":"https:\/\/educharlevoix.ca\/cse\/wp-json\/wp\/v2\/media?parent=14757"}],"wp:term":[{"taxonomy":"category","embeddable":true,"href":"https:\/\/educharlevoix.ca\/cse\/wp-json\/wp\/v2\/categories?post=14757"},{"taxonomy":"post_tag","embeddable":true,"href":"https:\/\/educharlevoix.ca\/cse\/wp-json\/wp\/v2\/tags?post=14757"}],"curies":[{"name":"wp","href":"https:\/\/api.w.org\/{rel}","templated":true}]}}