{"id":14762,"date":"2022-08-26T10:12:31","date_gmt":"2022-08-26T14:12:31","guid":{"rendered":"https:\/\/educharlevoix.ca\/cse\/?page_id=14762"},"modified":"2023-09-29T10:41:08","modified_gmt":"2023-09-29T14:41:08","slug":"grammaire-francais-primaire","status":"publish","type":"page","link":"https:\/\/educharlevoix.ca\/cse\/grammaire-francais-primaire\/","title":{"rendered":"Orthographe grammatical au primaire"},"content":{"rendered":"<p><strong>ENSEIGNEMENT<\/strong><\/p>\n<p><strong><a href=\"https:\/\/cscharlevoix.sharepoint.com\/:f:\/r\/sites\/serviceseducatifs\/Documents%20partages\/Primaire\/Fran%C3%A7ais%20primaire\/2-%C3%89criture\/Grammaire\/Lexique%20grammatical?csf=1&amp;web=1&amp;e=gJ7cAJ\" target=\"_blank\" rel=\"noopener\">L<\/a><\/strong><strong><a href=\"https:\/\/cscharlevoix.sharepoint.com\/:f:\/r\/sites\/serviceseducatifs\/Documents%20partages\/Primaire\/Fran%C3%A7ais%20primaire\/2-%C3%89criture\/Grammaire\/Lexique%20grammatical?csf=1&amp;web=1&amp;e=gJ7cAJ\" target=\"_blank\" rel=\"noopener\">exique grammatical<\/a><\/strong><\/p>\n<p><a href=\"https:\/\/cscharlevoix.sharepoint.com\/:f:\/s\/serviceseducatifs\/EnCPuEi-wRZChMbYqPMoad4BNfV-_8w1_sFm8QaE854k3w?e=0APczz\" target=\"_blank\" rel=\"noopener\"><strong>Grammaire et litt\u00e9rature jeunesse<\/strong><\/a><\/p>\n<p><strong><a href=\"http:\/\/www.education.gouv.qc.ca\/fileadmin\/site_web\/documents\/education\/jeunes\/pfeq\/fp-enseigner-grammaire-actuelle.pdf\" target=\"_blank\" rel=\"noopener\">Enseigner la grammaire actuelle<\/a><\/strong><\/p>\n<p><a href=\"https:\/\/enseignerlitteraturejeunesse.com\/planifications-annuelles\/\" target=\"_blank\" rel=\"noopener\"><strong>Planifications annuelles avec la litt\u00e9rature jeunesse<\/strong><\/a><\/p>\n<p><img loading=\"lazy\" decoding=\"async\" class=\"alignnone wp-image-14940 \" src=\"https:\/\/educharlevoix.ca\/cse\/wp-content\/uploads\/2022\/08\/grmm.jpg\" alt=\"\" width=\"81\" height=\"97\" srcset=\"https:\/\/educharlevoix.ca\/cse\/wp-content\/uploads\/2022\/08\/grmm.jpg 675w, https:\/\/educharlevoix.ca\/cse\/wp-content\/uploads\/2022\/08\/grmm-249x300.jpg 249w\" sizes=\"auto, (max-width: 81px) 100vw, 81px\" \/><\/p>\n<p><strong>FORMATIONS<\/strong><\/p>\n<p><strong><a href=\"http:\/\/www.education.gouv.qc.ca\/references\/tx-solrtyperecherchepublicationtx-solrpublicationnouveaute\/resultats-de-la-recherche\/detail\/article\/formation-sur-les-bases-de-la-grammaire-actuelle\/\" target=\"_blank\" rel=\"noopener\">Formation sur les bases de la grammaire actuelle du M\u00c9Q<\/a><\/strong><\/p>\n","protected":false},"excerpt":{"rendered":"<p>ENSEIGNEMENT Lexique grammatical Grammaire et litt\u00e9rature jeunesse Enseigner la grammaire actuelle Planifications annuelles avec la litt\u00e9rature jeunesse FORMATIONS Formation sur les bases de la grammaire actuelle du M\u00c9Q<\/p>\n","protected":false},"author":5,"featured_media":0,"parent":0,"menu_order":0,"comment_status":"closed","ping_status":"closed","template":"","meta":{"cybocfi_hide_featured_image":"","footnotes":""},"categories":[],"tags":[],"class_list":["post-14762","page","type-page","status-publish","hentry"],"_links":{"self":[{"href":"https:\/\/educharlevoix.ca\/cse\/wp-json\/wp\/v2\/pages\/14762","targetHints":{"allow":["GET"]}}],"collection":[{"href":"https:\/\/educharlevoix.ca\/cse\/wp-json\/wp\/v2\/pages"}],"about":[{"href":"https:\/\/educharlevoix.ca\/cse\/wp-json\/wp\/v2\/types\/page"}],"author":[{"embeddable":true,"href":"https:\/\/educharlevoix.ca\/cse\/wp-json\/wp\/v2\/users\/5"}],"replies":[{"embeddable":true,"href":"https:\/\/educharlevoix.ca\/cse\/wp-json\/wp\/v2\/comments?post=14762"}],"version-history":[{"count":3,"href":"https:\/\/educharlevoix.ca\/cse\/wp-json\/wp\/v2\/pages\/14762\/revisions"}],"predecessor-version":[{"id":15886,"href":"https:\/\/educharlevoix.ca\/cse\/wp-json\/wp\/v2\/pages\/14762\/revisions\/15886"}],"wp:attachment":[{"href":"https:\/\/educharlevoix.ca\/cse\/wp-json\/wp\/v2\/media?parent=14762"}],"wp:term":[{"taxonomy":"category","embeddable":true,"href":"https:\/\/educharlevoix.ca\/cse\/wp-json\/wp\/v2\/categories?post=14762"},{"taxonomy":"post_tag","embeddable":true,"href":"https:\/\/educharlevoix.ca\/cse\/wp-json\/wp\/v2\/tags?post=14762"}],"curies":[{"name":"wp","href":"https:\/\/api.w.org\/{rel}","templated":true}]}}