{"id":14773,"date":"2022-08-26T10:12:27","date_gmt":"2022-08-26T14:12:27","guid":{"rendered":"https:\/\/educharlevoix.ca\/cse\/?page_id=14773"},"modified":"2022-08-29T15:03:32","modified_gmt":"2022-08-29T19:03:32","slug":"enseigner-a-communiquer-oralement-francais-primaire","status":"publish","type":"page","link":"https:\/\/educharlevoix.ca\/cse\/enseigner-a-communiquer-oralement-francais-primaire\/","title":{"rendered":"Enseigner \u00e0 communiquer oralement"},"content":{"rendered":"<p><a href=\"https:\/\/cscharlevoix.sharepoint.com\/:b:\/r\/sites\/serviceseducatifs\/Documents%20partages\/Primaire\/Fran%C3%A7ais%20primaire\/3-Communication%20orale\/Enseignement%20explicite%20oral\/Strategies_CO.pdf?csf=1&amp;web=1&amp;e=IG4O3g\" target=\"_blank\" rel=\"noopener\"><strong>Strat\u00e9gies<\/strong><\/a><br \/>\nVoici un rappel des strat\u00e9gies de communication orale \u00e0 enseigner selon la PDA:<br \/>\n<a href=\"https:\/\/cscharlevoix.sharepoint.com\/:b:\/r\/sites\/serviceseducatifs\/Documents%20partages\/Primaire\/Fran%C3%A7ais%20primaire\/3-Communication%20orale\/Enseignement%20explicite%20oral\/Strategies_CO.pdf?csf=1&amp;web=1&amp;e=gPXuud\" target=\"_blank\" rel=\"noopener\"><img loading=\"lazy\" decoding=\"async\" class=\"alignnone wp-image-14795 size-thumbnail\" src=\"https:\/\/educharlevoix.ca\/cse\/wp-content\/uploads\/2022\/08\/strategies-co-1-e1660588442594-150x113.jpg\" alt=\"\" width=\"150\" height=\"113\" \/><\/a><\/p>\n<p><a href=\"https:\/\/cscharlevoix.sharepoint.com\/:f:\/r\/sites\/serviceseducatifs\/Documents%20partages\/Primaire\/Fran%C3%A7ais%20primaire\/3-Communication%20orale\/Enseignement%20explicite%20oral?csf=1&amp;web=1&amp;e=xY9cZ4\" target=\"_blank\" rel=\"noopener\"><strong>Enseignement explicite de l&rsquo;oral<\/strong><\/a><br \/>\nDans ce dossier, vous trouverez de l&rsquo;information et des outils pour enseigner explicitement la comp\u00e9tence \u00e0 communiquer oralement compl\u00e9mentaires au livre didactique Enseigner l&rsquo;oral, c&rsquo;est possible! de votre \u00e9cole.<br \/>\n<img loading=\"lazy\" decoding=\"async\" class=\"alignnone wp-image-14797 size-thumbnail\" src=\"https:\/\/educharlevoix.ca\/cse\/wp-content\/uploads\/2022\/08\/enseigneroral-150x150.jpg\" alt=\"\" width=\"150\" height=\"150\" \/><\/p>\n<p><a href=\"https:\/\/cscharlevoix.sharepoint.com\/:f:\/r\/sites\/serviceseducatifs\/Documents%20partages\/Primaire\/Fran%C3%A7ais%20primaire\/3-Communication%20orale\/R%C3%A9troaction%20par%20les%20pairs?csf=1&amp;web=1&amp;e=788jqd\" target=\"_blank\" rel=\"noopener\"><strong>Exploiter la r\u00e9troaction par les pairs<\/strong><\/a><br \/>\nVoici plusieurs outils pour mettre en place la r\u00e9troaction par les pairs dans votre classe.<\/p>\n<p><a href=\"https:\/\/cscharlevoix.sharepoint.com\/:p:\/r\/sites\/serviceseducatifs\/Documents%20partages\/Primaire\/Fran%C3%A7ais%20primaire\/3-Communication%20orale\/R%C3%A9troaction%20par%20les%20pairs\/La%20r%C3%A9troaction%20efficace%2022.pptx?d=w5a15a126675948aba7de711a2f1154e7&amp;csf=1&amp;web=1&amp;e=utmdnd\" target=\"_blank\" rel=\"noopener\"><img loading=\"lazy\" decoding=\"async\" class=\"alignnone wp-image-14802 size-thumbnail\" src=\"https:\/\/educharlevoix.ca\/cse\/wp-content\/uploads\/2022\/08\/ppretro-e1660591616215-150x108.jpg\" alt=\"\" width=\"150\" height=\"108\" \/><\/a>\u00a0 \u00a0 <a href=\"https:\/\/cscharlevoix.sharepoint.com\/:w:\/r\/sites\/serviceseducatifs\/Documents%20partages\/Primaire\/Fran%C3%A7ais%20primaire\/3-Communication%20orale\/R%C3%A9troaction%20par%20les%20pairs\/Atelier%20formatif%20L%27enseignement%20par%20les%20pairs.docx?d=w7c8daa0b97594f779bc2341b397cda8f&amp;csf=1&amp;web=1&amp;e=29n5t1\" target=\"_blank\" rel=\"noopener\"><img loading=\"lazy\" decoding=\"async\" class=\"alignnone size-thumbnail wp-image-14798\" src=\"https:\/\/educharlevoix.ca\/cse\/wp-content\/uploads\/2022\/08\/atelierretroaction-150x150.jpg\" alt=\"\" width=\"150\" height=\"150\" srcset=\"https:\/\/educharlevoix.ca\/cse\/wp-content\/uploads\/2022\/08\/atelierretroaction-150x150.jpg 150w, https:\/\/educharlevoix.ca\/cse\/wp-content\/uploads\/2022\/08\/atelierretroaction-60x60.jpg 60w\" sizes=\"auto, (max-width: 150px) 100vw, 150px\" \/><\/a>\u00a0 \u00a0 <a href=\"https:\/\/cscharlevoix.sharepoint.com\/:w:\/r\/sites\/serviceseducatifs\/Documents%20partages\/Primaire\/Fran%C3%A7ais%20primaire\/3-Communication%20orale\/R%C3%A9troaction%20par%20les%20pairs\/Les%20%C3%A9l%C3%A9ments%20de%20la%20retroaction%20adequate.docx?d=w64f3d964d76b4684980be8197f036a81&amp;csf=1&amp;web=1&amp;e=vC25lK\" target=\"_blank\" rel=\"noopener\"><img loading=\"lazy\" decoding=\"async\" class=\"alignnone size-thumbnail wp-image-14799\" src=\"https:\/\/educharlevoix.ca\/cse\/wp-content\/uploads\/2022\/08\/element-retro-150x150.jpg\" alt=\"\" width=\"150\" height=\"150\" srcset=\"https:\/\/educharlevoix.ca\/cse\/wp-content\/uploads\/2022\/08\/element-retro-150x150.jpg 150w, https:\/\/educharlevoix.ca\/cse\/wp-content\/uploads\/2022\/08\/element-retro-60x60.jpg 60w\" sizes=\"auto, (max-width: 150px) 100vw, 150px\" \/><\/a>\u00a0 \u00a0 <a href=\"https:\/\/cscharlevoix.sharepoint.com\/:f:\/r\/sites\/serviceseducatifs\/Documents%20partages\/Primaire\/Fran%C3%A7ais%20primaire\/3-Communication%20orale\/R%C3%A9troaction%20par%20les%20pairs\/Affiches?csf=1&amp;web=1&amp;e=rg2art\" target=\"_blank\" rel=\"noopener\"><img loading=\"lazy\" decoding=\"async\" class=\"alignnone size-thumbnail wp-image-14801\" src=\"https:\/\/educharlevoix.ca\/cse\/wp-content\/uploads\/2022\/08\/retroactionaffiche-150x150.jpg\" alt=\"\" width=\"150\" height=\"150\" srcset=\"https:\/\/educharlevoix.ca\/cse\/wp-content\/uploads\/2022\/08\/retroactionaffiche-150x150.jpg 150w, https:\/\/educharlevoix.ca\/cse\/wp-content\/uploads\/2022\/08\/retroactionaffiche-60x60.jpg 60w\" sizes=\"auto, (max-width: 150px) 100vw, 150px\" \/><\/a>\u00a0 \u00a0 <a href=\"https:\/\/cscharlevoix.sharepoint.com\/:w:\/r\/sites\/serviceseducatifs\/Documents%20partages\/Primaire\/Fran%C3%A7ais%20primaire\/3-Communication%20orale\/R%C3%A9troaction%20par%20les%20pairs\/La%20r%C3%A9troaction%20par%20les%20pairs-r%C3%A9f%C3%A9rentiel.docx?d=w469eed3018ef4785a17f6dea5b92fc30&amp;csf=1&amp;web=1&amp;e=CDPW6P\" target=\"_blank\" rel=\"noopener\"><img loading=\"lazy\" decoding=\"async\" class=\"alignnone size-thumbnail wp-image-14800\" src=\"https:\/\/educharlevoix.ca\/cse\/wp-content\/uploads\/2022\/08\/referentiel-150x150.jpg\" alt=\"\" width=\"150\" height=\"150\" srcset=\"https:\/\/educharlevoix.ca\/cse\/wp-content\/uploads\/2022\/08\/referentiel-150x150.jpg 150w, https:\/\/educharlevoix.ca\/cse\/wp-content\/uploads\/2022\/08\/referentiel-60x60.jpg 60w\" sizes=\"auto, (max-width: 150px) 100vw, 150px\" \/><\/a><br \/>\nPr\u00e9sentation\u00a0 \u00a0 \u00a0 \u00a0 \u00a0 \u00a0 \u00a0 \u00a0 \u00a0 \u00a0 \u00a0 \u00a0Atelier formatif\u00a0 \u00a0 \u00a0 \u00a0 \u00a0 \u00a0 \u00a0 \u00a0 \u00a0 \u00a0 \u00a0 R\u00e9sum\u00e9\u00a0 \u00a0 \u00a0 \u00a0 \u00a0 \u00a0 \u00a0 \u00a0 \u00a0 \u00a0 \u00a0 \u00a0 \u00a0Affiches\u00a0 \u00a0 \u00a0 \u00a0 \u00a0 \u00a0 \u00a0 \u00a0 \u00a0 \u00a0 \u00a0 \u00a0 \u00a0 \u00a0R\u00e9f\u00e9rentiel<\/p>\n<p>&nbsp;<\/p>\n<p><strong>L&rsquo;oral au quotidien<\/strong><\/p>\n<p><a href=\"https:\/\/cscharlevoix.sharepoint.com\/:b:\/r\/sites\/serviceseducatifs\/Documents%20partages\/Primaire\/Fran%C3%A7ais%20primaire\/3-Communication%20orale\/Des%20d%C3%A9clencheurs%20de%20parole.pdf?csf=1&amp;web=1&amp;e=ZcByvF\" target=\"_blank\" rel=\"noopener\"><img loading=\"lazy\" decoding=\"async\" class=\"alignnone size-thumbnail wp-image-14808\" src=\"https:\/\/educharlevoix.ca\/cse\/wp-content\/uploads\/2022\/08\/declencheurparole-150x150.jpg\" alt=\"\" width=\"150\" height=\"150\" srcset=\"https:\/\/educharlevoix.ca\/cse\/wp-content\/uploads\/2022\/08\/declencheurparole-150x150.jpg 150w, https:\/\/educharlevoix.ca\/cse\/wp-content\/uploads\/2022\/08\/declencheurparole-60x60.jpg 60w\" sizes=\"auto, (max-width: 150px) 100vw, 150px\" \/><\/a>\u00a0 \u00a0 \u00a0 \u00a0 \u00a0 \u00a0 \u00a0 \u00a0 \u00a0 \u00a0 \u00a0 \u00a0 \u00a0 \u00a0 \u00a0 \u00a0 \u00a0 \u00a0 \u00a0 \u00a0 \u00a0 \u00a0 \u00a0 \u00a0 \u00a0 \u00a0 \u00a0 \u00a0 \u00a0 \u00a0 \u00a0 \u00a0 \u00a0<a href=\"https:\/\/cscharlevoix.sharepoint.com\/:b:\/r\/sites\/serviceseducatifs\/Documents%20partages\/Primaire\/Fran%C3%A7ais%20primaire\/3-Communication%20orale\/Suggestions_Jeux.pdf?csf=1&amp;web=1&amp;e=Qi7D88\" target=\"_blank\" rel=\"noopener\"><img loading=\"lazy\" decoding=\"async\" class=\"alignnone size-thumbnail wp-image-14807\" src=\"https:\/\/educharlevoix.ca\/cse\/wp-content\/uploads\/2022\/08\/suggestionsjeux-150x150.jpg\" alt=\"\" width=\"150\" height=\"150\" srcset=\"https:\/\/educharlevoix.ca\/cse\/wp-content\/uploads\/2022\/08\/suggestionsjeux-150x150.jpg 150w, https:\/\/educharlevoix.ca\/cse\/wp-content\/uploads\/2022\/08\/suggestionsjeux-60x60.jpg 60w\" sizes=\"auto, (max-width: 150px) 100vw, 150px\" \/><\/a><\/p>\n<p><a href=\"https:\/\/cscharlevoix.sharepoint.com\/:b:\/r\/sites\/serviceseducatifs\/Documents%20partages\/Primaire\/Fran%C3%A7ais%20primaire\/3-Communication%20orale\/Des%20d%C3%A9clencheurs%20de%20parole.pdf?csf=1&amp;web=1&amp;e=aeOKKm\" target=\"_blank\" rel=\"noopener\">Des d\u00e9clencheurs de paroles<\/a>\u00a0 \u00a0 \u00a0 \u00a0 \u00a0 \u00a0 \u00a0 \u00a0 \u00a0 \u00a0 \u00a0 \u00a0 \u00a0 \u00a0 \u00a0 \u00a0 \u00a0 \u00a0 \u00a0 \u00a0 \u00a0 \u00a0 \u00a0 \u00a0 \u00a0 \u00a0 \u00a0 \u00a0 <a href=\"https:\/\/cscharlevoix.sharepoint.com\/:b:\/r\/sites\/serviceseducatifs\/Documents%20partages\/Primaire\/Fran%C3%A7ais%20primaire\/3-Communication%20orale\/Suggestions_Jeux.pdf?csf=1&amp;web=1&amp;e=Qi7D88\" target=\"_blank\" rel=\"noopener\">Suggestions de jeux<\/a><\/p>\n<p>&nbsp;<\/p>\n<p><strong>Pour aller plus loin<\/strong><\/p>\n<p><a href=\"https:\/\/acelf.ca\/francophonie\/loral-a-lecole-bien-plus-quun-expose\/\" target=\"_blank\" rel=\"noopener\">L&rsquo;oral \u00e0 l&rsquo;\u00e9cole.. bien plus qu&rsquo;un expos\u00e9!<\/a><\/p>\n<p><a href=\"https:\/\/cscharlevoix.sharepoint.com\/:b:\/r\/sites\/serviceseducatifs\/Documents%20partages\/Primaire\/Fran%C3%A7ais%20primaire\/3-Communication%20orale\/Article-oral-pragmatique.pdf?csf=1&amp;web=1&amp;e=Dy3K9b\" target=\"_blank\" rel=\"noopener\">L&rsquo;oral pragmatique<\/a><\/p>\n<p>&nbsp;<\/p>\n","protected":false},"excerpt":{"rendered":"<p>Strat\u00e9gies Voici un rappel des strat\u00e9gies de communication orale \u00e0 enseigner selon la PDA: Enseignement explicite de l&rsquo;oral Dans ce dossier, vous trouverez de l&rsquo;information et des outils pour enseigner explicitement la comp\u00e9tence \u00e0 communiquer oralement compl\u00e9mentaires au livre didactique &hellip; <\/p>\n","protected":false},"author":5,"featured_media":0,"parent":0,"menu_order":0,"comment_status":"closed","ping_status":"closed","template":"","meta":{"cybocfi_hide_featured_image":"","footnotes":""},"categories":[],"tags":[],"class_list":["post-14773","page","type-page","status-publish","hentry"],"_links":{"self":[{"href":"https:\/\/educharlevoix.ca\/cse\/wp-json\/wp\/v2\/pages\/14773","targetHints":{"allow":["GET"]}}],"collection":[{"href":"https:\/\/educharlevoix.ca\/cse\/wp-json\/wp\/v2\/pages"}],"about":[{"href":"https:\/\/educharlevoix.ca\/cse\/wp-json\/wp\/v2\/types\/page"}],"author":[{"embeddable":true,"href":"https:\/\/educharlevoix.ca\/cse\/wp-json\/wp\/v2\/users\/5"}],"replies":[{"embeddable":true,"href":"https:\/\/educharlevoix.ca\/cse\/wp-json\/wp\/v2\/comments?post=14773"}],"version-history":[{"count":3,"href":"https:\/\/educharlevoix.ca\/cse\/wp-json\/wp\/v2\/pages\/14773\/revisions"}],"predecessor-version":[{"id":14811,"href":"https:\/\/educharlevoix.ca\/cse\/wp-json\/wp\/v2\/pages\/14773\/revisions\/14811"}],"wp:attachment":[{"href":"https:\/\/educharlevoix.ca\/cse\/wp-json\/wp\/v2\/media?parent=14773"}],"wp:term":[{"taxonomy":"category","embeddable":true,"href":"https:\/\/educharlevoix.ca\/cse\/wp-json\/wp\/v2\/categories?post=14773"},{"taxonomy":"post_tag","embeddable":true,"href":"https:\/\/educharlevoix.ca\/cse\/wp-json\/wp\/v2\/tags?post=14773"}],"curies":[{"name":"wp","href":"https:\/\/api.w.org\/{rel}","templated":true}]}}