{"id":14817,"date":"2022-08-26T10:12:29","date_gmt":"2022-08-26T14:12:29","guid":{"rendered":"https:\/\/educharlevoix.ca\/cse\/?page_id=14817"},"modified":"2022-08-29T15:04:46","modified_gmt":"2022-08-29T19:04:46","slug":"evaluer-la-communication-orale-francais-primaire","status":"publish","type":"page","link":"https:\/\/educharlevoix.ca\/cse\/evaluer-la-communication-orale-francais-primaire\/","title":{"rendered":"\u00c9valuer la communication orale"},"content":{"rendered":"<p><a href=\"https:\/\/cscharlevoix.sharepoint.com\/:f:\/r\/sites\/serviceseducatifs\/Documents%20partages\/Primaire\/Fran%C3%A7ais%20primaire\/3-Communication%20orale\/Observation?csf=1&amp;web=1&amp;e=xvbJxS\" target=\"_blank\" rel=\"noopener\">Observation<\/a><br \/>\nDes outils pour bien cibler les objets de l&rsquo;oral \u00e0 d\u00e9velopper chez vos \u00e9l\u00e8ves.<\/p>\n<p><a href=\"https:\/\/cscharlevoix.sharepoint.com\/:f:\/r\/sites\/serviceseducatifs\/Documents%20partages\/Primaire\/Fran%C3%A7ais%20primaire\/3-Communication%20orale\/Grilles%20oral?csf=1&amp;web=1&amp;e=cVAW5a\" target=\"_blank\" rel=\"noopener\">Grilles<\/a><\/p>\n<p><a href=\"https:\/\/cscharlevoix.sharepoint.com\/:b:\/r\/sites\/serviceseducatifs\/Documents%20partages\/Primaire\/Fran%C3%A7ais%20primaire\/3-Communication%20orale\/Des%20d%C3%A9clencheurs%20de%20parole.pdf?csf=1&amp;web=1&amp;e=POOl4w\" target=\"_blank\" rel=\"noopener\">Des d\u00e9clencheurs de parole<\/a><br \/>\nPuisque l&rsquo;expos\u00e9 oral n&rsquo;est pas au programme, ce document vous propose diff\u00e9rentes situations de communication orale.<\/p>\n<p><a href=\"https:\/\/cscharlevoix.sharepoint.com\/:b:\/r\/sites\/serviceseducatifs\/Documents%20partages\/Primaire\/Fran%C3%A7ais%20primaire\/3-Communication%20orale\/Des%20d%C3%A9clencheurs%20de%20parole.pdf?csf=1&amp;web=1&amp;e=POOl4w\" target=\"_blank\" rel=\"noopener\"><img loading=\"lazy\" decoding=\"async\" class=\"alignnone size-thumbnail wp-image-14808\" src=\"https:\/\/educharlevoix.ca\/cse\/wp-content\/uploads\/2022\/08\/declencheurparole-150x150.jpg\" alt=\"\" width=\"150\" height=\"150\" srcset=\"https:\/\/educharlevoix.ca\/cse\/wp-content\/uploads\/2022\/08\/declencheurparole-150x150.jpg 150w, https:\/\/educharlevoix.ca\/cse\/wp-content\/uploads\/2022\/08\/declencheurparole-60x60.jpg 60w\" sizes=\"auto, (max-width: 150px) 100vw, 150px\" \/><\/a><\/p>\n","protected":false},"excerpt":{"rendered":"<p>Observation Des outils pour bien cibler les objets de l&rsquo;oral \u00e0 d\u00e9velopper chez vos \u00e9l\u00e8ves. Grilles Des d\u00e9clencheurs de parole Puisque l&rsquo;expos\u00e9 oral n&rsquo;est pas au programme, ce document vous propose diff\u00e9rentes situations de communication orale.<\/p>\n","protected":false},"author":5,"featured_media":0,"parent":0,"menu_order":0,"comment_status":"closed","ping_status":"closed","template":"","meta":{"cybocfi_hide_featured_image":"","footnotes":""},"categories":[],"tags":[],"class_list":["post-14817","page","type-page","status-publish","hentry"],"_links":{"self":[{"href":"https:\/\/educharlevoix.ca\/cse\/wp-json\/wp\/v2\/pages\/14817","targetHints":{"allow":["GET"]}}],"collection":[{"href":"https:\/\/educharlevoix.ca\/cse\/wp-json\/wp\/v2\/pages"}],"about":[{"href":"https:\/\/educharlevoix.ca\/cse\/wp-json\/wp\/v2\/types\/page"}],"author":[{"embeddable":true,"href":"https:\/\/educharlevoix.ca\/cse\/wp-json\/wp\/v2\/users\/5"}],"replies":[{"embeddable":true,"href":"https:\/\/educharlevoix.ca\/cse\/wp-json\/wp\/v2\/comments?post=14817"}],"version-history":[{"count":2,"href":"https:\/\/educharlevoix.ca\/cse\/wp-json\/wp\/v2\/pages\/14817\/revisions"}],"predecessor-version":[{"id":14938,"href":"https:\/\/educharlevoix.ca\/cse\/wp-json\/wp\/v2\/pages\/14817\/revisions\/14938"}],"wp:attachment":[{"href":"https:\/\/educharlevoix.ca\/cse\/wp-json\/wp\/v2\/media?parent=14817"}],"wp:term":[{"taxonomy":"category","embeddable":true,"href":"https:\/\/educharlevoix.ca\/cse\/wp-json\/wp\/v2\/categories?post=14817"},{"taxonomy":"post_tag","embeddable":true,"href":"https:\/\/educharlevoix.ca\/cse\/wp-json\/wp\/v2\/tags?post=14817"}],"curies":[{"name":"wp","href":"https:\/\/api.w.org\/{rel}","templated":true}]}}