{"id":14821,"date":"2022-08-16T10:27:07","date_gmt":"2022-08-16T14:27:07","guid":{"rendered":"https:\/\/educharlevoix.ca\/cse\/?page_id=14821"},"modified":"2025-12-10T13:17:48","modified_gmt":"2025-12-10T18:17:48","slug":"formations","status":"publish","type":"page","link":"https:\/\/educharlevoix.ca\/cse\/formations\/","title":{"rendered":"Formations"},"content":{"rendered":"<div class=\"wpb-content-wrapper\"><p>[vc_row][vc_column][vc_column_text css=\u00a0\u00bb\u00a0\u00bb]<\/p>\n<table>\n<tbody>\n<tr>\n<td style=\"text-align: center;\"><a href=\"https:\/\/cscharlevoix.sharepoint.com\/sites\/serviceseducatifs\/Documents%20partages\/Forms\/AllItems.aspx?csf=1&amp;web=1&amp;e=9n6L9n&amp;cid=413857f5%2D047e%2D4e8a%2Db8ae%2D18295693c227&amp;RootFolder=%2Fsites%2Fserviceseducatifs%2FDocuments%20partages%2FFormations%2F2022%2D2023&amp;FolderCTID=0x0120009836F5D0944E2947A4E389F01C99C1B7\" target=\"_blank\" rel=\"noopener\"><img loading=\"lazy\" decoding=\"async\" class=\"aligncenter\" src=\"https:\/\/educharlevoix.ca\/cse\/wp-content\/uploads\/2020\/12\/CSSCharlevoix.png\" alt=\"Centre de services scolaire de Charlevoix - Services \u00e9ducatifs\" width=\"151\" height=\"66\" \/><\/a><\/td>\n<td><a style=\"font-family: inherit; font-size: inherit;\" href=\"https:\/\/cscharlevoix.sharepoint.com\/:f:\/r\/sites\/serviceseducatifs\/Documents%20partages\/Formations\/2025-2026?csf=1&amp;web=1&amp;e=QZoBih\" target=\"_blank\" rel=\"noopener\"><span style=\"font-size: 16px;\">Offres de formation locale 2025-2026<\/span><\/a><\/td>\n<\/tr>\n<tr>\n<td style=\"text-align: center;\"><a href=\"https:\/\/www.education.gouv.qc.ca\/references\/tx-solrtyperecherchepublicationtx-solrpublicationnouveaute\/resultats-de-la-recherche\/detail\/article\/offres-de-formation-formation-generale-des-jeunes\/?a=a&amp;cHash=90a17bcfbf18d4e3b0425fe44d53dfc6\" target=\"_blank\" rel=\"noopener\"><img loading=\"lazy\" decoding=\"async\" class=\"aligncenter wp-image-15282\" src=\"https:\/\/educharlevoix.ca\/cse\/wp-content\/uploads\/2022\/10\/capture-e1666116935514.png\" alt=\"\" width=\"143\" height=\"77\" \/><\/a><\/td>\n<td><a href=\"https:\/\/www.quebec.ca\/education\/prescolaire-primaire-et-secondaire\/ressources-outils-reseau-scolaire\/sessions-formation-information\" target=\"_blank\" rel=\"noopener\"><span style=\"font-size: 16px;\">Offres de formation du Minist\u00e8re de l&rsquo;\u00c9ducation<\/span><\/a><a href=\"https:\/\/www.quebec.ca\/education\/prescolaire-primaire-et-secondaire\/ressources-outils-reseau-scolaire\/sessions-formation-information\" target=\"_blank\" rel=\"noopener\"> du Qu\u00e9bec<\/a><\/td>\n<\/tr>\n<tr>\n<td style=\"text-align: center;\"><a href=\"https:\/\/www.canva.com\/design\/DAFbI1dBwBE\/dAuj9b7Zeus6RNYOmIV68A\/view?utm_content=DAFbI1dBwBE&amp;utm_campaign=designshare&amp;utm_medium=link&amp;utm_source=publishsharelink&amp;continue_in_browser=true\" target=\"_blank\" rel=\"noopener\"><img loading=\"lazy\" decoding=\"async\" class=\"aligncenter wp-image-15500\" src=\"https:\/\/educharlevoix.ca\/cse\/wp-content\/uploads\/2023\/02\/Recit-e1677012037859.png\" alt=\"\" width=\"53\" height=\"53\" srcset=\"https:\/\/educharlevoix.ca\/cse\/wp-content\/uploads\/2023\/02\/Recit-e1677012037859.png 300w, https:\/\/educharlevoix.ca\/cse\/wp-content\/uploads\/2023\/02\/Recit-e1677012037859-150x150.png 150w\" sizes=\"auto, (max-width: 53px) 100vw, 53px\" \/><\/a><\/td>\n<td><a href=\"https:\/\/recit.qc.ca\/nouvelle\/offre-de-services-2024-2025-des-conseillers-des-services-nationaux-du-recit\/\" target=\"_blank\" rel=\"noopener\">Offres de formation<\/a><\/td>\n<\/tr>\n<tr>\n<td style=\"text-align: center;\"><a href=\"https:\/\/cscharlevoix.sharepoint.com\/sites\/serviceseducatifs\/Documents%20partages\/Forms\/AllItems.aspx?id=%2Fsites%2Fserviceseducatifs%2FDocuments%20partages%2FFormations%2FAutoformations%20offertes%20en%20ligne%20pour%20les%20enseignants%2Epdf&amp;parent=%2Fsites%2Fserviceseducatifs%2FDocuments%20partages%2FFormations&amp;p=true&amp;ga=1\" target=\"_blank\" rel=\"noopener\"><img loading=\"lazy\" decoding=\"async\" class=\"alignnone wp-image-15278\" src=\"https:\/\/educharlevoix.ca\/cse\/wp-content\/uploads\/2022\/10\/education_diploma_award_icon_149701.png\" alt=\"\" width=\"56\" height=\"56\" \/><\/a><\/td>\n<td><a href=\"https:\/\/cscharlevoix.sharepoint.com\/:w:\/s\/serviceseducatifs\/ERG7ATlN2-tOpaKavJP97gkBR4qHFQg2S63-WxDSYxdczg?e=eLM2PA\" target=\"_blank\" rel=\"noopener\"><span style=\"font-size: 16px;\">Liste<\/span><span style=\"font-size: 16px;\"> d&rsquo;autoformations en ligne\u00a0<\/span><\/a><\/td>\n<\/tr>\n<tr>\n<td style=\"text-align: center;\"><a href=\"https:\/\/cscharlevoix.sharepoint.com\/:w:\/r\/sites\/serviceseducatifs\/Documents%20partages\/Formations\/Outils%20de%20planification%20de%20formations%20CP.docx?d=w86b39bd3f3364157899b779d89161795&amp;csf=1&amp;web=1&amp;e=5nVhKH\" target=\"_blank\" rel=\"noopener\"><img loading=\"lazy\" decoding=\"async\" class=\"alignnone wp-image-15368\" src=\"https:\/\/educharlevoix.ca\/cse\/wp-content\/uploads\/2022\/11\/library_folder_13789.png\" alt=\"\" width=\"58\" height=\"58\" \/><\/a><\/td>\n<td><a href=\"https:\/\/cscharlevoix.sharepoint.com\/:w:\/r\/sites\/serviceseducatifs\/Documents%20partages\/Formations\/Outils%20de%20planification%20de%20formations%20CP.docx?d=w86b39bd3f3364157899b779d89161795&amp;csf=1&amp;web=1&amp;e=5nVhKH\" target=\"_blank\" rel=\"noopener\"><span style=\"font-size: 16px;\">Outil de planification de formations CP<\/span><\/a><\/td>\n<\/tr>\n<tr>\n<td style=\"text-align: center;\"><a href=\"https:\/\/cscharlevoix.sharepoint.com\/:w:\/r\/sites\/serviceseducatifs\/Documents%20partages\/Formations\/Outils%20de%20planification%20de%20formations%20CP.docx?d=w86b39bd3f3364157899b779d89161795&amp;csf=1&amp;web=1&amp;e=5nVhKH\" target=\"_blank\" rel=\"noopener\"><img loading=\"lazy\" decoding=\"async\" class=\"alignnone wp-image-15368\" src=\"https:\/\/educharlevoix.ca\/cse\/wp-content\/uploads\/2022\/11\/library_folder_13789.png\" alt=\"\" width=\"58\" height=\"58\" \/><\/a><\/td>\n<td><a href=\"https:\/\/can01.safelinks.protection.outlook.com\/?url=https%3A%2F%2Fwww.canva.com%2Fdesign%2FDAGyB1ZA9ws%2Fc9Io2LPZvATDdzjl_re6Uw%2Fview%3Futm_content%3DDAGyB1ZA9ws%26utm_campaign%3Ddesignshare%26utm_medium%3Dlink2%26utm_source%3Duniquelinks%26utlId%3Dhf55db382fd&amp;data=05%7C02%7Csebastien.girard%40csscharlevoix.gouv.qc.ca%7C243bed8e31274b1e6e0408de380162b4%7C75a38bb861ef4e4393d40933cd627bba%7C0%7C0%7C639009775814517452%7CUnknown%7CTWFpbGZsb3d8eyJFbXB0eU1hcGkiOnRydWUsIlYiOiIwLjAuMDAwMCIsIlAiOiJXaW4zMiIsIkFOIjoiTWFpbCIsIldUIjoyfQ%3D%3D%7C0%7C%7C%7C&amp;sdata=hvacZNAU%2BFQEMs3JMl0Xeik6tsyqrnbYenK041H6a18%3D&amp;reserved=0\" target=\"_blank\" rel=\"noopener\"><span style=\"font-size: 16px;\">Trousse pour l&rsquo;aide \u00e0 la classe<\/span><\/a><\/td>\n<\/tr>\n<\/tbody>\n<\/table>\n<p>[\/vc_column_text][\/vc_column][\/vc_row]<\/p>\n<\/div>","protected":false},"excerpt":{"rendered":"<p>[vc_row][vc_column][vc_column_text css=\u00a0\u00bb\u00a0\u00bb] Offres de formation locale 2025-2026 Offres de formation du Minist\u00e8re de l&rsquo;\u00c9ducation du Qu\u00e9bec Offres de formation Liste d&rsquo;autoformations en ligne\u00a0 Outil de planification de formations CP Trousse pour l&rsquo;aide \u00e0 la classe [\/vc_column_text][\/vc_column][\/vc_row]<\/p>\n","protected":false},"author":7,"featured_media":0,"parent":0,"menu_order":0,"comment_status":"closed","ping_status":"closed","template":"","meta":{"cybocfi_hide_featured_image":"","footnotes":""},"categories":[],"tags":[],"class_list":["post-14821","page","type-page","status-publish","hentry"],"_links":{"self":[{"href":"https:\/\/educharlevoix.ca\/cse\/wp-json\/wp\/v2\/pages\/14821","targetHints":{"allow":["GET"]}}],"collection":[{"href":"https:\/\/educharlevoix.ca\/cse\/wp-json\/wp\/v2\/pages"}],"about":[{"href":"https:\/\/educharlevoix.ca\/cse\/wp-json\/wp\/v2\/types\/page"}],"author":[{"embeddable":true,"href":"https:\/\/educharlevoix.ca\/cse\/wp-json\/wp\/v2\/users\/7"}],"replies":[{"embeddable":true,"href":"https:\/\/educharlevoix.ca\/cse\/wp-json\/wp\/v2\/comments?post=14821"}],"version-history":[{"count":12,"href":"https:\/\/educharlevoix.ca\/cse\/wp-json\/wp\/v2\/pages\/14821\/revisions"}],"predecessor-version":[{"id":16541,"href":"https:\/\/educharlevoix.ca\/cse\/wp-json\/wp\/v2\/pages\/14821\/revisions\/16541"}],"wp:attachment":[{"href":"https:\/\/educharlevoix.ca\/cse\/wp-json\/wp\/v2\/media?parent=14821"}],"wp:term":[{"taxonomy":"category","embeddable":true,"href":"https:\/\/educharlevoix.ca\/cse\/wp-json\/wp\/v2\/categories?post=14821"},{"taxonomy":"post_tag","embeddable":true,"href":"https:\/\/educharlevoix.ca\/cse\/wp-json\/wp\/v2\/tags?post=14821"}],"curies":[{"name":"wp","href":"https:\/\/api.w.org\/{rel}","templated":true}]}}