{"id":14898,"date":"2022-08-17T11:53:27","date_gmt":"2022-08-17T15:53:27","guid":{"rendered":"https:\/\/educharlevoix.ca\/cse\/?page_id=14898"},"modified":"2024-04-23T15:46:26","modified_gmt":"2024-04-23T19:46:26","slug":"education-physique-primaire","status":"publish","type":"page","link":"https:\/\/educharlevoix.ca\/cse\/education-physique-primaire\/","title":{"rendered":"\u00c9ducation physique"},"content":{"rendered":"<table>\n<tbody>\n<tr>\n<td>\n<h2><img loading=\"lazy\" decoding=\"async\" class=\"aligncenter wp-image-15386\" src=\"https:\/\/educharlevoix.ca\/cse\/wp-content\/uploads\/2022\/11\/library_books_school_shelving_rack_furniture_icon_209277-e1669219826663-300x300.png\" alt=\"\" width=\"74\" height=\"74\" srcset=\"https:\/\/educharlevoix.ca\/cse\/wp-content\/uploads\/2022\/11\/library_books_school_shelving_rack_furniture_icon_209277-e1669219826663.png 300w, https:\/\/educharlevoix.ca\/cse\/wp-content\/uploads\/2022\/11\/library_books_school_shelving_rack_furniture_icon_209277-e1669219826663-150x150.png 150w\" sizes=\"auto, (max-width: 74px) 100vw, 74px\" \/><\/h2>\n<\/td>\n<td>\n<h2><a href=\"https:\/\/cscharlevoix.sharepoint.com\/:f:\/r\/sites\/serviceseducatifs\/Documents%20partages\/Secondaire\/%C3%89ducation%20physique%20et%20%C3%A0%20la%20sant%C3%A9%20(%C3%89PS)?csf=1&amp;web=1&amp;e=PY289G\" target=\"_blank\" rel=\"noopener\">Mat\u00e9riel p\u00e9dagogique (primaire et secondaire)<\/a><\/h2>\n<\/td>\n<\/tr>\n<tr>\n<td style=\"text-align: center;\"><a href=\"https:\/\/cscharlevoix.sharepoint.com\/:f:\/r\/sites\/serviceseducatifs\/Documents%20partages\/Primaire\/%C3%89ducation%20physique%20et%20%C3%A0%20la%20sant%C3%A9\/Protocole%20de%20gestion%20des%20commotions%20c%C3%A9r%C3%A9brales?csf=1&amp;web=1&amp;e=Og4ScK\" target=\"_blank\" rel=\"noopener\"> <img loading=\"lazy\" decoding=\"async\" class=\"aligncenter  wp-image-15771\" src=\"https:\/\/educharlevoix.ca\/cse\/wp-content\/uploads\/2023\/09\/Capture.png\" alt=\"\" width=\"77\" height=\"91\" \/><\/a><\/td>\n<td>\n<h2><a href=\"https:\/\/cscharlevoix.sharepoint.com\/:f:\/r\/sites\/serviceseducatifs\/Documents%20partages\/Primaire\/%C3%89ducation%20physique%20et%20%C3%A0%20la%20sant%C3%A9\/Protocole%20de%20gestion%20des%20commotions%20c%C3%A9r%C3%A9brales?csf=1&amp;web=1&amp;e=Og4ScK\" target=\"_blank\" rel=\"noopener\">Protocole de gestion des commotions c\u00e9r\u00e9brales (MEQ)<\/a><\/h2>\n<\/td>\n<\/tr>\n<tr>\n<td style=\"text-align: center;\">\n<h2><a href=\"https:\/\/www.canva.com\/design\/DAFvGUPSlFs\/3OVnYTfziOEX74OTpiyjhQ\/view?utm_content=DAFvGUPSlFs&amp;utm_campaign=designshare&amp;utm_medium=link&amp;utm_source=editor\" target=\"_blank\" rel=\"noopener\"><img loading=\"lazy\" decoding=\"async\" class=\"aligncenter size-full wp-image-15826\" src=\"https:\/\/educharlevoix.ca\/cse\/wp-content\/uploads\/2023\/09\/3069198-cap-education-hat-school_112714.png\" alt=\"\" width=\"64\" height=\"64\" \/><\/a><\/h2>\n<\/td>\n<td>\n<h2><a href=\"https:\/\/www.canva.com\/design\/DAFvGUPSlFs\/3OVnYTfziOEX74OTpiyjhQ\/view?utm_content=DAFvGUPSlFs&amp;utm_campaign=designshare&amp;utm_medium=link&amp;utm_source=editor\" target=\"_blank\" rel=\"noopener\">Formations<\/a><\/h2>\n<\/td>\n<\/tr>\n<tr>\n<td>\n<h2><a href=\"https:\/\/www.feepeq.com\/fr\/\" target=\"_blank\" rel=\"noopener\"><img loading=\"lazy\" decoding=\"async\" class=\"wp-image-15661 alignnone\" src=\"https:\/\/educharlevoix.ca\/cse\/wp-content\/uploads\/2023\/06\/FEEPEQ-300x103.png\" alt=\"\" width=\"177\" height=\"61\" srcset=\"https:\/\/educharlevoix.ca\/cse\/wp-content\/uploads\/2023\/06\/FEEPEQ-300x103.png 300w, https:\/\/educharlevoix.ca\/cse\/wp-content\/uploads\/2023\/06\/FEEPEQ.png 611w\" sizes=\"auto, (max-width: 177px) 100vw, 177px\" \/><\/a><\/h2>\n<\/td>\n<td>\n<h2><a href=\"https:\/\/www.feepeq.com\/fr\/\" target=\"_blank\" rel=\"noopener\">F\u00e9d\u00e9ration des \u00e9ducateurs et \u00e9ducatrices physiques enseignants du Qu\u00e9bec (F\u00c9\u00c9PEQ)<\/a><\/h2>\n<\/td>\n<\/tr>\n<tr>\n<td>\n<h2><a href=\"https:\/\/docs.google.com\/spreadsheets\/d\/1-kZjUQs_xbULzUcp7DKea-7cydGWkrnBfzTbh7gLd0o\/edit#gid=0\" target=\"_blank\" rel=\"noopener\"><img loading=\"lazy\" decoding=\"async\" class=\"aligncenter wp-image-15667\" src=\"https:\/\/educharlevoix.ca\/cse\/wp-content\/uploads\/2023\/06\/sport_ball_balls_football_basketball_basket_tennis_icon_209257-300x300.png\" alt=\"\" width=\"86\" height=\"86\" srcset=\"https:\/\/educharlevoix.ca\/cse\/wp-content\/uploads\/2023\/06\/sport_ball_balls_football_basketball_basket_tennis_icon_209257-300x300.png 300w, https:\/\/educharlevoix.ca\/cse\/wp-content\/uploads\/2023\/06\/sport_ball_balls_football_basketball_basket_tennis_icon_209257-150x150.png 150w, https:\/\/educharlevoix.ca\/cse\/wp-content\/uploads\/2023\/06\/sport_ball_balls_football_basketball_basket_tennis_icon_209257.png 512w\" sizes=\"auto, (max-width: 86px) 100vw, 86px\" \/><\/a><\/h2>\n<\/td>\n<td>\n<h2><a href=\"https:\/\/docs.google.com\/spreadsheets\/d\/1-kZjUQs_xbULzUcp7DKea-7cydGWkrnBfzTbh7gLd0o\/edit#gid=0\" target=\"_blank\" rel=\"noopener\">Liste des canvas interactifs (R\u00c9CIT)<\/a><\/h2>\n<\/td>\n<\/tr>\n<tr>\n<td>\n<h2><a href=\"https:\/\/eps.recitdp.qc.ca\/\" target=\"_blank\" rel=\"noopener\"><img loading=\"lazy\" decoding=\"async\" class=\"aligncenter wp-image-15500\" src=\"https:\/\/educharlevoix.ca\/cse\/wp-content\/uploads\/2023\/02\/Recit-e1677012037859-300x300.png\" alt=\"\" width=\"65\" height=\"65\" srcset=\"https:\/\/educharlevoix.ca\/cse\/wp-content\/uploads\/2023\/02\/Recit-e1677012037859.png 300w, https:\/\/educharlevoix.ca\/cse\/wp-content\/uploads\/2023\/02\/Recit-e1677012037859-150x150.png 150w\" sizes=\"auto, (max-width: 65px) 100vw, 65px\" \/><\/a><\/h2>\n<\/td>\n<td>\n<h2><a href=\"https:\/\/eps.recitdp.qc.ca\/\" target=\"_blank\" rel=\"noopener\">R\u00c9CIT DP &#8211; \u00c9ducation physique et \u00e0 la sant\u00e9<\/a><\/h2>\n<\/td>\n<\/tr>\n<tr>\n<td>\n<h2><img loading=\"lazy\" decoding=\"async\" class=\"wp-image-15668 aligncenter\" src=\"https:\/\/educharlevoix.ca\/cse\/wp-content\/uploads\/2023\/06\/ballon_ball_fotball_14531.png\" alt=\"\" width=\"39\" height=\"39\" srcset=\"https:\/\/educharlevoix.ca\/cse\/wp-content\/uploads\/2023\/06\/ballon_ball_fotball_14531.png 256w, https:\/\/educharlevoix.ca\/cse\/wp-content\/uploads\/2023\/06\/ballon_ball_fotball_14531-150x150.png 150w\" sizes=\"auto, (max-width: 39px) 100vw, 39px\" \/><\/h2>\n<\/td>\n<td>\n<h2><a href=\"https:\/\/padlet.com\/abonnementscp\/clonage-de-ducation-physique-et-enseignement-ext-rieur-el6udktgge10rhuz\" target=\"_blank\" rel=\"noopener\">Padlet \u00c9ducation physique<\/a><\/h2>\n<\/td>\n<\/tr>\n<\/tbody>\n<\/table>\n","protected":false},"excerpt":{"rendered":"<p>Mat\u00e9riel p\u00e9dagogique (primaire et secondaire) Protocole de gestion des commotions c\u00e9r\u00e9brales (MEQ) Formations F\u00e9d\u00e9ration des \u00e9ducateurs et \u00e9ducatrices physiques enseignants du Qu\u00e9bec (F\u00c9\u00c9PEQ) Liste des canvas interactifs (R\u00c9CIT) R\u00c9CIT DP &#8211; \u00c9ducation physique et \u00e0 la sant\u00e9 Padlet \u00c9ducation physique<\/p>\n","protected":false},"author":1,"featured_media":0,"parent":0,"menu_order":0,"comment_status":"closed","ping_status":"closed","template":"","meta":{"cybocfi_hide_featured_image":"","footnotes":""},"categories":[42],"tags":[],"class_list":["post-14898","page","type-page","status-publish","hentry","category-education-physique"],"_links":{"self":[{"href":"https:\/\/educharlevoix.ca\/cse\/wp-json\/wp\/v2\/pages\/14898","targetHints":{"allow":["GET"]}}],"collection":[{"href":"https:\/\/educharlevoix.ca\/cse\/wp-json\/wp\/v2\/pages"}],"about":[{"href":"https:\/\/educharlevoix.ca\/cse\/wp-json\/wp\/v2\/types\/page"}],"author":[{"embeddable":true,"href":"https:\/\/educharlevoix.ca\/cse\/wp-json\/wp\/v2\/users\/1"}],"replies":[{"embeddable":true,"href":"https:\/\/educharlevoix.ca\/cse\/wp-json\/wp\/v2\/comments?post=14898"}],"version-history":[{"count":3,"href":"https:\/\/educharlevoix.ca\/cse\/wp-json\/wp\/v2\/pages\/14898\/revisions"}],"predecessor-version":[{"id":16161,"href":"https:\/\/educharlevoix.ca\/cse\/wp-json\/wp\/v2\/pages\/14898\/revisions\/16161"}],"wp:attachment":[{"href":"https:\/\/educharlevoix.ca\/cse\/wp-json\/wp\/v2\/media?parent=14898"}],"wp:term":[{"taxonomy":"category","embeddable":true,"href":"https:\/\/educharlevoix.ca\/cse\/wp-json\/wp\/v2\/categories?post=14898"},{"taxonomy":"post_tag","embeddable":true,"href":"https:\/\/educharlevoix.ca\/cse\/wp-json\/wp\/v2\/tags?post=14898"}],"curies":[{"name":"wp","href":"https:\/\/api.w.org\/{rel}","templated":true}]}}