{"id":14905,"date":"2022-08-17T11:58:42","date_gmt":"2022-08-17T15:58:42","guid":{"rendered":"https:\/\/educharlevoix.ca\/cse\/?page_id=14905"},"modified":"2026-04-08T09:45:26","modified_gmt":"2026-04-08T13:45:26","slug":"mathematique-primaire","status":"publish","type":"page","link":"https:\/\/educharlevoix.ca\/cse\/mathematique-primaire\/","title":{"rendered":"Math\u00e9matique"},"content":{"rendered":"<div class=\"wpb-content-wrapper\"><p>[vc_row][vc_column][vc_column_text css=\u00a0\u00bb\u00a0\u00bb]<\/p>\n<table>\n<tbody>\n<tr>\n<td><a href=\"https:\/\/educharlevoix.ca\/cse\/evaluations-en-mathematique-au-primaire-banques-regionales-03-12\/\"><img loading=\"lazy\" decoding=\"async\" class=\"alignnone wp-image-14993 size-full\" src=\"https:\/\/educharlevoix.ca\/cse\/wp-content\/uploads\/2022\/08\/e-valuation-1.jpeg\" alt=\"Lien vers une foule de ressources en \u00e9valuation\" width=\"533\" height=\"800\" srcset=\"https:\/\/educharlevoix.ca\/cse\/wp-content\/uploads\/2022\/08\/e-valuation-1.jpeg 533w, https:\/\/educharlevoix.ca\/cse\/wp-content\/uploads\/2022\/08\/e-valuation-1-200x300.jpeg 200w\" sizes=\"auto, (max-width: 533px) 100vw, 533px\" \/><\/a><\/td>\n<td><a href=\"https:\/\/educharlevoix.ca\/cse\/math-sans-cahier-mathematique-primaire\/\"><img loading=\"lazy\" decoding=\"async\" class=\"alignnone size-full wp-image-14998\" src=\"https:\/\/educharlevoix.ca\/cse\/wp-content\/uploads\/2022\/08\/math-sans-cahier.jpg\" alt=\"Lien vers des ressources pour les maths sans cahier\" width=\"800\" height=\"533\" srcset=\"https:\/\/educharlevoix.ca\/cse\/wp-content\/uploads\/2022\/08\/math-sans-cahier.jpg 800w, https:\/\/educharlevoix.ca\/cse\/wp-content\/uploads\/2022\/08\/math-sans-cahier-300x200.jpg 300w, https:\/\/educharlevoix.ca\/cse\/wp-content\/uploads\/2022\/08\/math-sans-cahier-768x512.jpg 768w\" sizes=\"auto, (max-width: 800px) 100vw, 800px\" \/><\/a><\/td>\n<\/tr>\n<\/tbody>\n<\/table>\n<table style=\"height: 399px;\" width=\"1196\">\n<tbody>\n<tr>\n<td style=\"text-align: center;\" colspan=\"4\"><img loading=\"lazy\" decoding=\"async\" class=\"alignnone wp-image-14987\" src=\"https:\/\/educharlevoix.ca\/cse\/wp-content\/uploads\/2022\/08\/Image-important-300x200.jpeg\" alt=\"Image montrant le mot Important\" width=\"489\" height=\"326\" srcset=\"https:\/\/educharlevoix.ca\/cse\/wp-content\/uploads\/2022\/08\/Image-important-300x200.jpeg 300w, https:\/\/educharlevoix.ca\/cse\/wp-content\/uploads\/2022\/08\/Image-important.jpeg 640w\" sizes=\"auto, (max-width: 489px) 100vw, 489px\" \/><\/td>\n<\/tr>\n<tr>\n<td><img loading=\"lazy\" decoding=\"async\" class=\"wp-image-14979 size-medium aligncenter\" src=\"https:\/\/educharlevoix.ca\/cse\/wp-content\/uploads\/2022\/08\/banque-regionale-03-12-300x279.png\" alt=\"Capture d'image d'une \u00e9valuation de la banque\" width=\"300\" height=\"279\" srcset=\"https:\/\/educharlevoix.ca\/cse\/wp-content\/uploads\/2022\/08\/banque-regionale-03-12-300x279.png 300w, https:\/\/educharlevoix.ca\/cse\/wp-content\/uploads\/2022\/08\/banque-regionale-03-12.png 320w\" sizes=\"auto, (max-width: 300px) 100vw, 300px\" \/><\/td>\n<td style=\"text-align: center;\">\u00c9valuation<\/td>\n<td style=\"text-align: center;\">Acc\u00e8s \u00e0 la banque r\u00e9gionale 03-12<\/td>\n<td style=\"text-align: center;\"><a href=\"https:\/\/educharlevoix.ca\/cse\/evaluations-en-mathematique-au-primaire-banques-regionales-03-12\/\" target=\"_blank\" rel=\"noopener\"><strong>Prot\u00e9g\u00e9 : \u00c9valuations en math\u00e9matique au primaire &#8211; Banques r\u00e9gionales 03-12<\/strong><\/a><\/td>\n<\/tr>\n<tr>\n<td><img loading=\"lazy\" decoding=\"async\" class=\"wp-image-14981 aligncenter\" src=\"https:\/\/educharlevoix.ca\/cse\/wp-content\/uploads\/2022\/08\/capture-decran-le-2022-08-24-a-135536-300x264.png\" alt=\"Capture d'\u00e9cran du Padlet en math de Junior Carrier\" width=\"138\" height=\"121\" srcset=\"https:\/\/educharlevoix.ca\/cse\/wp-content\/uploads\/2022\/08\/capture-decran-le-2022-08-24-a-135536-300x264.png 300w, https:\/\/educharlevoix.ca\/cse\/wp-content\/uploads\/2022\/08\/capture-decran-le-2022-08-24-a-135536.png 320w\" sizes=\"auto, (max-width: 138px) 100vw, 138px\" \/><\/td>\n<td style=\"text-align: center;\">Ressources<\/td>\n<td style=\"text-align: center;\">Padlet de ressources en math<\/td>\n<td style=\"text-align: center;\"><strong><a href=\"https:\/\/padlet.com\/abonnementscp\/clonage-de-mes-ressources-en-math-matique-spzg69ujdh833a2w\" target=\"_blank\" rel=\"noopener\">Lien vers la ressource<\/a><\/strong><\/td>\n<\/tr>\n<tr>\n<td><img loading=\"lazy\" decoding=\"async\" class=\"wp-image-14983 alignnone\" src=\"https:\/\/educharlevoix.ca\/cse\/wp-content\/uploads\/2022\/08\/capture-decran-le-2022-08-24-a-141825-287x300.png\" alt=\"Capture d'\u00e9cran de la page du programme de math sur le site du minist\u00e8re\" width=\"121\" height=\"127\" srcset=\"https:\/\/educharlevoix.ca\/cse\/wp-content\/uploads\/2022\/08\/capture-decran-le-2022-08-24-a-141825-287x300.png 287w, https:\/\/educharlevoix.ca\/cse\/wp-content\/uploads\/2022\/08\/capture-decran-le-2022-08-24-a-141825-24x24.png 24w, https:\/\/educharlevoix.ca\/cse\/wp-content\/uploads\/2022\/08\/capture-decran-le-2022-08-24-a-141825.png 306w\" sizes=\"auto, (max-width: 121px) 100vw, 121px\" \/><\/td>\n<td style=\"text-align: center;\">R\u00e9f\u00e9rences<\/td>\n<td style=\"text-align: center;\">Page du programme de math\u00e9matique sur le site du MEQ<\/td>\n<td style=\"text-align: center;\"><strong style=\"text-align: center;\"><a href=\"http:\/\/www.education.gouv.qc.ca\/enseignants\/pfeq\/primaire\/domaine-de-la-mathematique-de-la-science-et-de-la-technologie\/mathematique\/\" target=\"_blank\" rel=\"noopener\">http:\/\/www.education.gouv.qc.ca\/enseignants\/pfeq\/primaire\/domaine-de-la-mathematique-de-la-science-et-de-la-technologie\/mathematique\/<\/a><\/strong><\/td>\n<\/tr>\n<tr>\n<td><img loading=\"lazy\" decoding=\"async\" class=\"wp-image-13743 aligncenter\" src=\"https:\/\/educharlevoix.ca\/cse\/wp-content\/uploads\/2021\/06\/iconfinder-contat-us-31write-4211859_115070-300x300.png\" alt=\"\" width=\"50\" height=\"50\" srcset=\"https:\/\/educharlevoix.ca\/cse\/wp-content\/uploads\/2021\/06\/iconfinder-contat-us-31write-4211859_115070-300x300.png 300w, https:\/\/educharlevoix.ca\/cse\/wp-content\/uploads\/2021\/06\/iconfinder-contat-us-31write-4211859_115070-150x150.png 150w, https:\/\/educharlevoix.ca\/cse\/wp-content\/uploads\/2021\/06\/iconfinder-contat-us-31write-4211859_115070.png 512w\" sizes=\"auto, (max-width: 50px) 100vw, 50px\" \/><\/td>\n<td>\u00c0 emprunter<\/td>\n<td>Trousses math-science<\/td>\n<td>\n<div class=\"x_ContentPasted0 x_ContentPasted10\" data-ogsc=\"rgb(0, 0, 0)\"><a id=\"LPNoLPOWALinkPreview_7\" href=\"https:\/\/padlet.com\/abonnementscp\/clonage-de-trousses-en-math-et-science-xk7tcdf13dgnl7w9\" target=\"_blank\" rel=\"noopener noreferrer\" data-auth=\"NotApplicable\" data-ogsc=\"\" data-linkindex=\"3\">https:\/\/padlet.com\/abonnementscp\/clonage-de-trousses-en-math-et-science-xk7tcdf13dgnl7w9<\/a><\/div>\n<\/td>\n<\/tr>\n<tr>\n<td><img loading=\"lazy\" decoding=\"async\" class=\"wp-image-13609 aligncenter\" src=\"https:\/\/educharlevoix.ca\/cse\/wp-content\/uploads\/2021\/03\/4288593creativejigsawspiecesplanningpuzzlestrategy-115763_115750-300x300.png\" alt=\"\" width=\"57\" height=\"57\" srcset=\"https:\/\/educharlevoix.ca\/cse\/wp-content\/uploads\/2021\/03\/4288593creativejigsawspiecesplanningpuzzlestrategy-115763_115750-300x300.png 300w, https:\/\/educharlevoix.ca\/cse\/wp-content\/uploads\/2021\/03\/4288593creativejigsawspiecesplanningpuzzlestrategy-115763_115750-150x150.png 150w, https:\/\/educharlevoix.ca\/cse\/wp-content\/uploads\/2021\/03\/4288593creativejigsawspiecesplanningpuzzlestrategy-115763_115750.png 512w\" sizes=\"auto, (max-width: 57px) 100vw, 57px\" \/><\/td>\n<td>Ressources<\/td>\n<td>Padlet s\u00e9quence d&rsquo;enseignement sur les fractions<\/td>\n<td>\n<div class=\"x_ContentPasted0 x_ContentPasted10\" data-ogsc=\"rgb(0, 0, 0)\"><a id=\"LPNoLPOWALinkPreview_8\" href=\"https:\/\/padlet.com\/abonnementscp\/clonage-de-les-fractions-d0uwa6xgqen7pxtj\" target=\"_blank\" rel=\"noopener noreferrer\" data-auth=\"NotApplicable\" data-ogsc=\"\" data-linkindex=\"4\">https:\/\/padlet.com\/abonnementscp\/clonage-de-les-fractions-d0uwa6xgqen7pxtj<\/a><\/div>\n<\/td>\n<\/tr>\n<tr>\n<td><img loading=\"lazy\" decoding=\"async\" class=\" wp-image-15802 aligncenter\" src=\"https:\/\/educharlevoix.ca\/cse\/wp-content\/uploads\/2023\/09\/education_school_blocks_building_study_learn_numbers_icon_133453.png\" alt=\"\" width=\"54\" height=\"54\" \/><\/td>\n<td><a href=\"https:\/\/sites.google.com\/cssdn.gouv.qc.ca\/math-primaire\/accueil\" target=\"_blank\" rel=\"noopener\">Site web<\/a><\/td>\n<td>CSS des navigateurs<\/td>\n<td><\/td>\n<\/tr>\n<tr>\n<td><img loading=\"lazy\" decoding=\"async\" class=\" wp-image-15802 aligncenter\" src=\"https:\/\/educharlevoix.ca\/cse\/wp-content\/uploads\/2023\/09\/education_school_blocks_building_study_learn_numbers_icon_133453.png\" alt=\"\" width=\"54\" height=\"54\" \/><\/td>\n<td><a href=\"https:\/\/sites.google.com\/csdps.qc.ca\/site-des-ppp-du-cssdps\/math%C3%A9matique\/r%C3%A9solution-de-probl%C3%A8mes\" target=\"_blank\" rel=\"noopener\">Site web<\/a><\/td>\n<td>CSS des Premi\u00e8res-Seigneurie<\/td>\n<td>R\u00e9solution de probl\u00e8mes math\u00e9matiques<\/td>\n<\/tr>\n<tr>\n<td><img loading=\"lazy\" decoding=\"async\" class=\" wp-image-15802 aligncenter\" src=\"https:\/\/educharlevoix.ca\/cse\/wp-content\/uploads\/2023\/09\/education_school_blocks_building_study_learn_numbers_icon_133453.png\" alt=\"\" width=\"54\" height=\"54\" \/><\/td>\n<td><a href=\"https:\/\/sites.google.com\/cslaval.qc.ca\/denominateurcommun\/accueil\" target=\"_blank\" rel=\"noopener\">Site web\u00a0<\/a><\/td>\n<td>CSS de Laval<\/td>\n<td><\/td>\n<\/tr>\n<tr>\n<td><img loading=\"lazy\" decoding=\"async\" class=\"wp-image-16159 aligncenter\" src=\"https:\/\/educharlevoix.ca\/cse\/wp-content\/uploads\/2024\/04\/Books_icon-icons.com_76879.png\" alt=\"\" width=\"61\" height=\"61\" \/><\/td>\n<td>PDA annot\u00e9e CSSDN<\/td>\n<td><a href=\"https:\/\/cscharlevoix.sharepoint.com\/:b:\/r\/sites\/serviceseducatifs\/Documents%20partages\/Primaire\/Math%C3%A9matique\/PDA%20annot%C3%A9e%20CSSDN%202025.pdf?csf=1&amp;web=1&amp;e=KrMTx3\" target=\"_blank\" rel=\"noopener\">PDA annot\u00e9e CSSDN 2025.pdf<\/a><\/td>\n<td><a href=\"https:\/\/cscharlevoix.sharepoint.com\/:x:\/r\/sites\/serviceseducatifs\/Documents%20partages\/Primaire\/Math%C3%A9matique\/PDA_Mathematique_Tableau_Synthese.xlsx?d=w777aac0acf044c2e9e0595ec50485308&amp;csf=1&amp;web=1&amp;e=COXLgv\" target=\"_blank\" rel=\"noopener\">Tableau synth\u00e8se de la PDA\u00a0<\/a><\/td>\n<\/tr>\n<tr>\n<td><img loading=\"lazy\" decoding=\"async\" class=\" wp-image-16091 aligncenter\" src=\"https:\/\/educharlevoix.ca\/cse\/wp-content\/uploads\/2024\/02\/centralizedclouddatablockchaintechnologydigital_95883.png\" alt=\"\" width=\"58\" height=\"58\" \/><\/td>\n<td><a href=\"https:\/\/cscharlevoix.sharepoint.com\/:f:\/r\/sites\/serviceseducatifs\/Documents%20partages\/Primaire\/Math%C3%A9matique\/Les%20concepts%20et%20processus%20math%C3%A9matiques%20par%20cycle?csf=1&amp;web=1&amp;e=K61ISA\" target=\"_blank\" rel=\"noopener\">Les concepts et processus math\u00e9matiques par cycle<\/a><\/td>\n<td><\/td>\n<td><\/td>\n<\/tr>\n<tr>\n<td><img loading=\"lazy\" decoding=\"async\" class=\"wp-image-3846 aligncenter\" src=\"https:\/\/educharlevoix.ca\/cse\/wp-content\/uploads\/2016\/01\/globe-967305_1920-300x214.jpg\" alt=\"\" width=\"82\" height=\"59\" srcset=\"https:\/\/educharlevoix.ca\/cse\/wp-content\/uploads\/2016\/01\/globe-967305_1920-300x214.jpg 300w, https:\/\/educharlevoix.ca\/cse\/wp-content\/uploads\/2016\/01\/globe-967305_1920-1024x730.jpg 1024w, https:\/\/educharlevoix.ca\/cse\/wp-content\/uploads\/2016\/01\/globe-967305_1920-768x548.jpg 768w, https:\/\/educharlevoix.ca\/cse\/wp-content\/uploads\/2016\/01\/globe-967305_1920-1536x1095.jpg 1536w, https:\/\/educharlevoix.ca\/cse\/wp-content\/uploads\/2016\/01\/globe-967305_1920.jpg 1920w\" sizes=\"auto, (max-width: 82px) 100vw, 82px\" \/><\/td>\n<td>Projet &#8211; fonds coop\u00e9ratif math primaire03-12<\/td>\n<td><a href=\"https:\/\/docs.google.com\/presentation\/d\/1fyZGgrRN3odxgk5Ic39rcerwBY-o3gi4\/edit?slide=id.p1#slide=id.p1\" target=\"_blank\" rel=\"noopener\"><span style=\"font-weight: 400;\">MILO PART \u00c0 L\u2019AVENTURE!<\/span><\/a><\/td>\n<td>\n<div class=\"x_ContentPasted0 x_ContentPasted10\" data-ogsc=\"rgb(0, 0, 0)\"><\/div>\n<\/td>\n<\/tr>\n<tr>\n<td><img loading=\"lazy\" decoding=\"async\" class=\" wp-image-16121 aligncenter\" src=\"https:\/\/educharlevoix.ca\/cse\/wp-content\/uploads\/2024\/04\/development_learning_online_improvement_skill_icon_262304-300x300.png\" alt=\"\" width=\"61\" height=\"61\" srcset=\"https:\/\/educharlevoix.ca\/cse\/wp-content\/uploads\/2024\/04\/development_learning_online_improvement_skill_icon_262304-300x300.png 300w, https:\/\/educharlevoix.ca\/cse\/wp-content\/uploads\/2024\/04\/development_learning_online_improvement_skill_icon_262304-150x150.png 150w, https:\/\/educharlevoix.ca\/cse\/wp-content\/uploads\/2024\/04\/development_learning_online_improvement_skill_icon_262304.png 512w\" sizes=\"auto, (max-width: 61px) 100vw, 61px\" \/><\/td>\n<td><a href=\"https:\/\/drive.google.com\/drive\/folders\/1-s5JE1ySN2VA6CNkR8MI9oxVBVWcnVX0?usp=drive_link\">Jogging math\u00e9matique par cycle\u00a0<\/a><\/td>\n<td><\/td>\n<td>\n<div class=\"x_ContentPasted0 x_ContentPasted10\" data-ogsc=\"rgb(0, 0, 0)\">\n<p>&nbsp;<\/p>\n<\/div>\n<\/td>\n<\/tr>\n<\/tbody>\n<\/table>\n<p>[\/vc_column_text][\/vc_column][\/vc_row]<\/p>\n<\/div>","protected":false},"excerpt":{"rendered":"<p>[vc_row][vc_column][vc_column_text css=\u00a0\u00bb\u00a0\u00bb] \u00c9valuation Acc\u00e8s \u00e0 la banque r\u00e9gionale 03-12 Prot\u00e9g\u00e9 : \u00c9valuations en math\u00e9matique au primaire &#8211; Banques r\u00e9gionales 03-12 Ressources Padlet de ressources en math Lien vers la ressource R\u00e9f\u00e9rences Page du programme de math\u00e9matique sur le site du &hellip; <\/p>\n","protected":false},"author":1,"featured_media":0,"parent":0,"menu_order":0,"comment_status":"closed","ping_status":"closed","template":"","meta":{"cybocfi_hide_featured_image":"","footnotes":""},"categories":[16413],"tags":[],"class_list":["post-14905","page","type-page","status-publish","hentry","category-mathematique"],"_links":{"self":[{"href":"https:\/\/educharlevoix.ca\/cse\/wp-json\/wp\/v2\/pages\/14905","targetHints":{"allow":["GET"]}}],"collection":[{"href":"https:\/\/educharlevoix.ca\/cse\/wp-json\/wp\/v2\/pages"}],"about":[{"href":"https:\/\/educharlevoix.ca\/cse\/wp-json\/wp\/v2\/types\/page"}],"author":[{"embeddable":true,"href":"https:\/\/educharlevoix.ca\/cse\/wp-json\/wp\/v2\/users\/1"}],"replies":[{"embeddable":true,"href":"https:\/\/educharlevoix.ca\/cse\/wp-json\/wp\/v2\/comments?post=14905"}],"version-history":[{"count":16,"href":"https:\/\/educharlevoix.ca\/cse\/wp-json\/wp\/v2\/pages\/14905\/revisions"}],"predecessor-version":[{"id":16593,"href":"https:\/\/educharlevoix.ca\/cse\/wp-json\/wp\/v2\/pages\/14905\/revisions\/16593"}],"wp:attachment":[{"href":"https:\/\/educharlevoix.ca\/cse\/wp-json\/wp\/v2\/media?parent=14905"}],"wp:term":[{"taxonomy":"category","embeddable":true,"href":"https:\/\/educharlevoix.ca\/cse\/wp-json\/wp\/v2\/categories?post=14905"},{"taxonomy":"post_tag","embeddable":true,"href":"https:\/\/educharlevoix.ca\/cse\/wp-json\/wp\/v2\/tags?post=14905"}],"curies":[{"name":"wp","href":"https:\/\/api.w.org\/{rel}","templated":true}]}}