{"id":14908,"date":"2022-08-17T12:24:15","date_gmt":"2022-08-17T16:24:15","guid":{"rendered":"https:\/\/educharlevoix.ca\/cse\/?page_id=14908"},"modified":"2026-04-08T11:33:59","modified_gmt":"2026-04-08T15:33:59","slug":"evaluations-en-mathematique-au-primaire-banques-regionales-03-12","status":"publish","type":"page","link":"https:\/\/educharlevoix.ca\/cse\/evaluations-en-mathematique-au-primaire-banques-regionales-03-12\/","title":{"rendered":"\u00c9valuations en math\u00e9matique au primaire &#8211; Banques r\u00e9gionales 03-12"},"content":{"rendered":"","protected":true},"excerpt":{"rendered":"","protected":true},"author":1,"featured_media":0,"parent":0,"menu_order":0,"comment_status":"closed","ping_status":"closed","template":"","meta":{"cybocfi_hide_featured_image":"","footnotes":""},"categories":[16413],"tags":[],"class_list":["post-14908","page","type-page","status-publish","post-password-required","hentry","category-mathematique"],"_links":{"self":[{"href":"https:\/\/educharlevoix.ca\/cse\/wp-json\/wp\/v2\/pages\/14908","targetHints":{"allow":["GET"]}}],"collection":[{"href":"https:\/\/educharlevoix.ca\/cse\/wp-json\/wp\/v2\/pages"}],"about":[{"href":"https:\/\/educharlevoix.ca\/cse\/wp-json\/wp\/v2\/types\/page"}],"author":[{"embeddable":true,"href":"https:\/\/educharlevoix.ca\/cse\/wp-json\/wp\/v2\/users\/1"}],"replies":[{"embeddable":true,"href":"https:\/\/educharlevoix.ca\/cse\/wp-json\/wp\/v2\/comments?post=14908"}],"version-history":[{"count":4,"href":"https:\/\/educharlevoix.ca\/cse\/wp-json\/wp\/v2\/pages\/14908\/revisions"}],"predecessor-version":[{"id":16594,"href":"https:\/\/educharlevoix.ca\/cse\/wp-json\/wp\/v2\/pages\/14908\/revisions\/16594"}],"wp:attachment":[{"href":"https:\/\/educharlevoix.ca\/cse\/wp-json\/wp\/v2\/media?parent=14908"}],"wp:term":[{"taxonomy":"category","embeddable":true,"href":"https:\/\/educharlevoix.ca\/cse\/wp-json\/wp\/v2\/categories?post=14908"},{"taxonomy":"post_tag","embeddable":true,"href":"https:\/\/educharlevoix.ca\/cse\/wp-json\/wp\/v2\/tags?post=14908"}],"curies":[{"name":"wp","href":"https:\/\/api.w.org\/{rel}","templated":true}]}}