{"id":14970,"date":"2022-08-23T09:43:36","date_gmt":"2022-08-23T13:43:36","guid":{"rendered":"https:\/\/educharlevoix.ca\/cse\/lp-profile\/"},"modified":"2026-01-06T15:17:48","modified_gmt":"2026-01-06T20:17:48","slug":"culture-et-citoyennete-quebecoise-ccq-primaire","status":"publish","type":"page","link":"https:\/\/educharlevoix.ca\/cse\/culture-et-citoyennete-quebecoise-ccq-primaire\/","title":{"rendered":"Culture et citoyennet\u00e9 qu\u00e9b\u00e9coise (CCQ) &#8211; Primaire"},"content":{"rendered":"<div class=\"wpb-content-wrapper\"><p>[vc_row][vc_column][vc_column_text]&nbsp;<\/p>\n<p>&nbsp;<\/p>\n<table style=\"height: 335px;\" width=\"357\">\n<tbody>\n<tr>\n<td style=\"text-align: center;\"><a href=\"https:\/\/cscharlevoix.sharepoint.com\/:f:\/s\/serviceseducatifs\/IgDZoR5d3oneSIbJPqqKG_cKARWokAhac0OtidIEpfFrg9k?e=8snDDN\"><img loading=\"lazy\" decoding=\"async\" class=\"alignnone size-full wp-image-15788\" src=\"https:\/\/educharlevoix.ca\/cse\/wp-content\/uploads\/2023\/09\/3700466-data-file-folder-interface-material-office-storage_108757.png\" alt=\"\" width=\"64\" height=\"64\" \/><\/a><\/td>\n<td><a href=\"https:\/\/cscharlevoix.sharepoint.com\/:f:\/s\/serviceseducatifs\/IgDZoR5d3oneSIbJPqqKG_cKARWokAhac0OtidIEpfFrg9k?e=8snDDN\">Documents officiels<\/a><\/td>\n<\/tr>\n<tr>\n<td style=\"text-align: center;\"><img loading=\"lazy\" decoding=\"async\" class=\"alignnone  wp-image-16032\" src=\"https:\/\/educharlevoix.ca\/cse\/wp-content\/uploads\/2023\/11\/film_projector_cinema_icon-icons.com_66132.png\" alt=\"\" width=\"87\" height=\"87\" \/><\/td>\n<td><a href=\"https:\/\/cscharlevoix.sharepoint.com\/:f:\/s\/serviceseducatifs\/IgAMIXkMqm1YSo183U5Yp6vJAVPwlT0WrGFvSOh1JTjt-s0?e=cyJTi0\">Formations<\/a><\/td>\n<\/tr>\n<tr>\n<td style=\"text-align: center;\"><img loading=\"lazy\" decoding=\"async\" class=\"alignnone  wp-image-13529\" src=\"https:\/\/educharlevoix.ca\/cse\/wp-content\/uploads\/2021\/03\/documentediting_editdocuments_text_documentedi_2820.png\" alt=\"\" width=\"73\" height=\"73\" srcset=\"https:\/\/educharlevoix.ca\/cse\/wp-content\/uploads\/2021\/03\/documentediting_editdocuments_text_documentedi_2820.png 256w, https:\/\/educharlevoix.ca\/cse\/wp-content\/uploads\/2021\/03\/documentediting_editdocuments_text_documentedi_2820-150x150.png 150w\" sizes=\"auto, (max-width: 73px) 100vw, 73px\" \/><\/td>\n<td><a href=\"https:\/\/cscharlevoix.sharepoint.com\/:f:\/s\/serviceseducatifs\/IgAwp_yb3L0jSrUrRPNAZWchAWhlUSOx_1E_pvP7S-xYodc?e=4b6aSc\">Planification<\/a><\/td>\n<\/tr>\n<tr>\n<td style=\"text-align: center;\"><img loading=\"lazy\" decoding=\"async\" class=\"alignnone  wp-image-13641\" src=\"https:\/\/educharlevoix.ca\/cse\/wp-content\/uploads\/2021\/03\/needs_assessment_icon_148366-211x300.png\" alt=\"\" width=\"63\" height=\"89\" srcset=\"https:\/\/educharlevoix.ca\/cse\/wp-content\/uploads\/2021\/03\/needs_assessment_icon_148366-211x300.png 211w, https:\/\/educharlevoix.ca\/cse\/wp-content\/uploads\/2021\/03\/needs_assessment_icon_148366.png 360w\" sizes=\"auto, (max-width: 63px) 100vw, 63px\" \/><\/td>\n<td><a href=\"https:\/\/cscharlevoix.sharepoint.com\/:f:\/s\/serviceseducatifs\/IgBePZR25wCqR6DQcuQfmkgnAXfwlwaezKcYfmSr44uph4w?e=aDZqry\">\u00c9valuation<\/a><\/td>\n<\/tr>\n<tr>\n<td style=\"text-align: center;\"><\/td>\n<td><\/td>\n<\/tr>\n<tr>\n<td style=\"text-align: center;\"><\/td>\n<td><\/td>\n<\/tr>\n<tr>\n<td style=\"text-align: center;\"><\/td>\n<td><\/td>\n<\/tr>\n<tr>\n<td style=\"text-align: center;\"><\/td>\n<td><\/td>\n<\/tr>\n<tr>\n<td style=\"text-align: center;\"><\/td>\n<td><\/td>\n<\/tr>\n<\/tbody>\n<\/table>\n<p>[\/vc_column_text][\/vc_column][\/vc_row]<\/p>\n<\/div>","protected":false},"excerpt":{"rendered":"<p>[vc_row][vc_column][vc_column_text]&nbsp; &nbsp; Documents officiels Formations Planification \u00c9valuation [\/vc_column_text][\/vc_column][\/vc_row]<\/p>\n","protected":false},"author":1,"featured_media":0,"parent":0,"menu_order":0,"comment_status":"closed","ping_status":"closed","template":"","meta":{"cybocfi_hide_featured_image":"","footnotes":""},"categories":[],"tags":[],"class_list":["post-14970","page","type-page","status-publish","hentry"],"_links":{"self":[{"href":"https:\/\/educharlevoix.ca\/cse\/wp-json\/wp\/v2\/pages\/14970","targetHints":{"allow":["GET"]}}],"collection":[{"href":"https:\/\/educharlevoix.ca\/cse\/wp-json\/wp\/v2\/pages"}],"about":[{"href":"https:\/\/educharlevoix.ca\/cse\/wp-json\/wp\/v2\/types\/page"}],"author":[{"embeddable":true,"href":"https:\/\/educharlevoix.ca\/cse\/wp-json\/wp\/v2\/users\/1"}],"replies":[{"embeddable":true,"href":"https:\/\/educharlevoix.ca\/cse\/wp-json\/wp\/v2\/comments?post=14970"}],"version-history":[{"count":14,"href":"https:\/\/educharlevoix.ca\/cse\/wp-json\/wp\/v2\/pages\/14970\/revisions"}],"predecessor-version":[{"id":16549,"href":"https:\/\/educharlevoix.ca\/cse\/wp-json\/wp\/v2\/pages\/14970\/revisions\/16549"}],"wp:attachment":[{"href":"https:\/\/educharlevoix.ca\/cse\/wp-json\/wp\/v2\/media?parent=14970"}],"wp:term":[{"taxonomy":"category","embeddable":true,"href":"https:\/\/educharlevoix.ca\/cse\/wp-json\/wp\/v2\/categories?post=14970"},{"taxonomy":"post_tag","embeddable":true,"href":"https:\/\/educharlevoix.ca\/cse\/wp-json\/wp\/v2\/tags?post=14970"}],"curies":[{"name":"wp","href":"https:\/\/api.w.org\/{rel}","templated":true}]}}