{"id":15540,"date":"2023-03-15T09:20:28","date_gmt":"2023-03-15T13:20:28","guid":{"rendered":"https:\/\/educharlevoix.ca\/cse\/?page_id=15540"},"modified":"2025-02-19T12:00:56","modified_gmt":"2025-02-19T17:00:56","slug":"service-des-bibliotheques","status":"publish","type":"page","link":"https:\/\/educharlevoix.ca\/cse\/service-des-bibliotheques\/","title":{"rendered":"Service des biblioth\u00e8ques"},"content":{"rendered":"<div class=\"wpb-content-wrapper\"><p>[vc_row][vc_column][vc_column_text]<\/p>\n<table style=\"height: 316px;\" width=\"593\">\n<tbody>\n<tr>\n<td><img loading=\"lazy\" decoding=\"async\" class=\"alignnone size-full wp-image-16159\" src=\"https:\/\/educharlevoix.ca\/cse\/wp-content\/uploads\/2024\/04\/Books_icon-icons.com_76879.png\" alt=\"\" width=\"72\" height=\"72\" \/><\/td>\n<td><a href=\"https:\/\/webcssdc.appgrics.ca\/BibliPrimaire\/Pages\/Front\/Accueil\/Accueil.aspx#lisucc\" target=\"_blank\" rel=\"noopener\"><span data-olk-copy-source=\"MessageBody\">Catalogue regard\u00a0<\/span><\/a><\/td>\n<\/tr>\n<tr>\n<td><img loading=\"lazy\" decoding=\"async\" class=\"alignnone size-full wp-image-15920\" src=\"https:\/\/educharlevoix.ca\/cse\/wp-content\/uploads\/2023\/10\/dynamic_process_transmission_transfer_stage_coronavirus_contagion_icon_141069.png\" alt=\"\" width=\"72\" height=\"72\" \/><\/td>\n<td><a href=\"https:\/\/can01.safelinks.protection.outlook.com\/?url=https%3A%2F%2Fcdn-contenu.quebec.ca%2Fcdn-contenu%2Feducation%2FBibliotheques-scolaires%2FCadre_de_reference_de_la_bibliotheque_scolaire_au_carrefour_des_apprentissages.pdf&amp;data=05%7C02%7Csebastien.girard%40csscharlevoix.gouv.qc.ca%7C39fff28c318d45ccffe808dd4f73f6a8%7C75a38bb861ef4e4393d40933cd627bba%7C0%7C0%7C638754081651101529%7CUnknown%7CTWFpbGZsb3d8eyJFbXB0eU1hcGkiOnRydWUsIlYiOiIwLjAuMDAwMCIsIlAiOiJXaW4zMiIsIkFOIjoiTWFpbCIsIldUIjoyfQ%3D%3D%7C0%7C%7C%7C&amp;sdata=AM6ELf2EuKrlUK89bVl8HW%2FVnhDj1RoJJdVrtaZWYH4%3D&amp;reserved=0\" target=\"_blank\" rel=\"noopener\"><span data-olk-copy-source=\"MessageBody\">Cadre de r\u00e9f\u00e9rence de la biblioth\u00e8que scolaire au carrefour des apprentissages<\/span><\/a><\/td>\n<\/tr>\n<tr>\n<td><img loading=\"lazy\" decoding=\"async\" class=\"alignnone wp-image-16395\" src=\"https:\/\/educharlevoix.ca\/cse\/wp-content\/uploads\/2025\/02\/mail_1545609-300x300.png\" alt=\"\" width=\"57\" height=\"57\" srcset=\"https:\/\/educharlevoix.ca\/cse\/wp-content\/uploads\/2025\/02\/mail_1545609-300x300.png 300w, https:\/\/educharlevoix.ca\/cse\/wp-content\/uploads\/2025\/02\/mail_1545609-150x150.png 150w, https:\/\/educharlevoix.ca\/cse\/wp-content\/uploads\/2025\/02\/mail_1545609.png 512w\" sizes=\"auto, (max-width: 57px) 100vw, 57px\" \/><\/td>\n<td><a href=\"https:\/\/cscharlevoix.sharepoint.com\/sites\/serviceseducatifs\/Documents%20partages\/Forms\/AllItems.aspx?csf=1&amp;web=1&amp;e=dEFdpI&amp;CID=976996a3-eb3d-453f-a16d-7a65617d6bda&amp;FolderCTID=0x0120009836F5D0944E2947A4E389F01C99C1B7&amp;id=%2fsites%2fserviceseducatifs%2fDocuments+partages%2fServices+compl%C3%A9mentaires%2fService+des+biblioth%C3%A8ques%2fInfolettres+du+service+des+biblioth%C3%A8ques&amp;xsdata=MDV8MDJ8c2ViYXN0aWVuLmdpcmFyZEBjc3NjaGFybGV2b2l4LmdvdXYucWMuY2F8MzlmZmYyOGMzMThkNDVjY2ZmZTgwOGRkNGY3M2Y2YTh8NzVhMzhiYjg2MWVmNGU0MzkzZDQwOTMzY2Q2MjdiYmF8MHwwfDYzODc1NDA4MTY1MTA4NzMyOHxVbmtub3dufFRXRnBiR1pzYjNkOGV5SkZiWEIwZVUxaGNHa2lPblJ5ZFdVc0lsWWlPaUl3TGpBdU1EQXdNQ0lzSWxBaU9pSlhhVzR6TWlJc0lrRk9Jam9pVFdGcGJDSXNJbGRVSWpveWZRPT18MHx8fA%3d%3d&amp;sdata=YVFUREI2S0RkQUtFdWswWHJlNXd4TEhoNXFSbTJrblV2emtQY0ExYjFhST0%3d\" target=\"_blank\" rel=\"noopener\"><span data-olk-copy-source=\"MessageBody\">\u00a0Infolettres du service des biblioth\u00e8ques<\/span><\/a><\/td>\n<\/tr>\n<tr>\n<td><img loading=\"lazy\" decoding=\"async\" class=\"alignnone size-full wp-image-16159\" src=\"https:\/\/educharlevoix.ca\/cse\/wp-content\/uploads\/2024\/04\/Books_icon-icons.com_76879.png\" alt=\"\" width=\"72\" height=\"72\" \/><\/td>\n<td><a href=\"https:\/\/cscharlevoix.sharepoint.com\/sites\/serviceseducatifs\/Documents%20partages\/Forms\/AllItems.aspx?id=%2Fsites%2Fserviceseducatifs%2FDocuments%20partages%2FServices%20compl%C3%A9mentaires%2FService%20des%20biblioth%C3%A8ques%2FPortraits%20statistiques%20des%20biblioth%C3%A8ques&amp;viewid=d0f4074e%2D3100%2D4868%2D9e01%2D4ad8e4f207b9\" target=\"_blank\" rel=\"noopener\"><span data-olk-copy-source=\"MessageBody\">Portraits statistiques des biblioth\u00e8ques<\/span><\/a><\/td>\n<\/tr>\n<tr>\n<td><img loading=\"lazy\" decoding=\"async\" class=\"alignnone size-full wp-image-15821\" src=\"https:\/\/educharlevoix.ca\/cse\/wp-content\/uploads\/2023\/09\/Detective_icon-icons.com_54187.png\" alt=\"\" width=\"64\" height=\"64\" \/><\/td>\n<td>\u00a0<a href=\"https:\/\/forms.office.com\/r\/Efv8bqEEND\" target=\"_blank\" rel=\"noopener\">Sugg\u00e9rer l\u2019achat d\u2019un document pour la biblioth\u00e8que<\/a><\/td>\n<\/tr>\n<tr>\n<td><a href=\"https:\/\/cybersavoir.csdm.qc.ca\/bibliotheques\/files\/2014\/12\/Foire-aux-questions-sur-le-droit-dauteur.pdf\" target=\"_blank\" rel=\"noopener\"><img loading=\"lazy\" decoding=\"async\" class=\"alignnone wp-image-14595\" src=\"https:\/\/educharlevoix.ca\/cse\/wp-content\/uploads\/2022\/06\/4230508-conference-presentation-training_115002-300x300.png\" alt=\"\" width=\"63\" height=\"63\" srcset=\"https:\/\/educharlevoix.ca\/cse\/wp-content\/uploads\/2022\/06\/4230508-conference-presentation-training_115002-300x300.png 300w, https:\/\/educharlevoix.ca\/cse\/wp-content\/uploads\/2022\/06\/4230508-conference-presentation-training_115002-150x150.png 150w, https:\/\/educharlevoix.ca\/cse\/wp-content\/uploads\/2022\/06\/4230508-conference-presentation-training_115002.png 512w\" sizes=\"auto, (max-width: 63px) 100vw, 63px\" \/><\/a><\/td>\n<td><a href=\"https:\/\/cybersavoir.csdm.qc.ca\/bibliotheques\/files\/2014\/12\/Foire-aux-questions-sur-le-droit-dauteur.pdf\" target=\"_blank\" rel=\"noopener\">Foire aux questions sur le droit d\u2019auteur en milieu scolaire<\/a><\/td>\n<\/tr>\n<tr>\n<td><a href=\"https:\/\/www.canva.com\/design\/DAFlV9YiG8o\/oj-9aNklrpd01_VB9KdQ3A\/view\" target=\"_blank\" rel=\"noopener\"><img loading=\"lazy\" decoding=\"async\" class=\"alignnone wp-image-13618\" src=\"https:\/\/educharlevoix.ca\/cse\/wp-content\/uploads\/2021\/03\/high-five-black-hand-silhouette_icon-icons.com_64346-300x300.png\" alt=\"\" width=\"63\" height=\"63\" srcset=\"https:\/\/educharlevoix.ca\/cse\/wp-content\/uploads\/2021\/03\/high-five-black-hand-silhouette_icon-icons.com_64346-300x300.png 300w, https:\/\/educharlevoix.ca\/cse\/wp-content\/uploads\/2021\/03\/high-five-black-hand-silhouette_icon-icons.com_64346-150x150.png 150w, https:\/\/educharlevoix.ca\/cse\/wp-content\/uploads\/2021\/03\/high-five-black-hand-silhouette_icon-icons.com_64346.png 512w\" sizes=\"auto, (max-width: 63px) 100vw, 63px\" \/><\/a><\/td>\n<td><a href=\"https:\/\/www.canva.com\/design\/DAFlV9YiG8o\/oj-9aNklrpd01_VB9KdQ3A\/view\" target=\"_blank\" rel=\"noopener\">\u00a0Loi du livre pour l\u2019acquisition des livres<\/a><\/td>\n<\/tr>\n<tr>\n<td><img loading=\"lazy\" decoding=\"async\" class=\"alignnone size-full wp-image-15811\" src=\"https:\/\/educharlevoix.ca\/cse\/wp-content\/uploads\/2023\/09\/seo-social-web-network-internet_232_icon-icons.com_61542.png\" alt=\"\" width=\"64\" height=\"53\" \/><\/td>\n<td><a href=\"https:\/\/cscharlevoix.sharepoint.com\/:f:\/r\/sites\/serviceseducatifs\/Documents%20partages\/Services%20compl%C3%A9mentaires\/Service%20des%20biblioth%C3%A8ques\/Regard?csf=1&amp;web=1&amp;e=j7sUF9\">Regard<\/a><\/td>\n<\/tr>\n<tr>\n<td><img loading=\"lazy\" decoding=\"async\" class=\"alignnone wp-image-13909\" src=\"https:\/\/educharlevoix.ca\/cse\/wp-content\/uploads\/2021\/09\/Video-300x300.png\" alt=\"\" width=\"71\" height=\"71\" srcset=\"https:\/\/educharlevoix.ca\/cse\/wp-content\/uploads\/2021\/09\/Video-300x300.png 300w, https:\/\/educharlevoix.ca\/cse\/wp-content\/uploads\/2021\/09\/Video-150x150.png 150w, https:\/\/educharlevoix.ca\/cse\/wp-content\/uploads\/2021\/09\/Video.png 512w\" sizes=\"auto, (max-width: 71px) 100vw, 71px\" \/><\/td>\n<td><a href=\"https:\/\/cscharlevoix.sharepoint.com\/sites\/serviceseducatifs\/Documents%20partages\/Forms\/AllItems.aspx?id=%2Fsites%2Fserviceseducatifs%2FDocuments%20partages%2FServices%20compl%C3%A9mentaires%2FService%20des%20biblioth%C3%A8ques%2FCapsules&amp;viewid=d0f4074e%2D3100%2D4868%2D9e01%2D4ad8e4f207b9\" target=\"_blank\" rel=\"noopener\">Capsules<\/a><\/td>\n<\/tr>\n<tr>\n<td><img loading=\"lazy\" decoding=\"async\" class=\"alignnone wp-image-13743\" src=\"https:\/\/educharlevoix.ca\/cse\/wp-content\/uploads\/2021\/06\/iconfinder-contat-us-31write-4211859_115070-300x300.png\" alt=\"\" width=\"70\" height=\"70\" srcset=\"https:\/\/educharlevoix.ca\/cse\/wp-content\/uploads\/2021\/06\/iconfinder-contat-us-31write-4211859_115070-300x300.png 300w, https:\/\/educharlevoix.ca\/cse\/wp-content\/uploads\/2021\/06\/iconfinder-contat-us-31write-4211859_115070-150x150.png 150w, https:\/\/educharlevoix.ca\/cse\/wp-content\/uploads\/2021\/06\/iconfinder-contat-us-31write-4211859_115070.png 512w\" sizes=\"auto, (max-width: 70px) 100vw, 70px\" \/><\/td>\n<td><a href=\"https:\/\/cscharlevoix.sharepoint.com\/:b:\/r\/sites\/serviceseducatifs\/Documents%20partages\/Services%20compl%C3%A9mentaires\/Service%20des%20biblioth%C3%A8ques\/Guide%20de%20pr%C3%A9sentation%20des%20citations%20et%20des%20r%C3%A9f%C3%A9rences%20bibliographiques-Vf.pdf?csf=1&amp;web=1&amp;e=XsdDh5\" target=\"_blank\" rel=\"noopener\">Guide de pr\u00e9sentation des citations et des r\u00e9f\u00e9rences bibliographiques<\/a><\/td>\n<\/tr>\n<tr>\n<td><img loading=\"lazy\" decoding=\"async\" class=\"alignnone wp-image-13942\" src=\"https:\/\/educharlevoix.ca\/cse\/wp-content\/uploads\/2021\/09\/loupe_78956-300x300.png\" alt=\"\" width=\"63\" height=\"63\" srcset=\"https:\/\/educharlevoix.ca\/cse\/wp-content\/uploads\/2021\/09\/loupe_78956-300x300.png 300w, https:\/\/educharlevoix.ca\/cse\/wp-content\/uploads\/2021\/09\/loupe_78956-150x150.png 150w, https:\/\/educharlevoix.ca\/cse\/wp-content\/uploads\/2021\/09\/loupe_78956.png 512w\" sizes=\"auto, (max-width: 63px) 100vw, 63px\" \/><\/td>\n<td><a href=\"https:\/\/cscharlevoix.sharepoint.com\/:b:\/r\/sites\/serviceseducatifs\/Documents%20partages\/Services%20compl%C3%A9mentaires\/Service%20des%20biblioth%C3%A8ques\/banque_images_libres_de_droits.pdf?csf=1&amp;web=1&amp;e=EUGPTe\" target=\"_blank\" rel=\"noopener\">Banque images-libres de droits<\/a><\/td>\n<\/tr>\n<tr>\n<td><img loading=\"lazy\" decoding=\"async\" class=\"alignnone wp-image-13939\" src=\"https:\/\/educharlevoix.ca\/cse\/wp-content\/uploads\/2021\/09\/3700479-education-elearning-graduate-learning-presentation-student-training_108763-300x300.png\" alt=\"\" width=\"50\" height=\"50\" srcset=\"https:\/\/educharlevoix.ca\/cse\/wp-content\/uploads\/2021\/09\/3700479-education-elearning-graduate-learning-presentation-student-training_108763-300x300.png 300w, https:\/\/educharlevoix.ca\/cse\/wp-content\/uploads\/2021\/09\/3700479-education-elearning-graduate-learning-presentation-student-training_108763-150x150.png 150w, https:\/\/educharlevoix.ca\/cse\/wp-content\/uploads\/2021\/09\/3700479-education-elearning-graduate-learning-presentation-student-training_108763.png 512w\" sizes=\"auto, (max-width: 50px) 100vw, 50px\" \/><\/td>\n<td><a href=\"https:\/\/padlet.com\/ValerieCorriveau\/ressources-num-riques-fxsjzv25itvoyzda\" target=\"_blank\" rel=\"noopener\">Ressources num\u00e9riques<\/a><\/td>\n<\/tr>\n<tr>\n<td><img loading=\"lazy\" decoding=\"async\" class=\"alignnone wp-image-13597\" src=\"https:\/\/educharlevoix.ca\/cse\/wp-content\/uploads\/2021\/03\/62863books_109231-300x300.png\" alt=\"\" width=\"47\" height=\"47\" srcset=\"https:\/\/educharlevoix.ca\/cse\/wp-content\/uploads\/2021\/03\/62863books_109231-300x300.png 300w, https:\/\/educharlevoix.ca\/cse\/wp-content\/uploads\/2021\/03\/62863books_109231-150x150.png 150w, https:\/\/educharlevoix.ca\/cse\/wp-content\/uploads\/2021\/03\/62863books_109231.png 512w\" sizes=\"auto, (max-width: 47px) 100vw, 47px\" \/><\/td>\n<td><a href=\"https:\/\/www.canva.com\/design\/DAFgpd5saDA\/BZ0BKANQEZJW8J2WbRi9uQ\/view\" target=\"_blank\" rel=\"noopener\">Plateforme Biblius<\/a><\/td>\n<\/tr>\n<tr>\n<td><img loading=\"lazy\" decoding=\"async\" class=\"alignnone wp-image-13597\" src=\"https:\/\/educharlevoix.ca\/cse\/wp-content\/uploads\/2021\/03\/62863books_109231-300x300.png\" alt=\"\" width=\"47\" height=\"47\" srcset=\"https:\/\/educharlevoix.ca\/cse\/wp-content\/uploads\/2021\/03\/62863books_109231-300x300.png 300w, https:\/\/educharlevoix.ca\/cse\/wp-content\/uploads\/2021\/03\/62863books_109231-150x150.png 150w, https:\/\/educharlevoix.ca\/cse\/wp-content\/uploads\/2021\/03\/62863books_109231.png 512w\" sizes=\"auto, (max-width: 47px) 100vw, 47px\" \/><\/td>\n<td><a href=\"https:\/\/cscharlevoix.sharepoint.com\/:b:\/r\/sites\/serviceseducatifs\/Documents%20partages\/Services%20compl%C3%A9mentaires\/Service%20des%20biblioth%C3%A8ques\/Classement%20de%20la%20biblioth%C3%A8que.pdf?csf=1&amp;web=1&amp;e=XUXmtO\" target=\"_blank\" rel=\"noopener\">Classement de la biblioth\u00e8que<\/a><\/td>\n<\/tr>\n<tr>\n<td><img loading=\"lazy\" decoding=\"async\" class=\"alignnone wp-image-13939\" src=\"https:\/\/educharlevoix.ca\/cse\/wp-content\/uploads\/2021\/09\/3700479-education-elearning-graduate-learning-presentation-student-training_108763-300x300.png\" alt=\"\" width=\"50\" height=\"50\" srcset=\"https:\/\/educharlevoix.ca\/cse\/wp-content\/uploads\/2021\/09\/3700479-education-elearning-graduate-learning-presentation-student-training_108763-300x300.png 300w, https:\/\/educharlevoix.ca\/cse\/wp-content\/uploads\/2021\/09\/3700479-education-elearning-graduate-learning-presentation-student-training_108763-150x150.png 150w, https:\/\/educharlevoix.ca\/cse\/wp-content\/uploads\/2021\/09\/3700479-education-elearning-graduate-learning-presentation-student-training_108763.png 512w\" sizes=\"auto, (max-width: 50px) 100vw, 50px\" \/><\/td>\n<td><a href=\"https:\/\/cscharlevoix.sharepoint.com\/:b:\/r\/sites\/serviceseducatifs\/Documents%20partages\/Services%20compl%C3%A9mentaires\/Service%20des%20biblioth%C3%A8ques\/Centre%20de%20ressources%20p%C3%A9dagogiques%20du%20service%20des%20biblioth%C3%A8ques.pdf?csf=1&amp;web=1&amp;e=PXq8gx\" target=\"_blank\" rel=\"noopener\">Centre de ressources p\u00e9dagogiques du service des biblioth\u00e8ques<\/a><\/td>\n<\/tr>\n<tr>\n<td><a href=\"https:\/\/cscharlevoix.sharepoint.com\/:f:\/s\/serviceseducatifs\/EqVlFLt-3yRDil9mS_gThWsBpXfB5lmWx20VPku95Og3rg?e=gG9mMl\" target=\"_blank\" rel=\"noopener\"><img loading=\"lazy\" decoding=\"async\" class=\"wp-image-15788 alignleft\" src=\"https:\/\/educharlevoix.ca\/cse\/wp-content\/uploads\/2023\/09\/3700466-data-file-folder-interface-material-office-storage_108757.png\" alt=\"\" width=\"50\" height=\"50\" \/><\/a><\/td>\n<td><a href=\"https:\/\/cscharlevoix.sharepoint.com\/:f:\/s\/serviceseducatifs\/EqVlFLt-3yRDil9mS_gThWsBpXfB5lmWx20VPku95Og3rg?e=gG9mMl\" target=\"_blank\" rel=\"noopener\">Activit\u00e9s litt\u00e9raires<\/a><\/td>\n<\/tr>\n<\/tbody>\n<\/table>\n<p>[\/vc_column_text][\/vc_column][\/vc_row]<\/p>\n<\/div>","protected":false},"excerpt":{"rendered":"<p>[vc_row][vc_column][vc_column_text] Catalogue regard\u00a0 Cadre de r\u00e9f\u00e9rence de la biblioth\u00e8que scolaire au carrefour des apprentissages \u00a0Infolettres du service des biblioth\u00e8ques Portraits statistiques des biblioth\u00e8ques \u00a0Sugg\u00e9rer l\u2019achat d\u2019un document pour la biblioth\u00e8que Foire aux questions sur le droit d\u2019auteur en milieu scolaire &hellip; <\/p>\n","protected":false},"author":1,"featured_media":0,"parent":0,"menu_order":0,"comment_status":"closed","ping_status":"closed","template":"","meta":{"cybocfi_hide_featured_image":"","footnotes":""},"categories":[28],"tags":[],"class_list":["post-15540","page","type-page","status-publish","hentry","category-bibliotheque"],"_links":{"self":[{"href":"https:\/\/educharlevoix.ca\/cse\/wp-json\/wp\/v2\/pages\/15540","targetHints":{"allow":["GET"]}}],"collection":[{"href":"https:\/\/educharlevoix.ca\/cse\/wp-json\/wp\/v2\/pages"}],"about":[{"href":"https:\/\/educharlevoix.ca\/cse\/wp-json\/wp\/v2\/types\/page"}],"author":[{"embeddable":true,"href":"https:\/\/educharlevoix.ca\/cse\/wp-json\/wp\/v2\/users\/1"}],"replies":[{"embeddable":true,"href":"https:\/\/educharlevoix.ca\/cse\/wp-json\/wp\/v2\/comments?post=15540"}],"version-history":[{"count":9,"href":"https:\/\/educharlevoix.ca\/cse\/wp-json\/wp\/v2\/pages\/15540\/revisions"}],"predecessor-version":[{"id":16398,"href":"https:\/\/educharlevoix.ca\/cse\/wp-json\/wp\/v2\/pages\/15540\/revisions\/16398"}],"wp:attachment":[{"href":"https:\/\/educharlevoix.ca\/cse\/wp-json\/wp\/v2\/media?parent=15540"}],"wp:term":[{"taxonomy":"category","embeddable":true,"href":"https:\/\/educharlevoix.ca\/cse\/wp-json\/wp\/v2\/categories?post=15540"},{"taxonomy":"post_tag","embeddable":true,"href":"https:\/\/educharlevoix.ca\/cse\/wp-json\/wp\/v2\/tags?post=15540"}],"curies":[{"name":"wp","href":"https:\/\/api.w.org\/{rel}","templated":true}]}}