{"id":16007,"date":"2023-11-16T14:21:10","date_gmt":"2023-11-16T19:21:10","guid":{"rendered":"https:\/\/educharlevoix.ca\/cse\/?page_id=16007"},"modified":"2023-11-28T10:22:17","modified_gmt":"2023-11-28T15:22:17","slug":"demarche-dedale-tsale","status":"publish","type":"page","link":"https:\/\/educharlevoix.ca\/cse\/demarche-dedale-tsale\/","title":{"rendered":"D\u00e9marche D\u00c9DALE-TSAL\u00c9"},"content":{"rendered":"<h2><a href=\"https:\/\/cscharlevoix.sharepoint.com\/:f:\/r\/sites\/serviceseducatifs\/Documents%20partages\/Adaptation%20scolaire-Inclusion\/Besoins%20particuliers-HDAA\/D%C3%A9dale-TSAL%C3%89?csf=1&amp;web=1&amp;e=w3PgLi\" target=\"_blank\" rel=\"noopener\">D\u00e9marche D\u00e9dale-TSAL\u00c9 (tous les documents)<\/a><\/h2>\n","protected":false},"excerpt":{"rendered":"<p>D\u00e9marche D\u00e9dale-TSAL\u00c9 (tous les documents)<\/p>\n","protected":false},"author":1,"featured_media":0,"parent":0,"menu_order":0,"comment_status":"closed","ping_status":"closed","template":"","meta":{"cybocfi_hide_featured_image":"","footnotes":""},"categories":[2],"tags":[],"class_list":["post-16007","page","type-page","status-publish","hentry","category-besoins-particulier-hdaa"],"_links":{"self":[{"href":"https:\/\/educharlevoix.ca\/cse\/wp-json\/wp\/v2\/pages\/16007","targetHints":{"allow":["GET"]}}],"collection":[{"href":"https:\/\/educharlevoix.ca\/cse\/wp-json\/wp\/v2\/pages"}],"about":[{"href":"https:\/\/educharlevoix.ca\/cse\/wp-json\/wp\/v2\/types\/page"}],"author":[{"embeddable":true,"href":"https:\/\/educharlevoix.ca\/cse\/wp-json\/wp\/v2\/users\/1"}],"replies":[{"embeddable":true,"href":"https:\/\/educharlevoix.ca\/cse\/wp-json\/wp\/v2\/comments?post=16007"}],"version-history":[{"count":2,"href":"https:\/\/educharlevoix.ca\/cse\/wp-json\/wp\/v2\/pages\/16007\/revisions"}],"predecessor-version":[{"id":16023,"href":"https:\/\/educharlevoix.ca\/cse\/wp-json\/wp\/v2\/pages\/16007\/revisions\/16023"}],"wp:attachment":[{"href":"https:\/\/educharlevoix.ca\/cse\/wp-json\/wp\/v2\/media?parent=16007"}],"wp:term":[{"taxonomy":"category","embeddable":true,"href":"https:\/\/educharlevoix.ca\/cse\/wp-json\/wp\/v2\/categories?post=16007"},{"taxonomy":"post_tag","embeddable":true,"href":"https:\/\/educharlevoix.ca\/cse\/wp-json\/wp\/v2\/tags?post=16007"}],"curies":[{"name":"wp","href":"https:\/\/api.w.org\/{rel}","templated":true}]}}