{"id":16164,"date":"2024-06-11T15:49:19","date_gmt":"2024-06-11T19:49:19","guid":{"rendered":"https:\/\/educharlevoix.ca\/cse\/?page_id=16164"},"modified":"2024-06-11T15:59:05","modified_gmt":"2024-06-11T19:59:05","slug":"bulletin-explique-aux-parents-differentes-langues","status":"publish","type":"page","link":"https:\/\/educharlevoix.ca\/cse\/bulletin-explique-aux-parents-differentes-langues\/","title":{"rendered":"Bulletin expliqu\u00e9 aux parents &#8211; Diff\u00e9rentes langues"},"content":{"rendered":"<header class=\"entry-header\"><\/header>\n<div class=\"entry-content\">\n<p style=\"text-align: justify;\"><strong>Vous trouverez ici des explications afin de bien comprendre les bulletins de votre enfant. Cliquez sur le lien correspondant \u00e0 la langue de pr\u00e9f\u00e9rence.<\/strong><\/p>\n<p style=\"text-align: justify;\"><strong>Explication des bulletins au primaire :<\/strong><\/p>\n<\/div>\n<ul>\n<li style=\"text-align: justify;\"><strong><a href=\"https:\/\/educharlevoix.ca\/cse\/wp-content\/uploads\/2024\/06\/Francais-Bulletin-explique-aux-parents-Primaire.pdf\">Fran\u00e7ais &#8211; Bulletin expliqu\u00e9 aux parents (Primaire)<\/a><\/strong><\/li>\n<li style=\"text-align: justify;\"><strong><a href=\"https:\/\/educharlevoix.ca\/cse\/wp-content\/uploads\/2024\/06\/Anglais-Bulletin-explique-aux-parents-Primaire.pdf\">Anglais &#8211; Bulletin expliqu\u00e9 aux parents (Primaire)<\/a><\/strong><\/li>\n<li style=\"text-align: justify;\"><strong><a href=\"https:\/\/educharlevoix.ca\/cse\/wp-content\/uploads\/2024\/06\/Arabe-Bulletin-explique-aux-parents-Primaire.pdf\">Arabe &#8211; Bulletin expliqu\u00e9 aux parents (Primaire)<\/a><\/strong><\/li>\n<li style=\"text-align: justify;\"><strong><a href=\"https:\/\/educharlevoix.ca\/cse\/wp-content\/uploads\/2024\/06\/Creole-Bulletin-explique-aux-parents-Primaire.pdf\">Cr\u00e9ole &#8211; Bulletin expliqu\u00e9 aux parents (Primaire)<\/a><\/strong><\/li>\n<li style=\"text-align: justify;\"><strong><a href=\"https:\/\/educharlevoix.ca\/cse\/wp-content\/uploads\/2024\/06\/Espagnol-Bulletin-explique-aux-parents-Primaire.pdf\">Espagnol &#8211; Bulletin expliqu\u00e9 aux parents (Primaire)<\/a><\/strong><\/li>\n<li style=\"text-align: justify;\"><strong><a href=\"https:\/\/educharlevoix.ca\/cse\/wp-content\/uploads\/2024\/06\/Mandarin-Bulletin-explique-aux-parents-Primaire.pdf\">Mandarin &#8211; Bulletin expliqu\u00e9 aux parents (Primaire)<\/a><\/strong><\/li>\n<li style=\"text-align: justify;\"><strong><a href=\"https:\/\/educharlevoix.ca\/cse\/wp-content\/uploads\/2024\/06\/Punjabi-Bulletin-explique-aux-parents-Primaire.pdf\">Punjabi &#8211; Bulletin expliqu\u00e9 aux parents (Primaire)<\/a><\/strong><\/li>\n<li style=\"text-align: justify;\"><strong><a href=\"https:\/\/educharlevoix.ca\/cse\/wp-content\/uploads\/2024\/06\/Russe-Bulletin-explique-aux-parents-Primaire.pdf\">Russe &#8211; Bulletin expliqu\u00e9 aux parents (Primaire)<\/a><\/strong><\/li>\n<li style=\"text-align: justify;\"><strong><a href=\"https:\/\/educharlevoix.ca\/cse\/wp-content\/uploads\/2024\/06\/Turc-Bulletin-explique-aux-parents-Primaire.pdf\">Turc &#8211; Bulletin expliqu\u00e9 aux parents (Primaire)<\/a><\/strong><\/li>\n<li style=\"text-align: justify;\"><strong><a href=\"https:\/\/educharlevoix.ca\/cse\/wp-content\/uploads\/2024\/06\/Ukrainien-Bulletin-explique-aux-parents-Primaire.pdf\">Ukrainien &#8211; Bulletin expliqu\u00e9 aux parents (Primaire)<\/a><\/strong><\/li>\n<\/ul>\n<div class=\"entry-content\"><\/div>\n<div class=\"entry-content\"><\/div>\n","protected":false},"excerpt":{"rendered":"<p>Vous trouverez ici des explications afin de bien comprendre les bulletins de votre enfant. Cliquez sur le lien correspondant \u00e0 la langue de pr\u00e9f\u00e9rence. Explication des bulletins au primaire : Fran\u00e7ais &#8211; Bulletin expliqu\u00e9 aux parents (Primaire) Anglais &#8211; Bulletin &hellip; <\/p>\n","protected":false},"author":1,"featured_media":0,"parent":0,"menu_order":0,"comment_status":"closed","ping_status":"closed","template":"","meta":{"cybocfi_hide_featured_image":"","footnotes":""},"categories":[],"tags":[],"class_list":["post-16164","page","type-page","status-publish","hentry"],"_links":{"self":[{"href":"https:\/\/educharlevoix.ca\/cse\/wp-json\/wp\/v2\/pages\/16164","targetHints":{"allow":["GET"]}}],"collection":[{"href":"https:\/\/educharlevoix.ca\/cse\/wp-json\/wp\/v2\/pages"}],"about":[{"href":"https:\/\/educharlevoix.ca\/cse\/wp-json\/wp\/v2\/types\/page"}],"author":[{"embeddable":true,"href":"https:\/\/educharlevoix.ca\/cse\/wp-json\/wp\/v2\/users\/1"}],"replies":[{"embeddable":true,"href":"https:\/\/educharlevoix.ca\/cse\/wp-json\/wp\/v2\/comments?post=16164"}],"version-history":[{"count":15,"href":"https:\/\/educharlevoix.ca\/cse\/wp-json\/wp\/v2\/pages\/16164\/revisions"}],"predecessor-version":[{"id":16209,"href":"https:\/\/educharlevoix.ca\/cse\/wp-json\/wp\/v2\/pages\/16164\/revisions\/16209"}],"wp:attachment":[{"href":"https:\/\/educharlevoix.ca\/cse\/wp-json\/wp\/v2\/media?parent=16164"}],"wp:term":[{"taxonomy":"category","embeddable":true,"href":"https:\/\/educharlevoix.ca\/cse\/wp-json\/wp\/v2\/categories?post=16164"},{"taxonomy":"post_tag","embeddable":true,"href":"https:\/\/educharlevoix.ca\/cse\/wp-json\/wp\/v2\/tags?post=16164"}],"curies":[{"name":"wp","href":"https:\/\/api.w.org\/{rel}","templated":true}]}}