{"id":16454,"date":"2025-05-28T11:10:06","date_gmt":"2025-05-28T15:10:06","guid":{"rendered":"https:\/\/educharlevoix.ca\/cse\/?page_id=16454"},"modified":"2025-05-28T11:29:32","modified_gmt":"2025-05-28T15:29:32","slug":"mobilite-reduite","status":"publish","type":"page","link":"https:\/\/educharlevoix.ca\/cse\/mobilite-reduite\/","title":{"rendered":"Mobilit\u00e9 r\u00e9duite"},"content":{"rendered":"<h2><a href=\"https:\/\/cscharlevoix.sharepoint.com\/:f:\/r\/sites\/serviceseducatifs\/Documents%20partages\/Adaptation%20scolaire-Inclusion\/Besoins%20particuliers-HDAA\/Mobilit%C3%A9%20r%C3%A9duite?csf=1&amp;web=1&amp;e=c9zr6L\" target=\"_blank\" rel=\"noopener\">Trajectoire \u00e9l\u00e8ve \u00e0 mobilit\u00e9 r\u00e9duite\u00a0<\/a><\/h2>\n","protected":false},"excerpt":{"rendered":"<p>Trajectoire \u00e9l\u00e8ve \u00e0 mobilit\u00e9 r\u00e9duite\u00a0<\/p>\n","protected":false},"author":8,"featured_media":0,"parent":0,"menu_order":0,"comment_status":"closed","ping_status":"closed","template":"","meta":{"cybocfi_hide_featured_image":"","footnotes":""},"categories":[],"tags":[],"class_list":["post-16454","page","type-page","status-publish","hentry"],"_links":{"self":[{"href":"https:\/\/educharlevoix.ca\/cse\/wp-json\/wp\/v2\/pages\/16454","targetHints":{"allow":["GET"]}}],"collection":[{"href":"https:\/\/educharlevoix.ca\/cse\/wp-json\/wp\/v2\/pages"}],"about":[{"href":"https:\/\/educharlevoix.ca\/cse\/wp-json\/wp\/v2\/types\/page"}],"author":[{"embeddable":true,"href":"https:\/\/educharlevoix.ca\/cse\/wp-json\/wp\/v2\/users\/8"}],"replies":[{"embeddable":true,"href":"https:\/\/educharlevoix.ca\/cse\/wp-json\/wp\/v2\/comments?post=16454"}],"version-history":[{"count":4,"href":"https:\/\/educharlevoix.ca\/cse\/wp-json\/wp\/v2\/pages\/16454\/revisions"}],"predecessor-version":[{"id":16458,"href":"https:\/\/educharlevoix.ca\/cse\/wp-json\/wp\/v2\/pages\/16454\/revisions\/16458"}],"wp:attachment":[{"href":"https:\/\/educharlevoix.ca\/cse\/wp-json\/wp\/v2\/media?parent=16454"}],"wp:term":[{"taxonomy":"category","embeddable":true,"href":"https:\/\/educharlevoix.ca\/cse\/wp-json\/wp\/v2\/categories?post=16454"},{"taxonomy":"post_tag","embeddable":true,"href":"https:\/\/educharlevoix.ca\/cse\/wp-json\/wp\/v2\/tags?post=16454"}],"curies":[{"name":"wp","href":"https:\/\/api.w.org\/{rel}","templated":true}]}}