{"id":16560,"date":"2026-01-26T13:09:07","date_gmt":"2026-01-26T18:09:07","guid":{"rendered":"https:\/\/educharlevoix.ca\/cse\/?page_id=16560"},"modified":"2026-03-31T08:50:09","modified_gmt":"2026-03-31T12:50:09","slug":"education-a-la-sexualite-ehdaa","status":"publish","type":"page","link":"https:\/\/educharlevoix.ca\/cse\/education-a-la-sexualite-ehdaa\/","title":{"rendered":"\u00c9ducation \u00e0 la sexualit\u00e9"},"content":{"rendered":"<table style=\"height: 286px;\" width=\"1279\">\n<tbody>\n<tr>\n<td>\n<h4><img loading=\"lazy\" decoding=\"async\" class=\"aligncenter size-full wp-image-15795\" src=\"https:\/\/educharlevoix.ca\/cse\/wp-content\/uploads\/2023\/09\/parent_icon_205848.png\" alt=\"\" width=\"64\" height=\"64\" \/><\/h4>\n<\/td>\n<td>\n<h4><a href=\"https:\/\/cscharlevoix.sharepoint.com\/:f:\/r\/sites\/serviceseducatifs\/Documents%20partages\/Contenus%20obligatoires\/%C3%89ducation%20%C3%A0%20la%20sexualit%C3%A9\/HDAA\/TSA\/Continuum?csf=1&amp;web=1&amp;e=OfEvQE\" target=\"_blank\" rel=\"noopener\">Continuum \u00e9l\u00e8ves TSA<\/a><\/h4>\n<\/td>\n<\/tr>\n<tr>\n<td><img loading=\"lazy\" decoding=\"async\" class=\"aligncenter size-full wp-image-15806\" src=\"https:\/\/educharlevoix.ca\/cse\/wp-content\/uploads\/2023\/09\/mental_heh_health_medical_icon_206833.png\" alt=\"\" width=\"64\" height=\"64\" \/><\/td>\n<td>\n<h4><a href=\"https:\/\/cscharlevoix.sharepoint.com\/:f:\/r\/sites\/serviceseducatifs\/Documents%20partages\/Contenus%20obligatoires\/%C3%89ducation%20%C3%A0%20la%20sexualit%C3%A9\/HDAA\/DIM-TSA?csf=1&amp;web=1&amp;e=tTQjXF\" target=\"_blank\" rel=\"noopener\">L\u2019\u00e9l\u00e8ve DIM-S ou TSA et sa sexualit\u00e9<\/a><\/h4>\n<\/td>\n<\/tr>\n<tr>\n<td style=\"text-align: center;\"><img loading=\"lazy\" decoding=\"async\" class=\"aligncenter  wp-image-13743\" src=\"https:\/\/educharlevoix.ca\/cse\/wp-content\/uploads\/2021\/06\/iconfinder-contat-us-31write-4211859_115070.png\" alt=\"\" width=\"91\" height=\"91\" srcset=\"https:\/\/educharlevoix.ca\/cse\/wp-content\/uploads\/2021\/06\/iconfinder-contat-us-31write-4211859_115070.png 512w, https:\/\/educharlevoix.ca\/cse\/wp-content\/uploads\/2021\/06\/iconfinder-contat-us-31write-4211859_115070-300x300.png 300w, https:\/\/educharlevoix.ca\/cse\/wp-content\/uploads\/2021\/06\/iconfinder-contat-us-31write-4211859_115070-150x150.png 150w\" sizes=\"auto, (max-width: 91px) 100vw, 91px\" \/><\/td>\n<td>\n<h4><a href=\"https:\/\/cscharlevoix.sharepoint.com\/:f:\/r\/sites\/serviceseducatifs\/Documents%20partages\/Contenus%20obligatoires\/%C3%89ducation%20%C3%A0%20la%20sexualit%C3%A9\/HDAA\/TSA\/Ateliers?csf=1&amp;web=1&amp;e=OGleNf\" target=\"_blank\" rel=\"noopener\">Ateliers pour \u00e9l\u00e8ves TSA<\/a><\/h4>\n<\/td>\n<\/tr>\n<tr>\n<td>\n<h4><img loading=\"lazy\" decoding=\"async\" class=\"aligncenter wp-image-14953\" src=\"https:\/\/educharlevoix.ca\/cse\/wp-content\/uploads\/2022\/08\/Capture-de\u0301cran-le-2022-08-19-a\u0300-09.17.42.png\" alt=\"\" width=\"114\" height=\"46\" srcset=\"https:\/\/educharlevoix.ca\/cse\/wp-content\/uploads\/2022\/08\/Capture-de\u0301cran-le-2022-08-19-a\u0300-09.17.42.png 373w, https:\/\/educharlevoix.ca\/cse\/wp-content\/uploads\/2022\/08\/Capture-de\u0301cran-le-2022-08-19-a\u0300-09.17.42-300x121.png 300w\" sizes=\"auto, (max-width: 114px) 100vw, 114px\" \/><\/h4>\n<\/td>\n<td>\n<h4><a href=\"https:\/\/cscharlevoix.sharepoint.com\/:f:\/r\/sites\/serviceseducatifs\/Documents%20partages\/Contenus%20obligatoires\/%C3%89ducation%20%C3%A0%20la%20sexualit%C3%A9\/Sex-Ed%20+?csf=1&amp;web=1&amp;e=sfLCI1\" target=\"_blank\" rel=\"noopener\">Trousse SEX-ED +\u00a0<\/a><\/h4>\n<\/td>\n<\/tr>\n<tr>\n<td><img loading=\"lazy\" decoding=\"async\" class=\"aligncenter size-full wp-image-16572\" src=\"https:\/\/educharlevoix.ca\/cse\/wp-content\/uploads\/2026\/02\/Capture-decran-2026-02-23-112146.png\" alt=\"\" width=\"178\" height=\"82\" \/><\/td>\n<td>\n<h4><a href=\"https:\/\/institutditsa.ca\/wp-content\/uploads\/2026\/01\/20260129_SEXO_Recette_fascicules_et_outils.pdf\" target=\"_blank\" rel=\"noopener\">Sexualit\u00e9 des personnes autistes ou ayant une d\u00e9ficience intellectuelle<\/a><\/h4>\n<\/td>\n<\/tr>\n<tr>\n<td><img loading=\"lazy\" decoding=\"async\" class=\"aligncenter size-full wp-image-13577\" src=\"https:\/\/educharlevoix.ca\/cse\/wp-content\/uploads\/2021\/03\/Capture.png\" alt=\"\" width=\"240\" height=\"50\" \/><\/td>\n<td>\n<h4 class=\"commeH1\"><a href=\"https:\/\/msss.gouv.qc.ca\/professionnels\/jeunesse\/sexoclic\/education-sexualite-aupres-jeunes-presentant-deficience-intellectuelle\/\" target=\"_blank\" rel=\"noopener\">SEXOclic &#8211; \u00c9ducation \u00e0 la sexualit\u00e9 aupr\u00e8s des jeunes pr\u00e9sentant une d\u00e9ficience intellectuelle<\/a><\/h4>\n<\/td>\n<\/tr>\n<tr>\n<td><img loading=\"lazy\" decoding=\"async\" class=\"aligncenter wp-image-16573\" src=\"https:\/\/educharlevoix.ca\/cse\/wp-content\/uploads\/2026\/02\/FQA_logo_50-ans.png\" alt=\"\" width=\"134\" height=\"101\" srcset=\"https:\/\/educharlevoix.ca\/cse\/wp-content\/uploads\/2026\/02\/FQA_logo_50-ans.png 427w, https:\/\/educharlevoix.ca\/cse\/wp-content\/uploads\/2026\/02\/FQA_logo_50-ans-300x226.png 300w\" sizes=\"auto, (max-width: 134px) 100vw, 134px\" \/><\/td>\n<td>\n<h4 class=\"commeH1\"><a href=\"https:\/\/www.autisme.qc.ca\/la-federation\/nos-publications\/guides\/\" target=\"_blank\" rel=\"noopener\"><strong>Guide\u00a0de sexualit\u00e9 pour les personnes autistes<\/strong><\/a><\/h4>\n<\/td>\n<\/tr>\n<tr>\n<td><img loading=\"lazy\" decoding=\"async\" class=\"aligncenter wp-image-16575\" src=\"https:\/\/educharlevoix.ca\/cse\/wp-content\/uploads\/2026\/02\/Fondation-Marie-Vincent_logo_Fr.png\" alt=\"\" width=\"112\" height=\"115\" srcset=\"https:\/\/educharlevoix.ca\/cse\/wp-content\/uploads\/2026\/02\/Fondation-Marie-Vincent_logo_Fr.png 1566w, https:\/\/educharlevoix.ca\/cse\/wp-content\/uploads\/2026\/02\/Fondation-Marie-Vincent_logo_Fr-293x300.png 293w, https:\/\/educharlevoix.ca\/cse\/wp-content\/uploads\/2026\/02\/Fondation-Marie-Vincent_logo_Fr-1002x1024.png 1002w, https:\/\/educharlevoix.ca\/cse\/wp-content\/uploads\/2026\/02\/Fondation-Marie-Vincent_logo_Fr-768x785.png 768w, https:\/\/educharlevoix.ca\/cse\/wp-content\/uploads\/2026\/02\/Fondation-Marie-Vincent_logo_Fr-1502x1536.png 1502w\" sizes=\"auto, (max-width: 112px) 100vw, 112px\" \/><\/td>\n<td>\n<h4 class=\"commeH1\"><a href=\"https:\/\/marie-vincent.uxpertise.ca\/home\/index\" target=\"_blank\" rel=\"noopener\">Formation gratuite pour le personnel scolaire concernant la\u00a0<b>pr\u00e9vention de la violence sexuelle pour les \u00e9l\u00e8ves en situation de handicap<\/b>\u00a0: Fondation Marie-Vincent<\/a><\/h4>\n<\/td>\n<\/tr>\n<tr>\n<td><img loading=\"lazy\" decoding=\"async\" class=\"aligncenter wp-image-16574\" src=\"https:\/\/educharlevoix.ca\/cse\/wp-content\/uploads\/2026\/02\/Capture-decran-2026-02-23-112728.png\" alt=\"\" width=\"232\" height=\"92\" srcset=\"https:\/\/educharlevoix.ca\/cse\/wp-content\/uploads\/2026\/02\/Capture-decran-2026-02-23-112728.png 448w, https:\/\/educharlevoix.ca\/cse\/wp-content\/uploads\/2026\/02\/Capture-decran-2026-02-23-112728-300x119.png 300w\" sizes=\"auto, (max-width: 232px) 100vw, 232px\" \/><\/td>\n<td>\n<h4 class=\"commeH1\"><a href=\"https:\/\/sexplique.org\/\" target=\"_blank\" rel=\"noopener\">Sexplique est un organisme \u00e0 but non lucratif reconnu comme une r\u00e9f\u00e9rence en \u00e9ducation \u00e0 la sexualit\u00e9<\/a><\/h4>\n<\/td>\n<\/tr>\n<\/tbody>\n<\/table>\n","protected":false},"excerpt":{"rendered":"<p>Continuum \u00e9l\u00e8ves TSA L\u2019\u00e9l\u00e8ve DIM-S ou TSA et sa sexualit\u00e9 Ateliers pour \u00e9l\u00e8ves TSA Trousse SEX-ED +\u00a0 Sexualit\u00e9 des personnes autistes ou ayant une d\u00e9ficience intellectuelle SEXOclic &#8211; \u00c9ducation \u00e0 la sexualit\u00e9 aupr\u00e8s des jeunes pr\u00e9sentant une d\u00e9ficience intellectuelle Guide\u00a0de &hellip; <\/p>\n","protected":false},"author":1,"featured_media":0,"parent":0,"menu_order":0,"comment_status":"closed","ping_status":"closed","template":"","meta":{"cybocfi_hide_featured_image":"","footnotes":""},"categories":[],"tags":[],"class_list":["post-16560","page","type-page","status-publish","hentry"],"_links":{"self":[{"href":"https:\/\/educharlevoix.ca\/cse\/wp-json\/wp\/v2\/pages\/16560","targetHints":{"allow":["GET"]}}],"collection":[{"href":"https:\/\/educharlevoix.ca\/cse\/wp-json\/wp\/v2\/pages"}],"about":[{"href":"https:\/\/educharlevoix.ca\/cse\/wp-json\/wp\/v2\/types\/page"}],"author":[{"embeddable":true,"href":"https:\/\/educharlevoix.ca\/cse\/wp-json\/wp\/v2\/users\/1"}],"replies":[{"embeddable":true,"href":"https:\/\/educharlevoix.ca\/cse\/wp-json\/wp\/v2\/comments?post=16560"}],"version-history":[{"count":11,"href":"https:\/\/educharlevoix.ca\/cse\/wp-json\/wp\/v2\/pages\/16560\/revisions"}],"predecessor-version":[{"id":16588,"href":"https:\/\/educharlevoix.ca\/cse\/wp-json\/wp\/v2\/pages\/16560\/revisions\/16588"}],"wp:attachment":[{"href":"https:\/\/educharlevoix.ca\/cse\/wp-json\/wp\/v2\/media?parent=16560"}],"wp:term":[{"taxonomy":"category","embeddable":true,"href":"https:\/\/educharlevoix.ca\/cse\/wp-json\/wp\/v2\/categories?post=16560"},{"taxonomy":"post_tag","embeddable":true,"href":"https:\/\/educharlevoix.ca\/cse\/wp-json\/wp\/v2\/tags?post=16560"}],"curies":[{"name":"wp","href":"https:\/\/api.w.org\/{rel}","templated":true}]}}