{"id":97,"date":"2020-09-04T17:09:14","date_gmt":"2020-09-04T21:09:14","guid":{"rendered":"https:\/\/educharlevoix.ca\/cse\/?p=97"},"modified":"2023-11-28T12:33:16","modified_gmt":"2023-11-28T17:33:16","slug":"outils-d-aide-technologique-oat","status":"publish","type":"page","link":"https:\/\/educharlevoix.ca\/cse\/outils-d-aide-technologique-oat\/","title":{"rendered":"Outils d&rsquo;aide technologique (OAT)"},"content":{"rendered":"<p>&nbsp;<\/p>\n<table class=\" aligncenter\" style=\"height: 657px;\" width=\"1059\">\n<tbody>\n<tr>\n<td style=\"text-align: center; vertical-align: middle;\"><img loading=\"lazy\" decoding=\"async\" class=\"alignnone size-full wp-image-15781\" src=\"https:\/\/educharlevoix.ca\/cse\/wp-content\/uploads\/2023\/09\/1562687-code-computer-creative-html-process-technology-web-development_107058.png\" alt=\"\" width=\"64\" height=\"64\" \/><\/td>\n<td>\n<h2><a href=\"https:\/\/cscharlevoix.sharepoint.com\/:w:\/r\/sites\/serviceseducatifs\/Documents%20partages\/Adaptation%20scolaire-Inclusion\/Orthop%C3%A9dagogie\/30810\/FORMULAIRE%20D%27AIDE%20TECHNO%20%2023-24.docx?d=w8c63c6f91aed47c8a9405bb755d40fdf&amp;csf=1&amp;web=1&amp;e=BQNg1l\" target=\"_blank\" rel=\"noopener\">Formulaire Aide Techno.<\/a><\/h2>\n<\/td>\n<\/tr>\n<tr>\n<td style=\"text-align: center; vertical-align: middle;\">\n<h3><\/h3>\n<h3 style=\"text-align: start;\"><a href=\"https:\/\/copibecdona.ca\/\" target=\"_blank\" rel=\"noopener\"><img loading=\"lazy\" decoding=\"async\" class=\"size-full wp-image-15777 aligncenter\" src=\"https:\/\/educharlevoix.ca\/cse\/wp-content\/uploads\/2023\/09\/Capture-1.png\" alt=\"\" width=\"374\" height=\"195\" srcset=\"https:\/\/educharlevoix.ca\/cse\/wp-content\/uploads\/2023\/09\/Capture-1.png 374w, https:\/\/educharlevoix.ca\/cse\/wp-content\/uploads\/2023\/09\/Capture-1-300x156.png 300w\" sizes=\"auto, (max-width: 374px) 100vw, 374px\" \/><\/a><\/h3>\n<p>&nbsp;<\/td>\n<td>\n<h3><a href=\"https:\/\/copibecdona.ca\/\" target=\"_blank\" rel=\"noopener\">Dona (Copibec)<\/a><\/h3>\n<p><strong>C\u2019est l\u2019un des services offerts par Copibec con\u00e7us pour obtenir rapidement des documents num\u00e9riques accessibles pour les \u00e9l\u00e8ves ayant des besoins particuliers. Il s\u2019agit d\u2019un document en format PDF ouvert, sans mesures techniques de protection (MTP), compatible avec des outils d\u2019aide tels que Word-Q et Lexibar.\u00a0<\/strong><\/td>\n<\/tr>\n<tr>\n<td style=\"text-align: center; vertical-align: middle;\"><a href=\"https:\/\/cscharlevoix.sharepoint.com\/:f:\/r\/sites\/serviceseducatifs\/Documents%20partages\/Adaptation%20scolaire-Inclusion\/Flexibilit%C3%A9,%20adaptation,%20modification\/Outils%20d%27aide%20technologique?csf=1&amp;web=1&amp;e=yzBh0H\" target=\"_blank\" rel=\"noopener\"><img loading=\"lazy\" decoding=\"async\" class=\"aligncenter size-full wp-image-15778\" src=\"https:\/\/educharlevoix.ca\/cse\/wp-content\/uploads\/2023\/09\/hand_tool_tools_work_building_repair_construction_construction_tools-91_icon-icons.com_60418.png\" alt=\"\" width=\"64\" height=\"64\" \/><\/a><\/td>\n<td>\n<h3><a href=\"https:\/\/cscharlevoix.sharepoint.com\/:f:\/r\/sites\/serviceseducatifs\/Documents%20partages\/Adaptation%20scolaire-Inclusion\/Flexibilit%C3%A9,%20adaptation,%20modification\/Outils%20d%27aide%20technologique?csf=1&amp;web=1&amp;e=yzBh0H\" target=\"_blank\" rel=\"noopener\">Outils d&rsquo;aide technologique (OAT)<\/a><\/h3>\n<\/td>\n<\/tr>\n<\/tbody>\n<\/table>\n","protected":false},"excerpt":{"rendered":"<p>&nbsp; Formulaire Aide Techno. &nbsp; Dona (Copibec) C\u2019est l\u2019un des services offerts par Copibec con\u00e7us pour obtenir rapidement des documents num\u00e9riques accessibles pour les \u00e9l\u00e8ves ayant des besoins particuliers. Il s\u2019agit d\u2019un document en format PDF ouvert, sans mesures techniques &hellip; <\/p>\n","protected":false},"author":1,"featured_media":153,"parent":0,"menu_order":0,"comment_status":"closed","ping_status":"closed","template":"","meta":{"cybocfi_hide_featured_image":"yes","footnotes":""},"categories":[1],"tags":[],"class_list":["post-97","page","type-page","status-publish","has-post-thumbnail","hentry","category-adaptation-scolaire-inclusion"],"_links":{"self":[{"href":"https:\/\/educharlevoix.ca\/cse\/wp-json\/wp\/v2\/pages\/97","targetHints":{"allow":["GET"]}}],"collection":[{"href":"https:\/\/educharlevoix.ca\/cse\/wp-json\/wp\/v2\/pages"}],"about":[{"href":"https:\/\/educharlevoix.ca\/cse\/wp-json\/wp\/v2\/types\/page"}],"author":[{"embeddable":true,"href":"https:\/\/educharlevoix.ca\/cse\/wp-json\/wp\/v2\/users\/1"}],"replies":[{"embeddable":true,"href":"https:\/\/educharlevoix.ca\/cse\/wp-json\/wp\/v2\/comments?post=97"}],"version-history":[{"count":3,"href":"https:\/\/educharlevoix.ca\/cse\/wp-json\/wp\/v2\/pages\/97\/revisions"}],"predecessor-version":[{"id":16026,"href":"https:\/\/educharlevoix.ca\/cse\/wp-json\/wp\/v2\/pages\/97\/revisions\/16026"}],"wp:featuredmedia":[{"embeddable":true,"href":"https:\/\/educharlevoix.ca\/cse\/wp-json\/wp\/v2\/media\/153"}],"wp:attachment":[{"href":"https:\/\/educharlevoix.ca\/cse\/wp-json\/wp\/v2\/media?parent=97"}],"wp:term":[{"taxonomy":"category","embeddable":true,"href":"https:\/\/educharlevoix.ca\/cse\/wp-json\/wp\/v2\/categories?post=97"},{"taxonomy":"post_tag","embeddable":true,"href":"https:\/\/educharlevoix.ca\/cse\/wp-json\/wp\/v2\/tags?post=97"}],"curies":[{"name":"wp","href":"https:\/\/api.w.org\/{rel}","templated":true}]}}